{"id":71026,"date":"2025-12-30T10:56:09","date_gmt":"2025-12-30T13:56:09","guid":{"rendered":"https:\/\/turismoenushuaia.com\/?post_type=product&#038;p=71026"},"modified":"2025-12-30T12:06:03","modified_gmt":"2025-12-30T15:06:03","slug":"faro-del-cabo-san-pio","status":"publish","type":"product","link":"https:\/\/turismoenushuaia.com\/pt-br\/producto\/faro-del-cabo-san-pio\/","title":{"rendered":"Faro del Cabo San P\u00edo"},"content":{"rendered":"<h2 data-start=\"113\" data-end=\"157\">Faro del Cabo San P\u00edo:Vuelo al extremo m\u00e1s austral de Argentina<\/h2>\n<h3 data-start=\"159\" data-end=\"196\">Una experiencia a\u00e9rea inolvidable<\/h3>\n<p data-start=\"197\" data-end=\"451\">Descubr\u00ed el extremo m\u00e1s austral del pa\u00eds en un vuelo que combina historia, paisajes remotos y emociones \u00fanicas. El recorrido inicia hacia el este, sobrevolando la costa del Canal Beagle, la Estancia Harberton y el hist\u00f3rico naufragio del buque Sarmiento.<\/p>\n<h3 data-start=\"453\" data-end=\"492\">Pen\u00ednsula Mitre y Faro Cabo San P\u00edo<\/h3>\n<p data-start=\"493\" data-end=\"752\">La experiencia contin\u00faa sobre la Pen\u00ednsula Mitre, uno de los territorios m\u00e1s v\u00edrgenes de Argentina, con aterrizaje junto al Faro Cabo San P\u00edo, el m\u00e1s austral del continente. El entorno natural, marcado por el viento y el silencio, crea un escenario imponente.<\/p>\n<h3 data-start=\"754\" data-end=\"792\">Regreso por la Cordillera Fueguina<\/h3>\n<p data-start=\"793\" data-end=\"1061\">Durante el regreso se sobrevuela el Valle de Tierra Mayor hasta la Cordillera de los Andes, donde se realiza un segundo aterrizaje. Desde all\u00ed, se disfruta de un brindis rodeados por la inmensidad de los picos fueguinos, cerrando el recorrido con un momento memorable.<\/p>\n<p data-start=\"793\" data-end=\"1061\"><img loading=\"lazy\" decoding=\"async\" class=\"alignnone size-full wp-image-71036\" src=\"https:\/\/turismoenushuaia.com\/wp-content\/uploads\/2025\/12\/Faro-cabo-san-pio-2-turismo-en-Ushuaia.jpg\" alt=\"Faro cabo san p\u00edo 4\" width=\"1200\" height=\"800\" srcset=\"https:\/\/turismoenushuaia.com\/wp-content\/uploads\/2025\/12\/Faro-cabo-san-pio-2-turismo-en-Ushuaia.jpg 1200w, https:\/\/turismoenushuaia.com\/wp-content\/uploads\/2025\/12\/Faro-cabo-san-pio-2-turismo-en-Ushuaia-300x200.jpg 300w, https:\/\/turismoenushuaia.com\/wp-content\/uploads\/2025\/12\/Faro-cabo-san-pio-2-turismo-en-Ushuaia-1024x683.jpg 1024w, https:\/\/turismoenushuaia.com\/wp-content\/uploads\/2025\/12\/Faro-cabo-san-pio-2-turismo-en-Ushuaia-768x512.jpg 768w, https:\/\/turismoenushuaia.com\/wp-content\/uploads\/2025\/12\/Faro-cabo-san-pio-2-turismo-en-Ushuaia-600x400.jpg 600w\" sizes=\"auto, (max-width: 1200px) 100vw, 1200px\" \/><\/p>\n<h4 data-start=\"793\" data-end=\"1061\">A tener en cuenta:<\/h4>\n<ul>\n<li>Contactanos cuando llegues (no lo dejes para el ultimo d\u00eda).<\/li>\n<li>Sujeto a condiciones Meteorol\u00f3gicas.<\/li>\n<li>Volamos todos los d\u00edas del a\u00f1o.<\/li>\n<li>Transfer incluido.<\/li>\n<li>Completar el Formulario de pasajeros (te lo enviaremos al confirmar tu reserva)<\/li>\n<li>El peso m\u00e1ximo por pasajero es de\u00a0125 kg.<\/li>\n<\/ul>\n<p><strong>Empresa que opera el tour &#8211; Heliushuaia by VOLAR S.A.<\/strong><\/p>\n","protected":false},"excerpt":{"rendered":"<p>Viv\u00ed una experiencia a\u00e9rea \u00fanica sobre el extremo m\u00e1s austral de Argentina, combinando historia, paisajes remotos y emociones inolvidables.<br data-start=\"139\" data-end=\"142\" \/>Sobrevol\u00e1 el Canal Beagle y la Pen\u00ednsula Mitre, con aterrizaje junto al m\u00edtico Faro Cabo San P\u00edo, el m\u00e1s austral del continente. El regreso incluye un vuelo por el Valle de Tierra Mayor y la Cordillera Fueguina, con un brindis rodeado de picos imponentes.<\/p>\n","protected":false},"featured_media":71027,"template":"","meta":{"_acf_changed":false},"product_brand":[],"product_cat":[417,372],"product_tag":[],"class_list":{"0":"post-71026","1":"product","2":"type-product","3":"status-publish","4":"has-post-thumbnail","6":"epoca-todo-el-ano-pt-br","7":"dificultad-facil-pt-br","8":"product_cat-sobrevoo-em-ushuaia","9":"product_cat-aventura-em-ushuaia","11":"first","12":"instock","13":"shipping-taxable","14":"product-type-external"},"acf":[],"_links":{"self":[{"href":"https:\/\/turismoenushuaia.com\/pt-br\/wp-json\/wp\/v2\/product\/71026","targetHints":{"allow":["GET"]}}],"collection":[{"href":"https:\/\/turismoenushuaia.com\/pt-br\/wp-json\/wp\/v2\/product"}],"about":[{"href":"https:\/\/turismoenushuaia.com\/pt-br\/wp-json\/wp\/v2\/types\/product"}],"wp:featuredmedia":[{"embeddable":true,"href":"https:\/\/turismoenushuaia.com\/pt-br\/wp-json\/wp\/v2\/media\/71027"}],"wp:attachment":[{"href":"https:\/\/turismoenushuaia.com\/pt-br\/wp-json\/wp\/v2\/media?parent=71026"}],"wp:term":[{"taxonomy":"product_brand","embeddable":true,"href":"https:\/\/turismoenushuaia.com\/pt-br\/wp-json\/wp\/v2\/product_brand?post=71026"},{"taxonomy":"product_cat","embeddable":true,"href":"https:\/\/turismoenushuaia.com\/pt-br\/wp-json\/wp\/v2\/product_cat?post=71026"},{"taxonomy":"product_tag","embeddable":true,"href":"https:\/\/turismoenushuaia.com\/pt-br\/wp-json\/wp\/v2\/product_tag?post=71026"}],"curies":[{"name":"wp","href":"https:\/\/api.w.org\/{rel}","templated":true}]}}