{"id":70849,"date":"2025-12-16T08:53:55","date_gmt":"2025-12-16T11:53:55","guid":{"rendered":"https:\/\/turismoenushuaia.com\/?post_type=product&#038;p=70849"},"modified":"2025-12-29T13:16:04","modified_gmt":"2025-12-29T16:16:04","slug":"piloto-por-un-dia-en-ushuaia","status":"publish","type":"product","link":"https:\/\/turismoenushuaia.com\/pt-br\/producto\/piloto-por-un-dia-en-ushuaia\/","title":{"rendered":"Piloto por un d\u00eda en Ushuaia"},"content":{"rendered":"<h2 data-start=\"0\" data-end=\"401\">Piloto por un d\u00eda en Ushuaia, disfrut\u00e1 un momento inolvidable<\/h2>\n<p data-start=\"0\" data-end=\"401\">\u00bfAlguna vez imaginaste estar al mando de un helic\u00f3ptero? Con la experiencia \u201cPiloto de Helic\u00f3pteros por un D\u00eda\u201d, ese sue\u00f1o est\u00e1 m\u00e1s cerca de lo que pens\u00e1s. Esta propuesta \u00fanica est\u00e1 pensada para quienes desean vivir la emoci\u00f3n de volar y tomar los controles, aunque sea por un d\u00eda, con el respaldo de un centro de instrucci\u00f3n de aviaci\u00f3n civil oficial y profesionales certificados.<\/p>\n<p data-start=\"0\" data-end=\"401\"><img loading=\"lazy\" decoding=\"async\" class=\"alignnone size-full wp-image-70862\" src=\"https:\/\/turismoenushuaia.com\/wp-content\/uploads\/2025\/12\/Piloto-por-un-dia-6-turismo-en-Ushuaia.jpg\" alt=\"Piloto por un d\u00eda Ushuaia 5\" width=\"1200\" height=\"800\" srcset=\"https:\/\/turismoenushuaia.com\/wp-content\/uploads\/2025\/12\/Piloto-por-un-dia-6-turismo-en-Ushuaia.jpg 1200w, https:\/\/turismoenushuaia.com\/wp-content\/uploads\/2025\/12\/Piloto-por-un-dia-6-turismo-en-Ushuaia-300x200.jpg 300w, https:\/\/turismoenushuaia.com\/wp-content\/uploads\/2025\/12\/Piloto-por-un-dia-6-turismo-en-Ushuaia-1024x683.jpg 1024w, https:\/\/turismoenushuaia.com\/wp-content\/uploads\/2025\/12\/Piloto-por-un-dia-6-turismo-en-Ushuaia-768x512.jpg 768w, https:\/\/turismoenushuaia.com\/wp-content\/uploads\/2025\/12\/Piloto-por-un-dia-6-turismo-en-Ushuaia-600x400.jpg 600w\" sizes=\"auto, (max-width: 1200px) 100vw, 1200px\" \/><\/p>\n<h3 data-start=\"403\" data-end=\"436\">\u00bfC\u00f3mo es la experiencia?<\/h3>\n<h4 data-start=\"438\" data-end=\"470\">Introducci\u00f3n te\u00f3rica<\/h4>\n<p data-start=\"471\" data-end=\"841\">La jornada comienza con una c\u00e1lida bienvenida y una charla introductoria donde te capacitan en los fundamentos del vuelo en helic\u00f3ptero: c\u00f3mo funcionan los controles y las medidas de seguridad. Luego, pas\u00e1s a la acci\u00f3n junto a tu instructor, participando de la inspecci\u00f3n previa del helic\u00f3ptero Robinson R44 Raven I, reconocido por su confiabilidad y vistas panor\u00e1micas.<\/p>\n<h4 data-start=\"843\" data-end=\"880\">Lecci\u00f3n pr\u00e1ctica de vuelo<\/h4>\n<p data-start=\"881\" data-end=\"1229\">Pero lo mejor llega cuando despeg\u00e1s. Durante la lecci\u00f3n pr\u00e1ctica, bajo supervisi\u00f3n experta, ten\u00e9s la oportunidad de sentir la adrenalina del vuelo real y tomar los mandos. Tendr\u00e1s un turno de vuelo, aprendiendo maniobras b\u00e1sicas mientras disfrut\u00e1s de paisajes inolvidables desde el aire. Es una vivencia que combina aprendizaje, emoci\u00f3n y aventura.<\/p>\n<p data-start=\"881\" data-end=\"1229\"><img loading=\"lazy\" decoding=\"async\" class=\"alignnone size-full wp-image-70865\" src=\"https:\/\/turismoenushuaia.com\/wp-content\/uploads\/2025\/12\/Piloto-por-un-dia-4-turismo-en-Ushuaia.jpg\" alt=\"Piloto por un d\u00eda Ushuaia 5\" width=\"1200\" height=\"800\" srcset=\"https:\/\/turismoenushuaia.com\/wp-content\/uploads\/2025\/12\/Piloto-por-un-dia-4-turismo-en-Ushuaia.jpg 1200w, https:\/\/turismoenushuaia.com\/wp-content\/uploads\/2025\/12\/Piloto-por-un-dia-4-turismo-en-Ushuaia-300x200.jpg 300w, https:\/\/turismoenushuaia.com\/wp-content\/uploads\/2025\/12\/Piloto-por-un-dia-4-turismo-en-Ushuaia-1024x683.jpg 1024w, https:\/\/turismoenushuaia.com\/wp-content\/uploads\/2025\/12\/Piloto-por-un-dia-4-turismo-en-Ushuaia-768x512.jpg 768w, https:\/\/turismoenushuaia.com\/wp-content\/uploads\/2025\/12\/Piloto-por-un-dia-4-turismo-en-Ushuaia-600x400.jpg 600w\" sizes=\"auto, (max-width: 1200px) 100vw, 1200px\" \/><\/p>\n<p data-start=\"881\" data-end=\"1229\"><strong>Tiempo de vuelo: 1 turno de vuelo<\/strong><\/p>\n<p data-start=\"881\" data-end=\"1229\">Itinerario: Ushuaia\/Cerro Le Cloch\u00e9\/Monte Olivia\/Laguna Esmeralda<\/p>\n<h4 data-start=\"1231\" data-end=\"1263\">Recuerdos y obsequios<\/h4>\n<p data-start=\"1264\" data-end=\"1581\">Al finalizar tu experiencia pod\u00e9s tomarte fotograf\u00edas con la aeronave, y como obsequio, una gorra de piloto exclusiva y un manual b\u00e1sico de vuelo. Todo pensado para que el recuerdo de este d\u00eda quede grabado para siempre. Ideal para so\u00f1adores, amantes de la aviaci\u00f3n o quienes buscan un regalo verdaderamente original.<\/p>\n<h4 data-start=\"1264\" data-end=\"1581\">Requisitos:<\/h4>\n<p>Completar un formulario con informaci\u00f3n personal y condiciones del seguro. Peso m\u00e1ximo por asiento: Hasta 125 kg por pasajero.<\/p>\n<p data-start=\"1264\" data-end=\"1581\">*Contactanos cuando llegues (no lo dejes para el \u00faltimo d\u00eda!).<br \/>\nSujeto a condiciones Meteorol\u00f3gicas.<br \/>\nVolamos todos los d\u00edas del a\u00f1o.<\/p>\n<p data-start=\"1264\" data-end=\"1581\"><strong>Empresa que opera el tour &#8211; Heliushuaia by VOLAR S.A.<\/strong><\/p>\n","protected":false},"excerpt":{"rendered":"<p>Viv\u00ed la emoci\u00f3n de ser piloto de helic\u00f3ptero por un d\u00eda y tomar los mandos en un vuelo real sobre paisajes incre\u00edbles. Todo est\u00e1 pensado para que sientas la adrenalina, la libertad y el v\u00e9rtigo de volar.<br data-start=\"248\" data-end=\"251\" \/>Acompa\u00f1ado por instructores certificados, disfrut\u00e1s una experiencia segura, intensa y totalmente diferente a cualquier paseo tradicional.<\/p>\n","protected":false},"featured_media":70850,"template":"","meta":{"_acf_changed":false},"product_brand":[],"product_cat":[133,107],"product_tag":[],"class_list":{"0":"post-70849","1":"product","2":"type-product","3":"status-publish","4":"has-post-thumbnail","6":"epoca-todo-el-ano-pt-br","7":"dificultad-facil-pt-br","8":"product_cat-sobrevuelo","9":"product_cat-aventura","11":"first","12":"instock","13":"shipping-taxable","14":"product-type-external"},"acf":[],"_links":{"self":[{"href":"https:\/\/turismoenushuaia.com\/pt-br\/wp-json\/wp\/v2\/product\/70849","targetHints":{"allow":["GET"]}}],"collection":[{"href":"https:\/\/turismoenushuaia.com\/pt-br\/wp-json\/wp\/v2\/product"}],"about":[{"href":"https:\/\/turismoenushuaia.com\/pt-br\/wp-json\/wp\/v2\/types\/product"}],"wp:featuredmedia":[{"embeddable":true,"href":"https:\/\/turismoenushuaia.com\/pt-br\/wp-json\/wp\/v2\/media\/70850"}],"wp:attachment":[{"href":"https:\/\/turismoenushuaia.com\/pt-br\/wp-json\/wp\/v2\/media?parent=70849"}],"wp:term":[{"taxonomy":"product_brand","embeddable":true,"href":"https:\/\/turismoenushuaia.com\/pt-br\/wp-json\/wp\/v2\/product_brand?post=70849"},{"taxonomy":"product_cat","embeddable":true,"href":"https:\/\/turismoenushuaia.com\/pt-br\/wp-json\/wp\/v2\/product_cat?post=70849"},{"taxonomy":"product_tag","embeddable":true,"href":"https:\/\/turismoenushuaia.com\/pt-br\/wp-json\/wp\/v2\/product_tag?post=70849"}],"curies":[{"name":"wp","href":"https:\/\/api.w.org\/{rel}","templated":true}]}}