{"id":68646,"date":"2025-05-22T17:20:01","date_gmt":"2025-05-22T20:20:01","guid":{"rendered":"https:\/\/turismoenushuaia.com\/producto\/ilha-magdalena\/"},"modified":"2025-05-22T17:20:01","modified_gmt":"2025-05-22T20:20:01","slug":"ilha-magdalena","status":"publish","type":"product","link":"https:\/\/turismoenushuaia.com\/pt-br\/producto\/ilha-magdalena\/","title":{"rendered":"Ilha Magdalena"},"content":{"rendered":"<h2 data-start=\"107\" data-end=\"223\"><strong data-start=\"107\" data-end=\"166\">Excurs\u00e3o de balsa para a Ilha Magdalena com caminhada guiada<\/strong><\/h2>\n<p data-start=\"225\" data-end=\"664\">Esta excurs\u00e3o nos leva a bordo de uma balsa que atravessa o Estreito de Magalh\u00e3es at\u00e9 a Ilha Magdalena. Ao chegar, desembarcamos para explorar a ilha e observar de perto os pinguins-de-magalh\u00e3es, uma das esp\u00e9cies mais representativas da Patag\u00f4nia chilena. Esses pinguins se caracterizam pela plumagem preta no dorso e branca na barriga, uma adapta\u00e7\u00e3o que os ajuda a se camuflar de predadores enquanto nadam.  <\/p>\n<p data-start=\"225\" data-end=\"664\"><img loading=\"lazy\" decoding=\"async\" class=\"alignnone size-full wp-image-68165\" src=\"https:\/\/turismoenushuaia.com\/wp-content\/uploads\/2025\/05\/Magdalena-1-Turismo-en-Ushuaia.jpg\" alt=\"Ilha Magdalena 1\" width=\"1200\" height=\"800\" srcset=\"https:\/\/turismoenushuaia.com\/wp-content\/uploads\/2025\/05\/Magdalena-1-Turismo-en-Ushuaia.jpg 1200w, https:\/\/turismoenushuaia.com\/wp-content\/uploads\/2025\/05\/Magdalena-1-Turismo-en-Ushuaia-300x200.jpg 300w, https:\/\/turismoenushuaia.com\/wp-content\/uploads\/2025\/05\/Magdalena-1-Turismo-en-Ushuaia-1024x683.jpg 1024w, https:\/\/turismoenushuaia.com\/wp-content\/uploads\/2025\/05\/Magdalena-1-Turismo-en-Ushuaia-768x512.jpg 768w, https:\/\/turismoenushuaia.com\/wp-content\/uploads\/2025\/05\/Magdalena-1-Turismo-en-Ushuaia-600x400.jpg 600w\" sizes=\"auto, (max-width: 1200px) 100vw, 1200px\" \/><\/p>\n<p data-start=\"225\" data-end=\"664\"><img loading=\"lazy\" decoding=\"async\" class=\"alignnone size-full wp-image-68177\" src=\"https:\/\/turismoenushuaia.com\/wp-content\/uploads\/2025\/05\/Magdalena-6-Turismo-en-Ushuaia.jpg\" alt=\"Ilha Magdalena 5\" width=\"1200\" height=\"800\" srcset=\"https:\/\/turismoenushuaia.com\/wp-content\/uploads\/2025\/05\/Magdalena-6-Turismo-en-Ushuaia.jpg 1200w, https:\/\/turismoenushuaia.com\/wp-content\/uploads\/2025\/05\/Magdalena-6-Turismo-en-Ushuaia-300x200.jpg 300w, https:\/\/turismoenushuaia.com\/wp-content\/uploads\/2025\/05\/Magdalena-6-Turismo-en-Ushuaia-1024x683.jpg 1024w, https:\/\/turismoenushuaia.com\/wp-content\/uploads\/2025\/05\/Magdalena-6-Turismo-en-Ushuaia-768x512.jpg 768w, https:\/\/turismoenushuaia.com\/wp-content\/uploads\/2025\/05\/Magdalena-6-Turismo-en-Ushuaia-600x400.jpg 600w\" sizes=\"auto, (max-width: 1200px) 100vw, 1200px\" \/><\/p>\n<h3 data-start=\"666\" data-end=\"779\"><strong data-start=\"666\" data-end=\"728\">O Farol da Magdalena e a import\u00e2ncia da conserva\u00e7\u00e3o do habitat<\/strong><\/h3>\n<p data-start=\"781\" data-end=\"1132\">Durante a visita, voc\u00ea tamb\u00e9m pode admirar o Farol de Magdalena, reconhecido como Monumento Nacional. \u00c9 essencial que quem visita a ilha mantenha uma atitude de respeito pelo meio ambiente e pela tranquilidade desta col\u00f4nia de pinguins, especialmente considerando que a Ilha Magdalena \u00e9 uma \u00e1rea de nidifica\u00e7\u00e3o fundamental para a esp\u00e9cie. <\/p>\n<h3 data-start=\"781\" data-end=\"1132\">Importante<\/h3>\n<ul>\n<li data-start=\"781\" data-end=\"1132\">Apresenta\u00e7\u00e3o do Terminal Tres Puentes, Punta Arenas<\/li>\n<li data-start=\"781\" data-end=\"1132\">Retorno ao Terminal Tres Puentes, Punta Arenas de balsa por 2 horas<\/li>\n<\/ul>\n","protected":false},"excerpt":{"rendered":"<p>Navegue pelo Estreito de Magalh\u00e3es at\u00e9 a Ilha Magdalena e aprecie a vista de centenas de pinguins-de-magalh\u00e3es em seu habitat natural. Visite o hist\u00f3rico Farol de Magdalena e viva uma experi\u00eancia \u00fanica em respeito \u00e0 natureza. N\u00e3o perca!  <\/p>\n","protected":false},"featured_media":68164,"template":"","meta":{"_acf_changed":false},"product_brand":[],"product_cat":[508,389],"product_tag":[],"class_list":{"0":"post-68646","1":"product","2":"type-product","3":"status-publish","4":"has-post-thumbnail","6":"epoca-verano-pt-br","7":"dificultad-facil-pt-br","8":"product_cat-patagonia-chilena-pt-br","9":"product_cat-sem-categoria","11":"first","12":"instock","13":"virtual","14":"sold-individually","15":"purchasable","16":"product-type-booking"},"acf":[],"_links":{"self":[{"href":"https:\/\/turismoenushuaia.com\/pt-br\/wp-json\/wp\/v2\/product\/68646","targetHints":{"allow":["GET"]}}],"collection":[{"href":"https:\/\/turismoenushuaia.com\/pt-br\/wp-json\/wp\/v2\/product"}],"about":[{"href":"https:\/\/turismoenushuaia.com\/pt-br\/wp-json\/wp\/v2\/types\/product"}],"wp:featuredmedia":[{"embeddable":true,"href":"https:\/\/turismoenushuaia.com\/pt-br\/wp-json\/wp\/v2\/media\/68164"}],"wp:attachment":[{"href":"https:\/\/turismoenushuaia.com\/pt-br\/wp-json\/wp\/v2\/media?parent=68646"}],"wp:term":[{"taxonomy":"product_brand","embeddable":true,"href":"https:\/\/turismoenushuaia.com\/pt-br\/wp-json\/wp\/v2\/product_brand?post=68646"},{"taxonomy":"product_cat","embeddable":true,"href":"https:\/\/turismoenushuaia.com\/pt-br\/wp-json\/wp\/v2\/product_cat?post=68646"},{"taxonomy":"product_tag","embeddable":true,"href":"https:\/\/turismoenushuaia.com\/pt-br\/wp-json\/wp\/v2\/product_tag?post=68646"}],"curies":[{"name":"wp","href":"https:\/\/api.w.org\/{rel}","templated":true}]}}