{"id":68643,"date":"2024-12-17T17:32:47","date_gmt":"2024-12-17T20:32:47","guid":{"rendered":"https:\/\/turismoenushuaia.com\/producto\/navegacao-na-ilha-redonda\/"},"modified":"2025-11-19T15:16:53","modified_gmt":"2025-11-19T18:16:53","slug":"navegacao-na-ilha-redonda","status":"publish","type":"product","link":"https:\/\/turismoenushuaia.com\/pt-br\/producto\/navegacao-na-ilha-redonda\/","title":{"rendered":"Navega\u00e7\u00e3o na Ilha Redonda"},"content":{"rendered":"<h2>Navega\u00e7\u00e3o na Ilha Redonda: Embarque em uma experi\u00eancia fascinante em Ushuaia<\/h2>\n<div class=\"flex max-w-full flex-col flex-grow\">\n<div class=\"min-h-8 text-message flex w-full flex-col items-end gap-2 whitespace-normal break-words text-start [.text-message+&amp;]:mt-5\" dir=\"auto\" data-message-author-role=\"assistant\" data-message-id=\"20370184-fc65-4827-b9b6-e889101b4092\" data-message-model-slug=\"gpt-4o\">\n<div class=\"flex w-full flex-col gap-1 empty:hidden first:pt-[3px]\">\n<div class=\"markdown prose w-full break-words dark:prose-invert light\">\n<p>Mergulhe em uma experi\u00eancia inesquec\u00edvel enquanto navega em dire\u00e7\u00e3o \u00e0 encantadora Isla Redonda, um lugar m\u00e1gico localizado no cora\u00e7\u00e3o do Canal de Beagle. Ap\u00f3s um curto passeio de barco de 15 a 20 minutos, voc\u00ea chegar\u00e1 a esta ilha \u00fanica, onde a beleza de seus arredores o surpreender\u00e1.<\/p>\n<p>Deste ponto de vista privilegiado, voc\u00ea pode admirar vistas excepcionais do impressionante Canal de Beagle e das paisagens naturais do Parque Nacional da Terra do Fogo. Uma vez na ilha, voc\u00ea ter\u00e1 a op\u00e7\u00e3o de explorar trilhas de dificuldade f\u00e1cil a m\u00e9dia, ideais para aproveitar no seu pr\u00f3prio ritmo.<\/p>\n<p><img loading=\"lazy\" decoding=\"async\" class=\"alignnone size-full wp-image-61443\" src=\"https:\/\/turismoenushuaia.com\/wp-content\/uploads\/2024\/12\/Isla-redonda-3-Turismo-en-Ushuaia.jpg\" alt=\"Ilha Redonda acessando o barco\" width=\"1200\" height=\"800\" srcset=\"https:\/\/turismoenushuaia.com\/wp-content\/uploads\/2024\/12\/Isla-redonda-3-Turismo-en-Ushuaia.jpg 1200w, https:\/\/turismoenushuaia.com\/wp-content\/uploads\/2024\/12\/Isla-redonda-3-Turismo-en-Ushuaia-300x200.jpg 300w, https:\/\/turismoenushuaia.com\/wp-content\/uploads\/2024\/12\/Isla-redonda-3-Turismo-en-Ushuaia-1024x683.jpg 1024w, https:\/\/turismoenushuaia.com\/wp-content\/uploads\/2024\/12\/Isla-redonda-3-Turismo-en-Ushuaia-768x512.jpg 768w, https:\/\/turismoenushuaia.com\/wp-content\/uploads\/2024\/12\/Isla-redonda-3-Turismo-en-Ushuaia-600x400.jpg 600w\" sizes=\"auto, (max-width: 1200px) 100vw, 1200px\" \/><\/p>\n<p><img loading=\"lazy\" decoding=\"async\" class=\"alignnone size-full wp-image-61446\" src=\"https:\/\/turismoenushuaia.com\/wp-content\/uploads\/2024\/12\/Isla-redonda-5-Tolkeyen.jpg\" alt=\"paisagem de ilha redonda\" width=\"1200\" height=\"800\" srcset=\"https:\/\/turismoenushuaia.com\/wp-content\/uploads\/2024\/12\/Isla-redonda-5-Tolkeyen.jpg 1200w, https:\/\/turismoenushuaia.com\/wp-content\/uploads\/2024\/12\/Isla-redonda-5-Tolkeyen-300x200.jpg 300w, https:\/\/turismoenushuaia.com\/wp-content\/uploads\/2024\/12\/Isla-redonda-5-Tolkeyen-1024x683.jpg 1024w, https:\/\/turismoenushuaia.com\/wp-content\/uploads\/2024\/12\/Isla-redonda-5-Tolkeyen-768x512.jpg 768w, https:\/\/turismoenushuaia.com\/wp-content\/uploads\/2024\/12\/Isla-redonda-5-Tolkeyen-600x400.jpg 600w\" sizes=\"auto, (max-width: 1200px) 100vw, 1200px\" \/><\/p>\n<h3>O que esperar da Isla Redonda?<\/h3>\n<p>A floresta da Isla Redonda se destaca por sua exuber\u00e2ncia, vegeta\u00e7\u00e3o intensa e beleza \u00fanica. Ao percorrer as trilhas, voc\u00ea respirar\u00e1 o ar puro da floresta da Terra do Fogo, envolto na tranquilidade que caracteriza este para\u00edso natural. Ao final da trilha, um mirante espera por voc\u00ea com vistas panor\u00e2micas incompar\u00e1veis, perfeito para registrar mem\u00f3rias inesquec\u00edveis desta jornada at\u00e9 o fim do mundo.<\/p>\n<p>A Ilha Redonda convida voc\u00ea a descobrir paisagens \u00fanicas e vivenciar a emo\u00e7\u00e3o de estar no verdadeiro Fim do Mundo, ou talvez, no come\u00e7o de tudo.<\/p>\n<h3><strong>Detalhes da atividade:<\/strong><\/h3>\n<ul>\n<li><strong>Ponto de encontro:<\/strong> 10h00 em Puerto Arias (cais do Mirador Bah\u00eda Lapataia).<\/li>\n<li><strong>Importante:<\/strong> A excurs\u00e3o n\u00e3o inclui transporte, entrada no Parque Nacional da Terra do Fogo ou outras atividades dentro do parque.<\/li>\n<\/ul>\n<p>&nbsp;<\/p>\n<\/div>\n<\/div>\n<\/div>\n<\/div>\n","protected":false},"excerpt":{"rendered":"<p>Viva uma experi\u00eancia \u00fanica no Canal de Beagle com esta excurs\u00e3o \u00e0 Ilha Redonda. Ap\u00f3s um curto passeio de barco, voc\u00ea explorar\u00e1 trilhas de dificuldade f\u00e1cil a m\u00e9dia, cercadas por uma floresta exuberante e vistas espetaculares. Do mirante, voc\u00ea desfrutar\u00e1 de vistas panor\u00e2micas inesquec\u00edveis do parque e do canal, em um cen\u00e1rio que evoca a sensa\u00e7\u00e3o de estar no Fim do Mundo. Ideal para amantes da natureza e da aventura. Imperd\u00edvel!<\/p>\n","protected":false},"featured_media":61451,"template":"","meta":{"_acf_changed":false},"product_brand":[],"product_cat":[407,414,416,372],"product_tag":[],"class_list":{"0":"post-68643","1":"product","2":"type-product","3":"status-publish","4":"has-post-thumbnail","6":"epoca-verano-pt-br","7":"dificultad-facil-pt-br","8":"product_cat-parque-nacional-tierra-del-fuego-pt-br","9":"product_cat-navegacao-no-canal-de-beagle","10":"product_cat-promocao-de-excursoes-em-ushuaia","11":"product_cat-aventura-em-ushuaia","13":"first","14":"instock","15":"sale","16":"sold-individually","17":"shipping-taxable","18":"purchasable","19":"product-type-booking"},"acf":[],"_links":{"self":[{"href":"https:\/\/turismoenushuaia.com\/pt-br\/wp-json\/wp\/v2\/product\/68643","targetHints":{"allow":["GET"]}}],"collection":[{"href":"https:\/\/turismoenushuaia.com\/pt-br\/wp-json\/wp\/v2\/product"}],"about":[{"href":"https:\/\/turismoenushuaia.com\/pt-br\/wp-json\/wp\/v2\/types\/product"}],"wp:featuredmedia":[{"embeddable":true,"href":"https:\/\/turismoenushuaia.com\/pt-br\/wp-json\/wp\/v2\/media\/61451"}],"wp:attachment":[{"href":"https:\/\/turismoenushuaia.com\/pt-br\/wp-json\/wp\/v2\/media?parent=68643"}],"wp:term":[{"taxonomy":"product_brand","embeddable":true,"href":"https:\/\/turismoenushuaia.com\/pt-br\/wp-json\/wp\/v2\/product_brand?post=68643"},{"taxonomy":"product_cat","embeddable":true,"href":"https:\/\/turismoenushuaia.com\/pt-br\/wp-json\/wp\/v2\/product_cat?post=68643"},{"taxonomy":"product_tag","embeddable":true,"href":"https:\/\/turismoenushuaia.com\/pt-br\/wp-json\/wp\/v2\/product_tag?post=68643"}],"curies":[{"name":"wp","href":"https:\/\/api.w.org\/{rel}","templated":true}]}}