{"id":68638,"date":"2024-06-21T18:38:12","date_gmt":"2024-06-21T21:38:12","guid":{"rendered":"https:\/\/turismoenushuaia.com\/producto\/deposito-de-bagagem\/"},"modified":"2024-06-21T18:38:12","modified_gmt":"2024-06-21T21:38:12","slug":"deposito-de-bagagem","status":"publish","type":"product","link":"https:\/\/turismoenushuaia.com\/pt-br\/producto\/deposito-de-bagagem\/","title":{"rendered":"Dep\u00f3sito de bagagem"},"content":{"rendered":"<h2 data-pm-slice=\"1 1 []\">Conhe\u00e7a o servi\u00e7o de guarda-volumes em Ushuaia<\/h2>\n<p>Oferecemos um servi\u00e7o de guarda-volumes pensado para o seu conforto e seguran\u00e7a. Temos espa\u00e7o suficiente para guardar bagagens de diferentes tamanhos, adaptando-as \u00e0s suas necessidades. Cada cliente pode deixar no m\u00e1ximo duas pe\u00e7as de bagagem; se tiver mais bagagem, basta solicitar dois servi\u00e7os para garantir que tudo esteja devidamente protegido.  <\/p>\n<p>Para sua tranquilidade, o local conta com c\u00e2meras de seguran\u00e7a 24 horas, proporcionando vigil\u00e2ncia constante e garantindo a prote\u00e7\u00e3o dos seus pertences em todos os momentos, o que \u00e9 o mais importante. As instala\u00e7\u00f5es tamb\u00e9m incluem banheiros, tornando sua experi\u00eancia o mais confort\u00e1vel e conveniente poss\u00edvel. <\/p>\n<p>Aproveite o dep\u00f3sito de bagagem em Ushuaia e curta sua viagem sem preocupa\u00e7\u00f5es!<\/p>\n<p><img loading=\"lazy\" decoding=\"async\" class=\"alignnone size-full wp-image-48947\" src=\"https:\/\/turismoenushuaia.com\/wp-content\/uploads\/2024\/06\/Custodia-de-equipaje-n3-tolkeyen.jpg\" alt=\"dep\u00f3sito de bagagem 9\" width=\"1200\" height=\"800\" srcset=\"https:\/\/turismoenushuaia.com\/wp-content\/uploads\/2024\/06\/Custodia-de-equipaje-n3-tolkeyen.jpg 1200w, https:\/\/turismoenushuaia.com\/wp-content\/uploads\/2024\/06\/Custodia-de-equipaje-n3-tolkeyen-300x200.jpg 300w, https:\/\/turismoenushuaia.com\/wp-content\/uploads\/2024\/06\/Custodia-de-equipaje-n3-tolkeyen-1024x683.jpg 1024w, https:\/\/turismoenushuaia.com\/wp-content\/uploads\/2024\/06\/Custodia-de-equipaje-n3-tolkeyen-768x512.jpg 768w, https:\/\/turismoenushuaia.com\/wp-content\/uploads\/2024\/06\/Custodia-de-equipaje-n3-tolkeyen-600x400.jpg 600w\" sizes=\"auto, (max-width: 1200px) 100vw, 1200px\" \/><\/p>\n<h3 data-pm-slice=\"1 1 []\">Inclui:<\/h3>\n<p data-pm-slice=\"1 1 []\">*Espa\u00e7o dispon\u00edvel para bagagem de diferentes tamanhos.<\/p>\n<p>*M\u00e1ximo de 2 pe\u00e7as de bagagem por pessoa (caso tenha mais bagagem, devem ser solicitados 2 servi\u00e7os)<\/p>\n<p>*C\u00e2meras de seguran\u00e7a<\/p>\n<p>*Sanit\u00e1rio<\/p>\n<p><strong>Hor\u00e1rio de funcionamento: Segunda a sexta, das 9h \u00e0s 21h. S\u00e1bado, das 9h \u00e0s 13h e das 17h \u00e0s 21h. Domingo, das 17h \u00e0s 21h. <\/strong><\/p>\n<p>TOLKEYEN PATAGONIA TURISMO SAU Lic. EVyT.: Processo n\u00ba 11938<\/p>\n","protected":false},"excerpt":{"rendered":"<div class=\"flex flex-grow flex-col max-w-full\">\n<div class=\"min-h-[20px] text-message flex flex-col items-start whitespace-pre-wrap break-words [.text-message+&amp;]:mt-5 juice:w-full juice:items-end overflow-x-auto gap-2\" dir=\"auto\" data-message-author-role=\"assistant\" data-message-id=\"14ae111d-fbd8-4c33-a8dd-ec4358f1ce3b\">\n<div class=\"flex w-full flex-col gap-1 juice:empty:hidden juice:first:pt-[3px]\">\n<div class=\"markdown prose w-full break-words dark:prose-invert light\">\n<p>Experimente a tranquilidade de ter um servi\u00e7o de guarda-volumes que atende a todas as suas necessidades. O importante \u00e9 que tudo o que voc\u00ea trouxer para Ushuaia esteja seguro e protegido, gra\u00e7as \u00e0s nossas c\u00e2meras de vigil\u00e2ncia e aos espa\u00e7os especialmente projetados. <\/p>\n<\/div>\n<\/div>\n<\/div>\n<\/div>\n<div class=\"mt-1 flex gap-3 empty:hidden juice:-ml-3\">\n<div class=\"items-center justify-start rounded-xl p-1 flex\">\n<div class=\"flex items-center\">\n<div class=\"flex\"><\/div>\n<div class=\"flex items-center pb-0.5 juice:pb-0\"><\/div>\n<\/div>\n<\/div>\n<\/div>\n","protected":false},"featured_media":48958,"template":"","meta":{"_acf_changed":false},"product_brand":[],"product_cat":[511,416],"product_tag":[],"class_list":{"0":"post-68638","1":"product","2":"type-product","3":"status-publish","4":"has-post-thumbnail","6":"epoca-todo-el-ano-pt-br","7":"dificultad-facil-pt-br","8":"product_cat-guarda-bagagem","9":"product_cat-promocao-de-excursoes-em-ushuaia","11":"first","12":"instock","13":"virtual","14":"sold-individually","15":"purchasable","16":"product-type-booking"},"acf":[],"_links":{"self":[{"href":"https:\/\/turismoenushuaia.com\/pt-br\/wp-json\/wp\/v2\/product\/68638","targetHints":{"allow":["GET"]}}],"collection":[{"href":"https:\/\/turismoenushuaia.com\/pt-br\/wp-json\/wp\/v2\/product"}],"about":[{"href":"https:\/\/turismoenushuaia.com\/pt-br\/wp-json\/wp\/v2\/types\/product"}],"wp:featuredmedia":[{"embeddable":true,"href":"https:\/\/turismoenushuaia.com\/pt-br\/wp-json\/wp\/v2\/media\/48958"}],"wp:attachment":[{"href":"https:\/\/turismoenushuaia.com\/pt-br\/wp-json\/wp\/v2\/media?parent=68638"}],"wp:term":[{"taxonomy":"product_brand","embeddable":true,"href":"https:\/\/turismoenushuaia.com\/pt-br\/wp-json\/wp\/v2\/product_brand?post=68638"},{"taxonomy":"product_cat","embeddable":true,"href":"https:\/\/turismoenushuaia.com\/pt-br\/wp-json\/wp\/v2\/product_cat?post=68638"},{"taxonomy":"product_tag","embeddable":true,"href":"https:\/\/turismoenushuaia.com\/pt-br\/wp-json\/wp\/v2\/product_tag?post=68638"}],"curies":[{"name":"wp","href":"https:\/\/api.w.org\/{rel}","templated":true}]}}