{"id":68635,"date":"2024-11-04T11:45:16","date_gmt":"2024-11-04T14:45:16","guid":{"rendered":"https:\/\/turismoenushuaia.com\/producto\/parque-nacional-da-ilha-redonda-e-navegacao\/"},"modified":"2025-11-19T14:53:19","modified_gmt":"2025-11-19T17:53:19","slug":"parque-nacional-da-ilha-redonda-e-navegacao","status":"publish","type":"product","link":"https:\/\/turismoenushuaia.com\/pt-br\/producto\/parque-nacional-da-ilha-redonda-e-navegacao\/","title":{"rendered":"Parque Nacional da Ilha Redonda e Navega\u00e7\u00e3o"},"content":{"rendered":"<h2>Explore a Maravilha Natural da Ilha Redonda e do Parque Nacional Tierra del Fuego<\/h2>\n<p>Seguindo para sudoeste, partindo da bela cidade de Ushuaia, a rota seguir\u00e1 pela Rota 33 at\u00e9 o Parque Nacional da Terra do Fogo, uma \u00e1rea reservada para a prote\u00e7\u00e3o da Floresta Subant\u00e1rtica e da flora e fauna nativas.<br \/>\nEm seguida, visitaremos a Ba\u00eda de Ensenada, de onde desfrutaremos de uma vista fant\u00e1stica do Canal de Beagle e da paisagem ao redor antes de embarcar em uma aventura maravilhosa em dire\u00e7\u00e3o \u00e0 Ilha Redonda.<br \/>\nAp\u00f3s um cruzeiro de 15 a 20 minutos, atracamos nesta ilha maravilhosa, que oferece vistas \u00fanicas do Canal de Beagle e do Parque Nacional.<\/p>\n<p>Ao chegar, teremos a op\u00e7\u00e3o de caminhar por trilhas de dificuldade m\u00e9dia ou f\u00e1cil. A floresta desta regi\u00e3o \u00e9 conhecida por sua exuber\u00e2ncia, vegeta\u00e7\u00e3o e beleza. Ao longo do caminho, desfrutaremos do ar fresco da floresta fueguina. No final da trilha, um mirante oferece a oportunidade de tirar fotos panor\u00e2micas deslumbrantes. A Ilha Redonda oferece uma perspectiva \u00fanica e a aut\u00eantica sensa\u00e7\u00e3o de ter chegado ao Fim do Mundo, ou ao come\u00e7o de tudo.<\/p>\n<p>Ap\u00f3s a visita, retornaremos ao barco para iniciar o retorno \u00e0 Ba\u00eda Ensenada e continuar nosso passeio pelo Parque Nacional, uma \u00e1rea natural imperd\u00edvel em sua viagem a Ushuaia.<\/p>\n<p><img loading=\"lazy\" decoding=\"async\" class=\"alignnone size-full wp-image-48845\" src=\"https:\/\/turismoenushuaia.com\/wp-content\/uploads\/2024\/06\/parque-nacional-e-isla-redonda-4-Tolkeyen.jpg\" alt=\"Parque da Ilha Redonda e Navega\u00e7\u00e3o 5\" width=\"1200\" height=\"800\" srcset=\"https:\/\/turismoenushuaia.com\/wp-content\/uploads\/2024\/06\/parque-nacional-e-isla-redonda-4-Tolkeyen.jpg 1200w, https:\/\/turismoenushuaia.com\/wp-content\/uploads\/2024\/06\/parque-nacional-e-isla-redonda-4-Tolkeyen-300x200.jpg 300w, https:\/\/turismoenushuaia.com\/wp-content\/uploads\/2024\/06\/parque-nacional-e-isla-redonda-4-Tolkeyen-1024x683.jpg 1024w, https:\/\/turismoenushuaia.com\/wp-content\/uploads\/2024\/06\/parque-nacional-e-isla-redonda-4-Tolkeyen-768x512.jpg 768w, https:\/\/turismoenushuaia.com\/wp-content\/uploads\/2024\/06\/parque-nacional-e-isla-redonda-4-Tolkeyen-600x400.jpg 600w\" sizes=\"auto, (max-width: 1200px) 100vw, 1200px\" \/><\/p>\n<p><img loading=\"lazy\" decoding=\"async\" class=\"alignnone size-full wp-image-48842\" src=\"https:\/\/turismoenushuaia.com\/wp-content\/uploads\/2024\/06\/parque-nacional-e-isla-redonda-3-Tolkeyen.jpg\" alt=\"Parque da Ilha Redonda e Navega\u00e7\u00e3o 4\" width=\"1200\" height=\"800\" srcset=\"https:\/\/turismoenushuaia.com\/wp-content\/uploads\/2024\/06\/parque-nacional-e-isla-redonda-3-Tolkeyen.jpg 1200w, https:\/\/turismoenushuaia.com\/wp-content\/uploads\/2024\/06\/parque-nacional-e-isla-redonda-3-Tolkeyen-300x200.jpg 300w, https:\/\/turismoenushuaia.com\/wp-content\/uploads\/2024\/06\/parque-nacional-e-isla-redonda-3-Tolkeyen-1024x683.jpg 1024w, https:\/\/turismoenushuaia.com\/wp-content\/uploads\/2024\/06\/parque-nacional-e-isla-redonda-3-Tolkeyen-768x512.jpg 768w, https:\/\/turismoenushuaia.com\/wp-content\/uploads\/2024\/06\/parque-nacional-e-isla-redonda-3-Tolkeyen-600x400.jpg 600w\" sizes=\"auto, (max-width: 1200px) 100vw, 1200px\" \/><\/p>\n<h3>Parque Nacional Tierra del Fuego, uma joia da natureza<\/h3>\n<p>Seguindo o caminho cercado por bosques de lengas e turfeiras, chegaremos ao Lago Acigami (antigo Lago Roca), um lago glacial com uma superf\u00edcie de 5,50 quil\u00f4metros quadrados, cercado por montanhas e bosques, onde \u00e9 poss\u00edvel avistar exemplares de aves nativas.<\/p>\n<p>A poucos minutos do Lago Acigami, faremos uma parada no Centro de Visitantes de Alakush por aproximadamente 20 minutos. L\u00e1, voc\u00ea poder\u00e1 aproveitar o servi\u00e7o de cafeteria e saborear um petisco enquanto explora a loja de souvenirs e um pequeno museu para completar o passeio.<\/p>\n<p>Por fim, voc\u00ea se surpreender\u00e1 com a visita \u00e0 Ba\u00eda de Lapataia, ap\u00f3s atravessar o arquip\u00e9lago de corvos-marinhos e as turfeiras. Na Ba\u00eda de Lapataia, al\u00e9m do litoral marinho rico em moluscos e mexilh\u00f5es, encontraremos vest\u00edgios dos antigos povos abor\u00edgenes que habitaram a regi\u00e3o. L\u00e1, teremos tempo para caminhar pela passarela, de onde poderemos tirar excelentes fotos.<\/p>\n<p>Deste ponto, final da Rota Nacional n\u00ba 3, iniciaremos nosso retorno \u00e0 cidade de Ushuaia.<\/p>\n<h4>A TER EM CONTA<\/h4>\n<ul>\n<li>Esta experi\u00eancia N\u00c3O PERMITE a reserva do TREM DO FIM DO MUNDO<\/li>\n<li><strong>De novembro a mar\u00e7o. Sa\u00eddas \u00e0s ter\u00e7as, quintas e domingos. <\/strong><\/li>\n<li>N\u00cdVEL DE DIFICULDADE: F\u00e1cil. \u00c9 necess\u00e1rio um bom preparo f\u00edsico para explorar as trilhas da Isla Redonda.<\/li>\n<\/ul>\n<h4>NOTA IMPORTANTE<\/h4>\n<p>Todas as descri\u00e7\u00f5es e itiner\u00e1rios s\u00e3o meramente ilustrativos: os hor\u00e1rios das atividades, a ordem e as atra\u00e7\u00f5es visitadas podem variar dependendo da avalia\u00e7\u00e3o do guia, das caracter\u00edsticas do grupo e das condi\u00e7\u00f5es clim\u00e1ticas.<br \/>\n<strong>*O ponto de partida para a travessia at\u00e9 a Ilha Redonda pode variar: de Ensenada ou da Ba\u00eda de Lapataia, dependendo das condi\u00e7\u00f5es clim\u00e1ticas, navega\u00e7\u00e3o ou disponibilidade de barcos*<\/strong><\/p>\n<p><em>TOLKEYEN PATAG\u00d4NIA TURISMO SAU Lic. EVyT.: Arquivo n\u00ba 11938 Ushuaia \u2013 Terra do Fogo<\/em><\/p>\n","protected":false},"excerpt":{"rendered":"<p>Explore as maravilhas do Fim do Mundo com nossa excurs\u00e3o ao Parque Nacional da Terra do Fogo. Este destino ic\u00f4nico convida voc\u00ea a descobrir paisagens fascinantes, incluindo um cruzeiro exclusivo para um canto \u00fanico do mundo: a Ilha Redonda. N\u00e3o perca o encanto natural de dois lugares imperd\u00edveis!<\/p>\n","protected":false},"featured_media":48835,"template":"","meta":{"_acf_changed":false},"product_brand":[],"product_cat":[393,407,414],"product_tag":[],"class_list":{"0":"post-68635","1":"product","2":"type-product","3":"status-publish","4":"has-post-thumbnail","6":"epoca-de-noviembre-a-marzo-pt-br","7":"dificultad-facil-pt-br","8":"product_cat-excursoes-em-ushuaia-verao","9":"product_cat-parque-nacional-tierra-del-fuego-pt-br","10":"product_cat-navegacao-no-canal-de-beagle","12":"first","13":"instock","14":"virtual","15":"sold-individually","16":"purchasable","17":"product-type-booking"},"acf":[],"_links":{"self":[{"href":"https:\/\/turismoenushuaia.com\/pt-br\/wp-json\/wp\/v2\/product\/68635","targetHints":{"allow":["GET"]}}],"collection":[{"href":"https:\/\/turismoenushuaia.com\/pt-br\/wp-json\/wp\/v2\/product"}],"about":[{"href":"https:\/\/turismoenushuaia.com\/pt-br\/wp-json\/wp\/v2\/types\/product"}],"wp:featuredmedia":[{"embeddable":true,"href":"https:\/\/turismoenushuaia.com\/pt-br\/wp-json\/wp\/v2\/media\/48835"}],"wp:attachment":[{"href":"https:\/\/turismoenushuaia.com\/pt-br\/wp-json\/wp\/v2\/media?parent=68635"}],"wp:term":[{"taxonomy":"product_brand","embeddable":true,"href":"https:\/\/turismoenushuaia.com\/pt-br\/wp-json\/wp\/v2\/product_brand?post=68635"},{"taxonomy":"product_cat","embeddable":true,"href":"https:\/\/turismoenushuaia.com\/pt-br\/wp-json\/wp\/v2\/product_cat?post=68635"},{"taxonomy":"product_tag","embeddable":true,"href":"https:\/\/turismoenushuaia.com\/pt-br\/wp-json\/wp\/v2\/product_tag?post=68635"}],"curies":[{"name":"wp","href":"https:\/\/api.w.org\/{rel}","templated":true}]}}