{"id":68634,"date":"2024-04-07T13:58:34","date_gmt":"2024-04-07T16:58:34","guid":{"rendered":"https:\/\/turismoenushuaia.com\/producto\/cerro-castor-6-dias-com-telefericos-e-traslados\/"},"modified":"2024-04-07T13:58:34","modified_gmt":"2024-04-07T16:58:34","slug":"cerro-castor-6-dias-com-telefericos-e-traslados","status":"publish","type":"product","link":"https:\/\/turismoenushuaia.com\/pt-br\/producto\/cerro-castor-6-dias-com-telefericos-e-traslados\/","title":{"rendered":"Cerro Castor \u2013 6 dias com telef\u00e9ricos e traslados"},"content":{"rendered":"<h2><strong>Passes e transfer\u00eancias \u2013 PR\u00c9-VENDA SKIWEEK<\/strong><\/h2>\n<p>&nbsp;<\/p>\n<p>Se voc\u00ea est\u00e1 planejando uma viagem a Ushuaia, n\u00e3o perca a oportunidade de curtir a temporada de esqui no Cerro Castor. Este renomado resort de inverno se destaca pela qualidade excepcional de sua neve, gra\u00e7as \u00e0 sua localiza\u00e7\u00e3o privilegiada na encosta sul. Temperaturas amenas, com m\u00e9dias entre -5 e 5 graus Celsius, garantem as condi\u00e7\u00f5es ideais para aproveitar ao m\u00e1ximo este esporte.  <\/p>\n<p>Com nosso pacote especial, voc\u00ea ter\u00e1 a oportunidade de vivenciar uma experi\u00eancia \u00fanica de esqui no fim do mundo. Al\u00e9m disso, recomendamos que voc\u00ea reserve alguns dias extras para explorar Ushuaia e suas atra\u00e7\u00f5es tur\u00edsticas imperd\u00edveis. Aguardamos ansiosamente por uma experi\u00eancia \u00fanica e cheia de surpresas!  <\/p>\n<h3><img loading=\"lazy\" decoding=\"async\" class=\"alignnone size-full wp-image-66859\" src=\"https:\/\/turismoenushuaia.com\/wp-content\/uploads\/2024\/04\/cerro-castor-26-turismo-en-Ushuaia.jpg\" alt=\"Beaver Hill _28\" width=\"1200\" height=\"800\" srcset=\"https:\/\/turismoenushuaia.com\/wp-content\/uploads\/2024\/04\/cerro-castor-26-turismo-en-Ushuaia.jpg 1200w, https:\/\/turismoenushuaia.com\/wp-content\/uploads\/2024\/04\/cerro-castor-26-turismo-en-Ushuaia-300x200.jpg 300w, https:\/\/turismoenushuaia.com\/wp-content\/uploads\/2024\/04\/cerro-castor-26-turismo-en-Ushuaia-1024x683.jpg 1024w, https:\/\/turismoenushuaia.com\/wp-content\/uploads\/2024\/04\/cerro-castor-26-turismo-en-Ushuaia-768x512.jpg 768w, https:\/\/turismoenushuaia.com\/wp-content\/uploads\/2024\/04\/cerro-castor-26-turismo-en-Ushuaia-600x400.jpg 600w\" sizes=\"auto, (max-width: 1200px) 100vw, 1200px\" \/><\/h3>\n<p><img loading=\"lazy\" decoding=\"async\" class=\"alignnone size-full wp-image-66853\" src=\"https:\/\/turismoenushuaia.com\/wp-content\/uploads\/2024\/04\/cerro-castor-24-turismo-en-Ushuaia.jpg\" alt=\"Beaver Hill _30\" width=\"1200\" height=\"800\" srcset=\"https:\/\/turismoenushuaia.com\/wp-content\/uploads\/2024\/04\/cerro-castor-24-turismo-en-Ushuaia.jpg 1200w, https:\/\/turismoenushuaia.com\/wp-content\/uploads\/2024\/04\/cerro-castor-24-turismo-en-Ushuaia-300x200.jpg 300w, https:\/\/turismoenushuaia.com\/wp-content\/uploads\/2024\/04\/cerro-castor-24-turismo-en-Ushuaia-1024x683.jpg 1024w, https:\/\/turismoenushuaia.com\/wp-content\/uploads\/2024\/04\/cerro-castor-24-turismo-en-Ushuaia-768x512.jpg 768w, https:\/\/turismoenushuaia.com\/wp-content\/uploads\/2024\/04\/cerro-castor-24-turismo-en-Ushuaia-600x400.jpg 600w\" sizes=\"auto, (max-width: 1200px) 100vw, 1200px\" \/><\/p>\n<h3><strong>Importante<\/strong> &#8211; <b>Esta\u00e7\u00f5es<\/b><\/h3>\n<p><b>BAIXA<\/b> 27 de junho a 4 de julho \/ 20 de setembro a 28 de setembro<br \/>\n<strong>ALTO<\/strong> de 5 de julho a 19 de setembro<\/p>\n<p>&nbsp;<\/p>\n<h3><strong>Saber reservar a excurs\u00e3o<\/strong><\/h3>\n<p>No momento da compra \u00e9 necess\u00e1rio que voc\u00ea nos informe:<\/p>\n<p>-N\u00fameros de voos de chegada e partida\/Hotel\/Nomes completos\/N\u00famero de identifica\u00e7\u00e3o\/Data de nascimento<\/p>\n<p><b>Os pacotes s\u00e3o para dias consecutivos<\/b><\/p>\n<p>&nbsp;<\/p>\n<p><em>TOLKEYEN PATAGONIA TURISMO SAU Lic. EVyT.: Processo n\u00ba 11938<\/em><\/p>\n","protected":false},"excerpt":{"rendered":"<p>Aproveite a melhor temporada de inverno do pa\u00eds no Cerro Castor, esquie nas diversas pistas da montanha por 6 dias e experimente a melhor neve da Argentina gra\u00e7as \u00e0 sua localiza\u00e7\u00e3o geogr\u00e1fica. Combine os traslados do aeroporto e do Cerro Castor em um \u00fanico pacote e concentre-se apenas em aproveitar suas f\u00e9rias. <\/p>\n","protected":false},"featured_media":66774,"template":"","meta":{"_acf_changed":false},"product_brand":[],"product_cat":[380,383,398,402,413],"product_tag":[],"class_list":{"0":"post-68634","1":"product","2":"type-product","3":"status-publish","4":"has-post-thumbnail","6":"epoca-invierno-pt-br","7":"dificultad-media-pt-br","8":"product_cat-excursoes-de-inverno-em-ushuaia","9":"product_cat-traslados-em-ushuaia","10":"product_cat-esqui-ou-snowboard-em-tierra-del-fuego","11":"product_cat-centros-de-inverno-em-tierra-del-fuego","12":"product_cat-pacotes-turisticos-em-ushuaia","14":"first","15":"instock","16":"sold-individually","17":"shipping-taxable","18":"purchasable","19":"product-type-booking"},"acf":[],"_links":{"self":[{"href":"https:\/\/turismoenushuaia.com\/pt-br\/wp-json\/wp\/v2\/product\/68634","targetHints":{"allow":["GET"]}}],"collection":[{"href":"https:\/\/turismoenushuaia.com\/pt-br\/wp-json\/wp\/v2\/product"}],"about":[{"href":"https:\/\/turismoenushuaia.com\/pt-br\/wp-json\/wp\/v2\/types\/product"}],"wp:featuredmedia":[{"embeddable":true,"href":"https:\/\/turismoenushuaia.com\/pt-br\/wp-json\/wp\/v2\/media\/66774"}],"wp:attachment":[{"href":"https:\/\/turismoenushuaia.com\/pt-br\/wp-json\/wp\/v2\/media?parent=68634"}],"wp:term":[{"taxonomy":"product_brand","embeddable":true,"href":"https:\/\/turismoenushuaia.com\/pt-br\/wp-json\/wp\/v2\/product_brand?post=68634"},{"taxonomy":"product_cat","embeddable":true,"href":"https:\/\/turismoenushuaia.com\/pt-br\/wp-json\/wp\/v2\/product_cat?post=68634"},{"taxonomy":"product_tag","embeddable":true,"href":"https:\/\/turismoenushuaia.com\/pt-br\/wp-json\/wp\/v2\/product_tag?post=68634"}],"curies":[{"name":"wp","href":"https:\/\/api.w.org\/{rel}","templated":true}]}}