{"id":68632,"date":"2024-10-24T20:47:10","date_gmt":"2024-10-24T23:47:10","guid":{"rendered":"https:\/\/turismoenushuaia.com\/producto\/paisagens-e-encantos-de-ushuaia\/"},"modified":"2025-11-19T15:14:04","modified_gmt":"2025-11-19T18:14:04","slug":"paisagens-e-encantos-de-ushuaia","status":"publish","type":"product","link":"https:\/\/turismoenushuaia.com\/pt-br\/producto\/paisagens-e-encantos-de-ushuaia\/","title":{"rendered":"Paisagens e encantos de Ushuaia"},"content":{"rendered":"<h2 data-pm-slice=\"1 1 []\">N\u00e3o perca um passeio hist\u00f3rico com vistas incr\u00edveis de Ushuaia<\/h2>\n<p data-pm-slice=\"1 1 []\">Pontos tur\u00edsticos e encantos de Ushuaia: O passeio come\u00e7a na Avenida Maip\u00fa, onde voc\u00ea poder\u00e1 apreciar diversas atra\u00e7\u00f5es hist\u00f3ricas e arquitet\u00f4nicas. Entre elas, est\u00e3o a Pra\u00e7a C\u00edvica, onde a Bandeira Nacional foi hasteada pela primeira vez; a Antiga Casa do Governo; o Armaz\u00e9m Geral; e o Antigo Templo de Nossa Senhora da Piedade, todos not\u00e1veis \u200b\u200bpor sua hist\u00f3ria e design. Antes de fazer nossa primeira parada no ic\u00f4nico Letreiro de Ushuaia para fotos, passaremos pelo Monumento \u00e0s Ilhas Malvinas.<\/p>\n<p>Continuaremos nosso passeio pela rua principal da cidade. No final da avenida, encontraremos a Base Naval e a Antiga Penitenci\u00e1ria e Cadeia para Reincidentes.<\/p>\n<p>Em seguida, seguiremos em dire\u00e7\u00e3o ao primeiro mirante, o \u201cMirante dos Her\u00f3is das Malvinas\u201d, de onde desfrutaremos das primeiras vistas panor\u00e2micas da cidade. Em seguida, faremos um desvio por uma sinuosa trilha de montanha para chegar \u00e0s pistas de esqui cross-country Francisco Jerman. L\u00e1, faremos uma curta caminhada pelas florestas fueguinas, admirando a paisagem montanhosa coroada pela Geleira Martial.<\/p>\n<p>Ap\u00f3s a caminhada, faremos um passeio pelos bairros de Ushuaia, parando no segundo e terceiro mirantes, \u201cMirador de Las Hayas\u201d e \u201cMirador Los Ca\u00f1ones\u201d, de onde teremos uma bela vista de 360 \u200b\u200bgraus da paisagem ao redor.<\/p>\n<p>Por fim, concluiremos nosso passeio com uma deliciosa degusta\u00e7\u00e3o de dois bolos, acompanhados de uma infus\u00e3o quente, enquanto apreciamos a vista das margens do Canal de Beagle. Tamb\u00e9m teremos a oportunidade de descer at\u00e9 a praia e admirar a paisagem de tirar o f\u00f4lego.<\/p>\n<p><img loading=\"lazy\" decoding=\"async\" class=\"alignnone size-full wp-image-52237\" src=\"https:\/\/turismoenushuaia.com\/wp-content\/uploads\/2024\/08\/paisajes-y-delicias-18-turismo-en-ushuaia.jpg\" alt=\"Paisagens e encantos em Ushuaia 1\" width=\"1200\" height=\"800\" srcset=\"https:\/\/turismoenushuaia.com\/wp-content\/uploads\/2024\/08\/paisajes-y-delicias-18-turismo-en-ushuaia.jpg 1200w, https:\/\/turismoenushuaia.com\/wp-content\/uploads\/2024\/08\/paisajes-y-delicias-18-turismo-en-ushuaia-300x200.jpg 300w, https:\/\/turismoenushuaia.com\/wp-content\/uploads\/2024\/08\/paisajes-y-delicias-18-turismo-en-ushuaia-1024x683.jpg 1024w, https:\/\/turismoenushuaia.com\/wp-content\/uploads\/2024\/08\/paisajes-y-delicias-18-turismo-en-ushuaia-768x512.jpg 768w, https:\/\/turismoenushuaia.com\/wp-content\/uploads\/2024\/08\/paisajes-y-delicias-18-turismo-en-ushuaia-600x400.jpg 600w\" sizes=\"auto, (max-width: 1200px) 100vw, 1200px\" \/><\/p>\n<h3>Informa\u00e7\u00f5es importantes<\/h3>\n<p>Frequ\u00eancia: Ter\u00e7a, quinta e s\u00e1bado \u00e0 tarde \u2013 de outubro a mar\u00e7o<\/p>\n<p>Dura\u00e7\u00e3o: 4,00hs.<\/p>\n<p>Partidas: de hot\u00e9is<\/p>\n<p><em>TOLKEYEN PATAG\u00d4NIA TURISMO SAU Lic. EVyT.: Arquivo n\u00ba 11938 Ushuaia \u2013 Terra do Fogo<\/em><\/p>\n","protected":false},"excerpt":{"rendered":"<p data-pm-slice=\"1 1 []\">Este passeio por Ushuaia oferece uma experi\u00eancia completa que combina hist\u00f3ria, cultura e natureza. Come\u00e7a no cora\u00e7\u00e3o da cidade, continua com vistas panor\u00e2micas deslumbrantes de v\u00e1rios mirantes e termina com uma caminhada pelas florestas fueguinas e uma pausa relaxante para saborear doces locais, com a oportunidade de apreciar a paisagem costeira do Canal de Beagle.<\/p>\n","protected":false},"featured_media":71001,"template":"","meta":{"_acf_changed":false},"product_brand":[],"product_cat":[393,416],"product_tag":[509],"class_list":{"0":"post-68632","1":"product","2":"type-product","3":"status-publish","4":"has-post-thumbnail","6":"epoca-verano-pt-br","7":"dificultad-facil-pt-br","8":"product_cat-excursoes-em-ushuaia-verao","9":"product_cat-promocao-de-excursoes-em-ushuaia","10":"product_tag-passeio-pela-cidade","12":"first","13":"instock","14":"sale","15":"virtual","16":"sold-individually","17":"purchasable","18":"product-type-booking"},"acf":[],"_links":{"self":[{"href":"https:\/\/turismoenushuaia.com\/pt-br\/wp-json\/wp\/v2\/product\/68632","targetHints":{"allow":["GET"]}}],"collection":[{"href":"https:\/\/turismoenushuaia.com\/pt-br\/wp-json\/wp\/v2\/product"}],"about":[{"href":"https:\/\/turismoenushuaia.com\/pt-br\/wp-json\/wp\/v2\/types\/product"}],"wp:featuredmedia":[{"embeddable":true,"href":"https:\/\/turismoenushuaia.com\/pt-br\/wp-json\/wp\/v2\/media\/71001"}],"wp:attachment":[{"href":"https:\/\/turismoenushuaia.com\/pt-br\/wp-json\/wp\/v2\/media?parent=68632"}],"wp:term":[{"taxonomy":"product_brand","embeddable":true,"href":"https:\/\/turismoenushuaia.com\/pt-br\/wp-json\/wp\/v2\/product_brand?post=68632"},{"taxonomy":"product_cat","embeddable":true,"href":"https:\/\/turismoenushuaia.com\/pt-br\/wp-json\/wp\/v2\/product_cat?post=68632"},{"taxonomy":"product_tag","embeddable":true,"href":"https:\/\/turismoenushuaia.com\/pt-br\/wp-json\/wp\/v2\/product_tag?post=68632"}],"curies":[{"name":"wp","href":"https:\/\/api.w.org\/{rel}","templated":true}]}}