{"id":68630,"date":"2023-10-23T21:39:03","date_gmt":"2023-10-24T00:39:03","guid":{"rendered":"https:\/\/turismoenushuaia.com\/producto\/naufragio-do-navio-sarmiento-45-minutos-de-voo\/"},"modified":"2023-10-23T21:39:03","modified_gmt":"2023-10-24T00:39:03","slug":"naufragio-do-navio-sarmiento-45-minutos-de-voo","status":"publish","type":"product","link":"https:\/\/turismoenushuaia.com\/pt-br\/producto\/naufragio-do-navio-sarmiento-45-minutos-de-voo\/","title":{"rendered":"Naufr\u00e1gio do Navio Sarmiento &#8211; 45 minutos de voo"},"content":{"rendered":"<h2>Sobrevoo do Navio Sarmiento<\/h2>\n<p>A experi\u00eancia come\u00e7a com um sobrevoo na <strong>Ba\u00eda de Ushuaia<\/strong> , ganhando altitude para entrar no <strong>Vale do Rio Olivia<\/strong> , onde voc\u00ea pode admirar o majestoso Monte Olivia e o inconfund\u00edvel Monte Cinco Hermanos. Em seguida, cruzamos o imponente <strong>Vale do Carbajal<\/strong> , chegando a uma segunda cordilheira que abriga, como uma joia natural, um corpo d&#8217;\u00e1gua cativante chamado <strong>Laguna Esmeralda<\/strong> por sua cor extraordin\u00e1ria. <\/p>\n<p>O passeio continua pela Rota Nacional 3, sobrevoando centros de atividades de inverno, incluindo <strong>Cerro Castor<\/strong> , a esta\u00e7\u00e3o de esqui mais ao sul do mundo.<\/p>\n<p>\u00c9 ent\u00e3o que voc\u00ea viver\u00e1 um momento \u00fanico e inesquec\u00edvel no <strong>cora\u00e7\u00e3o da Cordilheira dos Andes<\/strong> . Voc\u00ea pousar\u00e1 em uma montanha de onde descer\u00e1 do helic\u00f3ptero para apreciar um cen\u00e1rio indescrit\u00edvel, de onde as imagens mais incr\u00edveis e selvagens emergem diante dos seus olhos. <\/p>\n<p>Ap\u00f3s um brinde, iniciamos nossa viagem de volta pela costa, atravessando o <strong>Vale do Rio Remolino<\/strong> , chegando \u00e0 costa do Canal de Beagle, onde o <strong>navio Monte Sarmiento<\/strong> est\u00e1 encalhado (desde 1912). Retornando a Ushuaia, voc\u00ea poder\u00e1 avistar o <strong>Rancho T\u00fanel<\/strong> e, ao longe, o <strong>Farol Les Eclaireurs<\/strong> , firme e solit\u00e1rio no meio do Canal de Beagle. <\/p>\n<p><strong>Empresa que opera o passeio &#8211; HELIUSHUAIA &#8211; Volar SA<\/strong><\/p>\n","protected":false},"excerpt":{"rendered":"<p data-sourcepos=\"1:1-1:96\">Sobrevoe a Cordilheira dos Andes em um helic\u00f3ptero e pouse no cora\u00e7\u00e3o da montanha.<\/p>\n<p data-sourcepos=\"3:1-3:50\">Um voo de 45 minutos e uma excurs\u00e3o de 1 hora.<\/p>\n<p data-sourcepos=\"5:1-5:144\">Desfrute de vistas panor\u00e2micas das paisagens mais impressionantes da Terra do Fogo, da Ba\u00eda de Ushuaia ao Monte Cinco Hermanos.<\/p>\n<p data-sourcepos=\"7:1-7:110\">Aterrisse em um lugar remoto e m\u00e1gico, onde voc\u00ea poder\u00e1 brindar com champanhe e celebrar uma experi\u00eancia \u00fanica.<\/p>\n","protected":false},"featured_media":0,"template":"","meta":{"_acf_changed":false},"product_brand":[],"product_cat":[393,417,372],"product_tag":[],"class_list":{"0":"post-68630","1":"product","2":"type-product","3":"status-publish","5":"epoca-todo-el-ano-pt-br","6":"dificultad-facil-pt-br","7":"product_cat-excursoes-em-ushuaia-verao","8":"product_cat-sobrevoo-em-ushuaia","9":"product_cat-aventura-em-ushuaia","11":"first","12":"instock","13":"shipping-taxable","14":"product-type-external"},"acf":[],"_links":{"self":[{"href":"https:\/\/turismoenushuaia.com\/pt-br\/wp-json\/wp\/v2\/product\/68630","targetHints":{"allow":["GET"]}}],"collection":[{"href":"https:\/\/turismoenushuaia.com\/pt-br\/wp-json\/wp\/v2\/product"}],"about":[{"href":"https:\/\/turismoenushuaia.com\/pt-br\/wp-json\/wp\/v2\/types\/product"}],"wp:attachment":[{"href":"https:\/\/turismoenushuaia.com\/pt-br\/wp-json\/wp\/v2\/media?parent=68630"}],"wp:term":[{"taxonomy":"product_brand","embeddable":true,"href":"https:\/\/turismoenushuaia.com\/pt-br\/wp-json\/wp\/v2\/product_brand?post=68630"},{"taxonomy":"product_cat","embeddable":true,"href":"https:\/\/turismoenushuaia.com\/pt-br\/wp-json\/wp\/v2\/product_cat?post=68630"},{"taxonomy":"product_tag","embeddable":true,"href":"https:\/\/turismoenushuaia.com\/pt-br\/wp-json\/wp\/v2\/product_tag?post=68630"}],"curies":[{"name":"wp","href":"https:\/\/api.w.org\/{rel}","templated":true}]}}