{"id":68629,"date":"2023-11-05T21:29:28","date_gmt":"2023-11-06T00:29:28","guid":{"rendered":"https:\/\/turismoenushuaia.com\/producto\/grandes-lagos-1-hora-de-voo\/"},"modified":"2023-11-05T21:29:28","modified_gmt":"2023-11-06T00:29:28","slug":"grandes-lagos-1-hora-de-voo","status":"publish","type":"product","link":"https:\/\/turismoenushuaia.com\/pt-br\/producto\/grandes-lagos-1-hora-de-voo\/","title":{"rendered":"Grandes Lagos &#8211; 1 hora de voo"},"content":{"rendered":"<h2>Sobrevoe os lagos fuegianos de helic\u00f3ptero<\/h2>\n<p>A experi\u00eancia come\u00e7a sobrevoando a <strong>ba\u00eda de Ushuaia<\/strong> , ganhando altura para adentrar o <strong>Vale do Rio Olivia<\/strong> , apreciando o majestoso Monte Olivia e o caracter\u00edstico <strong>Monte Cinco Hermanos<\/strong> .<\/p>\n<p>No meio deste ambiente branco e in\u00f3spito, atravessamos o impressionante <strong>Vale do Carbajal<\/strong> , acessando uma segunda cordilheira que abriga, como uma joia natural, um cativante corpo de \u00e1gua, chamado <strong>Laguna Esmeralda<\/strong> por sua extraordin\u00e1ria cor.<\/p>\n<p>O passeio continua adentrando a Ilha da Terra do Fogo at\u00e9 chegarmos \u00e0 nascente do <strong>Lago Escondido<\/strong> . De l\u00e1, sobrevoamos tamb\u00e9m as lagoas de Santa Laura, San Ricardo e Margarita. Avistamos a cidade de Tolhu\u00edn, no cora\u00e7\u00e3o da ilha, e contornamos o Lago Fagnano, um dos cinco maiores da Am\u00e9rica do Sul.  <\/p>\n<p><strong>O Cerro Corn\u00fa<\/strong> , uma das montanhas mais altas da regi\u00e3o, ser\u00e1 a porta de entrada para Puerto Almanza, uma pequena vila de pescadores. L\u00e1, desembarcamos em uma rua estreita paralela ao Canal de Beagle e que parece ser o \u00fanico vislumbre de civiliza\u00e7\u00e3o em meio a tanta exuber\u00e2ncia natural. <\/p>\n<p>Em seguida, iniciamos a viagem de volta pela costa, avistando <strong>a Est\u00e2ncia T\u00fanel<\/strong> e, ao longe, o <strong>Farol Les Eclaireurs<\/strong> , localizado em um arquip\u00e9lago rochoso, firme e solit\u00e1rio no meio do Canal de Beagle. N\u00e3o desaperte o cinto de seguran\u00e7a, porque a aventura ainda n\u00e3o acabou. Pouco antes de chegar ao seu destino, voc\u00ea desfrutar\u00e1 de um momento \u00fanico e inesquec\u00edvel no topo <strong>da Cordilheira dos Andes<\/strong> . Em meio a essa imensid\u00e3o extremamente fria, voc\u00ea pousar\u00e1 em uma montanha; poder\u00e1 descer do helic\u00f3ptero e apreciar um ambiente indescrit\u00edvel de onde emergem as imagens mais incr\u00edveis e austrais, com a <strong>Cordilheira dos Andes<\/strong> diante dos seus olhos.   <\/p>\n<p><img loading=\"lazy\" decoding=\"async\" class=\"aligncenter wp-image-25726 size-full\" src=\"https:\/\/turismoenushuaia.com\/wp-content\/uploads\/2023\/11\/Sobrevuelo-turismo-en-ushuaia-helicoptero-66.jpg\" alt=\"\" width=\"1200\" height=\"800\" srcset=\"https:\/\/turismoenushuaia.com\/wp-content\/uploads\/2023\/11\/Sobrevuelo-turismo-en-ushuaia-helicoptero-66.jpg 1200w, https:\/\/turismoenushuaia.com\/wp-content\/uploads\/2023\/11\/Sobrevuelo-turismo-en-ushuaia-helicoptero-66-300x200.jpg 300w, https:\/\/turismoenushuaia.com\/wp-content\/uploads\/2023\/11\/Sobrevuelo-turismo-en-ushuaia-helicoptero-66-1024x683.jpg 1024w, https:\/\/turismoenushuaia.com\/wp-content\/uploads\/2023\/11\/Sobrevuelo-turismo-en-ushuaia-helicoptero-66-768x512.jpg 768w, https:\/\/turismoenushuaia.com\/wp-content\/uploads\/2023\/11\/Sobrevuelo-turismo-en-ushuaia-helicoptero-66-600x400.jpg 600w\" sizes=\"auto, (max-width: 1200px) 100vw, 1200px\" \/><\/p>\n<ul>\n<li>Contacte-nos quando chegar (n\u00e3o deixe para o \u00faltimo dia).<\/li>\n<li>Sujeito \u00e0s condi\u00e7\u00f5es meteorol\u00f3gicas.<\/li>\n<li>Voamos todos os dias do ano.<\/li>\n<li>Formul\u00e1rio de passageiro preenchido (enviaremos a voc\u00ea quando confirmar sua reserva)<\/li>\n<li>O peso m\u00e1ximo por passageiro \u00e9 de 125 kg.<\/li>\n<\/ul>\n<p><strong>Empresa que opera o passeio &#8211; HELIUSHUAIA &#8211; Volar SA<\/strong><\/p>\n","protected":false},"excerpt":{"rendered":"<p>Uma experi\u00eancia \u00fanica no cora\u00e7\u00e3o da natureza em Ushuaia. De sobrevoar montanhas majestosas a chegar a uma viela isolada com vista para o Canal de Beagle. Descubra a imensid\u00e3o da Cordilheira dos Andes nesta viagem inesquec\u00edvel.  <\/p>\n<h3 class=\"p1\">Vistas importantes do viaduto:<\/h3>\n<ul class=\"ul1\">\n<li class=\"li1\">Ushuaia<\/li>\n<li class=\"li1\">Monte Olivia<\/li>\n<li class=\"li1\">Lagoa Esmeralda<\/li>\n<li class=\"li1\">Cerro Castor<\/li>\n<li class=\"li1\">Lago Fagnano<\/li>\n<li class=\"li1\">Lago Oculto<\/li>\n<li class=\"li1\">Porto Almanza<\/li>\n<li class=\"li1\">Navio Sarmiento<\/li>\n<li class=\"li1\">estada de t\u00fanel<\/li>\n<\/ul>\n","protected":false},"featured_media":25749,"template":"","meta":{"_acf_changed":false},"product_brand":[],"product_cat":[417,372,375],"product_tag":[418],"class_list":{"0":"post-68629","1":"product","2":"type-product","3":"status-publish","4":"has-post-thumbnail","6":"epoca-todo-el-ano-pt-br","7":"dificultad-facil-pt-br","8":"product_cat-sobrevoo-em-ushuaia","9":"product_cat-aventura-em-ushuaia","10":"product_cat-lagos-fueguinos-pt-br","11":"product_tag-sobrevoo-de-helicoptero-turismo-em-ushuaia","13":"first","14":"instock","15":"shipping-taxable","16":"product-type-external"},"acf":[],"_links":{"self":[{"href":"https:\/\/turismoenushuaia.com\/pt-br\/wp-json\/wp\/v2\/product\/68629","targetHints":{"allow":["GET"]}}],"collection":[{"href":"https:\/\/turismoenushuaia.com\/pt-br\/wp-json\/wp\/v2\/product"}],"about":[{"href":"https:\/\/turismoenushuaia.com\/pt-br\/wp-json\/wp\/v2\/types\/product"}],"wp:featuredmedia":[{"embeddable":true,"href":"https:\/\/turismoenushuaia.com\/pt-br\/wp-json\/wp\/v2\/media\/25749"}],"wp:attachment":[{"href":"https:\/\/turismoenushuaia.com\/pt-br\/wp-json\/wp\/v2\/media?parent=68629"}],"wp:term":[{"taxonomy":"product_brand","embeddable":true,"href":"https:\/\/turismoenushuaia.com\/pt-br\/wp-json\/wp\/v2\/product_brand?post=68629"},{"taxonomy":"product_cat","embeddable":true,"href":"https:\/\/turismoenushuaia.com\/pt-br\/wp-json\/wp\/v2\/product_cat?post=68629"},{"taxonomy":"product_tag","embeddable":true,"href":"https:\/\/turismoenushuaia.com\/pt-br\/wp-json\/wp\/v2\/product_tag?post=68629"}],"curies":[{"name":"wp","href":"https:\/\/api.w.org\/{rel}","templated":true}]}}