{"id":68628,"date":"2023-10-23T21:29:15","date_gmt":"2023-10-24T00:29:15","guid":{"rendered":"https:\/\/turismoenushuaia.com\/producto\/coracao-dos-andes-de-helicoptero-voo-de-30-minutos\/"},"modified":"2023-10-23T21:29:15","modified_gmt":"2023-10-24T00:29:15","slug":"coracao-dos-andes-de-helicoptero-voo-de-30-minutos","status":"publish","type":"product","link":"https:\/\/turismoenushuaia.com\/pt-br\/producto\/coracao-dos-andes-de-helicoptero-voo-de-30-minutos\/","title":{"rendered":"Cora\u00e7\u00e3o dos Andes de helic\u00f3ptero &#8211; voo de 30 minutos"},"content":{"rendered":"<h2>Sobrevoe a Cordilheira dos Andes em um helic\u00f3ptero e pouse no cora\u00e7\u00e3o da montanha. Uma experi\u00eancia \u00fanica e inesquec\u00edvel. <\/h2>\n<p>J\u00e1 imaginou contemplar a <strong>Cordilheira dos Andes<\/strong> do alto? Junte-se a n\u00f3s para um voo \u00fanico e inesquec\u00edvel. Antes que perceba, voc\u00ea estar\u00e1 pousando no cora\u00e7\u00e3o dos Andes, pronto para brindar com champanhe no topo de uma montanha. Uma paisagem \u00fanica, t\u00e3o pr\u00f3xima que parece estar ao seu alcance!   <\/p>\n<p>Esta experi\u00eancia maravilhosa come\u00e7a com um sobrevoo da Ba\u00eda de <strong>Ushuaia<\/strong> , entrando no <strong>Vale do Rio Olivia<\/strong> , apreciando o majestoso <strong>Monte Olivia<\/strong> e o caracter\u00edstico <strong>Monte Cinco Hermanos<\/strong> . Quando a imensid\u00e3o come\u00e7a a tirar o f\u00f4lego, voc\u00ea avista o Vale do Carbajal, com sua composi\u00e7\u00e3o \u00fanica de turfa formada ao longo de milhares de anos. Aninhado em uma segunda cordilheira, como uma grande joia natural, voc\u00ea encontrar\u00e1 um corpo d&#8217;\u00e1gua chamado Laguna Esmeralda, devido \u00e0 sua cor extraordin\u00e1ria, que se destaca principalmente durante o ver\u00e3o.  <\/p>\n<p>O passeio continua ao longo do vale, com uma paisagem \u00fanica no mundo. Voc\u00ea ver\u00e1 centros de atividades de inverno, entre os quais se destaca <strong>o Cerro Castor,<\/strong> a esta\u00e7\u00e3o de esqui mais austral do mundo. Poucos minutos depois, atravessando o <strong>Vale do Rio Encajonado<\/strong> , paramos para contemplar, em meio \u00e0 quietude extremamente fria, um cen\u00e1rio m\u00e1gico de onde emergem as vistas mais incr\u00edveis do sul. Neste momento emocionante, voc\u00ea brindar\u00e1 com champanhe antes de partir novamente para Ushuaia. Uma experi\u00eancia emocionante que ficar\u00e1 entre suas melhores lembran\u00e7as!   <\/p>\n<ul>\n<li>Contacte-nos quando chegar (n\u00e3o deixe para o \u00faltimo dia).<\/li>\n<li>Sujeito \u00e0s condi\u00e7\u00f5es meteorol\u00f3gicas.<\/li>\n<li>Voamos todos os dias do ano.<\/li>\n<li>Inclui transfer\u00eancia.<\/li>\n<li>Formul\u00e1rio com informa\u00e7\u00f5es pessoais e seguro. At\u00e9 125 kg por passageiro. <\/li>\n<\/ul>\n<p><strong>Empresa que opera o passeio &#8211; HELIUSHUAIA &#8211; Volar SA<\/strong><\/p>\n","protected":false},"excerpt":{"rendered":"<p data-sourcepos=\"1:1-1:96\">Sobrevoe a Cordilheira dos Andes em um helic\u00f3ptero e pouse no cora\u00e7\u00e3o da montanha.<\/p>\n<p data-sourcepos=\"3:1-3:50\">Um voo de 30 minutos e uma excurs\u00e3o de 40 minutos.<\/p>\n<p data-sourcepos=\"5:1-5:144\">Desfrute de vistas panor\u00e2micas das paisagens mais impressionantes da Terra do Fogo, da Ba\u00eda de Ushuaia ao Monte Cinco Hermanos.<\/p>\n<p data-sourcepos=\"7:1-7:110\">Aterrisse em um lugar remoto e m\u00e1gico, onde voc\u00ea poder\u00e1 brindar com champanhe e celebrar uma experi\u00eancia \u00fanica.<\/p>\n","protected":false},"featured_media":0,"template":"","meta":{"_acf_changed":false},"product_brand":[],"product_cat":[417,372],"product_tag":[418],"class_list":{"0":"post-68628","1":"product","2":"type-product","3":"status-publish","5":"epoca-todo-el-ano","6":"dificultad-facil-pt-br","7":"product_cat-sobrevoo-em-ushuaia","8":"product_cat-aventura-em-ushuaia","9":"product_tag-sobrevoo-de-helicoptero-turismo-em-ushuaia","11":"first","12":"instock","13":"shipping-taxable","14":"product-type-external"},"acf":[],"_links":{"self":[{"href":"https:\/\/turismoenushuaia.com\/pt-br\/wp-json\/wp\/v2\/product\/68628","targetHints":{"allow":["GET"]}}],"collection":[{"href":"https:\/\/turismoenushuaia.com\/pt-br\/wp-json\/wp\/v2\/product"}],"about":[{"href":"https:\/\/turismoenushuaia.com\/pt-br\/wp-json\/wp\/v2\/types\/product"}],"wp:attachment":[{"href":"https:\/\/turismoenushuaia.com\/pt-br\/wp-json\/wp\/v2\/media?parent=68628"}],"wp:term":[{"taxonomy":"product_brand","embeddable":true,"href":"https:\/\/turismoenushuaia.com\/pt-br\/wp-json\/wp\/v2\/product_brand?post=68628"},{"taxonomy":"product_cat","embeddable":true,"href":"https:\/\/turismoenushuaia.com\/pt-br\/wp-json\/wp\/v2\/product_cat?post=68628"},{"taxonomy":"product_tag","embeddable":true,"href":"https:\/\/turismoenushuaia.com\/pt-br\/wp-json\/wp\/v2\/product_tag?post=68628"}],"curies":[{"name":"wp","href":"https:\/\/api.w.org\/{rel}","templated":true}]}}