{"id":68572,"date":"2025-06-04T15:31:29","date_gmt":"2025-06-04T18:31:29","guid":{"rendered":"https:\/\/turismoenushuaia.com\/producto\/navimag-ferry-puerto-natales-puerto-montt\/"},"modified":"2025-06-04T15:31:29","modified_gmt":"2025-06-04T18:31:29","slug":"navimag-ferry-puerto-natales-puerto-montt","status":"publish","type":"product","link":"https:\/\/turismoenushuaia.com\/pt-br\/producto\/navimag-ferry-puerto-natales-puerto-montt\/","title":{"rendered":"Navimag Ferry Puerto Natales &#8211; Puerto Montt"},"content":{"rendered":"<h2 data-pm-slice=\"1 1 []\">Descubra os fiordes do sul navegando a bordo do Navimag<\/h2>\n<p>Descubra as incr\u00edveis paisagens da natureza patag\u00f4nica a bordo do Ferry Esperanza. Uma viagem pensada para aventureiros que buscam desfrutar da natureza em seu melhor. <\/p>\n<h3 data-pm-slice=\"1 1 []\"><strong>Experi\u00eancia Navimag:<\/strong> <strong>Uma Viagem \u00danica pela Patag\u00f4nia<\/strong><\/h3>\n<p data-start=\"117\" data-end=\"371\">A bordo do Ferry Esperanza, a Navimag convida voc\u00ea para uma viagem inesquec\u00edvel ao cora\u00e7\u00e3o da Patag\u00f4nia. Esta rota de transporte de cargas e passageiros atravessa paisagens remotas e intocadas, onde a natureza se encontra em sua forma mais pura e selvagem. <\/p>\n<p data-start=\"373\" data-end=\"571\">Pensada para quem tem esp\u00edrito aventureiro, esta viagem oferece um ritmo diferente, longe do barulho e da correria, tendo como companhia constante o espet\u00e1culo imponente dos fiordes e da vida marinha.<\/p>\n<p data-start=\"573\" data-end=\"726\">N\u00e3o \u00e9 um passeio luxuoso, mas sim uma experi\u00eancia aut\u00eantica que convida voc\u00ea a contemplar silenciosamente a imensid\u00e3o do seu entorno e se reconectar com o que \u00e9 essencial.<\/p>\n<p data-start=\"728\" data-end=\"994\">Ao longo da viagem, voc\u00ea mergulhar\u00e1 na cultura patag\u00f4nica por meio de atividades a bordo, filmes e livros que retratam as hist\u00f3rias e paisagens do sul do Chile. A Navimag \u00e9 mais do que uma simples transfer\u00eancia: \u00e9 uma jornada para dentro de si, em dire\u00e7\u00e3o \u00e0 natureza&#8230; e a si mesmo. <\/p>\n<p data-start=\"728\" data-end=\"994\"><img loading=\"lazy\" decoding=\"async\" class=\"alignnone size-full wp-image-68430\" src=\"https:\/\/turismoenushuaia.com\/wp-content\/uploads\/2025\/06\/navimag-6-tolkeyen.jpg\" alt=\"\" width=\"1200\" height=\"800\" srcset=\"https:\/\/turismoenushuaia.com\/wp-content\/uploads\/2025\/06\/navimag-6-tolkeyen.jpg 1200w, https:\/\/turismoenushuaia.com\/wp-content\/uploads\/2025\/06\/navimag-6-tolkeyen-300x200.jpg 300w, https:\/\/turismoenushuaia.com\/wp-content\/uploads\/2025\/06\/navimag-6-tolkeyen-1024x683.jpg 1024w, https:\/\/turismoenushuaia.com\/wp-content\/uploads\/2025\/06\/navimag-6-tolkeyen-768x512.jpg 768w, https:\/\/turismoenushuaia.com\/wp-content\/uploads\/2025\/06\/navimag-6-tolkeyen-600x400.jpg 600w\" sizes=\"auto, (max-width: 1200px) 100vw, 1200px\" \/><\/p>\n<p data-start=\"728\" data-end=\"994\"><img loading=\"lazy\" decoding=\"async\" class=\"alignnone size-full wp-image-68421\" src=\"https:\/\/turismoenushuaia.com\/wp-content\/uploads\/2025\/06\/navimag-9-tolkeyen.jpg\" alt=\"Cabine de balsa Navimag\" width=\"1200\" height=\"800\" srcset=\"https:\/\/turismoenushuaia.com\/wp-content\/uploads\/2025\/06\/navimag-9-tolkeyen.jpg 1200w, https:\/\/turismoenushuaia.com\/wp-content\/uploads\/2025\/06\/navimag-9-tolkeyen-300x200.jpg 300w, https:\/\/turismoenushuaia.com\/wp-content\/uploads\/2025\/06\/navimag-9-tolkeyen-1024x683.jpg 1024w, https:\/\/turismoenushuaia.com\/wp-content\/uploads\/2025\/06\/navimag-9-tolkeyen-768x512.jpg 768w, https:\/\/turismoenushuaia.com\/wp-content\/uploads\/2025\/06\/navimag-9-tolkeyen-600x400.jpg 600w\" sizes=\"auto, (max-width: 1200px) 100vw, 1200px\" \/><\/p>\n<h3>Se\u00e7\u00f5es<\/h3>\n<p data-pm-slice=\"1 1 []\"><strong>Puerto Natales &#8211; Puerto Montt<\/strong> 3 dias e 4 noites &#8211; Check in no escrit\u00f3rio da Navimag &#8211; Sa\u00eddas: Ter\u00e7as-feiras de outubro a mar\u00e7o<\/p>\n<p><strong>(Verificar por trecho) Puerto Montt &#8211; Puerto Natales<\/strong> 4 dias e 3 noites &#8211; Check in no Hotel Versalles &#8211; Sa\u00eddas: de outubro a mar\u00e7o: sextas-feiras<\/p>\n<p data-pm-slice=\"1 1 []\"><strong>*Cabines privadas e compartilhadas a partir de 530 USD<\/strong><\/p>\n<p data-pm-slice=\"1 1 []\">TOLKEYEN PATAG\u00d4NIA TURISMO SAU Lic. EVyT.: Arquivo n\u00ba 11938 Ushuaia \u2013 Terra do Fogo<\/p>\n","protected":false},"excerpt":{"rendered":"<p>Navegue por fiordes remotos e paisagens intocadas at\u00e9 o cora\u00e7\u00e3o do sul do Chile. <br data-start=\"242\" data-end=\"245\" data-is-only-node=\"\"> Viva uma jornada aut\u00eantica e sem frescuras, ideal para aventureiros e amantes da natureza.<br data-start=\"335\" data-end=\"338\"> Desconecte-se do mundo e reconecte-se com o que \u00e9 essencial com esta experi\u00eancia inesquec\u00edvel!<\/p>\n","protected":false},"featured_media":68426,"template":"","meta":{"_acf_changed":false},"product_brand":[],"product_cat":[508],"product_tag":[],"class_list":{"0":"post-68572","1":"product","2":"type-product","3":"status-publish","4":"has-post-thumbnail","6":"epoca-de-octubre-a-marzo","7":"dificultad-facil-pt-br","8":"product_cat-patagonia-chilena-pt-br","10":"first","11":"instock","12":"shipping-taxable","13":"product-type-external"},"acf":[],"_links":{"self":[{"href":"https:\/\/turismoenushuaia.com\/pt-br\/wp-json\/wp\/v2\/product\/68572","targetHints":{"allow":["GET"]}}],"collection":[{"href":"https:\/\/turismoenushuaia.com\/pt-br\/wp-json\/wp\/v2\/product"}],"about":[{"href":"https:\/\/turismoenushuaia.com\/pt-br\/wp-json\/wp\/v2\/types\/product"}],"wp:featuredmedia":[{"embeddable":true,"href":"https:\/\/turismoenushuaia.com\/pt-br\/wp-json\/wp\/v2\/media\/68426"}],"wp:attachment":[{"href":"https:\/\/turismoenushuaia.com\/pt-br\/wp-json\/wp\/v2\/media?parent=68572"}],"wp:term":[{"taxonomy":"product_brand","embeddable":true,"href":"https:\/\/turismoenushuaia.com\/pt-br\/wp-json\/wp\/v2\/product_brand?post=68572"},{"taxonomy":"product_cat","embeddable":true,"href":"https:\/\/turismoenushuaia.com\/pt-br\/wp-json\/wp\/v2\/product_cat?post=68572"},{"taxonomy":"product_tag","embeddable":true,"href":"https:\/\/turismoenushuaia.com\/pt-br\/wp-json\/wp\/v2\/product_tag?post=68572"}],"curies":[{"name":"wp","href":"https:\/\/api.w.org\/{rel}","templated":true}]}}