{"id":68569,"date":"2025-05-05T14:45:27","date_gmt":"2025-05-05T17:45:27","guid":{"rendered":"https:\/\/turismoenushuaia.com\/producto\/cerro-castor-3-dias-de-telefericos-e-traslados\/"},"modified":"2025-05-05T14:45:27","modified_gmt":"2025-05-05T17:45:27","slug":"cerro-castor-3-dias-de-telefericos-e-traslados","status":"publish","type":"product","link":"https:\/\/turismoenushuaia.com\/pt-br\/producto\/cerro-castor-3-dias-de-telefericos-e-traslados\/","title":{"rendered":"Cerro Castor \u2013 3 DIAS de telef\u00e9ricos e traslados"},"content":{"rendered":"<h2>Aproveite 3 dias no Cerro Castor<\/h2>\n<p>Experimente a melhor temporada de esqui em Cerro Castor, a esta\u00e7\u00e3o de esqui de inverno mais austral do mundo, a apenas 26 km da cidade de Ushuaia. Este resort de inverno ostenta a melhor qualidade de neve devido \u00e0 sua localiza\u00e7\u00e3o geogr\u00e1fica em uma encosta sul, mantendo temperaturas m\u00e9dias entre -5 e 5 graus Celsius. Oferece uma grande variedade de pistas de esqui e snowboard, adaptadas para diferentes n\u00edveis de habilidade, de iniciantes a especialistas. Oferece a temporada de esqui mais longa do pa\u00eds, com neve de junho a outubro, permitindo que voc\u00ea desfrute da temporada de neve mais completa e desenvolvida.   <\/p>\n<p>Com este pacote, voc\u00ea desfrutar\u00e1 da experi\u00eancia \u00fanica de esquiar no fim do mundo, uma experi\u00eancia \u00fanica repleta de entretenimento e divers\u00e3o. N\u00e3o perca o melhor resort de inverno e tudo o que ele tem a oferecer. <\/p>\n<p data-sourcepos=\"15:1-15:72\">N\u00e3o espere mais e reserve j\u00e1 o seu lugar!<\/p>\n<p data-sourcepos=\"15:1-15:72\"><img loading=\"lazy\" decoding=\"async\" class=\"alignnone size-full wp-image-2363\" src=\"https:\/\/turismoenushuaia.com\/wp-content\/uploads\/2022\/11\/Cerro-Castor-Turismo-en-Ushuaia-43.jpg\" alt=\"Atividades na neve em Castor Hill, Ushuaia\" width=\"1200\" height=\"800\" srcset=\"https:\/\/turismoenushuaia.com\/wp-content\/uploads\/2022\/11\/Cerro-Castor-Turismo-en-Ushuaia-43.jpg 1200w, https:\/\/turismoenushuaia.com\/wp-content\/uploads\/2022\/11\/Cerro-Castor-Turismo-en-Ushuaia-43-300x200.jpg 300w, https:\/\/turismoenushuaia.com\/wp-content\/uploads\/2022\/11\/Cerro-Castor-Turismo-en-Ushuaia-43-1024x683.jpg 1024w, https:\/\/turismoenushuaia.com\/wp-content\/uploads\/2022\/11\/Cerro-Castor-Turismo-en-Ushuaia-43-768x512.jpg 768w, https:\/\/turismoenushuaia.com\/wp-content\/uploads\/2022\/11\/Cerro-Castor-Turismo-en-Ushuaia-43-1080x720.jpg 1080w, https:\/\/turismoenushuaia.com\/wp-content\/uploads\/2022\/11\/Cerro-Castor-Turismo-en-Ushuaia-43-980x653.jpg 980w, https:\/\/turismoenushuaia.com\/wp-content\/uploads\/2022\/11\/Cerro-Castor-Turismo-en-Ushuaia-43-480x320.jpg 480w, https:\/\/turismoenushuaia.com\/wp-content\/uploads\/2022\/11\/Cerro-Castor-Turismo-en-Ushuaia-43-600x400.jpg 600w\" sizes=\"auto, (max-width: 1200px) 100vw, 1200px\" \/><\/p>\n<p data-sourcepos=\"15:1-15:72\"><img loading=\"lazy\" decoding=\"async\" class=\"alignnone size-full wp-image-2360\" src=\"https:\/\/turismoenushuaia.com\/wp-content\/uploads\/2022\/11\/Cerro-Castor-Turismo-en-Ushuaia-20.jpg\" alt=\"Castor Hill, Ushuaia, elevadores\" width=\"1200\" height=\"800\" srcset=\"https:\/\/turismoenushuaia.com\/wp-content\/uploads\/2022\/11\/Cerro-Castor-Turismo-en-Ushuaia-20.jpg 1200w, https:\/\/turismoenushuaia.com\/wp-content\/uploads\/2022\/11\/Cerro-Castor-Turismo-en-Ushuaia-20-300x200.jpg 300w, https:\/\/turismoenushuaia.com\/wp-content\/uploads\/2022\/11\/Cerro-Castor-Turismo-en-Ushuaia-20-1024x683.jpg 1024w, https:\/\/turismoenushuaia.com\/wp-content\/uploads\/2022\/11\/Cerro-Castor-Turismo-en-Ushuaia-20-768x512.jpg 768w, https:\/\/turismoenushuaia.com\/wp-content\/uploads\/2022\/11\/Cerro-Castor-Turismo-en-Ushuaia-20-1080x720.jpg 1080w, https:\/\/turismoenushuaia.com\/wp-content\/uploads\/2022\/11\/Cerro-Castor-Turismo-en-Ushuaia-20-980x653.jpg 980w, https:\/\/turismoenushuaia.com\/wp-content\/uploads\/2022\/11\/Cerro-Castor-Turismo-en-Ushuaia-20-480x320.jpg 480w, https:\/\/turismoenushuaia.com\/wp-content\/uploads\/2022\/11\/Cerro-Castor-Turismo-en-Ushuaia-20-600x400.jpg 600w\" sizes=\"auto, (max-width: 1200px) 100vw, 1200px\" \/><\/p>\n<h3><strong>Passes e transfer\u00eancias &#8211; Pr\u00e9-venda Miniweek<\/strong><\/h3>\n<p><b>ESTA\u00c7\u00d5ES<\/b><br \/>\n<b>BAIXA<\/b> 27 de junho a 4 de julho \/ 20 de setembro a 28 de setembro<br \/>\n<strong>ALTO<\/strong> de 5 de julho a 19 de setembro<\/p>\n<h3>Inclu\u00eddo no pacote:<\/h3>\n<ul>\n<li>Traslado aeroporto\/hotel\/aeroporto em servi\u00e7o compartilhado.<\/li>\n<li>Traslado Hotel\/Cerro Castor\/Hotel em servi\u00e7o compartilhado por 3 dias consecutivos.<\/li>\n<li>Passes de esqui de 3 dias para aproveitar toda a montanha<\/li>\n<\/ul>\n<h3>No momento da compra \u00e9 necess\u00e1rio detalhar no campo de observa\u00e7\u00f5es:<\/h3>\n<ul>\n<li>N\u00fameros de voos de chegada e partida<\/li>\n<li>Hotel<\/li>\n<li>Nomes completos<\/li>\n<li>N\u00famero DNI<\/li>\n<li>Data de nascimento<\/li>\n<\/ul>\n<p><b>***Os pacotes s\u00e3o para dias consecutivos***<\/b><\/p>\n<p><em>TOLKEYEN PATAG\u00d4NIA TURISMO SAU Lic. EVyT.: Arquivo n\u00ba 11938 Ushuaia \u2013 Terra do Fogo<\/em><\/p>\n","protected":false},"excerpt":{"rendered":"<p>Desfrute de uma experi\u00eancia de inverno \u00fanica durante a temporada de esqui mais longa do pa\u00eds. A melhor neve espera por voc\u00ea para esportes e divers\u00e3o no resort de inverno mais desenvolvido da Argentina. Organize traslados de ida e volta do aeroporto e do Cerro Castor a partir da sua acomoda\u00e7\u00e3o para que voc\u00ea n\u00e3o precise se preocupar com nada al\u00e9m de se divertir.  <\/p>\n","protected":false},"featured_media":8611,"template":"","meta":{"_acf_changed":false},"product_brand":[],"product_cat":[380,383,398,402,413],"product_tag":[],"class_list":{"0":"post-68569","1":"product","2":"type-product","3":"status-publish","4":"has-post-thumbnail","6":"epoca-invierno-pt-br","7":"dificultad-media-pt-br","8":"product_cat-excursoes-de-inverno-em-ushuaia","9":"product_cat-traslados-em-ushuaia","10":"product_cat-esqui-ou-snowboard-em-tierra-del-fuego","11":"product_cat-centros-de-inverno-em-tierra-del-fuego","12":"product_cat-pacotes-turisticos-em-ushuaia","14":"first","15":"instock","16":"sold-individually","17":"shipping-taxable","18":"purchasable","19":"product-type-booking"},"acf":[],"_links":{"self":[{"href":"https:\/\/turismoenushuaia.com\/pt-br\/wp-json\/wp\/v2\/product\/68569","targetHints":{"allow":["GET"]}}],"collection":[{"href":"https:\/\/turismoenushuaia.com\/pt-br\/wp-json\/wp\/v2\/product"}],"about":[{"href":"https:\/\/turismoenushuaia.com\/pt-br\/wp-json\/wp\/v2\/types\/product"}],"wp:featuredmedia":[{"embeddable":true,"href":"https:\/\/turismoenushuaia.com\/pt-br\/wp-json\/wp\/v2\/media\/8611"}],"wp:attachment":[{"href":"https:\/\/turismoenushuaia.com\/pt-br\/wp-json\/wp\/v2\/media?parent=68569"}],"wp:term":[{"taxonomy":"product_brand","embeddable":true,"href":"https:\/\/turismoenushuaia.com\/pt-br\/wp-json\/wp\/v2\/product_brand?post=68569"},{"taxonomy":"product_cat","embeddable":true,"href":"https:\/\/turismoenushuaia.com\/pt-br\/wp-json\/wp\/v2\/product_cat?post=68569"},{"taxonomy":"product_tag","embeddable":true,"href":"https:\/\/turismoenushuaia.com\/pt-br\/wp-json\/wp\/v2\/product_tag?post=68569"}],"curies":[{"name":"wp","href":"https:\/\/api.w.org\/{rel}","templated":true}]}}