{"id":68566,"date":"2025-05-20T17:38:26","date_gmt":"2025-05-20T20:38:26","guid":{"rendered":"https:\/\/turismoenushuaia.com\/producto\/batismo-de-neve\/"},"modified":"2025-05-20T17:38:26","modified_gmt":"2025-05-20T20:38:26","slug":"batismo-de-neve","status":"publish","type":"product","link":"https:\/\/turismoenushuaia.com\/pt-br\/producto\/batismo-de-neve\/","title":{"rendered":"Batismo de neve"},"content":{"rendered":"<h2 data-start=\"110\" data-end=\"232\"><strong data-start=\"110\" data-end=\"172\">Batismo de neve no Cerro Martial:<\/strong> uma maneira perfeita de come\u00e7ar sua aventura na neve<\/h2>\n<p class=\"\" data-start=\"234\" data-end=\"524\">Projetado para quem ainda n\u00e3o praticou esportes de inverno, este programa permite que voc\u00ea comece a esquiar ou praticar snowboard de forma segura e divertida. Desfrute de um dia inteiro nas montanhas, cercado por uma paisagem natural deslumbrante e a poucos minutos do centro de Ushuaia. <\/p>\n<p class=\"\" data-start=\"526\" data-end=\"640\">A atividade acontece no Cerro Martial, um cen\u00e1rio acess\u00edvel e encantador para sua primeira vez na neve.<\/p>\n<p data-start=\"526\" data-end=\"640\"><img loading=\"lazy\" decoding=\"async\" class=\"alignnone size-full wp-image-68107\" src=\"https:\/\/turismoenushuaia.com\/wp-content\/uploads\/2025\/05\/Bautismo-de-Nieve-6-Turismo-en-Ushuaia.jpg\" alt=\"Batismo de Neve 7\" width=\"1200\" height=\"800\" srcset=\"https:\/\/turismoenushuaia.com\/wp-content\/uploads\/2025\/05\/Bautismo-de-Nieve-6-Turismo-en-Ushuaia.jpg 1200w, https:\/\/turismoenushuaia.com\/wp-content\/uploads\/2025\/05\/Bautismo-de-Nieve-6-Turismo-en-Ushuaia-300x200.jpg 300w, https:\/\/turismoenushuaia.com\/wp-content\/uploads\/2025\/05\/Bautismo-de-Nieve-6-Turismo-en-Ushuaia-1024x683.jpg 1024w, https:\/\/turismoenushuaia.com\/wp-content\/uploads\/2025\/05\/Bautismo-de-Nieve-6-Turismo-en-Ushuaia-768x512.jpg 768w, https:\/\/turismoenushuaia.com\/wp-content\/uploads\/2025\/05\/Bautismo-de-Nieve-6-Turismo-en-Ushuaia-600x400.jpg 600w\" sizes=\"auto, (max-width: 1200px) 100vw, 1200px\" \/><\/p>\n<h3 data-start=\"642\" data-end=\"831\"><strong data-start=\"642\" data-end=\"671\">Recomenda\u00e7\u00e3o importante:<\/strong><\/h3>\n<p class=\"\" data-start=\"642\" data-end=\"831\">Roupas quentes e cal\u00e7ados adequados s\u00e3o essenciais para aproveitar o dia. Se n\u00e3o tiver, voc\u00ea pode alugar tudo o que precisa no centro da cidade. <\/p>\n<p class=\"\" data-start=\"833\" data-end=\"899\"><em data-start=\"833\" data-end=\"899\">*Disponibilidade: Sa\u00eddas di\u00e1rias durante o inverno<\/em><\/p>\n<p data-start=\"833\" data-end=\"899\">TOLKEYEN PATAG\u00d4NIA TURISMO SAU Lic. EVyT.: Arquivo n\u00ba 11938 Ushuaia \u2013 Terra do Fogo<\/p>\n","protected":false},"excerpt":{"rendered":"<p>Descubra a neve pela primeira vez com o Batismo Cerro Martial! A poucos minutos do centro de Ushuaia, voc\u00ea pode dar seus primeiros passos em esquis ou snowboards com instrutores que o guiar\u00e3o em cada passo do caminho. \u00c9 a experi\u00eancia perfeita para quem \u00e9 novo nos esportes de inverno, em um cen\u00e1rio natural espetacular.<\/p>\n","protected":false},"featured_media":68112,"template":"","meta":{"_acf_changed":false},"product_brand":[],"product_cat":[380,398,372],"product_tag":[],"class_list":{"0":"post-68566","1":"product","2":"type-product","3":"status-publish","4":"has-post-thumbnail","6":"epoca-invierno-pt-br","7":"dificultad-facil-pt-br","8":"product_cat-excursoes-de-inverno-em-ushuaia","9":"product_cat-esqui-ou-snowboard-em-tierra-del-fuego","10":"product_cat-aventura-em-ushuaia","12":"first","13":"instock","14":"virtual","15":"sold-individually","16":"purchasable","17":"product-type-booking"},"acf":[],"_links":{"self":[{"href":"https:\/\/turismoenushuaia.com\/pt-br\/wp-json\/wp\/v2\/product\/68566","targetHints":{"allow":["GET"]}}],"collection":[{"href":"https:\/\/turismoenushuaia.com\/pt-br\/wp-json\/wp\/v2\/product"}],"about":[{"href":"https:\/\/turismoenushuaia.com\/pt-br\/wp-json\/wp\/v2\/types\/product"}],"wp:featuredmedia":[{"embeddable":true,"href":"https:\/\/turismoenushuaia.com\/pt-br\/wp-json\/wp\/v2\/media\/68112"}],"wp:attachment":[{"href":"https:\/\/turismoenushuaia.com\/pt-br\/wp-json\/wp\/v2\/media?parent=68566"}],"wp:term":[{"taxonomy":"product_brand","embeddable":true,"href":"https:\/\/turismoenushuaia.com\/pt-br\/wp-json\/wp\/v2\/product_brand?post=68566"},{"taxonomy":"product_cat","embeddable":true,"href":"https:\/\/turismoenushuaia.com\/pt-br\/wp-json\/wp\/v2\/product_cat?post=68566"},{"taxonomy":"product_tag","embeddable":true,"href":"https:\/\/turismoenushuaia.com\/pt-br\/wp-json\/wp\/v2\/product_tag?post=68566"}],"curies":[{"name":"wp","href":"https:\/\/api.w.org\/{rel}","templated":true}]}}