{"id":4699,"date":"2023-01-30T20:22:03","date_gmt":"2023-01-30T23:22:03","guid":{"rendered":"https:\/\/turismoenushuaia.com\/?post_type=product&#038;p=4699"},"modified":"2025-05-10T16:01:11","modified_gmt":"2025-05-10T19:01:11","slug":"fiordos","status":"publish","type":"product","link":"https:\/\/turismoenushuaia.com\/pt-br\/producto\/fiordos\/","title":{"rendered":"Fiordos patag\u00f3nicos &#8211; Australis"},"content":{"rendered":"<h2><strong>Fiordos\u00a0<\/strong><\/h2>\n<h2><strong>D\u00cdA 1: Ushuaia<\/strong><\/h2>\n<p>Check in entre 10:00 y 17:00 hs. en Avenida San Mart\u00edn 409. Embarque a las 18:00 hs. Brindis de bienvenida<br \/>\ny presentaci\u00f3n del Capit\u00e1n y la tripulaci\u00f3n. Posteriormente, la nave zarpar\u00e1 hacia el extremo Sur. A trav\u00e9s<br \/>\ndel m\u00edtico canal de Beagle y del Estrecho de Magallanes, recorrer\u00e1 la Patagonia y la Tierra del Fuego.<\/p>\n<div id=\"attachment_4710\" style=\"width: 1210px\" class=\"wp-caption alignnone\"><img loading=\"lazy\" decoding=\"async\" aria-describedby=\"caption-attachment-4710\" class=\"wp-image-4710 size-full\" src=\"https:\/\/turismoenushuaia.com\/wp-content\/uploads\/2023\/01\/Fiordos-Turismo-en-Ushuaia-2.jpg\" alt=\"\" width=\"1200\" height=\"800\" srcset=\"https:\/\/turismoenushuaia.com\/wp-content\/uploads\/2023\/01\/Fiordos-Turismo-en-Ushuaia-2.jpg 1200w, https:\/\/turismoenushuaia.com\/wp-content\/uploads\/2023\/01\/Fiordos-Turismo-en-Ushuaia-2-300x200.jpg 300w, https:\/\/turismoenushuaia.com\/wp-content\/uploads\/2023\/01\/Fiordos-Turismo-en-Ushuaia-2-1024x683.jpg 1024w, https:\/\/turismoenushuaia.com\/wp-content\/uploads\/2023\/01\/Fiordos-Turismo-en-Ushuaia-2-768x512.jpg 768w, https:\/\/turismoenushuaia.com\/wp-content\/uploads\/2023\/01\/Fiordos-Turismo-en-Ushuaia-2-1080x720.jpg 1080w, https:\/\/turismoenushuaia.com\/wp-content\/uploads\/2023\/01\/Fiordos-Turismo-en-Ushuaia-2-980x653.jpg 980w, https:\/\/turismoenushuaia.com\/wp-content\/uploads\/2023\/01\/Fiordos-Turismo-en-Ushuaia-2-480x320.jpg 480w, https:\/\/turismoenushuaia.com\/wp-content\/uploads\/2023\/01\/Fiordos-Turismo-en-Ushuaia-2-600x400.jpg 600w\" sizes=\"auto, (max-width: 1200px) 100vw, 1200px\" \/><p id=\"caption-attachment-4710\" class=\"wp-caption-text\">Australis<\/p><\/div>\n<h2><strong>D\u00cdA 2: Cabo de Hornos \u2013 Bah\u00eda Wulaia<\/strong><\/h2>\n<p>Navegaremos por el canal Murray y bah\u00eda Nassau llegando al Parque Nacional Cabo de Hornos, donde<br \/>\ndesembarcaremos si las condiciones clim\u00e1ticas lo permiten. El m\u00edtico Cabo de Hornos fue descubierto en 1616 y<br \/>\nes un promontorio casi vertical de 425 metros de altura. Durante a\u00f1os fue una importante ruta de navegaci\u00f3n<br \/>\npara los veleros entre los oc\u00e9anos Pac\u00edfico y Atl\u00e1ntico. Es conocido como el fin del mundo y fue declarado Reserva<br \/>\nMundial de la Bi\u00f3sfera en 2005. Por la tarde desembarcaremos en bah\u00eda Wulaia, sitio hist\u00f3rico que fuera uno de<br \/>\nlos asentamientos m\u00e1s grandes de los nativos canoeros Y\u00e1manas. Charles Darwin desembarc\u00f3 aqu\u00ed en 1833<br \/>\ndurante su viaje a bordo del HMS Beagle. Este lugar ofrece un espect\u00e1culo visual de gran belleza por su<br \/>\nvegetaci\u00f3n y geograf\u00eda. Llegaremos hasta un mirador, caminando a trav\u00e9s del bosque magall\u00e1nico en el que<br \/>\ncrecen lengas, coig\u00fces, canelos y helechos, entre otras especies.<\/p>\n<div id=\"attachment_4712\" style=\"width: 1210px\" class=\"wp-caption alignnone\"><img loading=\"lazy\" decoding=\"async\" aria-describedby=\"caption-attachment-4712\" class=\"wp-image-4712 size-full\" src=\"https:\/\/turismoenushuaia.com\/wp-content\/uploads\/2023\/01\/Fiordos-Turismo-en-Ushuaia-4.jpg\" alt=\"\" width=\"1200\" height=\"800\" srcset=\"https:\/\/turismoenushuaia.com\/wp-content\/uploads\/2023\/01\/Fiordos-Turismo-en-Ushuaia-4.jpg 1200w, https:\/\/turismoenushuaia.com\/wp-content\/uploads\/2023\/01\/Fiordos-Turismo-en-Ushuaia-4-300x200.jpg 300w, https:\/\/turismoenushuaia.com\/wp-content\/uploads\/2023\/01\/Fiordos-Turismo-en-Ushuaia-4-1024x683.jpg 1024w, https:\/\/turismoenushuaia.com\/wp-content\/uploads\/2023\/01\/Fiordos-Turismo-en-Ushuaia-4-768x512.jpg 768w, https:\/\/turismoenushuaia.com\/wp-content\/uploads\/2023\/01\/Fiordos-Turismo-en-Ushuaia-4-1080x720.jpg 1080w, https:\/\/turismoenushuaia.com\/wp-content\/uploads\/2023\/01\/Fiordos-Turismo-en-Ushuaia-4-980x653.jpg 980w, https:\/\/turismoenushuaia.com\/wp-content\/uploads\/2023\/01\/Fiordos-Turismo-en-Ushuaia-4-480x320.jpg 480w, https:\/\/turismoenushuaia.com\/wp-content\/uploads\/2023\/01\/Fiordos-Turismo-en-Ushuaia-4-600x400.jpg 600w\" sizes=\"auto, (max-width: 1200px) 100vw, 1200px\" \/><p id=\"caption-attachment-4712\" class=\"wp-caption-text\">Australis<\/p><\/div>\n<h2><strong>D\u00cdA 3: Glaciar P\u00eda \u2013 Glaciar Porter<\/strong><\/h2>\n<p>Por la ma\u00f1ana navegaremos por el brazo Noroeste del canal de Beagle para ingresar y desembarcar en el fiordo<br \/>\nP\u00eda. Realizaremos una excursi\u00f3n hasta el mirador desde donde se puede observar el glaciar hom\u00f3nimo, cuya<br \/>\nlengua principal se extiende desde lo alto del cord\u00f3n monta\u00f1oso hasta el mar. Durante la tarde ingresaremos al<br \/>\nfiordo Garibaldi, para realizar una caminata a trav\u00e9s de la selva fr\u00eda patag\u00f3nica, subiendo hasta la base de una<br \/>\ncascada de origen glacial. Desde este punto podremos apreciar un imponente paisaje. Para aquellos que<br \/>\npermanezcan abordo, el Capit\u00e1n pondr\u00e1 proa hacia el glaciar Garibaldi para poder apreciar la panor\u00e1mica desde<br \/>\nlas cubiertas exteriores.<\/p>\n<div id=\"attachment_4704\" style=\"width: 1210px\" class=\"wp-caption alignnone\"><img loading=\"lazy\" decoding=\"async\" aria-describedby=\"caption-attachment-4704\" class=\"wp-image-4704 size-full\" src=\"https:\/\/turismoenushuaia.com\/wp-content\/uploads\/2023\/01\/Fiordos-Turismo-en-Ushuaia-10.jpg\" alt=\"\" width=\"1200\" height=\"800\" srcset=\"https:\/\/turismoenushuaia.com\/wp-content\/uploads\/2023\/01\/Fiordos-Turismo-en-Ushuaia-10.jpg 1200w, https:\/\/turismoenushuaia.com\/wp-content\/uploads\/2023\/01\/Fiordos-Turismo-en-Ushuaia-10-300x200.jpg 300w, https:\/\/turismoenushuaia.com\/wp-content\/uploads\/2023\/01\/Fiordos-Turismo-en-Ushuaia-10-1024x683.jpg 1024w, https:\/\/turismoenushuaia.com\/wp-content\/uploads\/2023\/01\/Fiordos-Turismo-en-Ushuaia-10-768x512.jpg 768w, https:\/\/turismoenushuaia.com\/wp-content\/uploads\/2023\/01\/Fiordos-Turismo-en-Ushuaia-10-1080x720.jpg 1080w, https:\/\/turismoenushuaia.com\/wp-content\/uploads\/2023\/01\/Fiordos-Turismo-en-Ushuaia-10-980x653.jpg 980w, https:\/\/turismoenushuaia.com\/wp-content\/uploads\/2023\/01\/Fiordos-Turismo-en-Ushuaia-10-480x320.jpg 480w, https:\/\/turismoenushuaia.com\/wp-content\/uploads\/2023\/01\/Fiordos-Turismo-en-Ushuaia-10-600x400.jpg 600w\" sizes=\"auto, (max-width: 1200px) 100vw, 1200px\" \/><p id=\"caption-attachment-4704\" class=\"wp-caption-text\">Australis<\/p><\/div>\n<h2><strong>D\u00cdA 4: Seno Agostini \u2013 Glaciar \u00c1guila \u2013 Glaciar C\u00f3ndor<\/strong><\/h2>\n<p>Por la ma\u00f1ana navegaremos el canal Cockburn para adentrarnos al seno de Agostini, donde ser\u00e1 posible apreciar<br \/>\nlos glaciares que descienden desde el centro de la cordillera Darwin, llegando algunos de ellos hasta el mar.<br \/>\nDurante la ma\u00f1ana, desembarcaremos en botes Zodiac para realizar una caminata suave alrededor de una<br \/>\nlaguna formada por el derretimiento del glaciar \u00c1guila, hasta el cual llegaremos a estar frente a frente. Por la<br \/>\ntarde realizaremos una navegaci\u00f3n en botes Zodiacs para acercarnos al glaciar C\u00f3ndor. Aprenderemos sobre la<br \/>\nformaci\u00f3n de los glaciares y su influencia en la abrupta geograf\u00eda de los canales fueguinos.<\/p>\n<div id=\"attachment_4703\" style=\"width: 1210px\" class=\"wp-caption alignnone\"><img loading=\"lazy\" decoding=\"async\" aria-describedby=\"caption-attachment-4703\" class=\"wp-image-4703 size-full\" src=\"https:\/\/turismoenushuaia.com\/wp-content\/uploads\/2023\/01\/Fiordos-Turismo-en-Ushuaia-9.jpg\" alt=\"\" width=\"1200\" height=\"800\" srcset=\"https:\/\/turismoenushuaia.com\/wp-content\/uploads\/2023\/01\/Fiordos-Turismo-en-Ushuaia-9.jpg 1200w, https:\/\/turismoenushuaia.com\/wp-content\/uploads\/2023\/01\/Fiordos-Turismo-en-Ushuaia-9-300x200.jpg 300w, https:\/\/turismoenushuaia.com\/wp-content\/uploads\/2023\/01\/Fiordos-Turismo-en-Ushuaia-9-1024x683.jpg 1024w, https:\/\/turismoenushuaia.com\/wp-content\/uploads\/2023\/01\/Fiordos-Turismo-en-Ushuaia-9-768x512.jpg 768w, https:\/\/turismoenushuaia.com\/wp-content\/uploads\/2023\/01\/Fiordos-Turismo-en-Ushuaia-9-1080x720.jpg 1080w, https:\/\/turismoenushuaia.com\/wp-content\/uploads\/2023\/01\/Fiordos-Turismo-en-Ushuaia-9-980x653.jpg 980w, https:\/\/turismoenushuaia.com\/wp-content\/uploads\/2023\/01\/Fiordos-Turismo-en-Ushuaia-9-480x320.jpg 480w, https:\/\/turismoenushuaia.com\/wp-content\/uploads\/2023\/01\/Fiordos-Turismo-en-Ushuaia-9-600x400.jpg 600w\" sizes=\"auto, (max-width: 1200px) 100vw, 1200px\" \/><p id=\"caption-attachment-4703\" class=\"wp-caption-text\">Australis<\/p><\/div>\n<h2><strong>D\u00cdA 5: Isla Magdalena \u2013 Punta Arenas<\/strong><\/h2>\n<p>A primera hora de la ma\u00f1ana, si las condiciones clim\u00e1ticas lo permiten, desembarcaremos en isla Magdalena,<br \/>\nparada obligada para el abastecimiento de antiguos navegantes y descubridores. Durante nuestra caminata<br \/>\nhacia el faro podremos apreciar una inmensa colonia de ping\u00fcinos de Magallanes. En septiembre y abril esta<br \/>\nexcursi\u00f3n es reemplazada por un desembarco en isla Marta donde se pueden avistar lobos marinos<br \/>\nsudamericanos desde ls botes Zodiac. Finalmente se llega a Punta Arenas, desembarcando a las 11:30 hrs.<br \/>\n*Est\u00e1 prohibido el uso de Bastones para C\u00e1maras Fotogr\u00e1ficas en Isla Magdalena<\/p>\n<p>&nbsp;<\/p>\n<div id=\"attachment_4705\" style=\"width: 1210px\" class=\"wp-caption alignnone\"><img loading=\"lazy\" decoding=\"async\" aria-describedby=\"caption-attachment-4705\" class=\"wp-image-4705 size-full\" src=\"https:\/\/turismoenushuaia.com\/wp-content\/uploads\/2023\/01\/Fiordos-Turismo-en-Ushuaia-11.jpg\" alt=\"\" width=\"1200\" height=\"800\" srcset=\"https:\/\/turismoenushuaia.com\/wp-content\/uploads\/2023\/01\/Fiordos-Turismo-en-Ushuaia-11.jpg 1200w, https:\/\/turismoenushuaia.com\/wp-content\/uploads\/2023\/01\/Fiordos-Turismo-en-Ushuaia-11-300x200.jpg 300w, https:\/\/turismoenushuaia.com\/wp-content\/uploads\/2023\/01\/Fiordos-Turismo-en-Ushuaia-11-1024x683.jpg 1024w, https:\/\/turismoenushuaia.com\/wp-content\/uploads\/2023\/01\/Fiordos-Turismo-en-Ushuaia-11-768x512.jpg 768w, https:\/\/turismoenushuaia.com\/wp-content\/uploads\/2023\/01\/Fiordos-Turismo-en-Ushuaia-11-1080x720.jpg 1080w, https:\/\/turismoenushuaia.com\/wp-content\/uploads\/2023\/01\/Fiordos-Turismo-en-Ushuaia-11-980x653.jpg 980w, https:\/\/turismoenushuaia.com\/wp-content\/uploads\/2023\/01\/Fiordos-Turismo-en-Ushuaia-11-480x320.jpg 480w, https:\/\/turismoenushuaia.com\/wp-content\/uploads\/2023\/01\/Fiordos-Turismo-en-Ushuaia-11-600x400.jpg 600w\" sizes=\"auto, (max-width: 1200px) 100vw, 1200px\" \/><p id=\"caption-attachment-4705\" class=\"wp-caption-text\">Australis<\/p><\/div>\n<div class=\"video-container\"><iframe loading=\"lazy\" title=\"Cabo de Hornos - Tolkeyen Patagonia Turismo\" width=\"500\" height=\"281\" src=\"https:\/\/www.youtube.com\/embed\/lg1bAaLX9i0?feature=oembed\" frameborder=\"0\" allow=\"accelerometer; autoplay; clipboard-write; encrypted-media; gyroscope; picture-in-picture; web-share\" referrerpolicy=\"strict-origin-when-cross-origin\" allowfullscreen><\/iframe><\/div>\n<p>&nbsp;<\/p>\n","protected":false},"excerpt":{"rendered":"<p>El crucero por los fiordos de la Patagonia y Tierra del Fuego, saliendo desde Ushuaia. El viaje incluye visitas a lugares ic\u00f3nicos como el Cabo de Hornos y el Glaciar P\u00eda, as\u00ed como excursiones para observar la fauna y flora local, como la colonia de ping\u00fcinos de Magallanes en Isla Magdalena. En Isla Magdalena, est\u00e1 prohibido el uso de bastones para c\u00e1maras fotogr\u00e1ficas.<\/p>\n","protected":false},"featured_media":4704,"template":"","meta":{"_acf_changed":false},"product_brand":[],"product_cat":[107,263],"product_tag":[164,108],"class_list":{"0":"post-4699","1":"product","2":"type-product","3":"status-publish","4":"has-post-thumbnail","6":"epoca-de-septiembre-a-abril","7":"product_cat-aventura","8":"product_cat-trekking-en-tierra-del-fuego","9":"product_tag-aventura","10":"product_tag-trekking","12":"first","13":"instock","14":"shipping-taxable","15":"product-type-external"},"acf":[],"_links":{"self":[{"href":"https:\/\/turismoenushuaia.com\/pt-br\/wp-json\/wp\/v2\/product\/4699","targetHints":{"allow":["GET"]}}],"collection":[{"href":"https:\/\/turismoenushuaia.com\/pt-br\/wp-json\/wp\/v2\/product"}],"about":[{"href":"https:\/\/turismoenushuaia.com\/pt-br\/wp-json\/wp\/v2\/types\/product"}],"wp:featuredmedia":[{"embeddable":true,"href":"https:\/\/turismoenushuaia.com\/pt-br\/wp-json\/wp\/v2\/media\/4704"}],"wp:attachment":[{"href":"https:\/\/turismoenushuaia.com\/pt-br\/wp-json\/wp\/v2\/media?parent=4699"}],"wp:term":[{"taxonomy":"product_brand","embeddable":true,"href":"https:\/\/turismoenushuaia.com\/pt-br\/wp-json\/wp\/v2\/product_brand?post=4699"},{"taxonomy":"product_cat","embeddable":true,"href":"https:\/\/turismoenushuaia.com\/pt-br\/wp-json\/wp\/v2\/product_cat?post=4699"},{"taxonomy":"product_tag","embeddable":true,"href":"https:\/\/turismoenushuaia.com\/pt-br\/wp-json\/wp\/v2\/product_tag?post=4699"}],"curies":[{"name":"wp","href":"https:\/\/api.w.org\/{rel}","templated":true}]}}