{"id":32507,"date":"2023-11-13T18:34:29","date_gmt":"2023-11-13T21:34:29","guid":{"rendered":"https:\/\/turismoenushuaia.com\/producto\/ushuaia-el-calafate-voo-privado\/"},"modified":"2025-06-12T15:55:50","modified_gmt":"2025-06-12T18:55:50","slug":"ushuaia-el-calafate-voo-privado","status":"publish","type":"product","link":"https:\/\/turismoenushuaia.com\/pt-br\/producto\/ushuaia-el-calafate-voo-privado\/","title":{"rendered":"Ushuaia &#8211; El Calafate &#8211; Voo privado"},"content":{"rendered":"<h2><strong>Traslado a\u00e9reo de Ushuaia para El Calafate em jato particular<\/strong><\/h2>\n<p>Experi\u00eancia Exclusiva: Traslado em Jato Particular de Ushuaia para El Calafate<\/p>\n<p>Desfrute de um traslado a\u00e9reo exclusivo e personalizado de Ushuaia para El Calafate em um jato particular. Oferecemos um servi\u00e7o de primeira classe, adaptado \u00e0 sua agenda e necessidades, com vistas espetaculares da Patag\u00f4nia. Voc\u00ea chegar\u00e1 ao seu destino com conforto e estilo, otimizando seu tempo para explorar dois dos destinos mais emblem\u00e1ticos da Argentina.  <\/p>\n<h3><strong>Informa\u00e7\u00e3o de v\u00f4o:<\/strong><\/h3>\n<p>Uma aeronave confort\u00e1vel e segura O jato biturbina Citation II, vers\u00e1til e confort\u00e1vel, fabricado nos Estados Unidos. \u00c9 o jato particular mais popular da Cessna e \u00e9 ideal para viver uma experi\u00eancia aeron\u00e1utica de luxo.<\/p>\n<p>Categoria: Jato bimotor<br \/>\n Alcance: 900 nm<br \/>\n Assentos: 7<br \/>\n Banheiro: sim<br \/>\n Ano de nascimento: 1996<\/p>\n<h3><strong>Informa\u00e7\u00e3o importante:<\/strong><\/h3>\n<ul>\n<li>Base 4, com capacidade para 7 passageiros.<\/li>\n<li>Voamos o ano todo.<\/li>\n<li>Opera\u00e7\u00f5es sujeitas \u00e0 Meteorologia.<\/li>\n<\/ul>\n<p><strong>Os jatos HeliUshuaia<\/strong> aumentam <strong>a conectividade da Patag\u00f4nia Argentina com<\/strong> pilotos altamente treinados. Os voos s\u00e3o realizados dentro e fora do pa\u00eds proporcionando um servi\u00e7o a\u00e9reo com os mais elevados padr\u00f5es de seguran\u00e7a e conforto.<\/p>\n<p><strong>Empresa que opera o passeio \u2013 HELIUSHUAIA \u2013 Volar SA<\/strong><\/p>\n","protected":false},"excerpt":{"rendered":"<p>Experi\u00eancia Exclusiva: Traslado em Jato Particular de Ushuaia para El Calafate<\/p>\n<p>Desfrute de um traslado a\u00e9reo exclusivo e personalizado de Ushuaia para El Calafate em um jato particular. Oferecemos um servi\u00e7o de primeira classe, adaptado \u00e0 sua agenda e necessidades, com vistas espetaculares da Patag\u00f4nia. Voc\u00ea chegar\u00e1 ao seu destino com conforto e estilo, otimizando seu tempo para explorar dois dos destinos mais emblem\u00e1ticos da Argentina.  <\/p>\n<p>&nbsp;<\/p>\n","protected":false},"featured_media":26327,"template":"","meta":{"_acf_changed":false},"product_brand":[],"product_cat":[383,417],"product_tag":[],"class_list":{"0":"post-32507","1":"product","2":"type-product","3":"status-publish","4":"has-post-thumbnail","6":"epoca-todo-el-ano-pt-br","7":"dificultad-facil-pt-br","8":"product_cat-traslados-em-ushuaia","9":"product_cat-sobrevoo-em-ushuaia","11":"first","12":"instock","13":"shipping-taxable","14":"product-type-external"},"acf":[],"_links":{"self":[{"href":"https:\/\/turismoenushuaia.com\/pt-br\/wp-json\/wp\/v2\/product\/32507","targetHints":{"allow":["GET"]}}],"collection":[{"href":"https:\/\/turismoenushuaia.com\/pt-br\/wp-json\/wp\/v2\/product"}],"about":[{"href":"https:\/\/turismoenushuaia.com\/pt-br\/wp-json\/wp\/v2\/types\/product"}],"wp:featuredmedia":[{"embeddable":true,"href":"https:\/\/turismoenushuaia.com\/pt-br\/wp-json\/wp\/v2\/media\/26327"}],"wp:attachment":[{"href":"https:\/\/turismoenushuaia.com\/pt-br\/wp-json\/wp\/v2\/media?parent=32507"}],"wp:term":[{"taxonomy":"product_brand","embeddable":true,"href":"https:\/\/turismoenushuaia.com\/pt-br\/wp-json\/wp\/v2\/product_brand?post=32507"},{"taxonomy":"product_cat","embeddable":true,"href":"https:\/\/turismoenushuaia.com\/pt-br\/wp-json\/wp\/v2\/product_cat?post=32507"},{"taxonomy":"product_tag","embeddable":true,"href":"https:\/\/turismoenushuaia.com\/pt-br\/wp-json\/wp\/v2\/product_tag?post=32507"}],"curies":[{"name":"wp","href":"https:\/\/api.w.org\/{rel}","templated":true}]}}