{"id":32492,"date":"2023-11-13T18:35:16","date_gmt":"2023-11-13T21:35:16","guid":{"rendered":"https:\/\/turismoenushuaia.com\/producto\/ushuaia-natales-torres-del-paine-voo-privado\/"},"modified":"2025-06-12T15:48:40","modified_gmt":"2025-06-12T18:48:40","slug":"ushuaia-natales-torres-del-paine-voo-privado","status":"publish","type":"product","link":"https:\/\/turismoenushuaia.com\/pt-br\/producto\/ushuaia-natales-torres-del-paine-voo-privado\/","title":{"rendered":"Ushuaia &#8211; Natales (Torres del Paine) Voo privado"},"content":{"rendered":"<h2><strong>Descubra Puerto Natales &#8211; Chile de cima<\/strong><\/h2>\n<p>Vivi a experi\u00eancia de sobrevoar a beleza c\u00eanica de Puerto Natales, cidade chilena localizada \u00e0s margens do Fiorde \u00daltima Esperanza. Contemple a majestade da Cordilheira dos Andes e das geleiras que caracterizam esta regi\u00e3o sul.<\/p>\n<h3><strong>Informa\u00e7\u00e3o de v\u00f4o:<\/strong><\/h3>\n<p>Um avi\u00e3o confort\u00e1vel e seguro O Citation II \u00e9 um avi\u00e3o a jato biturbina vers\u00e1til e confort\u00e1vel, fabricado nos Estados Unidos. \u00c9 o jato particular mais popular da Cessna e \u00e9 ideal para viver uma experi\u00eancia aeron\u00e1utica de luxo.<\/p>\n<p>Categoria: Jato bimotor<br \/>\n Alcance: 900 nm<br \/>\n Assentos: 7<br \/>\n Banheiro: sim<br \/>\n Ano de nascimento: 1996<\/p>\n<h3><strong>Informa\u00e7\u00e3o importante:<\/strong><\/h3>\n<ul>\n<li>Base 4, com capacidade para 7 passageiros.<\/li>\n<li>Voamos o ano todo.<\/li>\n<li>Opera\u00e7\u00f5es sujeitas \u00e0 Meteorologia.<\/li>\n<\/ul>\n<p><strong>Os jatos HeliUshuaia<\/strong> aumentam a conectividade <strong>da Argentina e da Patag\u00f4nia Chilena<\/strong> de ponta a ponta. Com pilotos altamente treinados, voamos dentro e fora do pa\u00eds prestando um servi\u00e7o a\u00e9reo com os mais altos padr\u00f5es de seguran\u00e7a e conforto.<\/p>\n<p><strong>Empresa que opera o passeio \u2013 HELIUSHUAIA \u2013 Volar SA<\/strong><\/p>\n","protected":false},"excerpt":{"rendered":"<p>Vivi a experi\u00eancia de sobrevoar Puerto Natales, \u00e0s margens do Fiorde \u00daltima Esperanza. Veja a majestade dos Andes e das geleiras a partir do Cessna Citation II, explorando a beleza c\u00eanica que define esta cidade chilena.<\/p>\n","protected":false},"featured_media":26348,"template":"","meta":{"_acf_changed":false},"product_brand":[],"product_cat":[383,417],"product_tag":[],"class_list":{"0":"post-32492","1":"product","2":"type-product","3":"status-publish","4":"has-post-thumbnail","6":"epoca-todo-el-ano-pt-br","7":"dificultad-facil-pt-br","8":"product_cat-traslados-em-ushuaia","9":"product_cat-sobrevoo-em-ushuaia","11":"first","12":"instock","13":"shipping-taxable","14":"product-type-external"},"acf":[],"_links":{"self":[{"href":"https:\/\/turismoenushuaia.com\/pt-br\/wp-json\/wp\/v2\/product\/32492","targetHints":{"allow":["GET"]}}],"collection":[{"href":"https:\/\/turismoenushuaia.com\/pt-br\/wp-json\/wp\/v2\/product"}],"about":[{"href":"https:\/\/turismoenushuaia.com\/pt-br\/wp-json\/wp\/v2\/types\/product"}],"wp:featuredmedia":[{"embeddable":true,"href":"https:\/\/turismoenushuaia.com\/pt-br\/wp-json\/wp\/v2\/media\/26348"}],"wp:attachment":[{"href":"https:\/\/turismoenushuaia.com\/pt-br\/wp-json\/wp\/v2\/media?parent=32492"}],"wp:term":[{"taxonomy":"product_brand","embeddable":true,"href":"https:\/\/turismoenushuaia.com\/pt-br\/wp-json\/wp\/v2\/product_brand?post=32492"},{"taxonomy":"product_cat","embeddable":true,"href":"https:\/\/turismoenushuaia.com\/pt-br\/wp-json\/wp\/v2\/product_cat?post=32492"},{"taxonomy":"product_tag","embeddable":true,"href":"https:\/\/turismoenushuaia.com\/pt-br\/wp-json\/wp\/v2\/product_tag?post=32492"}],"curies":[{"name":"wp","href":"https:\/\/api.w.org\/{rel}","templated":true}]}}