{"id":32489,"date":"2023-11-05T22:58:33","date_gmt":"2023-11-06T01:58:33","guid":{"rendered":"https:\/\/turismoenushuaia.com\/producto\/peninsula-mitre-voo-de-3-horas\/"},"modified":"2025-06-12T15:55:49","modified_gmt":"2025-06-12T18:55:49","slug":"peninsula-mitre-voo-de-3-horas","status":"publish","type":"product","link":"https:\/\/turismoenushuaia.com\/pt-br\/producto\/peninsula-mitre-voo-de-3-horas\/","title":{"rendered":"Pen\u00ednsula Mitre &#8211; voo de 3 horas"},"content":{"rendered":"<h2>Voo para a Pen\u00ednsula Mitre<\/h2>\n<p>Est\u00e1s pronto? Voc\u00ea voar\u00e1 pelos recantos mais in\u00f3spitos da Terra do Fogo at\u00e9 o esqueleto do navio Duquesa de Albany e os destro\u00e7os do navio <strong>Monte Sarmiento<\/strong> .<\/p>\n<p>A aventura come\u00e7a quando sobrevoamos a <strong>Ba\u00eda de Ushuaia<\/strong> e entramos no <strong>vale do Rio Olivia<\/strong> . Na viagem \u00e0 pen\u00ednsula sobrevoamos a impressionante <strong>lagoa Esmeralda<\/strong> e os diversos centros de esqui da zona, entre os quais se destaca o <strong>Cerro Castor<\/strong> , o mais meridional do mundo, inserido neste cen\u00e1rio \u00fanico. Continuaremos nosso passeio avan\u00e7ando ainda mais pelo interior da Terra do Fogo at\u00e9 chegarmos \u00e0 cabeceira do <strong>Lago Escondido<\/strong> seguido pelo <strong>Lago Fagnano<\/strong> , considerado um dos 5 maiores lagos da Am\u00e9rica do Sul. Posteriormente poderemos reconhecer <strong>o Cerro Corn\u00fa<\/strong> , uma das montanhas mais altas da regi\u00e3o que atinge 1.490 metros acima do n\u00edvel do mar, e continuaremos nosso voo em dire\u00e7\u00e3o ao leste em dire\u00e7\u00e3o ao <strong>Oceano Atl\u00e2ntico<\/strong> . Ao longo do caminho cruzaremos caudalosos rios pesqueiros e extensos campos.<\/p>\n<p>Seguindo paralelamente \u00e0 costa, em dire\u00e7\u00e3o ao extremo leste da ilha, contornamos longas fal\u00e9sias e do ar avistamos fazendas de gado, como Irigoyen, onde termina a \u00faltima estrada que chega \u00e0 zona. Daqui em diante n\u00e3o h\u00e1 nada nem ningu\u00e9m, exceto gado livre e cavalos selvagens.<\/p>\n<p>Seguindo para sudeste, nos aproximamos do \u00faltimo sop\u00e9 da <strong>Cordilheira dos Andes<\/strong> que afunda no mar. Ali vimos o objetivo central da viagem: a Duquesa de Albany. Assim, desembarcamos neste lugar gelado para apreciar os seus restos espalhados neste cen\u00e1rio feroz como se o naufr\u00e1gio de 1893 tivesse ocorrido ontem.<\/p>\n<p>Retornando a <strong>Ushuaia<\/strong> , descemos at\u00e9 a desolada <strong>Ba\u00eda de Slogget<\/strong> , onde em 1888 um aventureiro romeno descobriu ouro e instalou \u201cceifadeiras\u201d que hoje s\u00e3o monstros mec\u00e2nicos abandonados. Mais uma vez al\u00e7amos v\u00f4o e sobre o Canal de Beagle avistamos o casco do <strong>Monte Sarmiento<\/strong> , naufragado em 1912. Dessa perspectiva \u00fanica, onde parece que estamos no in\u00edcio de tudo, sinais de civiliza\u00e7\u00e3o gradualmente reaparecem, como o <strong>Rancho Harberton<\/strong> e suas florestas exuberantes.<\/p>\n<ul>\n<li>Contacte-nos quando chegar (n\u00e3o deixe para o \u00faltimo dia).<\/li>\n<li>Sujeito \u00e0s condi\u00e7\u00f5es meteorol\u00f3gicas.<\/li>\n<li>Voamos todos os dias do ano.<\/li>\n<li>Preencha o Formul\u00e1rio de Passageiro (n\u00f3s o enviaremos quando confirmar sua reserva)<\/li>\n<li>O peso m\u00e1ximo por passageiro \u00e9 de 125 kg.<\/li>\n<li>3 horas de v\u00f4o e 4 horas de excurs\u00e3o.<\/li>\n<\/ul>\n","protected":false},"excerpt":{"rendered":"<p>Explore a Terra do Fogo desde os c\u00e9us: naufr\u00e1gios, montanhas e hist\u00f3ria s\u00e3o revelados em uma emocionante viagem a\u00e9rea saindo de Ushuaia. Da Ba\u00eda de Ushuaia \u00e0 Duquesa de Albany e ao Monte Sarmiento, uma aventura inesquec\u00edvel que leva voc\u00ea da solid\u00e3o \u00e0 civiliza\u00e7\u00e3o na reserva Pen\u00ednsula Mitre. Agende agora!&#8221;<\/p>\n<h3 class=\"p1\">Vistas importantes do viaduto:<\/h3>\n<ul class=\"ul1\">\n<li class=\"li1\">\n<p class=\"p1\">Pontos de interesse:<\/p>\n<ol class=\"ol1\">\n<li class=\"li1\">Ushuaia<\/li>\n<li class=\"li1\">Lagoa Esmerada<\/li>\n<li class=\"li1\">Grandes Lagos<\/li>\n<li class=\"li1\">Tolhu\u00edn<\/li>\n<li class=\"li1\">Duquesa de Albany<\/li>\n<li class=\"li1\">Farol de S\u00e3o Diego<\/li>\n<li class=\"li1\">Porto espanhol<\/li>\n<li class=\"li1\">Navio Sarmiento<\/li>\n<\/ol>\n<\/li>\n<\/ul>\n","protected":false},"featured_media":25563,"template":"","meta":{"_acf_changed":false},"product_brand":[],"product_cat":[380,393,417,372,375],"product_tag":[495,418],"class_list":{"0":"post-32489","1":"product","2":"type-product","3":"status-publish","4":"has-post-thumbnail","6":"epoca-todo-el-ano-pt-br","7":"dificultad-facil-pt-br","8":"product_cat-excursoes-de-inverno-em-ushuaia","9":"product_cat-excursoes-em-ushuaia-verao","10":"product_cat-sobrevoo-em-ushuaia","11":"product_cat-aventura-em-ushuaia","12":"product_cat-lagos-fueguinos-pt-br","13":"product_tag-peninsula-mitre-pt-br","14":"product_tag-sobrevoo-de-helicoptero-turismo-em-ushuaia","16":"first","17":"instock","18":"shipping-taxable","19":"product-type-external"},"acf":[],"_links":{"self":[{"href":"https:\/\/turismoenushuaia.com\/pt-br\/wp-json\/wp\/v2\/product\/32489","targetHints":{"allow":["GET"]}}],"collection":[{"href":"https:\/\/turismoenushuaia.com\/pt-br\/wp-json\/wp\/v2\/product"}],"about":[{"href":"https:\/\/turismoenushuaia.com\/pt-br\/wp-json\/wp\/v2\/types\/product"}],"wp:featuredmedia":[{"embeddable":true,"href":"https:\/\/turismoenushuaia.com\/pt-br\/wp-json\/wp\/v2\/media\/25563"}],"wp:attachment":[{"href":"https:\/\/turismoenushuaia.com\/pt-br\/wp-json\/wp\/v2\/media?parent=32489"}],"wp:term":[{"taxonomy":"product_brand","embeddable":true,"href":"https:\/\/turismoenushuaia.com\/pt-br\/wp-json\/wp\/v2\/product_brand?post=32489"},{"taxonomy":"product_cat","embeddable":true,"href":"https:\/\/turismoenushuaia.com\/pt-br\/wp-json\/wp\/v2\/product_cat?post=32489"},{"taxonomy":"product_tag","embeddable":true,"href":"https:\/\/turismoenushuaia.com\/pt-br\/wp-json\/wp\/v2\/product_tag?post=32489"}],"curies":[{"name":"wp","href":"https:\/\/api.w.org\/{rel}","templated":true}]}}