{"id":32474,"date":"2023-11-05T23:50:01","date_gmt":"2023-11-06T02:50:01","guid":{"rendered":"https:\/\/turismoenushuaia.com\/producto\/sobrevoo-da-ilha-dos-estados-e-farol-do-fim-do-mundo-jato\/"},"modified":"2025-06-12T15:55:41","modified_gmt":"2025-06-12T18:55:41","slug":"sobrevoo-da-ilha-dos-estados-e-farol-do-fim-do-mundo-jato","status":"publish","type":"product","link":"https:\/\/turismoenushuaia.com\/pt-br\/producto\/sobrevoo-da-ilha-dos-estados-e-farol-do-fim-do-mundo-jato\/","title":{"rendered":"Sobrevoo da Ilha dos Estados e Farol do Fim do Mundo &#8211; Jato"},"content":{"rendered":"<h2>Sobrevoo para a Ilha dos Estados em Jato<\/h2>\n<p>A Ilha dos Estados est\u00e1 localizada a leste da Ilha Grande da Terra do Fogo, separada pelo Estreito de Le Maire.<\/p>\n<p>Quase inacess\u00edvel, repleta de fal\u00e9sias rochosas, gerou mitos e lendas devido ao seu aspecto misterioso e rochoso. Aqui fica o m\u00edtico <strong>Farol do Fim do Mundo<\/strong> que inspirou o romance de J\u00falio Verne. Durante centenas de anos, testemunhou naufr\u00e1gios de navegadores experientes que corajosamente procuraram explorar as costas da \u00e1rea hoje conhecida como Patag\u00f4nia Sul Argentina. E mesmo para a ci\u00eancia continua a ser uma \u00e1rea cheia de mist\u00e9rios e com muito para descobrir.<\/p>\n<p>Os povos canoeiros da Terra do Fogo foram os primeiros seres humanos a desembarcar nessas costas perigosas. Hoje s\u00e3o 4 pessoas que moram na Ilha, na esta\u00e7\u00e3o da Marinha Argentina chamada &#8220;Puerto Parry&#8221;.<\/p>\n<p>HeliUshuaia convida voc\u00ea a descobrir as paisagens mais intactas do planeta, e a ver com seus pr\u00f3prios olhos aquele lugar m\u00edtico t\u00e3o desejado por exploradores, piratas e mercadores.<\/p>\n<p>Voamos para todos os cantos da Patag\u00f4nia:<\/p>\n<div class=\"page\" title=\"P\u00e1gina 3\">\n<div class=\"section\">\n<div class=\"layoutArea\">\n<div class=\"column\">\n<ul>\n<li>Sobrevoo da Ilha dos Estados do Rio Grande<\/li>\n<li>Rio Grande<\/li>\n<li>Rio galegos<\/li>\n<li>Rio Turbio\/28 de novembro<\/li>\n<li>El Calafate<\/li>\n<li>Comodoro Rivadavia<\/li>\n<li>Porto Madryn Bariloche<\/li>\n<li>bons ares<\/li>\n<\/ul>\n<p>no Chile:<\/p>\n<ul>\n<li>Punta Arenas<\/li>\n<li>Porto Natales<\/li>\n<li>Porto Williams<\/li>\n<\/ul>\n<\/div>\n<\/div>\n<\/div>\n<\/div>\n<p>Com capacidade para 7 passageiros, m\u00ednimo 4.<\/p>\n<p>Voamos o ano todo. Sujeito \u00e0 Meteorologia<\/p>\n<div class=\"video-container\"><iframe loading=\"lazy\" title=\"HeliushuaiaJets: Conectividad Patag\u00f3nica\" width=\"500\" height=\"281\" src=\"https:\/\/www.youtube.com\/embed\/xC-T3N1kiX0?feature=oembed\" frameborder=\"0\" allow=\"accelerometer; autoplay; clipboard-write; encrypted-media; gyroscope; picture-in-picture; web-share\" referrerpolicy=\"strict-origin-when-cross-origin\" allowfullscreen><\/iframe><\/div>\n<p><strong>Empresa que opera o passeio &#8211; HELIUSHUAIA &#8211; Volar SA<\/strong><\/p>\n","protected":false},"excerpt":{"rendered":"<p>&#8220;Pronto para uma aventura inesquec\u00edvel? Junte-se a HeliUshuaia em um emocionante sobrev\u00f4o da Isla de los Unidos e do ic\u00f4nico Farol do Fim do Mundo. A Ilha dos Estados \u00e9 um lugar quase inacess\u00edvel, conhecido pelas suas fal\u00e9sias rochosas e pelo seu lend\u00e1rio mist\u00e9rio. Aqui fica o m\u00edtico Farol do Fim do Mundo, que inspirou o romance de J\u00falio Verne. Testemunha de in\u00fameros naufr\u00e1gios.<\/p>\n<p>HeliUshuaia convida voc\u00ea a descobrir essas paisagens inexploradas e viver a hist\u00f3ria de exploradores, piratas e mercadores. N\u00e3o perca a oportunidade de ver este lugar m\u00edtico com os seus pr\u00f3prios olhos. Reserve hoje mesmo sua aventura e fa\u00e7a parte desta experi\u00eancia \u00fanica no extremo sul da Argentina.<\/p>\n","protected":false},"featured_media":25795,"template":"","meta":{"_acf_changed":false},"product_brand":[],"product_cat":[417,372],"product_tag":[494,418],"class_list":{"0":"post-32474","1":"product","2":"type-product","3":"status-publish","4":"has-post-thumbnail","6":"epoca-todo-el-ano","7":"dificultad-facil-pt-br","8":"product_cat-sobrevoo-em-ushuaia","9":"product_cat-aventura-em-ushuaia","10":"product_tag-jato","11":"product_tag-sobrevoo-de-helicoptero-turismo-em-ushuaia","13":"first","14":"instock","15":"shipping-taxable","16":"product-type-external"},"acf":[],"_links":{"self":[{"href":"https:\/\/turismoenushuaia.com\/pt-br\/wp-json\/wp\/v2\/product\/32474","targetHints":{"allow":["GET"]}}],"collection":[{"href":"https:\/\/turismoenushuaia.com\/pt-br\/wp-json\/wp\/v2\/product"}],"about":[{"href":"https:\/\/turismoenushuaia.com\/pt-br\/wp-json\/wp\/v2\/types\/product"}],"wp:featuredmedia":[{"embeddable":true,"href":"https:\/\/turismoenushuaia.com\/pt-br\/wp-json\/wp\/v2\/media\/25795"}],"wp:attachment":[{"href":"https:\/\/turismoenushuaia.com\/pt-br\/wp-json\/wp\/v2\/media?parent=32474"}],"wp:term":[{"taxonomy":"product_brand","embeddable":true,"href":"https:\/\/turismoenushuaia.com\/pt-br\/wp-json\/wp\/v2\/product_brand?post=32474"},{"taxonomy":"product_cat","embeddable":true,"href":"https:\/\/turismoenushuaia.com\/pt-br\/wp-json\/wp\/v2\/product_cat?post=32474"},{"taxonomy":"product_tag","embeddable":true,"href":"https:\/\/turismoenushuaia.com\/pt-br\/wp-json\/wp\/v2\/product_tag?post=32474"}],"curies":[{"name":"wp","href":"https:\/\/api.w.org\/{rel}","templated":true}]}}