{"id":26401,"date":"2023-11-13T18:35:01","date_gmt":"2023-11-13T21:35:01","guid":{"rendered":"https:\/\/turismoenushuaia.com\/?post_type=product&#038;p=26401"},"modified":"2025-12-30T11:13:38","modified_gmt":"2025-12-30T14:13:38","slug":"ushuaia-bariloche-vuelo-privado","status":"publish","type":"product","link":"https:\/\/turismoenushuaia.com\/pt-br\/producto\/ushuaia-bariloche-vuelo-privado\/","title":{"rendered":"Ushuaia &#8211; Bariloche &#8211; Vuelo privado"},"content":{"rendered":"<h2><strong>Disfrut\u00e1 tu vuelo sobre Bariloche en Jet privado<\/strong><\/h2>\n<p>Adrentr\u00e1te en la belleza de Bariloche, famosa por sus lagos glaciares y su arquitectura alpina. Disfruta de vistas a\u00e9reas de los picos nevados de la Cordillera de los Andes mientras experimentas el confort del <span class=\"_aupe copyable-text xkrh14z\">King Air B200<\/span> en este destino tur\u00edstico argentino.<\/p>\n<p>Bariloche es un destino tur\u00edstico muy completo dentro del Parque Nacional Nahuel Huapi. Puede visitarse en todas las \u00e9pocas del a\u00f1o con las mismas posibilidades de disfrute en una estaci\u00f3n que en otra. Ofrece lagos inmensos y cristalinos, vistas sin igual a la cordillera de los andes con sus picos nevados y paseos que te inundan de naturaleza y aire puro.<\/p>\n<h3><strong>Informaci\u00f3n de vuelo:<\/strong><\/h3>\n<p>Un avi\u00f3n c\u00f3modo y seguro <span class=\"_aupe copyable-text xkrh14z\">King Air B200<\/span> es una avi\u00f3n, vers\u00e1til y confortable, reconocido por su confiabilidad. Es ideal para vivir una experiencia aeron\u00e1utica de lujo.<\/p>\n<p><strong>Tipo de aeronave:<\/strong> Biturboh\u00e9lice<\/p>\n<p><strong data-start=\"441\" data-end=\"464\">Cabina presurizada:<\/strong> viaje c\u00f3modo a gran altitud<\/p>\n<p data-start=\"497\" data-end=\"580\"><strong data-start=\"497\" data-end=\"523\">Excelente performance:<\/strong> apta para pistas cortas y operaciones en zonas remotas<\/p>\n<p data-start=\"497\" data-end=\"580\"><strong data-start=\"583\" data-end=\"598\">Uso t\u00edpico:<\/strong> vuelos ejecutivos, tur\u00edsticos premium.<\/p>\n<p data-start=\"497\" data-end=\"580\"><strong>Lugares:<\/strong> 8 pasajeros<\/p>\n<h3><strong>Informaci\u00f3n importante:<\/strong><\/h3>\n<ul>\n<li>Base 4, con capacidad para 8 pasajeros.<\/li>\n<li>Volamos todo el a\u00f1os a\u00f1o.<\/li>\n<li>Operaciones sujetas a Meteorolog\u00eda.<\/li>\n<\/ul>\n<p><strong>Jets de HeliUshuaia<\/strong> incrementa la conectividad <strong>patag\u00f3nica Argentina c<\/strong>on pilotos altamente capacitados. Se realizan vuelos dentro y fuera del pa\u00eds brindando un servicio a\u00e9reo con los m\u00e1s altos est\u00e1ndares de seguridad y confort.<\/p>\n<p><strong>Empresa que opera el tour \u2013 HELIUSHUAIA \u2013 Volar S.A<\/strong><\/p>\n","protected":false},"excerpt":{"rendered":"<p>Conoc\u00e9 la belleza de Bariloche, famosa por sus lagos glaciares, monta\u00f1as impersionantes y tur\u00edsmo en todas las \u00e9pocas. Disfrut\u00e1 de vistas a\u00e9reas de la Cordillera de los Andes mientras experimentas el confort del <span class=\"_aupe copyable-text xkrh14z\">King Air B200<\/span> en este destino tur\u00edstico argentino.<\/p>\n","protected":false},"featured_media":26346,"template":"","meta":{"_acf_changed":false},"product_brand":[],"product_cat":[133,103,107],"product_tag":[],"class_list":{"0":"post-26401","1":"product","2":"type-product","3":"status-publish","4":"has-post-thumbnail","6":"epoca-todo-el-ano","7":"dificultad-facil","8":"product_cat-sobrevuelo","9":"product_cat-traslados","10":"product_cat-aventura","12":"first","13":"instock","14":"shipping-taxable","15":"product-type-external"},"acf":[],"_links":{"self":[{"href":"https:\/\/turismoenushuaia.com\/pt-br\/wp-json\/wp\/v2\/product\/26401","targetHints":{"allow":["GET"]}}],"collection":[{"href":"https:\/\/turismoenushuaia.com\/pt-br\/wp-json\/wp\/v2\/product"}],"about":[{"href":"https:\/\/turismoenushuaia.com\/pt-br\/wp-json\/wp\/v2\/types\/product"}],"wp:featuredmedia":[{"embeddable":true,"href":"https:\/\/turismoenushuaia.com\/pt-br\/wp-json\/wp\/v2\/media\/26346"}],"wp:attachment":[{"href":"https:\/\/turismoenushuaia.com\/pt-br\/wp-json\/wp\/v2\/media?parent=26401"}],"wp:term":[{"taxonomy":"product_brand","embeddable":true,"href":"https:\/\/turismoenushuaia.com\/pt-br\/wp-json\/wp\/v2\/product_brand?post=26401"},{"taxonomy":"product_cat","embeddable":true,"href":"https:\/\/turismoenushuaia.com\/pt-br\/wp-json\/wp\/v2\/product_cat?post=26401"},{"taxonomy":"product_tag","embeddable":true,"href":"https:\/\/turismoenushuaia.com\/pt-br\/wp-json\/wp\/v2\/product_tag?post=26401"}],"curies":[{"name":"wp","href":"https:\/\/api.w.org\/{rel}","templated":true}]}}