{"id":26400,"date":"2023-11-13T18:34:59","date_gmt":"2023-11-13T21:34:59","guid":{"rendered":"https:\/\/turismoenushuaia.com\/?post_type=product&#038;p=26400"},"modified":"2025-12-30T11:15:03","modified_gmt":"2025-12-30T14:15:03","slug":"ushuaia-puerto-madryn-vuelo-privado","status":"publish","type":"product","link":"https:\/\/turismoenushuaia.com\/pt-br\/producto\/ushuaia-puerto-madryn-vuelo-privado\/","title":{"rendered":"Ushuaia &#8211; Puerto Madryn &#8211; Vuelo privado"},"content":{"rendered":"<h2><strong>Disfrut\u00e1 la patag\u00f3nia: Puerto Madryn desde el Cielo<\/strong><\/h2>\n<p>Descubr\u00ed la exuberante naturaleza de Puerto Madryn y la Pen\u00ednsula Vald\u00e9s desde el <span class=\"_aupe copyable-text xkrh14z\">King Air B200<\/span><\/p>\n<h3><strong>Informaci\u00f3n de vuelo:<\/strong><\/h3>\n<p>Un avi\u00f3n c\u00f3modo y seguro\u00a0<span class=\"_aupe copyable-text xkrh14z\">King Air B200<\/span>\u00a0es una avi\u00f3n, vers\u00e1til y confortable, reconocido por su confiabilidad. Es ideal para vivir una experiencia aeron\u00e1utica de lujo.<\/p>\n<p><strong>Tipo de aeronave:<\/strong>\u00a0Biturboh\u00e9lice<\/p>\n<p><strong data-start=\"441\" data-end=\"464\">Cabina presurizada:<\/strong>\u00a0viaje c\u00f3modo a gran altitud<\/p>\n<p data-start=\"497\" data-end=\"580\"><strong data-start=\"497\" data-end=\"523\">Excelente performance:<\/strong>\u00a0apta para pistas cortas y operaciones en zonas remotas<\/p>\n<p data-start=\"497\" data-end=\"580\"><strong data-start=\"583\" data-end=\"598\">Uso t\u00edpico:<\/strong>\u00a0vuelos ejecutivos, tur\u00edsticos premium.<\/p>\n<p data-start=\"497\" data-end=\"580\"><strong>Lugares:<\/strong> 8 pasajeros<\/p>\n<h3><strong>Informaci\u00f3n importante:<\/strong><\/h3>\n<ul>\n<li>Base 4, con capacidad para 8 pasajeros.<\/li>\n<li>Volamos todo el a\u00f1os a\u00f1o.<\/li>\n<li>Operaciones sujetas a Meteorolog\u00eda.<\/li>\n<\/ul>\n<p><strong>Jets de HeliUshuaia<\/strong> incrementa la conectividad <strong>patag\u00f3nica Argentina c<\/strong>on pilotos altamente capacitados. Se realizan vuelos dentro y fuera del pa\u00eds brindando un servicio a\u00e9reo con los m\u00e1s altos est\u00e1ndares de seguridad y confort.<\/p>\n<p><strong>Empresa que opera el tour \u2013 HELIUSHUAIA \u2013 Volar S.A<\/strong><\/p>\n","protected":false},"excerpt":{"rendered":"<p>Descubr\u00ed la exuberante naturaleza de Puerto Madryn y la Pen\u00ednsula Vald\u00e9s desde el cielo. Observ\u00e1 ballenas, ping\u00fcinos y otras especies marinas desde el aire convirtiendo tu vuelo en una experiencia \u00fanica sobre la costa patag\u00f3nica.<\/p>\n","protected":false},"featured_media":26349,"template":"","meta":{"_acf_changed":false},"product_brand":[],"product_cat":[133],"product_tag":[],"class_list":{"0":"post-26400","1":"product","2":"type-product","3":"status-publish","4":"has-post-thumbnail","6":"epoca-todo-el-ano","7":"dificultad-facil","8":"product_cat-sobrevuelo","10":"first","11":"instock","12":"shipping-taxable","13":"product-type-external"},"acf":[],"_links":{"self":[{"href":"https:\/\/turismoenushuaia.com\/pt-br\/wp-json\/wp\/v2\/product\/26400","targetHints":{"allow":["GET"]}}],"collection":[{"href":"https:\/\/turismoenushuaia.com\/pt-br\/wp-json\/wp\/v2\/product"}],"about":[{"href":"https:\/\/turismoenushuaia.com\/pt-br\/wp-json\/wp\/v2\/types\/product"}],"wp:featuredmedia":[{"embeddable":true,"href":"https:\/\/turismoenushuaia.com\/pt-br\/wp-json\/wp\/v2\/media\/26349"}],"wp:attachment":[{"href":"https:\/\/turismoenushuaia.com\/pt-br\/wp-json\/wp\/v2\/media?parent=26400"}],"wp:term":[{"taxonomy":"product_brand","embeddable":true,"href":"https:\/\/turismoenushuaia.com\/pt-br\/wp-json\/wp\/v2\/product_brand?post=26400"},{"taxonomy":"product_cat","embeddable":true,"href":"https:\/\/turismoenushuaia.com\/pt-br\/wp-json\/wp\/v2\/product_cat?post=26400"},{"taxonomy":"product_tag","embeddable":true,"href":"https:\/\/turismoenushuaia.com\/pt-br\/wp-json\/wp\/v2\/product_tag?post=26400"}],"curies":[{"name":"wp","href":"https:\/\/api.w.org\/{rel}","templated":true}]}}