{"id":21455,"date":"2023-06-27T22:14:47","date_gmt":"2023-06-28T01:14:47","guid":{"rendered":"https:\/\/turismoenushuaia.com\/producto\/teste\/"},"modified":"2023-06-27T22:14:47","modified_gmt":"2023-06-28T01:14:47","slug":"teste-2","status":"publish","type":"product","link":"https:\/\/turismoenushuaia.com\/pt-br\/producto\/teste-2\/","title":{"rendered":"teste"},"content":{"rendered":"","protected":false},"excerpt":{"rendered":"<p>Experimente a majestade do Vale do Carvajal em Ushuaia, desfrute da natureza e da neve em uma caminhada com raquetes de neve, passeio de moto de neve e degusta\u00e7\u00e3o de u\u00edsque e cordeiro fueguino. Descubra o encanto de geleiras, cachoeiras e ambientes modificados por castores em um passeio pelo Passo Garibaldi. Uma experi\u00eancia \u00fanica de inverno no sul da Argentina.<\/p>\n","protected":false},"featured_media":0,"template":"","meta":{"_acf_changed":false},"product_brand":[],"product_cat":[389],"product_tag":[],"class_list":{"0":"post-21455","1":"product","2":"type-product","3":"status-publish","5":"product_cat-sem-categoria","7":"first","8":"instock","9":"virtual","10":"sold-individually","11":"purchasable","12":"product-type-booking"},"acf":[],"_links":{"self":[{"href":"https:\/\/turismoenushuaia.com\/pt-br\/wp-json\/wp\/v2\/product\/21455","targetHints":{"allow":["GET"]}}],"collection":[{"href":"https:\/\/turismoenushuaia.com\/pt-br\/wp-json\/wp\/v2\/product"}],"about":[{"href":"https:\/\/turismoenushuaia.com\/pt-br\/wp-json\/wp\/v2\/types\/product"}],"wp:attachment":[{"href":"https:\/\/turismoenushuaia.com\/pt-br\/wp-json\/wp\/v2\/media?parent=21455"}],"wp:term":[{"taxonomy":"product_brand","embeddable":true,"href":"https:\/\/turismoenushuaia.com\/pt-br\/wp-json\/wp\/v2\/product_brand?post=21455"},{"taxonomy":"product_cat","embeddable":true,"href":"https:\/\/turismoenushuaia.com\/pt-br\/wp-json\/wp\/v2\/product_cat?post=21455"},{"taxonomy":"product_tag","embeddable":true,"href":"https:\/\/turismoenushuaia.com\/pt-br\/wp-json\/wp\/v2\/product_tag?post=21455"}],"curies":[{"name":"wp","href":"https:\/\/api.w.org\/{rel}","templated":true}]}}