{"id":13977,"date":"2022-11-05T17:41:54","date_gmt":"2022-11-05T20:41:54","guid":{"rendered":"https:\/\/turismoenushuaia.com\/producto\/navegacao-para-a-colonia-de-pinguins\/"},"modified":"2025-11-19T14:44:34","modified_gmt":"2025-11-19T17:44:34","slug":"navegacao-para-a-colonia-de-pinguins-atraves-do-canal-do-beagle","status":"publish","type":"product","link":"https:\/\/turismoenushuaia.com\/pt-br\/producto\/navegacao-para-a-colonia-de-pinguins-atraves-do-canal-do-beagle\/","title":{"rendered":"Navega\u00e7\u00e3o para a col\u00f4nia de pinguins"},"content":{"rendered":"<h2><span style=\"font-weight: 400;\">Descobri a flora e a fauna do Canal de Beagle na Navega\u00e7\u00e3o \u00e0 Col\u00f4nia de Pinguins<\/span><\/h2>\n<p><span style=\"font-weight: 400;\">O ponto de partida para a navega\u00e7\u00e3o pelo Canal de Beagle at\u00e9 a Col\u00f4nia de Ping\u00fcins \u00e9 o Cais Tur\u00edstico de Ushuaia. Embarcamos em dire\u00e7\u00e3o ao centro do Canal, obtendo uma vista panor\u00e2mica da costa da cidade para admirar os seus edif\u00edcios mais significativos: o Museu Mar\u00edtimo (antiga pris\u00e3o), o Museu do Fim do Mundo e a zona industrial, bem como o Olivia e Five irm\u00e3os.<\/span><\/p>\n<p><span style=\"font-weight: 400;\">Navegando para o sudoeste, em dire\u00e7\u00e3o \u00e0 Ilha de Los Lobos, numerosos grupos de lobos marinhos podem ser vistos em seu habitat natural. Um cen\u00e1rio maravilhoso que voc\u00ea n\u00e3o vai conseguir deixar de registrar na mem\u00f3ria e com certeza em mais de uma fotografia.<\/span><\/p>\n<p><span style=\"font-weight: 400;\">Como pr\u00f3xima atra\u00e7\u00e3o, a caminhada nos levar\u00e1 \u00e0 ilha de Los P\u00e1jaros, um para\u00edso repleto de aves marinhas. Destaca-se por ser o habitat dos corvos-marinhos-de-magalh\u00e3es e imperiais e tamb\u00e9m de outras aves como as algas marinhas e gaivotas-cinzentas, patos-vapor, garajaus, bigu\u00e1s, cauquenes e petr\u00e9is. Pino de seguran\u00e7a!<\/span><\/p>\n<p><span style=\"font-weight: 400;\">Mais tarde, navegamos em dire\u00e7\u00e3o a uma das atra\u00e7\u00f5es preferidas de quem visita o fim do mundo, o renomado Farol Les Eclaireurs, que fica no arquip\u00e9lago de mesmo nome. Aqui, por sua vez, teremos a possibilidade de observar partes do Monte Cervantes, navio que naufragou em 1930.<\/span><\/p>\n<p><span style=\"font-weight: 400;\">O itiner\u00e1rio continua e nos aproximar\u00e1 da costa sul da Isla Grande de Tierra del Fuego, onde veremos a Est\u00e2ncia Remolino, local onde est\u00e1 encalhado o navio Monte Sarmiento. <\/span><\/p>\n<p><span style=\"font-weight: 400;\">Em seguida, atravessando o Canal de Beagle no sentido Norte-Sul est\u00e1 a Ilha Gable e a Base Naval de Puerto Williams (localizada na Ilha Navarino, Rep\u00fablica do Chile) para chegar \u00e0 t\u00e3o esperada Ilha Martillo, onde teremos a oportunidade de abordar o e fique por l\u00e1, para ser espectador de um cen\u00e1rio memor\u00e1vel, a t\u00e3o esperada Col\u00f4nia de Pinguins.<\/span><\/p>\n<p><span style=\"font-weight: 400;\">A col\u00f3nia de pinguins de Magalh\u00e3es que ali nidificam costuma aproximar-se do barco com not\u00e1vel curiosidade, entram no mar nadando por baixo do catamar\u00e3 e ressurgem. Cen\u00e1rios \u00fanicos que ficam na mem\u00f3ria de quem se aventura nesta maravilhosa viagem. \u00c9 a oportunidade de capturar todo o panorama com fotos, para eternizar o momento.<\/span><\/p>\n<p><span style=\"font-weight: 400;\">Depois do tempo de aprecia\u00e7\u00e3o e fotografias, aproxima-se o regresso desta navega\u00e7\u00e3o pelo Canal de Beagle at\u00e9 \u00e0 Col\u00f3nia dos Pinguins, rumo \u00e0 Doca Tur\u00edstica. Uma viagem junto \u00e0 costa do Canal, que permite continuar a apreciar os benef\u00edcios da natureza austral. <\/span><\/p>\n<p><span style=\"font-weight: 400;\">No caminho de volta teremos a oportunidade de ver os Ranchos T\u00fanel, Remolino e Fique, o casco semi-afundado do Vapor Monte Sarmiento e a Reserva Natural Playa Larga. Para fechar o passeio, encontraremos o deleite das vistas da cidade com o Cord\u00f3n Martial como pano de fundo.<\/span><\/p>\n<p><i><span style=\"font-weight: 400;\">NOTA IMPORTANTE: Todas as descri\u00e7\u00f5es e roteiros s\u00e3o ilustrativos: os hor\u00e1rios das atividades, sua ordem e os atrativos visitados podem variar, de acordo com a avalia\u00e7\u00e3o do capit\u00e3o e das condi\u00e7\u00f5es clim\u00e1ticas.<\/span><\/i><\/p>\n<p><img loading=\"lazy\" decoding=\"async\" class=\"aligncenter wp-image-2805 size-large\" title=\"col\u00f4nia de pinguins- ushuaia\" src=\"https:\/\/turismoenushuaia.com\/wp-content\/uploads\/2022\/11\/pinguinera-canal-beagle-turismo-en-ushuaia-5-1024x683.jpg\" alt=\"Visita \u00e0 col\u00f4nia de pinguins em Ushuaia, Argentina\" width=\"1024\" height=\"683\" srcset=\"https:\/\/turismoenushuaia.com\/wp-content\/uploads\/2022\/11\/pinguinera-canal-beagle-turismo-en-ushuaia-5-1024x683.jpg 1024w, https:\/\/turismoenushuaia.com\/wp-content\/uploads\/2022\/11\/pinguinera-canal-beagle-turismo-en-ushuaia-5-300x200.jpg 300w, https:\/\/turismoenushuaia.com\/wp-content\/uploads\/2022\/11\/pinguinera-canal-beagle-turismo-en-ushuaia-5-768x512.jpg 768w, https:\/\/turismoenushuaia.com\/wp-content\/uploads\/2022\/11\/pinguinera-canal-beagle-turismo-en-ushuaia-5-1080x720.jpg 1080w, https:\/\/turismoenushuaia.com\/wp-content\/uploads\/2022\/11\/pinguinera-canal-beagle-turismo-en-ushuaia-5-980x653.jpg 980w, https:\/\/turismoenushuaia.com\/wp-content\/uploads\/2022\/11\/pinguinera-canal-beagle-turismo-en-ushuaia-5-480x320.jpg 480w, https:\/\/turismoenushuaia.com\/wp-content\/uploads\/2022\/11\/pinguinera-canal-beagle-turismo-en-ushuaia-5-600x400.jpg 600w, https:\/\/turismoenushuaia.com\/wp-content\/uploads\/2022\/11\/pinguinera-canal-beagle-turismo-en-ushuaia-5.jpg 1200w\" sizes=\"auto, (max-width: 1024px) 100vw, 1024px\" \/><\/p>\n<div class=\"video-container\"><iframe loading=\"lazy\" title=\"\u00bfC\u00f3mo es la experiencia por el Canal Beagle? - Turismo en Ushuaia\" width=\"500\" height=\"281\" src=\"https:\/\/www.youtube.com\/embed\/W4OcVFbV_xM?feature=oembed\" frameborder=\"0\" allow=\"accelerometer; autoplay; clipboard-write; encrypted-media; gyroscope; picture-in-picture; web-share\" referrerpolicy=\"strict-origin-when-cross-origin\" allowfullscreen><\/iframe><\/div>\n<p><strong><em>*Estrangeiros, por favor, considere que o Mercado Pago rejeita pagamentos de estrangeiros. Envie-nos um WhatsApp esclarecendo isso para que possamos ajudar de forma personalizada.<\/em><\/strong><\/p>\n<p><strong>[box type=&#8221;info&#8221;] RETIRED: Esta navega\u00e7\u00e3o tem tarifa especial para RETIRED. Para efetivar o desconto, \u00e9 necess\u00e1rio apresentar uma credencial no ato da compra. N\u00e3o cumulativo com promo\u00e7\u00f5es vigentes no site.[\/box] <\/strong><\/p>\n<p>Este passeio \u00e9 acess\u00edvel para pessoas com mobilidade reduzida, pois os pontos visitados possuem rampas de acesso e espa\u00e7o para cadeiras de rodas. Tamb\u00e9m existem banheiros adaptados nos diferentes pontos visitados. Dispomos tamb\u00e9m de pessoal formado para aconselhamento e assist\u00eancia a pessoas com mobilidade reduzida<\/p>\n<p>Tour operado por TOLKEYEN PATAGONIA TURISMO SA | Lic. EVyT.: Arquivo n\u00ba 11938 &#8211; Ushuaia \u2013 Tierra del Fuego<\/p>\n<p><strong><a href=\"https:\/\/turismoenushuaia.com\/pt-br\/?page_id=13300\" target=\"_blank\" rel=\"noopener\">Termos e condi\u00e7\u00f5es<\/a> . <\/strong><\/p>\n","protected":false},"excerpt":{"rendered":"<p>Navegar pelo Canal de Beagle at\u00e9 a Col\u00f4nia de Pinguins \u00e9 uma das excurs\u00f5es imperd\u00edveis no ver\u00e3o da Terra do Fogo, voc\u00ea percorrer\u00e1 as principais atra\u00e7\u00f5es do Canal, visitando o Farol Les Eclaireurs.<\/p>\n","protected":false},"featured_media":8949,"template":"","meta":{"_acf_changed":false},"product_brand":[],"product_cat":[393,414,416],"product_tag":[502,374],"class_list":{"0":"post-13977","1":"product","2":"type-product","3":"status-publish","4":"has-post-thumbnail","6":"epoca-de-noviembre-a-marzo","7":"dificultad-facil","8":"product_cat-excursoes-em-ushuaia-verao","9":"product_cat-navegacao-no-canal-de-beagle","10":"product_cat-promocao-de-excursoes-em-ushuaia","11":"product_tag-que-hacer-en-ushuaia-pt-br","12":"product_tag-canal-de-beagle-turismo-em-ushuaia","14":"first","15":"instock","16":"virtual","17":"sold-individually","18":"purchasable","19":"product-type-booking"},"acf":[],"_links":{"self":[{"href":"https:\/\/turismoenushuaia.com\/pt-br\/wp-json\/wp\/v2\/product\/13977","targetHints":{"allow":["GET"]}}],"collection":[{"href":"https:\/\/turismoenushuaia.com\/pt-br\/wp-json\/wp\/v2\/product"}],"about":[{"href":"https:\/\/turismoenushuaia.com\/pt-br\/wp-json\/wp\/v2\/types\/product"}],"wp:featuredmedia":[{"embeddable":true,"href":"https:\/\/turismoenushuaia.com\/pt-br\/wp-json\/wp\/v2\/media\/8949"}],"wp:attachment":[{"href":"https:\/\/turismoenushuaia.com\/pt-br\/wp-json\/wp\/v2\/media?parent=13977"}],"wp:term":[{"taxonomy":"product_brand","embeddable":true,"href":"https:\/\/turismoenushuaia.com\/pt-br\/wp-json\/wp\/v2\/product_brand?post=13977"},{"taxonomy":"product_cat","embeddable":true,"href":"https:\/\/turismoenushuaia.com\/pt-br\/wp-json\/wp\/v2\/product_cat?post=13977"},{"taxonomy":"product_tag","embeddable":true,"href":"https:\/\/turismoenushuaia.com\/pt-br\/wp-json\/wp\/v2\/product_tag?post=13977"}],"curies":[{"name":"wp","href":"https:\/\/api.w.org\/{rel}","templated":true}]}}