{"id":13891,"date":"2024-11-17T21:35:32","date_gmt":"2024-11-18T00:35:32","guid":{"rendered":"https:\/\/turismoenushuaia.com\/producto\/parque-nacional-tierra-del-fuego-no-inverno\/"},"modified":"2025-06-12T15:55:59","modified_gmt":"2025-06-12T18:55:59","slug":"parque-nacional-tierra-del-fuego-no-inverno","status":"publish","type":"product","link":"https:\/\/turismoenushuaia.com\/pt-br\/producto\/parque-nacional-tierra-del-fuego-no-inverno\/","title":{"rendered":"Parque Nacional Tierra del Fuego no inverno"},"content":{"rendered":"<h2><b>PASSEIO NO PARQUE NACIONAL TIERRA DEL FUEGO NO INVERNO<\/b><\/h2>\n<p><span style=\"font-weight: 400;\">Saindo da cidade de Ushuaia, em dire\u00e7\u00e3o ao sudoeste, tomaremos a Rota Nacional N\u00ba 3, em dire\u00e7\u00e3o ao Parque Nacional Tierra del Fuego.<\/span><\/p>\n<p><span style=\"font-weight: 400;\">Nos 11 quil\u00f4metros que separam a entrada do parque da cidade de Ushuaia, teremos a oportunidade de parar perto do Centro H\u00edpico, onde poderemos contemplar excelentes vistas panor\u00e2micas do Canal de Beagle, da pen\u00ednsula de Ushuaia e das Pontes , arquip\u00e9lagos Willie e Les Eclauriers.<\/span><\/p>\n<p><span style=\"font-weight: 400;\">Depois de cruzar a ponte do Rio Pipo, pr\u00f3ximo ao Ushuaia Golf Club, est\u00e1 a esta\u00e7\u00e3o Ferrovi\u00e1ria Austral Fueguino, onde est\u00e1 localizado o famoso Trem do Fim do Mundo. Os visitantes que gostam de embarcar no Trem podem faz\u00ea-lo opcionalmente. O grupo se reunir\u00e1 novamente mais tarde, no final do passeio.<\/span><\/p>\n<p><span style=\"font-weight: 400;\">Continuamos a viagem por mais 2 quil\u00f4metros para finalmente entrar no Parque Nacional, uma \u00e1rea de mais de 70.000 hectares reservada para a prote\u00e7\u00e3o da Floresta Subant\u00e1rtica, bem como de sua flora e fauna nativas.<\/span><\/p>\n<p><span style=\"font-weight: 400;\">Pegaremos a estrada cercada por florestas de lengas e turfeiras, para chegar ao Lago Acigami (ex Roca), que \u00e9 de origem glacial e cuja superf\u00edcie \u00e9 de 5,50 quil\u00f4metros quadrados. Este Lago oferece uma bela vista onde se v\u00ea emoldurado por montanhas e densas florestas, onde tamb\u00e9m \u00e9 poss\u00edvel avistar in\u00fameros exemplares de aves nativas.<\/span><\/p>\n<p><span style=\"font-weight: 400;\">Aqui podemos encontrar uma \u00e1rea de servi\u00e7o. Eles ter\u00e3o 30 minutos livres para explorar a \u00e1rea e tirar fotos.<\/span><\/p>\n<p><span style=\"font-weight: 400;\">Em seguida, iremos para a Ba\u00eda de Lapataia, onde voc\u00ea poder\u00e1 apreciar a costa marinha, rica em moluscos e mexilh\u00f5es. L\u00e1 tamb\u00e9m encontraremos vest\u00edgios dos antigos nativos que habitaram a regi\u00e3o. Teremos tempo para percorrer a passarela de onde a vista \u00e9 incr\u00edvel para tirar fotos e curtir a sensa\u00e7\u00e3o dos sonhos de visitar o Fim do Mundo.<\/span><\/p>\n<p><span style=\"font-weight: 400;\">A partir daqui, no final da Rota Nacional n\u00ba 3, come\u00e7a o retorno \u00e0 cidade de Ushuaia.<\/span><\/p>\n<h3><b>Informa\u00e7\u00f5es t\u00e9cnicas sobre o passeio do Parque Nacional Tierra del Fuego no inverno:<\/b><\/h3>\n<ul>\n<li style=\"font-weight: 400;\"><span style=\"font-weight: 400;\">DURA\u00c7\u00c3O: Das 9h \u00e0s 13h30 aproximadamente.<\/span><\/li>\n<li style=\"font-weight: 400;\"><span style=\"font-weight: 400;\">FREQU\u00caNCIA: Sa\u00eddas di\u00e1rias.<\/span><\/li>\n<li style=\"font-weight: 400;\"><span style=\"font-weight: 400;\">ACESSO: De maio a setembro o Parque n\u00e3o cobra ingresso.<\/span><\/li>\n<li style=\"font-weight: 400;\"><span style=\"font-weight: 400;\">PONTO DE ENCONTRO: Alojamento.<\/span><\/li>\n<li style=\"font-weight: 400;\"><span style=\"font-weight: 400;\">N\u00c3O INCLUI: Entrada ao Parque Nacional Tierra del Fuego.<\/span><\/li>\n<li style=\"font-weight: 400;\"><span style=\"font-weight: 400;\">OPCIONAIS: Bilhete do Trem do Fim do Mundo.<\/span><\/li>\n<li style=\"font-weight: 400;\"><span style=\"font-weight: 400;\">GRAU DE DIFICULDADE: F\u00e1cil.<\/span><\/li>\n<li style=\"font-weight: 400;\">ROUPA SUGERIDA: Jaqueta imperme\u00e1vel e jaqueta de l\u00e3. Sapatos imperme\u00e1veis \u200b\u200bou t\u00eanis com boa tra\u00e7\u00e3o.<\/li>\n<li><a href=\"https:\/\/ventaweb.apn.gob.ar\/reserva\/parques\" target=\"_blank\" rel=\"noopener\"><strong>Quanto custa a entrada no Parque Nacional Tierra del Fuego?  <\/strong><\/a><\/li>\n<\/ul>\n<p><img loading=\"lazy\" decoding=\"async\" class=\"aligncenter size-full wp-image-2727\" src=\"https:\/\/turismoenushuaia.com\/wp-content\/uploads\/2022\/11\/Parque-Nacional-Tierra-del-Fuego-Invierno-Turismo-en-Ushuaia-10.jpg\" alt=\"\" width=\"1200\" height=\"800\" srcset=\"https:\/\/turismoenushuaia.com\/wp-content\/uploads\/2022\/11\/Parque-Nacional-Tierra-del-Fuego-Invierno-Turismo-en-Ushuaia-10.jpg 1200w, https:\/\/turismoenushuaia.com\/wp-content\/uploads\/2022\/11\/Parque-Nacional-Tierra-del-Fuego-Invierno-Turismo-en-Ushuaia-10-300x200.jpg 300w, https:\/\/turismoenushuaia.com\/wp-content\/uploads\/2022\/11\/Parque-Nacional-Tierra-del-Fuego-Invierno-Turismo-en-Ushuaia-10-1024x683.jpg 1024w, https:\/\/turismoenushuaia.com\/wp-content\/uploads\/2022\/11\/Parque-Nacional-Tierra-del-Fuego-Invierno-Turismo-en-Ushuaia-10-768x512.jpg 768w, https:\/\/turismoenushuaia.com\/wp-content\/uploads\/2022\/11\/Parque-Nacional-Tierra-del-Fuego-Invierno-Turismo-en-Ushuaia-10-1080x720.jpg 1080w, https:\/\/turismoenushuaia.com\/wp-content\/uploads\/2022\/11\/Parque-Nacional-Tierra-del-Fuego-Invierno-Turismo-en-Ushuaia-10-980x653.jpg 980w, https:\/\/turismoenushuaia.com\/wp-content\/uploads\/2022\/11\/Parque-Nacional-Tierra-del-Fuego-Invierno-Turismo-en-Ushuaia-10-480x320.jpg 480w, https:\/\/turismoenushuaia.com\/wp-content\/uploads\/2022\/11\/Parque-Nacional-Tierra-del-Fuego-Invierno-Turismo-en-Ushuaia-10-600x400.jpg 600w\" sizes=\"auto, (max-width: 1200px) 100vw, 1200px\" \/><\/p>\n<p><b>NOTA IMPORTANTE: Todas as descri\u00e7\u00f5es e roteiros citados s\u00e3o meramente ilustrativos: os hor\u00e1rios das atividades, sua ordem e os atrativos visitados podem variar, de acordo com a avalia\u00e7\u00e3o do guia e as caracter\u00edsticas do grupo.<\/b><\/p>\n<p>Convidamos voc\u00ea a descobrir a excurs\u00e3o ao <a href=\"https:\/\/turismoenushuaia.com\/producto\/parque-nacional-tierra-del-fuego-en-verano\/\" target=\"_blank\" rel=\"noopener\">Parque Nacional Tierra del Fuego no ver\u00e3o.<\/a> <\/p>\n<p><strong>Tour operado por TOLKEYEN PATAGONIA TURISMO SA | Lic. EVyT.: Arquivo n\u00ba 11938 &#8211; Ushuaia \u2013 Tierra del Fuego<\/strong><\/p>\n","protected":false},"excerpt":{"rendered":"<p>Deixe-se surpreender pelas paisagens imperd\u00edveis que oferece o Parque Nacional Tierra del Fuego. \u00c1rea protegida de mais de 70.000 hectares que abriga in\u00fameras esp\u00e9cies de flora e fauna nativas. Um passeio pela natureza em seu estado mais aut\u00eantico. Voc\u00ea conhecer\u00e1 densas florestas, montanhas, lagos, vales e turfeiras. N\u00e3o deixe de visitar este ecossistema meridional e delicie-se com os seus fant\u00e1sticos postais.<\/p>\n","protected":false},"featured_media":8833,"template":"","meta":{"_acf_changed":false},"product_brand":[],"product_cat":[380,407],"product_tag":[406],"class_list":{"0":"post-13891","1":"product","2":"type-product","3":"status-publish","4":"has-post-thumbnail","6":"epoca-invierno","7":"dificultad-facil","8":"product_cat-excursoes-de-inverno-em-ushuaia","9":"product_cat-parque-nacional-tierra-del-fuego-pt-br","10":"product_tag-parque-nacional-tierra-del-fuego-turismo-em-ushuaia","12":"first","13":"instock","14":"sale","15":"virtual","16":"sold-individually","17":"purchasable","18":"product-type-booking"},"acf":[],"_links":{"self":[{"href":"https:\/\/turismoenushuaia.com\/pt-br\/wp-json\/wp\/v2\/product\/13891","targetHints":{"allow":["GET"]}}],"collection":[{"href":"https:\/\/turismoenushuaia.com\/pt-br\/wp-json\/wp\/v2\/product"}],"about":[{"href":"https:\/\/turismoenushuaia.com\/pt-br\/wp-json\/wp\/v2\/types\/product"}],"wp:featuredmedia":[{"embeddable":true,"href":"https:\/\/turismoenushuaia.com\/pt-br\/wp-json\/wp\/v2\/media\/8833"}],"wp:attachment":[{"href":"https:\/\/turismoenushuaia.com\/pt-br\/wp-json\/wp\/v2\/media?parent=13891"}],"wp:term":[{"taxonomy":"product_brand","embeddable":true,"href":"https:\/\/turismoenushuaia.com\/pt-br\/wp-json\/wp\/v2\/product_brand?post=13891"},{"taxonomy":"product_cat","embeddable":true,"href":"https:\/\/turismoenushuaia.com\/pt-br\/wp-json\/wp\/v2\/product_cat?post=13891"},{"taxonomy":"product_tag","embeddable":true,"href":"https:\/\/turismoenushuaia.com\/pt-br\/wp-json\/wp\/v2\/product_tag?post=13891"}],"curies":[{"name":"wp","href":"https:\/\/api.w.org\/{rel}","templated":true}]}}