{"id":13883,"date":"2022-11-17T22:38:43","date_gmt":"2022-11-18T01:38:43","guid":{"rendered":"https:\/\/turismoenushuaia.com\/producto\/trekking-laguna-esmeralda-no-inverno\/"},"modified":"2022-11-17T22:38:43","modified_gmt":"2022-11-18T01:38:43","slug":"trekking-laguna-esmeralda-no-inverno","status":"publish","type":"product","link":"https:\/\/turismoenushuaia.com\/pt-br\/producto\/trekking-laguna-esmeralda-no-inverno\/","title":{"rendered":"Trekking Laguna Esmeralda no inverno"},"content":{"rendered":"<h2>Anime-se para Trekking Laguna Esmeralda no inverno<\/h2>\n<p><span style=\"font-weight: 400;\">A Lagoa Esmeralda \u00e9 um dos passeios favoritos de Ushuaia por sua beleza inigual\u00e1vel. A sua cor caracter\u00edstica e toda a natureza que a envolve fazem dela um local \u00fanico que todos desejam visitar. Existem muitas alternativas para visit\u00e1-la e o trekking at\u00e9 a Lagoa Esmeralda no inverno \u00e9 uma das alternativas mais acess\u00edveis dentro da variedade de op\u00e7\u00f5es oferecidas pela cidade mais austral do mundo. Sem hesitar, \u00e9 uma das atividades que acreditamos que n\u00e3o pode faltar ao visitar Ushuaia. Aqui compartilhamos o que \u00e9 o Trekking \u00e0 Lagoa Esmeralda<\/span><\/p>\n<p><span style=\"font-weight: 400;\">Saindo do alojamento em um micro\u00f4nibus por 20 quil\u00f4metros por terra, seguimos em dire\u00e7\u00e3o ao vale Tierra Mayor. Uma vez no ref\u00fagio, nos equipamos com crampons ou raquetes de neve para iniciar a caminhada. Ao longo da rota atravessamos grandes vales cobertos de neve, riachos congelados e florestas centen\u00e1rias de Lenga e Coihue. A Lagoa Esmeralda est\u00e1 localizada no cora\u00e7\u00e3o da Reserva Natural e Paisag\u00edstica da Terra do Fogo, localizada no meio da cordilheira fueguina, esta maravilhosa paisagem nos convida a parar e descansar em suas margens para contempl\u00e1-la enquanto almo\u00e7amos.<\/span><\/p>\n<p><span style=\"font-weight: 400;\">Depois de um bom tempo de descanso e admira\u00e7\u00e3o da paisagem, iniciamos o regresso ao ref\u00fagio mas por um caminho diferente do que percorremos onde podemos apreciar as belezas naturais que nos rodeiam e mais tarde regressamos ao hotel.<\/span><\/p>\n<h3><span style=\"font-weight: 400;\">Informa\u00e7\u00f5es t\u00e9cnicas para Trekking Laguna Esmeralda no inverno<\/span><\/h3>\n<ul>\n<li style=\"font-weight: 400;\"><span style=\"font-weight: 400;\">DURA\u00c7\u00c3O: Meio dia pela manh\u00e3 (5h aprox)<\/span><\/li>\n<li style=\"font-weight: 400;\"><span style=\"font-weight: 400;\">FREQU\u00caNCIA: De junho a setembro.<\/span><\/li>\n<li style=\"font-weight: 400;\"><span style=\"font-weight: 400;\">PONTO DE ENCONTRO: Alojamento.<\/span><\/li>\n<li style=\"font-weight: 400;\"><span style=\"font-weight: 400;\">GRAU DE DIFICULDADE: Moderado.<\/span><\/li>\n<li style=\"font-weight: 400;\"><span style=\"font-weight: 400;\">RECOMENDA\u00c7\u00d5ES: Agasalho (gorro, luvas, imperme\u00e1vel e agasalho). Sapatos imperme\u00e1veis \u200b\u200bpara neve\/trekking. \u00c9 requisito estar fisicamente apto para fazer esta caminhada; Quem tiver restri\u00e7\u00f5es f\u00edsicas ou n\u00e3o tiver roupa e cal\u00e7ado adequado n\u00e3o o poder\u00e1 fazer.<\/span><\/li>\n<\/ul>\n","protected":false},"excerpt":{"rendered":"<p>Laguna Esmeralda \u00e9 uma das excurs\u00f5es favoritas em Ushuaia. O Trekking Laguna Esmeralda no inverno ir\u00e1 surpreend\u00ea-lo com suas magn\u00edficas paisagens repletas de florestas de Lenga. Uma viagem inesquec\u00edvel pelo vale at\u00e9 chegar ao destino esperado e desfrutar de um almo\u00e7o \u00e0s margens da Lagoa Esmeralda. Deixe-se surpreender pela beleza incompar\u00e1vel da natureza da Terra do Fogo com este trekking de meio dia.<\/p>\n","protected":false},"featured_media":67479,"template":"","meta":{"_acf_changed":false},"product_brand":[],"product_cat":[388,372],"product_tag":[373],"class_list":{"0":"post-13883","1":"product","2":"type-product","3":"status-publish","4":"has-post-thumbnail","6":"epoca-invierno-pt-br","7":"dificultad-media-pt-br","8":"product_cat-trekking-na-terra-do-fogo","9":"product_cat-aventura-em-ushuaia","10":"product_tag-trekking-turismo-em-ushuaia","12":"first","13":"instock","14":"virtual","15":"product-type-external"},"acf":[],"_links":{"self":[{"href":"https:\/\/turismoenushuaia.com\/pt-br\/wp-json\/wp\/v2\/product\/13883","targetHints":{"allow":["GET"]}}],"collection":[{"href":"https:\/\/turismoenushuaia.com\/pt-br\/wp-json\/wp\/v2\/product"}],"about":[{"href":"https:\/\/turismoenushuaia.com\/pt-br\/wp-json\/wp\/v2\/types\/product"}],"wp:featuredmedia":[{"embeddable":true,"href":"https:\/\/turismoenushuaia.com\/pt-br\/wp-json\/wp\/v2\/media\/67479"}],"wp:attachment":[{"href":"https:\/\/turismoenushuaia.com\/pt-br\/wp-json\/wp\/v2\/media?parent=13883"}],"wp:term":[{"taxonomy":"product_brand","embeddable":true,"href":"https:\/\/turismoenushuaia.com\/pt-br\/wp-json\/wp\/v2\/product_brand?post=13883"},{"taxonomy":"product_cat","embeddable":true,"href":"https:\/\/turismoenushuaia.com\/pt-br\/wp-json\/wp\/v2\/product_cat?post=13883"},{"taxonomy":"product_tag","embeddable":true,"href":"https:\/\/turismoenushuaia.com\/pt-br\/wp-json\/wp\/v2\/product_tag?post=13883"}],"curies":[{"name":"wp","href":"https:\/\/api.w.org\/{rel}","templated":true}]}}