{"id":13850,"date":"2022-11-13T03:20:55","date_gmt":"2022-11-13T06:20:55","guid":{"rendered":"https:\/\/turismoenushuaia.com\/producto\/traslado-cerro-castor\/"},"modified":"2023-07-25T19:57:18","modified_gmt":"2023-07-25T22:57:18","slug":"transfer-cerro-castor","status":"publish","type":"product","link":"https:\/\/turismoenushuaia.com\/pt-br\/producto\/transfer-cerro-castor\/","title":{"rendered":"Traslado Cerro Castor"},"content":{"rendered":"<h2>F\u00e9rias de Inverno em Ushuaia: Contrate os transfers para o Cerro Castor<\/h2>\n<p><span style=\"font-weight: 400;\">Servi\u00e7o dispon\u00edvel para os meses de inverno.<\/span><\/p>\n<h3><span style=\"font-weight: 400;\">HOR\u00c1RIOS DOS TRANSFERS PARA O CERRO CASTOR:<\/span><\/h3>\n<ul>\n<li style=\"font-weight: 400;\"><span style=\"font-weight: 400;\">IDA: O primeiro turno inicia a recolha dos passageiros nos hot\u00e9is a partir das 08h00 e depois o segundo turno a partir das 11h00.<\/span><\/li>\n<li style=\"font-weight: 400;\"><span style=\"font-weight: 400;\">VOLTA: O primeiro turno sai do estacionamento Cerro Castor \u00e0s 15h30 e o segundo \u00e0s 17h30.<\/span><\/li>\n<\/ul>\n<p><span style=\"font-weight: 400;\">Ao confirmar a compra, o primeiro hor\u00e1rio de sa\u00edda (08h00) e o \u00faltimo hor\u00e1rio de retorno (17h30) ser\u00e3o atribu\u00eddos por padr\u00e3o. Caso necessite de hor\u00e1rios intermedi\u00e1rios, esclare\u00e7a nas observa\u00e7\u00f5es de compra.<\/span><\/p>\n<ul>\n<li style=\"font-weight: 400;\"><span style=\"font-weight: 400;\">M\u00c9TODO: A transfer\u00eancia \u00e9 realizada em servi\u00e7o regular (compartilhado com outros passageiros).<\/span><\/li>\n<li style=\"font-weight: 400;\"><span style=\"font-weight: 400;\">IMPORTANTE: O hor\u00e1rio de chegada do transfer pode ser alterado por aspectos alheios \u00e0 organiza\u00e7\u00e3o como condi\u00e7\u00f5es clim\u00e1ticas, condi\u00e7\u00f5es das estradas, etc. A seguran\u00e7a dos passageiros ser\u00e1 sempre colocada em primeiro lugar. Sugerimos n\u00e3o contratar aulas de esqui logo pela manh\u00e3.<\/span><\/li>\n<\/ul>\n<p><img loading=\"lazy\" decoding=\"async\" class=\"alignnone size-large wp-image-2350\" src=\"https:\/\/turismoenushuaia.com\/wp-content\/uploads\/2022\/11\/Cerro-Castor-Turismo-en-Ushuaia-2-1024x683.jpg\" alt=\"\" width=\"1024\" height=\"683\" srcset=\"https:\/\/turismoenushuaia.com\/wp-content\/uploads\/2022\/11\/Cerro-Castor-Turismo-en-Ushuaia-2-1024x683.jpg 1024w, https:\/\/turismoenushuaia.com\/wp-content\/uploads\/2022\/11\/Cerro-Castor-Turismo-en-Ushuaia-2-300x200.jpg 300w, https:\/\/turismoenushuaia.com\/wp-content\/uploads\/2022\/11\/Cerro-Castor-Turismo-en-Ushuaia-2-768x512.jpg 768w, https:\/\/turismoenushuaia.com\/wp-content\/uploads\/2022\/11\/Cerro-Castor-Turismo-en-Ushuaia-2-1080x720.jpg 1080w, https:\/\/turismoenushuaia.com\/wp-content\/uploads\/2022\/11\/Cerro-Castor-Turismo-en-Ushuaia-2-980x653.jpg 980w, https:\/\/turismoenushuaia.com\/wp-content\/uploads\/2022\/11\/Cerro-Castor-Turismo-en-Ushuaia-2-480x320.jpg 480w, https:\/\/turismoenushuaia.com\/wp-content\/uploads\/2022\/11\/Cerro-Castor-Turismo-en-Ushuaia-2-600x400.jpg 600w, https:\/\/turismoenushuaia.com\/wp-content\/uploads\/2022\/11\/Cerro-Castor-Turismo-en-Ushuaia-2.jpg 1200w\" sizes=\"auto, (max-width: 1024px) 100vw, 1024px\" \/><\/p>\n<p><strong><em>*Estrangeiros, por favor, considere que o Mercado Pago rejeita pagamentos de estrangeiros. Envie-nos um WhatsApp esclarecendo isso para que possamos ajudar de forma personalizada.<\/em><\/strong><\/p>\n<p>Tour operado por TOLKEYEN PATAGONIA TURISMO SA | Lic. EVyT.: Arquivo n\u00ba 11938 &#8211; Ushuaia \u2013 Tierra del Fuego<\/p>\n<p><strong><a href=\"https:\/\/turismoenushuaia.com\/terminos-y-condiciones\/\" target=\"_blank\" rel=\"noopener\">Termos e condi\u00e7\u00f5es<\/a> . <\/strong><\/p>\n<p>&nbsp;<\/p>\n","protected":false},"excerpt":{"rendered":"<p>Aproveite a melhor neve. Visite o Cerro Castor em suas f\u00e9rias de inverno em Ushuaia e viva uma experi\u00eancia \u00fanica. Seja para atividades como esqui, snowboard ou divers\u00e3o com tren\u00f3s, o centro invernal Cerro Castor \u00e9 uma visita obrigat\u00f3ria. Resolva j\u00e1 os transfers e desfrute de magn\u00edficos dias de aventura na neve.<\/p>\n","protected":false},"featured_media":8605,"template":"","meta":{"_acf_changed":false},"product_brand":[],"product_cat":[380,383,398,402,416],"product_tag":[397,399,415,384,385,394,395],"class_list":{"0":"post-13850","1":"product","2":"type-product","3":"status-publish","4":"has-post-thumbnail","6":"epoca-invierno-pt-br","7":"dificultad-facil-pt-br","8":"product_cat-excursoes-de-inverno-em-ushuaia","9":"product_cat-traslados-em-ushuaia","10":"product_cat-esqui-ou-snowboard-em-tierra-del-fuego","11":"product_cat-centros-de-inverno-em-tierra-del-fuego","12":"product_cat-promocao-de-excursoes-em-ushuaia","13":"product_tag-neve-turismo-em-ushuaia","14":"product_tag-snowboard-pt-br","15":"product_tag-transferir","16":"product_tag-cerro-castor-turismo-em-ushuaia","17":"product_tag-centro-de-inverno-turismo-em-ushuaia","18":"product_tag-ski-turismo-em-ushuaia","19":"product_tag-ski-turismo-em-ushuaia-pt-br","21":"first","22":"instock","23":"virtual","24":"sold-individually","25":"purchasable","26":"product-type-booking"},"acf":[],"_links":{"self":[{"href":"https:\/\/turismoenushuaia.com\/pt-br\/wp-json\/wp\/v2\/product\/13850","targetHints":{"allow":["GET"]}}],"collection":[{"href":"https:\/\/turismoenushuaia.com\/pt-br\/wp-json\/wp\/v2\/product"}],"about":[{"href":"https:\/\/turismoenushuaia.com\/pt-br\/wp-json\/wp\/v2\/types\/product"}],"wp:featuredmedia":[{"embeddable":true,"href":"https:\/\/turismoenushuaia.com\/pt-br\/wp-json\/wp\/v2\/media\/8605"}],"wp:attachment":[{"href":"https:\/\/turismoenushuaia.com\/pt-br\/wp-json\/wp\/v2\/media?parent=13850"}],"wp:term":[{"taxonomy":"product_brand","embeddable":true,"href":"https:\/\/turismoenushuaia.com\/pt-br\/wp-json\/wp\/v2\/product_brand?post=13850"},{"taxonomy":"product_cat","embeddable":true,"href":"https:\/\/turismoenushuaia.com\/pt-br\/wp-json\/wp\/v2\/product_cat?post=13850"},{"taxonomy":"product_tag","embeddable":true,"href":"https:\/\/turismoenushuaia.com\/pt-br\/wp-json\/wp\/v2\/product_tag?post=13850"}],"curies":[{"name":"wp","href":"https:\/\/api.w.org\/{rel}","templated":true}]}}