{"id":13838,"date":"2022-11-17T21:11:32","date_gmt":"2022-11-18T00:11:32","guid":{"rendered":"https:\/\/turismoenushuaia.com\/producto\/lagos-escondido-e-fagnano-no-verao\/"},"modified":"2025-11-19T15:11:51","modified_gmt":"2025-11-19T18:11:51","slug":"lagos-escondido-e-fagnano-verao","status":"publish","type":"product","link":"https:\/\/turismoenushuaia.com\/pt-br\/producto\/lagos-escondido-e-fagnano-verao\/","title":{"rendered":"Lagos, Escondido e Fagnano no ver\u00e3o"},"content":{"rendered":"<h2><b>Passeio pelos Lagos Ushuaia no ver\u00e3o<\/b><\/h2>\n<p><span style=\"font-weight: 400;\">O passeio pelos Lagos de Ushuaia come\u00e7a saindo da cidade em dire\u00e7\u00e3o \u00e0 Rota Nacional n\u00ba 3. Inicialmente na dire\u00e7\u00e3o dos picos das montanhas Monte Olivia e Cinco Hermanos.<\/span><\/p>\n<p><span style=\"font-weight: 400;\">Desde o in\u00edcio do passeio pelo Vale Carbajal voc\u00ea pode ver geleiras de circo, vales suspensos e turfeiras, faremos a primeira parada l\u00e1 no Mirador del Valle Carbajal para apreciar a vista e tirar fotos.<\/span><\/p>\n<p><span style=\"font-weight: 400;\">O segundo ponto a visitar \u00e9 um Centro de Inverno onde ser\u00e1 partilhada uma interessante conversa sobre as principais curiosidades do local. Al\u00e9m disso, teremos a oportunidade de saborear o melhor caf\u00e9 da montanha.<\/span><\/p>\n<p><span style=\"font-weight: 400;\">Continuando com nosso passeio, come\u00e7aremos a subir em dire\u00e7\u00e3o ao Passo Garibaldi, seguindo a estrada sinuosa, completamente cercada por florestas de Lengas e \u00d1ires.<\/span><\/p>\n<p><span style=\"font-weight: 400;\">J\u00e1 no Mirante do Passo Garibaldi, teremos tempo suficiente para desfrutar de impressionantes vistas panor\u00e2micas do Lago Escondido, Lago Fagnano e seus arredores.<\/span><\/p>\n<p><span style=\"font-weight: 400;\">No caminho para o Lago Fagnano, tamb\u00e9m chamado Khami na l\u00edngua nativa, teremos a oportunidade de apreciar uma variedade de fazendas de castores e antigas serrarias.<\/span><\/p>\n<p><span style=\"font-weight: 400;\">Aproximando-se do sop\u00e9 do lago, faremos uma parada na Est\u00e2ncia &#8220;La Carmen&#8221; para poder percorrer os caminhos interpretativos e aproveitar o momento para capturar as paisagens em fotos das amplas docas que convergem com o imenso lago . Encontraremos, por sua vez, servi\u00e7os de cafetaria, merendas e casas de banho para quem o necessite.<\/span><\/p>\n<p><span style=\"font-weight: 400;\">Para concluir este passeio, visitaremos a \u00e1rea do resort de inverno para almo\u00e7ar, com a possibilidade de saborear o t\u00edpico Cordeiro Fueguino (menu n\u00e3o inclu\u00eddo) e, finalmente, retornar \u00e0 cidade de Ushuaia.<\/span><\/p>\n<h3><span style=\"font-weight: 400;\">Informa\u00e7\u00e3o t\u00e9cnica:<\/span><\/h3>\n<ul>\n<li style=\"font-weight: 400;\"><span style=\"font-weight: 400;\">M\u00c9TODO: A excurs\u00e3o \u00e9 realizada em servi\u00e7o regular (compartilhado com outros passageiros).<\/span><\/li>\n<li>HOR\u00c1RIO: Sa\u00edda 9h &#8211; Retorno 16h<\/li>\n<li style=\"font-weight: 400;\">NOTA IMPORTANTE: Todas as descri\u00e7\u00f5es e roteiros s\u00e3o ilustrativos: os hor\u00e1rios das atividades, sua ordem e os atrativos visitados podem variar, de acordo com a avalia\u00e7\u00e3o do guia e as caracter\u00edsticas do grupo.<\/li>\n<\/ul>\n<p><img loading=\"lazy\" decoding=\"async\" class=\"size-large wp-image-2972 aligncenter\" src=\"https:\/\/turismoenushuaia.com\/wp-content\/uploads\/2022\/11\/BosqueNaranja-TurismoEnUshuaia-1024x683.jpg\" alt=\"\" width=\"1024\" height=\"683\" srcset=\"https:\/\/turismoenushuaia.com\/wp-content\/uploads\/2022\/11\/BosqueNaranja-TurismoEnUshuaia-1024x683.jpg 1024w, https:\/\/turismoenushuaia.com\/wp-content\/uploads\/2022\/11\/BosqueNaranja-TurismoEnUshuaia-300x200.jpg 300w, https:\/\/turismoenushuaia.com\/wp-content\/uploads\/2022\/11\/BosqueNaranja-TurismoEnUshuaia-768x512.jpg 768w, https:\/\/turismoenushuaia.com\/wp-content\/uploads\/2022\/11\/BosqueNaranja-TurismoEnUshuaia-1080x720.jpg 1080w, https:\/\/turismoenushuaia.com\/wp-content\/uploads\/2022\/11\/BosqueNaranja-TurismoEnUshuaia-980x653.jpg 980w, https:\/\/turismoenushuaia.com\/wp-content\/uploads\/2022\/11\/BosqueNaranja-TurismoEnUshuaia-480x320.jpg 480w, https:\/\/turismoenushuaia.com\/wp-content\/uploads\/2022\/11\/BosqueNaranja-TurismoEnUshuaia-600x400.jpg 600w, https:\/\/turismoenushuaia.com\/wp-content\/uploads\/2022\/11\/BosqueNaranja-TurismoEnUshuaia.jpg 1200w\" sizes=\"auto, (max-width: 1024px) 100vw, 1024px\" \/><\/p>\n<p><strong><em>*Estrangeiros, por favor, considere que o Mercado Pago rejeita pagamentos de estrangeiros. Envie-nos um WhatsApp esclarecendo isso para que possamos ajudar de forma personalizada.<\/em><\/strong><\/p>\n<p>Tour operado por TOLKEYEN PATAGONIA TURISMO SA | Lic. EVyT.: Arquivo n\u00ba 11938 &#8211; Ushuaia \u2013 Tierra del Fuego<\/p>\n<p><strong><a href=\"https:\/\/turismoenushuaia.com\/pt-br\/?page_id=13300\" target=\"_blank\" rel=\"noopener\">Termos e condi\u00e7\u00f5es<\/a> . <\/strong><\/p>\n","protected":false},"excerpt":{"rendered":"<p>Uma experi\u00eancia repleta de paisagens inesquec\u00edveis. Passeio ideal para tirar as melhores fotos da verdadeira ess\u00eancia natural da Terra do Fogo. Maravilhe-se com o territ\u00f3rio do sul e seus melhores cen\u00e1rios. Voc\u00ea poder\u00e1 visitar os pontos panor\u00e2micos mais relevantes de Ushuaia durante o trajeto pelos lagos, culminando esta incr\u00edvel experi\u00eancia com a possibilidade de degustar um t\u00edpico prato fueguino.<\/p>\n","protected":false},"featured_media":8979,"template":"","meta":{"_acf_changed":false},"product_brand":[],"product_cat":[402,372,375],"product_tag":[376],"class_list":{"0":"post-13838","1":"product","2":"type-product","3":"status-publish","4":"has-post-thumbnail","6":"epoca-de-octubre-a-mayo-salidas-diarias","7":"epoca-verano","8":"dificultad-facil","9":"product_cat-centros-de-inverno-em-tierra-del-fuego","10":"product_cat-aventura-em-ushuaia","11":"product_cat-lagos-fueguinos-pt-br","12":"product_tag-vales-fueguinos-turismo-em-ushuaia","14":"first","15":"instock","16":"virtual","17":"sold-individually","18":"purchasable","19":"product-type-booking"},"acf":[],"_links":{"self":[{"href":"https:\/\/turismoenushuaia.com\/pt-br\/wp-json\/wp\/v2\/product\/13838","targetHints":{"allow":["GET"]}}],"collection":[{"href":"https:\/\/turismoenushuaia.com\/pt-br\/wp-json\/wp\/v2\/product"}],"about":[{"href":"https:\/\/turismoenushuaia.com\/pt-br\/wp-json\/wp\/v2\/types\/product"}],"wp:featuredmedia":[{"embeddable":true,"href":"https:\/\/turismoenushuaia.com\/pt-br\/wp-json\/wp\/v2\/media\/8979"}],"wp:attachment":[{"href":"https:\/\/turismoenushuaia.com\/pt-br\/wp-json\/wp\/v2\/media?parent=13838"}],"wp:term":[{"taxonomy":"product_brand","embeddable":true,"href":"https:\/\/turismoenushuaia.com\/pt-br\/wp-json\/wp\/v2\/product_brand?post=13838"},{"taxonomy":"product_cat","embeddable":true,"href":"https:\/\/turismoenushuaia.com\/pt-br\/wp-json\/wp\/v2\/product_cat?post=13838"},{"taxonomy":"product_tag","embeddable":true,"href":"https:\/\/turismoenushuaia.com\/pt-br\/wp-json\/wp\/v2\/product_tag?post=13838"}],"curies":[{"name":"wp","href":"https:\/\/api.w.org\/{rel}","templated":true}]}}