{"id":13548,"date":"2022-11-05T17:41:56","date_gmt":"2022-11-05T20:41:56","guid":{"rendered":"https:\/\/turismoenushuaia.com\/producto\/navegacao-pelo-canal-de-beagle\/"},"modified":"2025-11-19T14:43:08","modified_gmt":"2025-11-19T17:43:08","slug":"navegando-pelo-canal-de-beagle","status":"publish","type":"product","link":"https:\/\/turismoenushuaia.com\/pt-br\/producto\/navegando-pelo-canal-de-beagle\/","title":{"rendered":"Navega\u00e7\u00e3o pelo Canal de Beagle"},"content":{"rendered":"<h2>Uma navega\u00e7\u00e3o inesquec\u00edvel pelas \u00e1guas do Canal de Beagle<\/h2>\n<p><span style=\"font-weight: 400;\">A Navega\u00e7\u00e3o come\u00e7a desde o Cais Tur\u00edstico de Ushuaia, em dire\u00e7\u00e3o ao Canal de Beagle, oferecendo desde o in\u00edcio uma grande vista panor\u00e2mica da costa de Ushuaia, onde se podem ver os edif\u00edcios mais importantes, a zona industrial, o Museu Mar\u00edtimo (antiga pris\u00e3o), o Museu do Fim do Mundo, e 2 impressionantes montanhas: Olivia e Cinco Hermanos.<\/span><\/p>\n<p><span style=\"font-weight: 400;\">Inicialmente nos aproximaremos das Ilhas Bridges para fazer uma descida na Ilha Karelo. A caminhada que se realiza nesta visita n\u00e3o implica qualquer dificuldade e pode ser feita por qualquer pessoa.<\/span><\/p>\n<p><img loading=\"lazy\" decoding=\"async\" class=\"aligncenter size-full wp-image-936\" src=\"https:\/\/turismoenushuaia.com\/wp-content\/uploads\/2022\/09\/faro-canal-beagle-Turismo-en-Ushuaia.jpg\" alt=\"\" width=\"1200\" height=\"800\" srcset=\"https:\/\/turismoenushuaia.com\/wp-content\/uploads\/2022\/09\/faro-canal-beagle-Turismo-en-Ushuaia.jpg 1200w, https:\/\/turismoenushuaia.com\/wp-content\/uploads\/2022\/09\/faro-canal-beagle-Turismo-en-Ushuaia-300x200.jpg 300w, https:\/\/turismoenushuaia.com\/wp-content\/uploads\/2022\/09\/faro-canal-beagle-Turismo-en-Ushuaia-1024x683.jpg 1024w, https:\/\/turismoenushuaia.com\/wp-content\/uploads\/2022\/09\/faro-canal-beagle-Turismo-en-Ushuaia-768x512.jpg 768w, https:\/\/turismoenushuaia.com\/wp-content\/uploads\/2022\/09\/faro-canal-beagle-Turismo-en-Ushuaia-1080x720.jpg 1080w, https:\/\/turismoenushuaia.com\/wp-content\/uploads\/2022\/09\/faro-canal-beagle-Turismo-en-Ushuaia-980x653.jpg 980w, https:\/\/turismoenushuaia.com\/wp-content\/uploads\/2022\/09\/faro-canal-beagle-Turismo-en-Ushuaia-480x320.jpg 480w, https:\/\/turismoenushuaia.com\/wp-content\/uploads\/2022\/09\/faro-canal-beagle-Turismo-en-Ushuaia-600x400.jpg 600w, https:\/\/turismoenushuaia.com\/wp-content\/uploads\/2022\/09\/faro-canal-beagle-Turismo-en-Ushuaia-635x422.jpg 635w, https:\/\/turismoenushuaia.com\/wp-content\/uploads\/2022\/09\/faro-canal-beagle-Turismo-en-Ushuaia-321x214.jpg 321w\" sizes=\"auto, (max-width: 1200px) 100vw, 1200px\" \/><\/p>\n<p><span style=\"font-weight: 400;\">Continuando com a navega\u00e7\u00e3o, nos dirigiremos para o sudoeste, especificamente para a Isla de Los Lobos, onde voc\u00ea poder\u00e1 desfrutar, desde o barco, da vis\u00e3o de in\u00fameros lobos marinhos, em seu habitat natural, sem d\u00favida, um maravilhoso contexto.<\/span><\/p>\n<p><img loading=\"lazy\" decoding=\"async\" class=\"aligncenter size-full wp-image-3201\" src=\"https:\/\/turismoenushuaia.com\/wp-content\/uploads\/2022\/11\/Navegacion-Canal-Beagle-Turismo-en-Ushuaia-8.jpg\" alt=\"\" width=\"1200\" height=\"800\" srcset=\"https:\/\/turismoenushuaia.com\/wp-content\/uploads\/2022\/11\/Navegacion-Canal-Beagle-Turismo-en-Ushuaia-8.jpg 1200w, https:\/\/turismoenushuaia.com\/wp-content\/uploads\/2022\/11\/Navegacion-Canal-Beagle-Turismo-en-Ushuaia-8-300x200.jpg 300w, https:\/\/turismoenushuaia.com\/wp-content\/uploads\/2022\/11\/Navegacion-Canal-Beagle-Turismo-en-Ushuaia-8-1024x683.jpg 1024w, https:\/\/turismoenushuaia.com\/wp-content\/uploads\/2022\/11\/Navegacion-Canal-Beagle-Turismo-en-Ushuaia-8-768x512.jpg 768w, https:\/\/turismoenushuaia.com\/wp-content\/uploads\/2022\/11\/Navegacion-Canal-Beagle-Turismo-en-Ushuaia-8-1080x720.jpg 1080w, https:\/\/turismoenushuaia.com\/wp-content\/uploads\/2022\/11\/Navegacion-Canal-Beagle-Turismo-en-Ushuaia-8-980x653.jpg 980w, https:\/\/turismoenushuaia.com\/wp-content\/uploads\/2022\/11\/Navegacion-Canal-Beagle-Turismo-en-Ushuaia-8-480x320.jpg 480w, https:\/\/turismoenushuaia.com\/wp-content\/uploads\/2022\/11\/Navegacion-Canal-Beagle-Turismo-en-Ushuaia-8-600x400.jpg 600w\" sizes=\"auto, (max-width: 1200px) 100vw, 1200px\" \/><\/p>\n<p><span style=\"font-weight: 400;\">Em seguida, o pr\u00f3ximo destino \u00e9 a Isla de Los P\u00e1jaros, reconhecido habitat de corvos-marinhos de Magalh\u00e3es e corvos-marinhos imperiais e tamb\u00e9m um setor privilegiado para avistar esp\u00e9cimes das aves marinhas que habitam Ushuaia.<\/span><\/p>\n<p><span style=\"font-weight: 400;\">De cara, uma das atra\u00e7\u00f5es preferidas dos passageiros da navega\u00e7\u00e3o est\u00e1 chegando. O Farol Les Eclaireurs, localizado no arquip\u00e9lago de mesmo nome, onde o navio Monte Cervantes afundou em 1930. Esta \u00e9 a configura\u00e7\u00e3o favorita para tirar fotos com o farol.<\/span><\/p>\n<p><span style=\"font-weight: 400;\">O caminho de volta ser\u00e1 feito pelo Paso Chico, com o T\u00fanel e o Rancho Fique como paisagem, finalmente, retornamos a Ushuaia, com a moldura que o Monte Martial e a geleira d\u00e3o \u00e0 cidade, uma \u00faltima vista que ficar\u00e1 como uma lembran\u00e7a indel\u00e9vel mem\u00f3ria deste passeio pela costa mar\u00edtima de Ushuaia.<\/span><\/p>\n<ul>\n<li><span style=\"font-weight: 400;\">NOTA IMPORTANTE: As descri\u00e7\u00f5es e roteiros aqui citados s\u00e3o meramente ilustrativos: Tanto os hor\u00e1rios das atividades, sua ordem quanto os atrativos visitados podem variar, conforme avalia\u00e7\u00e3o do capit\u00e3o e tamb\u00e9m das condi\u00e7\u00f5es clim\u00e1ticas.<\/span><\/li>\n<li><strong><em>*Estrangeiros, por favor, considere que o Mercado Pago rejeita pagamentos de estrangeiros. Envie-nos um WhatsApp esclarecendo isso para que possamos ajudar de forma personalizada.<\/em><\/strong><\/li>\n<\/ul>\n<h3><span style=\"font-weight: 400;\">ESCLARECIMENTOS SOBRE A NAVEGA\u00c7\u00c3O NO CANAL DE BEAGLE:<br \/>\n<\/span><\/h3>\n<p><span style=\"font-weight: 400;\">&#8211; A descida na Ilha do Karelo estar\u00e1 sujeita \u00e0s condi\u00e7\u00f5es meteorol\u00f3gicas e \u00e0 avalia\u00e7\u00e3o do capit\u00e3o.<br \/>\n<\/span><span style=\"font-weight: 400;\">&#8211; O tipo de barco estar\u00e1 sujeito \u00e0s opera\u00e7\u00f5es internas da empresa.<br \/>\n&#8211; Recomenda-se comparecer com agasalho: jaqueta imperme\u00e1vel, gorro, luvas, polar diver. No ver\u00e3o: \u00d3culos de sol e protetor solar.<br \/>\n&#8211; A sa\u00edda \u00e9 do Tolkeyen Office no Tourist Dock, 30 minutos antes do hor\u00e1rio informado.<\/span><\/p>\n<p><img loading=\"lazy\" decoding=\"async\" class=\"size-large wp-image-2772 aligncenter\" src=\"https:\/\/turismoenushuaia.com\/wp-content\/uploads\/2022\/11\/Navegacion-canal-beagle-turismo-en-ushuaia-21-1024x683.jpg\" alt=\"\" width=\"1024\" height=\"683\" srcset=\"https:\/\/turismoenushuaia.com\/wp-content\/uploads\/2022\/11\/Navegacion-canal-beagle-turismo-en-ushuaia-21-1024x683.jpg 1024w, https:\/\/turismoenushuaia.com\/wp-content\/uploads\/2022\/11\/Navegacion-canal-beagle-turismo-en-ushuaia-21-300x200.jpg 300w, https:\/\/turismoenushuaia.com\/wp-content\/uploads\/2022\/11\/Navegacion-canal-beagle-turismo-en-ushuaia-21-768x512.jpg 768w, https:\/\/turismoenushuaia.com\/wp-content\/uploads\/2022\/11\/Navegacion-canal-beagle-turismo-en-ushuaia-21-1080x720.jpg 1080w, https:\/\/turismoenushuaia.com\/wp-content\/uploads\/2022\/11\/Navegacion-canal-beagle-turismo-en-ushuaia-21-980x653.jpg 980w, https:\/\/turismoenushuaia.com\/wp-content\/uploads\/2022\/11\/Navegacion-canal-beagle-turismo-en-ushuaia-21-480x320.jpg 480w, https:\/\/turismoenushuaia.com\/wp-content\/uploads\/2022\/11\/Navegacion-canal-beagle-turismo-en-ushuaia-21-600x400.jpg 600w, https:\/\/turismoenushuaia.com\/wp-content\/uploads\/2022\/11\/Navegacion-canal-beagle-turismo-en-ushuaia-21.jpg 1200w\" sizes=\"auto, (max-width: 1024px) 100vw, 1024px\" \/><\/p>\n<div class=\"video-container\"><iframe loading=\"lazy\" title=\"Viajar en catamar\u00e1n por el Canal Beagle - Tolkeyen Patagonia Turismo\" width=\"500\" height=\"281\" src=\"https:\/\/www.youtube.com\/embed\/MFlORHNxfJs?feature=oembed\" frameborder=\"0\" allow=\"accelerometer; autoplay; clipboard-write; encrypted-media; gyroscope; picture-in-picture; web-share\" referrerpolicy=\"strict-origin-when-cross-origin\" allowfullscreen><\/iframe><\/div>\n<p><strong>[box type=&#8221;info&#8221;] RETIRED: Esta navega\u00e7\u00e3o tem tarifa especial para RETIRED. Para efetivar o desconto, \u00e9 necess\u00e1rio apresentar uma credencial no ato da compra. N\u00e3o cumulativo com promo\u00e7\u00f5es vigentes no site.[\/box] <\/strong><\/p>\n<p>Este passeio \u00e9 acess\u00edvel para pessoas com mobilidade reduzida, pois os pontos visitados possuem rampas de acesso e espa\u00e7o para cadeiras de rodas. Tamb\u00e9m existem banheiros adaptados nos diferentes pontos visitados. Dispomos tamb\u00e9m de pessoal formado para aconselhamento e assist\u00eancia a pessoas com mobilidade reduzida<\/p>\n<p>Tour operado por TOLKEYEN PATAGONIA TURISMO SA | Lic. EVyT.: Arquivo n\u00ba 11938 &#8211; Ushuaia \u2013 Tierra del Fuego<\/p>\n<p><strong><a href=\"https:\/\/turismoenushuaia.com\/pt-br\/?page_id=13300\" target=\"_blank\" rel=\"noopener\">Termos e condi\u00e7\u00f5es<\/a> . <\/strong><\/p>\n","protected":false},"excerpt":{"rendered":"<p>Navega\u00e7\u00e3o inesquec\u00edvel pelo Canal de Beagle at\u00e9 o famoso farol Les Eclaireurs ou farol do Fim do Mundo, passando pela Isla de Los P\u00e1jaros e Isla de Los Lobos. Passeio que atravessa as \u00e1guas mais austrais para descobrir as maravilhas do Fim do Mundo ou o in\u00edcio de tudo.<\/p>\n","protected":false},"featured_media":9007,"template":"","meta":{"_acf_changed":false},"product_brand":[],"product_cat":[380,393,414,416],"product_tag":[502,374],"class_list":{"0":"post-13548","1":"product","2":"type-product","3":"status-publish","4":"has-post-thumbnail","6":"epoca-todo-el-ano","7":"dificultad-facil","8":"product_cat-excursoes-de-inverno-em-ushuaia","9":"product_cat-excursoes-em-ushuaia-verao","10":"product_cat-navegacao-no-canal-de-beagle","11":"product_cat-promocao-de-excursoes-em-ushuaia","12":"product_tag-que-hacer-en-ushuaia-pt-br","13":"product_tag-canal-de-beagle-turismo-em-ushuaia","15":"first","16":"instock","17":"sale","18":"virtual","19":"sold-individually","20":"purchasable","21":"product-type-booking"},"acf":[],"_links":{"self":[{"href":"https:\/\/turismoenushuaia.com\/pt-br\/wp-json\/wp\/v2\/product\/13548","targetHints":{"allow":["GET"]}}],"collection":[{"href":"https:\/\/turismoenushuaia.com\/pt-br\/wp-json\/wp\/v2\/product"}],"about":[{"href":"https:\/\/turismoenushuaia.com\/pt-br\/wp-json\/wp\/v2\/types\/product"}],"wp:featuredmedia":[{"embeddable":true,"href":"https:\/\/turismoenushuaia.com\/pt-br\/wp-json\/wp\/v2\/media\/9007"}],"wp:attachment":[{"href":"https:\/\/turismoenushuaia.com\/pt-br\/wp-json\/wp\/v2\/media?parent=13548"}],"wp:term":[{"taxonomy":"product_brand","embeddable":true,"href":"https:\/\/turismoenushuaia.com\/pt-br\/wp-json\/wp\/v2\/product_brand?post=13548"},{"taxonomy":"product_cat","embeddable":true,"href":"https:\/\/turismoenushuaia.com\/pt-br\/wp-json\/wp\/v2\/product_cat?post=13548"},{"taxonomy":"product_tag","embeddable":true,"href":"https:\/\/turismoenushuaia.com\/pt-br\/wp-json\/wp\/v2\/product_tag?post=13548"}],"curies":[{"name":"wp","href":"https:\/\/api.w.org\/{rel}","templated":true}]}}