{"id":13446,"date":"2022-12-04T17:04:53","date_gmt":"2022-12-04T20:04:53","guid":{"rendered":"https:\/\/turismoenushuaia.com\/producto\/lago-escondido-e-centro-de-inverno\/"},"modified":"2023-07-25T19:56:12","modified_gmt":"2023-07-25T22:56:12","slug":"lago-escondido-e-centro-de-inverno","status":"publish","type":"product","link":"https:\/\/turismoenushuaia.com\/pt-br\/producto\/lago-escondido-e-centro-de-inverno\/","title":{"rendered":"Lago Escondido e Centro de Inverno"},"content":{"rendered":"<h2><b>Turismo no inverno de Ushuaia: Passeio pelos magn\u00edficos lagos fueguinos<\/b><\/h2>\n<p><span style=\"font-weight: 400;\">Saindo de Ushuaia, pegaremos a Rota Nacional 3 em dire\u00e7\u00e3o ao nordeste da cidade, onde se encontram os picos montanhosos do Monte Olivia e dos Cinco Hermanos.<\/span><\/p>\n<p><span style=\"font-weight: 400;\">Ao longo da rota pelo Vale do Carbajal, poderemos admirar geleiras de circo, vales suspensos e turfeiras.<\/span><\/p>\n<p><span style=\"font-weight: 400;\">Seguimos em dire\u00e7\u00e3o ao Passo Garibaldi por uma estrada sinuosa repleta de Lengas e \u00d1ires que formam uma floresta fant\u00e1stica.<\/span><\/p>\n<p><span style=\"font-weight: 400;\">O primeiro ponto onde faremos uma parada \u00e9 o Mirante do Passo Garibaldi. Aqui podemos desfrutar de incr\u00edveis vistas panor\u00e2micas do Lago Escondido, Lago Fagnano e sua impressionante paisagem.<\/span><\/p>\n<p><span style=\"font-weight: 400;\">Continuaremos a caminhada em dire\u00e7\u00e3o aos balne\u00e1rios de inverno, onde faremos uma nova parada para desfrutar de um t\u00edpico almo\u00e7o fueguino (n\u00e3o incluso), e logo retornaremos \u00e0 cidade de Ushuaia.<\/span><\/p>\n<h3><span style=\"font-weight: 400;\">Informa\u00e7\u00f5es t\u00e9cnicas sobre o passeio Lago Escondido e Winter Center:<\/span><\/h3>\n<ul>\n<li><span style=\"font-weight: 400;\">DURA\u00c7\u00c3O: Estimada, 7 horas.<\/span><\/li>\n<li><span style=\"font-weight: 400;\">FREQU\u00caNCIA: Entre JUNHO e SETEMBRO. Dias com datas \u00edmpares.<\/span><\/li>\n<li><span style=\"font-weight: 400;\">PONTO DE ENCONTRO: Alojamento.<\/span><\/li>\n<li><span style=\"font-weight: 400;\">N\u00c3O INCLUI: Almo\u00e7o.<\/span><\/li>\n<li><span style=\"font-weight: 400;\">OPCIONAL: Atividades de neve no centro de inverno (passeios de tren\u00f3, motos de neve).<\/span><\/li>\n<li><span style=\"font-weight: 400;\">GRAU DE DIFICULDADE: F\u00e1cil.<\/span><\/li>\n<li><span style=\"font-weight: 400;\">M\u00c9TODO: A excurs\u00e3o \u00e9 realizada em servi\u00e7o regular (compartilhado com outros passageiros).<\/span><\/li>\n<li>RECOMENDA\u00c7\u00d5ES: Nesta altura do ano \u00e9 imprescind\u00edvel o uso de casaco: gorro, luvas, casaco imperme\u00e1vel. Se os opcionais de neve forem realizados, sugerimos adicionalmente ter cal\u00e7as e cal\u00e7ados imperme\u00e1veis.<\/li>\n<\/ul>\n<p><span style=\"font-weight: 400;\">NOTA IMPORTANTE: Todas as descri\u00e7\u00f5es e roteiros citados s\u00e3o meramente ilustrativos: os hor\u00e1rios das atividades, sua ordem e os atrativos visitados podem variar, de acordo com a avalia\u00e7\u00e3o do guia e as caracter\u00edsticas do grupo.<\/span><\/p>\n<p><strong>Tour operado por TOLKEYEN PATAGONIA TURISMO SA | Lic. EVyT.: Arquivo n\u00ba 11938 &#8211; Ushuaia \u2013 Tierra del Fuego<\/strong><\/p>\n","protected":false},"excerpt":{"rendered":"<p>Passeio imperd\u00edvel em Ushuaia. Anime-se a percorrer a Cordilheira dos Andes, descobrir seus encantos e desfrutar das atividades que acontecem em um centro de inverno. Atividade \u00fanica repleta de vistas incompar\u00e1veis \u200b\u200bque voc\u00ea s\u00f3 encontra no canto mais austral da Argentina. Uma viagem de meio dia para conhecer os lagos mais coloridos do territ\u00f3rio da Terra do Fogo e deixar-se cativar por sua beleza.<\/p>\n","protected":false},"featured_media":9111,"template":"","meta":{"_acf_changed":false},"product_brand":[],"product_cat":[380,402,413,375],"product_tag":[376,385],"class_list":{"0":"post-13446","1":"product","2":"type-product","3":"status-publish","4":"has-post-thumbnail","6":"epoca-de-junio-a-septiembre","7":"epoca-invierno","8":"dificultad-facil","9":"product_cat-excursoes-de-inverno-em-ushuaia","10":"product_cat-centros-de-inverno-em-tierra-del-fuego","11":"product_cat-pacotes-turisticos-em-ushuaia","12":"product_cat-lagos-fueguinos-pt-br","13":"product_tag-vales-fueguinos-turismo-em-ushuaia","14":"product_tag-centro-de-inverno-turismo-em-ushuaia","16":"first","17":"instock","18":"virtual","19":"sold-individually","20":"purchasable","21":"product-type-booking"},"acf":[],"_links":{"self":[{"href":"https:\/\/turismoenushuaia.com\/pt-br\/wp-json\/wp\/v2\/product\/13446","targetHints":{"allow":["GET"]}}],"collection":[{"href":"https:\/\/turismoenushuaia.com\/pt-br\/wp-json\/wp\/v2\/product"}],"about":[{"href":"https:\/\/turismoenushuaia.com\/pt-br\/wp-json\/wp\/v2\/types\/product"}],"wp:featuredmedia":[{"embeddable":true,"href":"https:\/\/turismoenushuaia.com\/pt-br\/wp-json\/wp\/v2\/media\/9111"}],"wp:attachment":[{"href":"https:\/\/turismoenushuaia.com\/pt-br\/wp-json\/wp\/v2\/media?parent=13446"}],"wp:term":[{"taxonomy":"product_brand","embeddable":true,"href":"https:\/\/turismoenushuaia.com\/pt-br\/wp-json\/wp\/v2\/product_brand?post=13446"},{"taxonomy":"product_cat","embeddable":true,"href":"https:\/\/turismoenushuaia.com\/pt-br\/wp-json\/wp\/v2\/product_cat?post=13446"},{"taxonomy":"product_tag","embeddable":true,"href":"https:\/\/turismoenushuaia.com\/pt-br\/wp-json\/wp\/v2\/product_tag?post=13446"}],"curies":[{"name":"wp","href":"https:\/\/api.w.org\/{rel}","templated":true}]}}