{"id":13433,"date":"2022-10-30T03:59:32","date_gmt":"2022-10-30T06:59:32","guid":{"rendered":"https:\/\/turismoenushuaia.com\/producto\/traslados-do-aeroporto-ao-hotel-em-ushuaia-ida-e-volta\/"},"modified":"2025-11-19T15:07:17","modified_gmt":"2025-11-19T18:07:17","slug":"transfers-do-aeroporto-para-o-hotel-e-do-hotel-para-o-aeroporto","status":"publish","type":"product","link":"https:\/\/turismoenushuaia.com\/pt-br\/producto\/transfers-do-aeroporto-para-o-hotel-e-do-hotel-para-o-aeroporto\/","title":{"rendered":"Traslados do aeroporto ao hotel em Ushuaia &#8211; ida e volta."},"content":{"rendered":"<h2><span style=\"font-weight: 400;\">Traslado desde o Aeroporto Internacional das Malvinas Argentinas em Ushuaia at\u00e9 sua acomoda\u00e7\u00e3o.<\/span><\/h2>\n<p><span style=\"font-weight: 400;\">Nossos \u00f4nibus contam com toda a comodidade, conforto e seguran\u00e7a que voc\u00ea precisa para aproveitar sua estadia em Ushuaia desde o primeiro momento, levando voc\u00ea at\u00e9 sua acomoda\u00e7\u00e3o em tempo h\u00e1bil.<\/span><\/p>\n<p><span style=\"font-weight: 400;\">Para contratar este servi\u00e7o dever\u00e1 indicar na sua reserva qual o n\u00famero do seu voo, dia de chegada e alojamento de destino, se no momento da contrata\u00e7\u00e3o ainda n\u00e3o dispuser das informa\u00e7\u00f5es solicitadas podemos coordenar uma data para envio dos dados solicitados com anteced\u00eancia sua chegada a Ushuaia.<\/span><\/p>\n<p>Inclui ambas as se\u00e7\u00f5es de ida e volta.<\/p>\n<p>Passageiros de 0 a 3 n\u00e3o pagam passagem.<\/p>\n<p><strong><em>*Estrangeiros, por favor, considere que o Mercado Pago rejeita pagamentos de estrangeiros. Envie-nos um WhatsApp esclarecendo isso para que possamos ajudar de forma personalizada.<\/em><\/strong><\/p>\n<p>Este passeio \u00e9 acess\u00edvel para pessoas com mobilidade reduzida, pois os pontos visitados possuem rampas de acesso e espa\u00e7o para cadeiras de rodas. Tamb\u00e9m existem banheiros adaptados nos diferentes pontos visitados. Dispomos tamb\u00e9m de pessoal formado para aconselhamento e assist\u00eancia a pessoas com mobilidade reduzida<\/p>\n<p><img loading=\"lazy\" decoding=\"async\" class=\"aligncenter size-full wp-image-7023\" src=\"https:\/\/turismoenushuaia.com\/wp-content\/uploads\/2022\/10\/logo-accesibilidad.png\" alt=\"\" width=\"225\" height=\"225\" srcset=\"https:\/\/turismoenushuaia.com\/wp-content\/uploads\/2022\/10\/logo-accesibilidad.png 225w, https:\/\/turismoenushuaia.com\/wp-content\/uploads\/2022\/10\/logo-accesibilidad-150x150.png 150w, https:\/\/turismoenushuaia.com\/wp-content\/uploads\/2022\/10\/logo-accesibilidad-100x100.png 100w\" sizes=\"auto, (max-width: 225px) 100vw, 225px\" \/><\/p>\n<p>Tour operado por TOLKEYEN PATAGONIA TURISMO SA | Lic. EVyT.: Arquivo n\u00ba 11938 &#8211; Ushuaia \u2013 Tierra del Fuego<\/p>\n<p><strong><a href=\"https:\/\/turismoenushuaia.com\/pt-br\/?page_id=13300\" target=\"_blank\" rel=\"noopener\">Termos e condi\u00e7\u00f5es<\/a> . <\/strong><\/p>\n","protected":false},"excerpt":{"rendered":"<p>Resolva de forma f\u00e1cil e pr\u00e1tica o transfer de e para o aeroporto de Ushuaia. Contamos com \u00f4nibus confort\u00e1veis \u200b\u200be da melhor qualidade para que voc\u00ea comece a desfrutar de suas f\u00e9rias em Ushuaia desde o primeiro momento.<\/p>\n","protected":false},"featured_media":8983,"template":"","meta":{"_acf_changed":false},"product_brand":[],"product_cat":[383,416],"product_tag":[415,390],"class_list":{"0":"post-13433","1":"product","2":"type-product","3":"status-publish","4":"has-post-thumbnail","6":"epoca-todo-el-ano","7":"product_cat-traslados-em-ushuaia","8":"product_cat-promocao-de-excursoes-em-ushuaia","9":"product_tag-transferir","10":"product_tag-turismo-acessivel","12":"first","13":"instock","14":"virtual","15":"sold-individually","16":"purchasable","17":"product-type-booking"},"acf":[],"_links":{"self":[{"href":"https:\/\/turismoenushuaia.com\/pt-br\/wp-json\/wp\/v2\/product\/13433","targetHints":{"allow":["GET"]}}],"collection":[{"href":"https:\/\/turismoenushuaia.com\/pt-br\/wp-json\/wp\/v2\/product"}],"about":[{"href":"https:\/\/turismoenushuaia.com\/pt-br\/wp-json\/wp\/v2\/types\/product"}],"wp:featuredmedia":[{"embeddable":true,"href":"https:\/\/turismoenushuaia.com\/pt-br\/wp-json\/wp\/v2\/media\/8983"}],"wp:attachment":[{"href":"https:\/\/turismoenushuaia.com\/pt-br\/wp-json\/wp\/v2\/media?parent=13433"}],"wp:term":[{"taxonomy":"product_brand","embeddable":true,"href":"https:\/\/turismoenushuaia.com\/pt-br\/wp-json\/wp\/v2\/product_brand?post=13433"},{"taxonomy":"product_cat","embeddable":true,"href":"https:\/\/turismoenushuaia.com\/pt-br\/wp-json\/wp\/v2\/product_cat?post=13433"},{"taxonomy":"product_tag","embeddable":true,"href":"https:\/\/turismoenushuaia.com\/pt-br\/wp-json\/wp\/v2\/product_tag?post=13433"}],"curies":[{"name":"wp","href":"https:\/\/api.w.org\/{rel}","templated":true}]}}