{"id":13428,"date":"2022-11-08T03:50:27","date_gmt":"2022-11-08T06:50:27","guid":{"rendered":"https:\/\/turismoenushuaia.com\/producto\/navegacao-a-colonia-de-pinguins-parque-tierra-del-fuego\/"},"modified":"2025-11-19T14:49:21","modified_gmt":"2025-11-19T17:49:21","slug":"navegacao-beagle-canal-para-a-colonia-pinguins-parque-nacional-tierra-del-fuego","status":"publish","type":"product","link":"https:\/\/turismoenushuaia.com\/pt-br\/producto\/navegacao-beagle-canal-para-a-colonia-pinguins-parque-nacional-tierra-del-fuego\/","title":{"rendered":"Navega\u00e7\u00e3o \u00e0 col\u00f4nia de pinguins + Parque Tierra del Fuego"},"content":{"rendered":"<h2><b>O que fazer em Ushuaia: Visite a col\u00f4nia de pinguins no Fim do Mundo <\/b><\/h2>\n<p><span style=\"font-weight: 400;\">A navega\u00e7\u00e3o come\u00e7a no Cais Tur\u00edstico da cidade, em dire\u00e7\u00e3o ao centro do Canal de Beagle. Ao entrar no Canal, obteremos uma vista panor\u00e2mica privilegiada da costa de Ushuaia. Pr\u00e9dios significativos para a hist\u00f3ria da cidade se destacam diante dos olhos dos passageiros: o Museu Mar\u00edtimo (antigo pres\u00eddio), o Museu do Fim do Mundo, a zona industrial e as montanhas Olivia e Cinco Hermanos.<\/span><\/p>\n<p><span style=\"font-weight: 400;\">A sudoeste avista-se a Isla de Los Lobos, do barco avistam-se magn\u00edficos le\u00f5es-marinhos, um cen\u00e1rio natural cativante.<\/span><\/p>\n<p><span style=\"font-weight: 400;\">O pr\u00f3ximo destino que iremos \u00e9 a Isla de Los P\u00e1jaros, um lugar onde coexistem corvos-marinhos de Magalh\u00e3es, corvos-marinhos imperiais e v\u00e1rios outros esp\u00e9cimes da avifauna marinha de Ushuaia.<\/span><\/p>\n<p><span style=\"font-weight: 400;\">Continuando com a navega\u00e7\u00e3o seguimos em dire\u00e7\u00e3o ao Farol Les Eclaireurs ou renomado Farol do Fim do Mundo, que fica localizado no arquip\u00e9lago de mesmo nome. Aqui tamb\u00e9m \u00e9 poss\u00edvel ver partes do Monte Cervantes, navio que afundou em 1930.<\/span><\/p>\n<p><span style=\"font-weight: 400;\">Navegando em dire\u00e7\u00e3o \u00e0 costa sul da Isla Grande de Tierra del Fuego, voc\u00ea poder\u00e1 ver a Est\u00e2ncia Remolino onde o navio Monte Sarmiento est\u00e1 encalhado. Atravessaremos o Canal de Beagle no sentido Norte-Sul, momento em que poderemos apreciar a Ilha Gable e a Base Naval de Puerto Williams (localizada na Ilha Navarino, Rep\u00fablica do Chile). <\/span><\/p>\n<p><span style=\"font-weight: 400;\">O pr\u00f3ximo destino \u00e9 a Ilha Hammer. Aqui teremos a oportunidade de chegar perto da praia e ficar l\u00e1 para observar como a col\u00f4nia de Ping\u00fcins de Magalh\u00e3es que nidificam durante o ver\u00e3o se aproxima do barco com curiosidade, brinca e nada no mar abaixo do catamar\u00e3 para ressurgir. Um momento \u00fanico e maravilhoso que convida a regist\u00e1-lo em in\u00fameras fotografias.<\/span><\/p>\n<p><span style=\"font-weight: 400;\">Ap\u00f3s o agrad\u00e1vel passeio, regressamos a navegar at\u00e9 \u00e0 Doca Tur\u00edstica. No caminho encontraremos os Ranchos T\u00fanel e Fique para finalizar o passeio.<\/span><\/p>\n<h3><span style=\"font-weight: 400;\">Informa\u00e7\u00f5es T\u00e9cnicas da Navega\u00e7\u00e3o para a Col\u00f4nia de Pinguins<\/span><\/h3>\n<ul>\n<li style=\"font-weight: 400;\"><span style=\"font-weight: 400;\">DURA\u00c7\u00c3O: 6 horas.<\/span><\/li>\n<li style=\"font-weight: 400;\"><span style=\"font-weight: 400;\">FREQU\u00caNCIA: De novembro a mar\u00e7o. Sa\u00eddas di\u00e1rias pela manh\u00e3 e \u00e0 tarde.<\/span><\/li>\n<li style=\"font-weight: 400;\"><span style=\"font-weight: 400;\">PONTO DE ENCONTRO: Tolkeyen Office no Tourist Dock.<\/span><\/li>\n<li style=\"font-weight: 400;\"><span style=\"font-weight: 400;\">INCLUI: Taxa portu\u00e1ria.<\/span><\/li>\n<li style=\"font-weight: 400;\"><span style=\"font-weight: 400;\">OPCIONAIS: Servi\u00e7o de Cafeteria.<\/span><\/li>\n<li style=\"font-weight: 400;\"><span style=\"font-weight: 400;\">GRAU DE DIFICULDADE: F\u00e1cil.<\/span><\/li>\n<li style=\"font-weight: 400;\"><span style=\"font-weight: 400;\">RECOMENDA\u00c7\u00d5ES: Agasalhos (chap\u00e9u, luvas, jaqueta, capa de chuva). No ver\u00e3o: \u00d3culos de sol e protetor solar.<\/span><\/li>\n<\/ul>\n<p><img loading=\"lazy\" decoding=\"async\" class=\"aligncenter size-full wp-image-2826\" src=\"https:\/\/turismoenushuaia.com\/wp-content\/uploads\/2022\/11\/pinguinera-canal-beagle-turismo-en-ushuaia-isla-martillo.jpg\" alt=\"\" width=\"1200\" height=\"800\" srcset=\"https:\/\/turismoenushuaia.com\/wp-content\/uploads\/2022\/11\/pinguinera-canal-beagle-turismo-en-ushuaia-isla-martillo.jpg 1200w, https:\/\/turismoenushuaia.com\/wp-content\/uploads\/2022\/11\/pinguinera-canal-beagle-turismo-en-ushuaia-isla-martillo-300x200.jpg 300w, https:\/\/turismoenushuaia.com\/wp-content\/uploads\/2022\/11\/pinguinera-canal-beagle-turismo-en-ushuaia-isla-martillo-1024x683.jpg 1024w, https:\/\/turismoenushuaia.com\/wp-content\/uploads\/2022\/11\/pinguinera-canal-beagle-turismo-en-ushuaia-isla-martillo-768x512.jpg 768w, https:\/\/turismoenushuaia.com\/wp-content\/uploads\/2022\/11\/pinguinera-canal-beagle-turismo-en-ushuaia-isla-martillo-1080x720.jpg 1080w, https:\/\/turismoenushuaia.com\/wp-content\/uploads\/2022\/11\/pinguinera-canal-beagle-turismo-en-ushuaia-isla-martillo-980x653.jpg 980w, https:\/\/turismoenushuaia.com\/wp-content\/uploads\/2022\/11\/pinguinera-canal-beagle-turismo-en-ushuaia-isla-martillo-480x320.jpg 480w, https:\/\/turismoenushuaia.com\/wp-content\/uploads\/2022\/11\/pinguinera-canal-beagle-turismo-en-ushuaia-isla-martillo-600x400.jpg 600w\" sizes=\"auto, (max-width: 1200px) 100vw, 1200px\" \/><\/p>\n<div class=\"video-container\"><iframe loading=\"lazy\" title=\"\u00bfC\u00f3mo es la experiencia por el Canal Beagle? - Turismo en Ushuaia\" width=\"500\" height=\"281\" src=\"https:\/\/www.youtube.com\/embed\/W4OcVFbV_xM?feature=oembed\" frameborder=\"0\" allow=\"accelerometer; autoplay; clipboard-write; encrypted-media; gyroscope; picture-in-picture; web-share\" referrerpolicy=\"strict-origin-when-cross-origin\" allowfullscreen><\/iframe><\/div>\n<hr \/>\n<h2><b>TOUR AO PARQUE NACIONAL TIERRA DEL FUEGO<\/b><\/h2>\n<p><span style=\"font-weight: 400;\">Seguiremos em dire\u00e7\u00e3o ao Parque Nacional Tierra del Fuego, saindo de Ushuaia em dire\u00e7\u00e3o ao sudoeste. No primeiro trecho percorremos a Rota Nacional n\u00ba 3, que desde o in\u00edcio come\u00e7a a nos cativar com suas paisagens.<\/span><\/p>\n<p><span style=\"font-weight: 400;\">Aproximadamente 11 quil\u00f4metros nos separam de nosso destino principal, mas antes de entrarmos na mais pura natureza do Fim do Mundo, faremos uma parada nas proximidades do Centro H\u00edpico, onde encontraremos incr\u00edveis vistas panor\u00e2micas do Canal de Beagle, da pen\u00ednsula de Ushuaia e os arquip\u00e9lagos das pontes. , Willie e Les Eclauriers.<\/span><\/p>\n<p><span style=\"font-weight: 400;\">De volta \u00e0 estrada, depois de cruzar a ponte do Rio Pipo e pr\u00f3ximo ao Ushuaia Golf Club, chegaremos \u00e0 esta\u00e7\u00e3o Ferrovi\u00e1ria Austral Fueguino, onde est\u00e1 localizado o famoso Trem do Fim do Mundo. Aqueles que est\u00e3o entusiasmados em embarcar no Trem do Fim do Mundo poder\u00e3o faz\u00ea-lo se desejarem. Todo o grupo se reunir\u00e1 novamente mais tarde.<\/span><\/p>\n<p><span style=\"font-weight: 400;\">A chegada ao Parque dura mais 2 quil\u00f4metros at\u00e9 voc\u00ea entrar. O Parque Nacional Tierra del Fuego \u00e9 uma \u00e1rea reservada para a prote\u00e7\u00e3o da Floresta Subant\u00e1rtica, bem como de sua flora e fauna nativas.<\/span><\/p>\n<p><span style=\"font-weight: 400;\">A estrada que percorreremos \u00e9 repleta de florestas de lengas e turfeiras, nos levar\u00e1 ao Lago Acigami (ex Roca), que \u00e9 de origem glacial e cuja superf\u00edcie \u00e9 de 5,50 quil\u00f4metros quadrados. Este cen\u00e1rio \u00e9 emoldurado por incr\u00edveis montanhas e florestas, onde tamb\u00e9m \u00e9 poss\u00edvel avistar exemplares de aves nativas.<\/span><\/p>\n<p><span style=\"font-weight: 400;\">Neste ponto de interesse est\u00e1 a \u00e1rea de servi\u00e7o. Durante esse per\u00edodo, teremos aproximadamente 30 minutos de lazer gratuitos.<\/span><\/p>\n<p><span style=\"font-weight: 400;\">Mais tarde, na Bah\u00eda Lapataia, al\u00e9m de apreciar a costa marinha de abundantes moluscos e mexilh\u00f5es, tamb\u00e9m encontraremos algo do que foram os antigos nativos que habitaram a regi\u00e3o. Teremos tempo aqui para passear e subir a passarela de onde voc\u00ea pode tirar v\u00e1rias fotos e apreciar a magn\u00edfica sensa\u00e7\u00e3o de estar no fim do mundo.<\/span><\/p>\n<p><span style=\"font-weight: 400;\">\u00c9 a partir deste local, no final da Estrada Nacional n\u00ba 3, que iniciaremos o regresso \u00e0 cidade.<\/span><\/p>\n<h3><strong>Informa\u00e7\u00f5es t\u00e9cnicas sobre o passeio do Parque Nacional Tierra del Fuego:<\/strong><\/h3>\n<ul>\n<li style=\"font-weight: 400;\"><span style=\"font-weight: 400;\">DURA\u00c7\u00c3O: Meio dia.<\/span><\/li>\n<li style=\"font-weight: 400;\"><span style=\"font-weight: 400;\">FREQU\u00caNCIA: Todo o ano. Sa\u00eddas di\u00e1rias pela manh\u00e3.<\/span><\/li>\n<li style=\"font-weight: 400;\"><span style=\"font-weight: 400;\">PONTO DE ENCONTRO: Alojamento de cada passageiro.<\/span><\/li>\n<li style=\"font-weight: 400;\"><span style=\"font-weight: 400;\">N\u00c3O INCLUI: Entrada ao Parque Nacional Tierra del Fuego.<\/span><\/li>\n<li style=\"font-weight: 400;\"><span style=\"font-weight: 400;\">OPCIONAIS: Bilhete do Trem do Fim do Mundo.<\/span><\/li>\n<li style=\"font-weight: 400;\"><span style=\"font-weight: 400;\">GRAU DE DIFICULDADE: F\u00e1cil.<\/span><\/li>\n<li style=\"font-weight: 400;\"><span style=\"font-weight: 400;\">RECOMENDA\u00c7\u00d5ES: Agasalhos (gorro, luvas, casaco imperme\u00e1vel). No ver\u00e3o: \u00f3culos de sol e protetor solar.<\/span><\/li>\n<li><a href=\"https:\/\/ventaweb.apn.gob.ar\/reserva\/parques\" target=\"_blank\" rel=\"noopener\"><strong>Quanto custa a entrada no Parque Nacional Tierra del Fuego? <\/strong><\/a><\/li>\n<\/ul>\n<p><span style=\"font-weight: 400;\"><strong>NOTA IMPORTANTE:<\/strong> Todas as descri\u00e7\u00f5es e roteiros s\u00e3o ilustrativos: os hor\u00e1rios das atividades, sua ordem e os atrativos visitados podem variar, conforme avalia\u00e7\u00e3o do guia e das condi\u00e7\u00f5es clim\u00e1ticas.<\/span><\/p>\n<p><img loading=\"lazy\" decoding=\"async\" class=\"aligncenter size-full wp-image-2158\" src=\"https:\/\/turismoenushuaia.com\/wp-content\/uploads\/2022\/11\/Parque-Nacional-Tierra-del-Fuego-Otono-turismo-en-Ushuaia-bahia-lapataia.jpg\" alt=\"\" width=\"1200\" height=\"800\" srcset=\"https:\/\/turismoenushuaia.com\/wp-content\/uploads\/2022\/11\/Parque-Nacional-Tierra-del-Fuego-Otono-turismo-en-Ushuaia-bahia-lapataia.jpg 1200w, https:\/\/turismoenushuaia.com\/wp-content\/uploads\/2022\/11\/Parque-Nacional-Tierra-del-Fuego-Otono-turismo-en-Ushuaia-bahia-lapataia-300x200.jpg 300w, https:\/\/turismoenushuaia.com\/wp-content\/uploads\/2022\/11\/Parque-Nacional-Tierra-del-Fuego-Otono-turismo-en-Ushuaia-bahia-lapataia-1024x683.jpg 1024w, https:\/\/turismoenushuaia.com\/wp-content\/uploads\/2022\/11\/Parque-Nacional-Tierra-del-Fuego-Otono-turismo-en-Ushuaia-bahia-lapataia-768x512.jpg 768w, https:\/\/turismoenushuaia.com\/wp-content\/uploads\/2022\/11\/Parque-Nacional-Tierra-del-Fuego-Otono-turismo-en-Ushuaia-bahia-lapataia-1080x720.jpg 1080w, https:\/\/turismoenushuaia.com\/wp-content\/uploads\/2022\/11\/Parque-Nacional-Tierra-del-Fuego-Otono-turismo-en-Ushuaia-bahia-lapataia-980x653.jpg 980w, https:\/\/turismoenushuaia.com\/wp-content\/uploads\/2022\/11\/Parque-Nacional-Tierra-del-Fuego-Otono-turismo-en-Ushuaia-bahia-lapataia-480x320.jpg 480w, https:\/\/turismoenushuaia.com\/wp-content\/uploads\/2022\/11\/Parque-Nacional-Tierra-del-Fuego-Otono-turismo-en-Ushuaia-bahia-lapataia-600x400.jpg 600w\" sizes=\"auto, (max-width: 1200px) 100vw, 1200px\" \/><\/p>\n<p><strong><em>*Estrangeiros, por favor, considere que o Mercado Pago rejeita pagamentos de estrangeiros. Envie-nos um WhatsApp esclarecendo isso para que possamos ajudar de forma personalizada.<\/em><\/strong><\/p>\n<p>Este passeio \u00e9 acess\u00edvel para pessoas com mobilidade reduzida, pois os pontos visitados possuem rampas de acesso e espa\u00e7o para cadeiras de rodas. Tamb\u00e9m existem banheiros adaptados nos diferentes pontos visitados. Dispomos tamb\u00e9m de pessoal formado para aconselhamento e assist\u00eancia a pessoas com mobilidade reduzida<\/p>\n<p>Tour operado por TOLKEYEN PATAGONIA TURISMO SA | Lic. EVyT.: Arquivo n\u00ba 11938 &#8211; Ushuaia \u2013 Tierra del Fuego<\/p>\n<p><strong><a href=\"https:\/\/turismoenushuaia.com\/pt-br\/?page_id=13300\" target=\"_blank\" rel=\"noopener\">Termos e condi\u00e7\u00f5es<\/a> . <\/strong><\/p>\n","protected":false},"excerpt":{"rendered":"<p>Ushuaia nos oferece cart\u00f5es postais imperd\u00edveis nestas duas magn\u00edficas excurs\u00f5es por terra e \u00e1gua. Aproveite a navega\u00e7\u00e3o pelo Canal de Beagle e conhe\u00e7a as esp\u00e9cies animais que o habitam: lobos marinhos, pinguins e maravilhosas aves patag\u00f4nicas. Voc\u00ea tamb\u00e9m poder\u00e1 registrar in\u00fameras lembran\u00e7as visitando o Parque Nacional Tierra del Fuego e toda a fauna que ali se preserva. Desfrute de paisagens naturais privilegiadas no Fim do Mundo com este atraente combo de 2 excurs\u00f5es a um pre\u00e7o imperd\u00edvel.<\/p>\n","protected":false},"featured_media":8231,"template":"","meta":{"_acf_changed":false},"product_brand":[],"product_cat":[393,407,413,414],"product_tag":[400],"class_list":{"0":"post-13428","1":"product","2":"type-product","3":"status-publish","4":"has-post-thumbnail","6":"epoca-verano-pt-br","7":"dificultad-facil-pt-br","8":"product_cat-excursoes-em-ushuaia-verao","9":"product_cat-parque-nacional-tierra-del-fuego-pt-br","10":"product_cat-pacotes-turisticos-em-ushuaia","11":"product_cat-navegacao-no-canal-de-beagle","12":"product_tag-pacotes-turisticos-em-ushuaia","14":"first","15":"instock","16":"virtual","17":"sold-individually","18":"purchasable","19":"product-type-booking"},"acf":[],"_links":{"self":[{"href":"https:\/\/turismoenushuaia.com\/pt-br\/wp-json\/wp\/v2\/product\/13428","targetHints":{"allow":["GET"]}}],"collection":[{"href":"https:\/\/turismoenushuaia.com\/pt-br\/wp-json\/wp\/v2\/product"}],"about":[{"href":"https:\/\/turismoenushuaia.com\/pt-br\/wp-json\/wp\/v2\/types\/product"}],"wp:featuredmedia":[{"embeddable":true,"href":"https:\/\/turismoenushuaia.com\/pt-br\/wp-json\/wp\/v2\/media\/8231"}],"wp:attachment":[{"href":"https:\/\/turismoenushuaia.com\/pt-br\/wp-json\/wp\/v2\/media?parent=13428"}],"wp:term":[{"taxonomy":"product_brand","embeddable":true,"href":"https:\/\/turismoenushuaia.com\/pt-br\/wp-json\/wp\/v2\/product_brand?post=13428"},{"taxonomy":"product_cat","embeddable":true,"href":"https:\/\/turismoenushuaia.com\/pt-br\/wp-json\/wp\/v2\/product_cat?post=13428"},{"taxonomy":"product_tag","embeddable":true,"href":"https:\/\/turismoenushuaia.com\/pt-br\/wp-json\/wp\/v2\/product_tag?post=13428"}],"curies":[{"name":"wp","href":"https:\/\/api.w.org\/{rel}","templated":true}]}}