{"id":13385,"date":"2023-04-20T15:44:47","date_gmt":"2023-04-20T18:44:47","guid":{"rendered":"https:\/\/turismoenushuaia.com\/producto\/experiencia-branca\/"},"modified":"2023-10-12T22:19:00","modified_gmt":"2023-10-13T01:19:00","slug":"experiencia-branca","status":"publish","type":"product","link":"https:\/\/turismoenushuaia.com\/pt-br\/producto\/experiencia-branca\/","title":{"rendered":"Experi\u00eancia branca"},"content":{"rendered":"<h2 style=\"text-align: center;\"><strong>EXPERI\u00caNCIA BRANCA NO VALE<\/strong><\/h2>\n<p class=\"p1\">Saindo da cidade de Ushuaia, viajaremos pela rota nacional No. 3, na dire\u00e7\u00e3o nordeste, em dire\u00e7\u00e3o aos picos das montanhas, Monte Olivia e Cinco Hermanos.<\/p>\n<p class=\"p1\">No caminho chegaremos ao Vale do Carvajal onde faremos uma parada fotogr\u00e1fica, observaremos geleiras circenses, vales suspensos e turfeiras em explora\u00e7\u00e3o.<\/p>\n<p class=\"p1\">A segunda paragem ser\u00e1 num Centro de Inverno onde teremos uma breve conversa sobre o local onde nos encontramos enquanto saboreamos um delicioso caf\u00e9 serrano acompanhado de um pequeno lanche. Aqui cal\u00e7aremos nossas raquetes de neve para fazer uma pequena caminhada, tirar fotos e apreciar a paisagem impressionante.<\/p>\n<p class=\"p1\">Continuamos nosso passeio, encontraremos vales de turfa, pequenas geleiras, centros de esqui de fundo e atividades na neve, o complexo de esqui alpino Cerro Castor, cachoeiras e ambientes modificados pela a\u00e7\u00e3o dos Castores.<\/p>\n<p class=\"p1\">Da \u00e1rea de Rancho Hambre, come\u00e7amos a subir em dire\u00e7\u00e3o ao Passo Garibaldi, seguindo a estrada sinuosa, cercada por florestas de Lenga e \u00d1ire.<\/p>\n<p class=\"p1\">No Mirante do Passo Garibaldi faremos uma parada para apreciar as vistas panor\u00e2micas do Lago Escondido, Lago Fagnano e arredores.<\/p>\n<p class=\"p1\">Ap\u00f3s esta \u00faltima paragem iniciaremos o regresso \u00e0 zona dos centros de inverno. Uma vez l\u00e1, visitaremos o primeiro bar de u\u00edsque da montanha, onde teremos uma pequena conversa e degusta\u00e7\u00e3o.<\/p>\n<p class=\"p1\">Antes de nos sentarmos para degustar o famoso cordeiro fueguino, subiremos em motos de neve para passear pelos vales e bosques patag\u00f4nicos, tirar fotos e desfrutar desta experi\u00eancia \u00fanica.<\/p>\n<p class=\"p1\">Ap\u00f3s o almo\u00e7o retornaremos \u00e0 cidade de Ushuaia deixando cada passageiro e sua acomoda\u00e7\u00e3o correspondente.<\/p>\n<p><img loading=\"lazy\" decoding=\"async\" class=\"aligncenter size-full wp-image-6839\" src=\"https:\/\/turismoenushuaia.com\/wp-content\/uploads\/2023\/04\/experiencia-blanca-Turismo-en-Ushuaiaexperiencia-blanca-tolkeyen-patagonia-turismo2.jpg\" alt=\"\" width=\"1200\" height=\"800\" srcset=\"https:\/\/turismoenushuaia.com\/wp-content\/uploads\/2023\/04\/experiencia-blanca-Turismo-en-Ushuaiaexperiencia-blanca-tolkeyen-patagonia-turismo2.jpg 1200w, https:\/\/turismoenushuaia.com\/wp-content\/uploads\/2023\/04\/experiencia-blanca-Turismo-en-Ushuaiaexperiencia-blanca-tolkeyen-patagonia-turismo2-300x200.jpg 300w, https:\/\/turismoenushuaia.com\/wp-content\/uploads\/2023\/04\/experiencia-blanca-Turismo-en-Ushuaiaexperiencia-blanca-tolkeyen-patagonia-turismo2-1024x683.jpg 1024w, https:\/\/turismoenushuaia.com\/wp-content\/uploads\/2023\/04\/experiencia-blanca-Turismo-en-Ushuaiaexperiencia-blanca-tolkeyen-patagonia-turismo2-768x512.jpg 768w, https:\/\/turismoenushuaia.com\/wp-content\/uploads\/2023\/04\/experiencia-blanca-Turismo-en-Ushuaiaexperiencia-blanca-tolkeyen-patagonia-turismo2-600x400.jpg 600w\" sizes=\"auto, (max-width: 1200px) 100vw, 1200px\" \/><\/p>\n<p><img loading=\"lazy\" decoding=\"async\" class=\"aligncenter size-full wp-image-6838\" src=\"https:\/\/turismoenushuaia.com\/wp-content\/uploads\/2023\/04\/experiencia-blanca-Turismo-en-Ushuaiaexperiencia-blanca-tolkeyen-patagonia-turismo1.jpg\" alt=\"\" width=\"1200\" height=\"800\" srcset=\"https:\/\/turismoenushuaia.com\/wp-content\/uploads\/2023\/04\/experiencia-blanca-Turismo-en-Ushuaiaexperiencia-blanca-tolkeyen-patagonia-turismo1.jpg 1200w, https:\/\/turismoenushuaia.com\/wp-content\/uploads\/2023\/04\/experiencia-blanca-Turismo-en-Ushuaiaexperiencia-blanca-tolkeyen-patagonia-turismo1-300x200.jpg 300w, https:\/\/turismoenushuaia.com\/wp-content\/uploads\/2023\/04\/experiencia-blanca-Turismo-en-Ushuaiaexperiencia-blanca-tolkeyen-patagonia-turismo1-1024x683.jpg 1024w, https:\/\/turismoenushuaia.com\/wp-content\/uploads\/2023\/04\/experiencia-blanca-Turismo-en-Ushuaiaexperiencia-blanca-tolkeyen-patagonia-turismo1-768x512.jpg 768w, https:\/\/turismoenushuaia.com\/wp-content\/uploads\/2023\/04\/experiencia-blanca-Turismo-en-Ushuaiaexperiencia-blanca-tolkeyen-patagonia-turismo1-600x400.jpg 600w\" sizes=\"auto, (max-width: 1200px) 100vw, 1200px\" \/><\/p>\n<p><strong>Frequ\u00eancia<\/strong> : segunda, quarta, sexta e domingo \u2013 de junho a setembro<\/p>\n<ul>\n<li class=\"p3\">Sa\u00eddas: dos hot\u00e9is<\/li>\n<li class=\"p3\">Acesso: N\u00e3o se aplica<\/li>\n<li class=\"p3\">Modalidade: Regular \/ Particular<\/li>\n<li class=\"p3\">Recomenda\u00e7\u00f5es de roupas:<\/li>\n<li class=\"p3\">Jaqueta imperme\u00e1vel + jaqueta de l\u00e3. Sapatos imperme\u00e1veis \u200b\u200bou t\u00eanis com boa tra\u00e7\u00e3o. Chap\u00e9u ou bon\u00e9. \u00d3culos de sol.<\/li>\n<li class=\"p3\">Para realizar atividades na neve, adicione luvas, gola de l\u00e3 ou cachecol.<\/li>\n<\/ul>\n<p><strong><em>*Estrangeiros, por favor, considere que o Mercado Pago rejeita pagamentos de estrangeiros. Envie-nos um WhatsApp esclarecendo isso para que possamos ajudar de forma personalizada.<\/em><\/strong><\/p>\n<p>Tour operado por TOLKEYEN PATAGONIA TURISMO SA | Lic. EVyT.: Arquivo n\u00ba 11938 &#8211; Ushuaia \u2013 Tierra del Fuego<\/p>\n<p><strong><a href=\"https:\/\/turismoenushuaia.com\/terminos-y-condiciones\/\" target=\"_blank\" rel=\"noopener\">Termos e condi\u00e7\u00f5es<\/a> . <\/strong><\/p>\n","protected":false},"excerpt":{"rendered":"<p>Experimente a majestade do Vale do Carvajal em Ushuaia, desfrute da natureza e da neve em uma caminhada com raquetes de neve, passeio de moto de neve e degusta\u00e7\u00e3o de u\u00edsque e cordeiro fueguino. Descubra o encanto de geleiras, cachoeiras e ambientes modificados por castores em um passeio pelo Passo Garibaldi. Uma experi\u00eancia \u00fanica de inverno no sul da Argentina.<\/p>\n","protected":false},"featured_media":9461,"template":"","meta":{"_acf_changed":false},"product_brand":[],"product_cat":[380,402,416,375],"product_tag":[502,397,370,385],"class_list":{"0":"post-13385","1":"product","2":"type-product","3":"status-publish","4":"has-post-thumbnail","6":"epoca-invierno","7":"dificultad-facil","8":"product_cat-excursoes-de-inverno-em-ushuaia","9":"product_cat-centros-de-inverno-em-tierra-del-fuego","10":"product_cat-promocao-de-excursoes-em-ushuaia","11":"product_cat-lagos-fueguinos-pt-br","12":"product_tag-que-hacer-en-ushuaia-pt-br","13":"product_tag-neve-turismo-em-ushuaia","14":"product_tag-aventura-pt-br","15":"product_tag-centro-de-inverno-turismo-em-ushuaia","17":"first","18":"instock","19":"sale","20":"virtual","21":"sold-individually","22":"purchasable","23":"product-type-booking"},"acf":[],"_links":{"self":[{"href":"https:\/\/turismoenushuaia.com\/pt-br\/wp-json\/wp\/v2\/product\/13385","targetHints":{"allow":["GET"]}}],"collection":[{"href":"https:\/\/turismoenushuaia.com\/pt-br\/wp-json\/wp\/v2\/product"}],"about":[{"href":"https:\/\/turismoenushuaia.com\/pt-br\/wp-json\/wp\/v2\/types\/product"}],"wp:featuredmedia":[{"embeddable":true,"href":"https:\/\/turismoenushuaia.com\/pt-br\/wp-json\/wp\/v2\/media\/9461"}],"wp:attachment":[{"href":"https:\/\/turismoenushuaia.com\/pt-br\/wp-json\/wp\/v2\/media?parent=13385"}],"wp:term":[{"taxonomy":"product_brand","embeddable":true,"href":"https:\/\/turismoenushuaia.com\/pt-br\/wp-json\/wp\/v2\/product_brand?post=13385"},{"taxonomy":"product_cat","embeddable":true,"href":"https:\/\/turismoenushuaia.com\/pt-br\/wp-json\/wp\/v2\/product_cat?post=13385"},{"taxonomy":"product_tag","embeddable":true,"href":"https:\/\/turismoenushuaia.com\/pt-br\/wp-json\/wp\/v2\/product_tag?post=13385"}],"curies":[{"name":"wp","href":"https:\/\/api.w.org\/{rel}","templated":true}]}}