{"id":13373,"date":"2023-01-30T18:00:45","date_gmt":"2023-01-30T21:00:45","guid":{"rendered":"https:\/\/turismoenushuaia.com\/producto\/uisque-live-ushuaia\/"},"modified":"2023-10-12T22:19:08","modified_gmt":"2023-10-13T01:19:08","slug":"whisky-live-ushuaia","status":"publish","type":"product","link":"https:\/\/turismoenushuaia.com\/pt-br\/producto\/whisky-live-ushuaia\/","title":{"rendered":"U\u00edsque Live Ushuaia"},"content":{"rendered":"<h2>Whisky Live em Ushuaia, o festival de u\u00edsque e aguardente no Fim do Mundo<\/h2>\n<p><span style=\"font-weight: 400;\">Whiskey Live \u00e9 o mais importante festival de Whiskey and Spirits do mundo. Este 2023 \u00e9 comemorado na cidade de Ushuaia, Argentina. Ano ap\u00f3s ano, este evento \u00fanico re\u00fane amantes de whisky de todo o mundo onde oferece uma experi\u00eancia \u00fanica para provar e conhecer algumas das mais prestigiadas marcas de whisky, bem como o privil\u00e9gio de conhecer representantes das principais casas de whisky e destilados. mais reconhecido no mundo.<\/span><\/p>\n<p><span style=\"font-weight: 400;\">Whiskey Live Ushuaia \u00e9 um evento que oferece uma ampla variedade de atividades e experi\u00eancias para os visitantes. Os participantes podem participar de degusta\u00e7\u00f5es de u\u00edsque conduzidas por especialistas, desfrutar de jantares de harmoniza\u00e7\u00e3o de u\u00edsque e conhecer alguns dos produtores de u\u00edsque mais famosos do mundo. Al\u00e9m disso, o evento tamb\u00e9m conta com um mercado de u\u00edsque, onde os visitantes podem comprar garrafas de u\u00edsque de edi\u00e7\u00e3o limitada e outras mercadorias relacionadas ao u\u00edsque.<\/span><\/p>\n<p><span style=\"font-weight: 400;\">Um dos destaques do Whisky Live Ushuaia \u00e9 a chance de provar uma grande variedade de u\u00edsques de todo o mundo. Os visitantes podem provar u\u00edsques da Esc\u00f3cia, Irlanda, Estados Unidos, Canad\u00e1, Jap\u00e3o e outros pa\u00edses, e aprender sobre as diferen\u00e7as entre os diferentes estilos e sabores de u\u00edsque.<\/span><\/p>\n<p><span style=\"font-weight: 400;\">Al\u00e9m das degusta\u00e7\u00f5es de u\u00edsque, os visitantes tamb\u00e9m podem assistir a semin\u00e1rios e palestras sobre fabrica\u00e7\u00e3o e produ\u00e7\u00e3o de u\u00edsque. Especialistas em u\u00edsque compartilham suas percep\u00e7\u00f5es sobre a hist\u00f3ria, destila\u00e7\u00e3o, envelhecimento e mistura do u\u00edsque, oferecendo uma compreens\u00e3o mais profunda do que torna cada u\u00edsque \u00fanico.<\/span><\/p>\n<p><span style=\"font-weight: 400;\">Whiskey Live Ushuaia tamb\u00e9m \u00e9 uma oportunidade de conhecer outros amantes do u\u00edsque e se conectar com pessoas de todo o mundo que compartilham sua paix\u00e3o por esta bebida. Os participantes podem compartilhar suas experi\u00eancias de degusta\u00e7\u00e3o e aprender com outros aficionados por u\u00edsque, criando uma comunidade de entusiastas de u\u00edsque que se re\u00fanem todos os anos para aproveitar e aprender mais sobre u\u00edsque e destilados.<\/span><\/p>\n<p><span style=\"font-weight: 400;\">\u00c9 sem d\u00favida um evento impressionante e \u00fanico que oferece uma agrad\u00e1vel experi\u00eancia aos amantes do whisky. De degusta\u00e7\u00f5es guiadas a jantares de harmoniza\u00e7\u00e3o e semin\u00e1rios de fabrica\u00e7\u00e3o de u\u00edsque, este encontro internacional oferece uma variedade de atividades para agradar seus visitantes. Todos os amantes de u\u00edsque e destilados n\u00e3o devem perder a oportunidade de participar do Whiskey Live Ushuaia se quiserem provar alguns dos u\u00edsques mais prestigiosos do mundo, aprender com especialistas e se conectar com outros amantes de u\u00edsque. \u00c9 uma experi\u00eancia que com certeza eles v\u00e3o lembrar por muito tempo e v\u00e3o querer continuar participando nas pr\u00f3ximas edi\u00e7\u00f5es.<\/span><\/p>\n<div id=\"attachment_4696\" style=\"width: 1210px\" class=\"wp-caption alignnone\"><img loading=\"lazy\" decoding=\"async\" aria-describedby=\"caption-attachment-4696\" class=\"wp-image-4696 size-full\" src=\"https:\/\/turismoenushuaia.com\/wp-content\/uploads\/2023\/01\/Whisky-Live-Ushuaia-Turismo-en-Ushuaia-9.jpg\" alt=\"\" width=\"1200\" height=\"800\" srcset=\"https:\/\/turismoenushuaia.com\/wp-content\/uploads\/2023\/01\/Whisky-Live-Ushuaia-Turismo-en-Ushuaia-9.jpg 1200w, https:\/\/turismoenushuaia.com\/wp-content\/uploads\/2023\/01\/Whisky-Live-Ushuaia-Turismo-en-Ushuaia-9-300x200.jpg 300w, https:\/\/turismoenushuaia.com\/wp-content\/uploads\/2023\/01\/Whisky-Live-Ushuaia-Turismo-en-Ushuaia-9-1024x683.jpg 1024w, https:\/\/turismoenushuaia.com\/wp-content\/uploads\/2023\/01\/Whisky-Live-Ushuaia-Turismo-en-Ushuaia-9-768x512.jpg 768w, https:\/\/turismoenushuaia.com\/wp-content\/uploads\/2023\/01\/Whisky-Live-Ushuaia-Turismo-en-Ushuaia-9-1080x720.jpg 1080w, https:\/\/turismoenushuaia.com\/wp-content\/uploads\/2023\/01\/Whisky-Live-Ushuaia-Turismo-en-Ushuaia-9-980x653.jpg 980w, https:\/\/turismoenushuaia.com\/wp-content\/uploads\/2023\/01\/Whisky-Live-Ushuaia-Turismo-en-Ushuaia-9-480x320.jpg 480w, https:\/\/turismoenushuaia.com\/wp-content\/uploads\/2023\/01\/Whisky-Live-Ushuaia-Turismo-en-Ushuaia-9-600x400.jpg 600w\" sizes=\"auto, (max-width: 1200px) 100vw, 1200px\" \/><p id=\"caption-attachment-4696\" class=\"wp-caption-text\">U\u00edsque Live Ushuaia<\/p><\/div>\n<p><span style=\"font-weight: 400;\">Whiskey Live Ushuaia \u00e9 organizado pelo Ushuaia Whiskey Club junto com Miguel \u00c1ngel Reigosa, veterano das Malvinas, fundador e presidente da Whiskey Malt Argentina e dono do Museu do U\u00edsque e da maior cole\u00e7\u00e3o de u\u00edsques do mundo.<\/span><\/p>\n<p><span style=\"font-weight: 400;\">Este evento atrai visitantes de todo o mundo a Ushuaia, que os receber\u00e1 no prestigioso hotel Las Hayas Ushuaia Resort, onde haver\u00e1 mais de 1.000 m2 de espa\u00e7o dispon\u00edvel tanto em seu sal\u00e3o principal quanto nas salas circundantes para degusta\u00e7\u00f5es e degusta\u00e7\u00f5es exclusivas. .com uma vista incompar\u00e1vel do Canal de Beagle.<\/span><\/p>\n<p>A entrada no <strong>Whiskey Live Ushuaia 2023<\/strong> incluir\u00e1 uma mini-bebida glencairn de degusta\u00e7\u00e3o t\u00e9cnica, uma garrafa de \u00e1gua oligomineral com PH neutro (7,01).<\/p>\n<div class=\"video-container\"><iframe loading=\"lazy\" title=\"Las Hayas Hotel  - Ushuaia Tierra del Fuego\" width=\"500\" height=\"281\" src=\"https:\/\/www.youtube.com\/embed\/yO9rZ3wHlI8?feature=oembed\" frameborder=\"0\" allow=\"accelerometer; autoplay; clipboard-write; encrypted-media; gyroscope; picture-in-picture; web-share\" referrerpolicy=\"strict-origin-when-cross-origin\" allowfullscreen><\/iframe><\/div>\n<p>Beba com modera\u00e7\u00e3o. Proibida a sua venda a menores de 18 anos. O organizador reserva-se o direito de admiss\u00e3o e perman\u00eancia.<\/p>\n<ul>\n<li>Tour operado por TOLKEYEN PATAGONIA TURISMO SA | Lic.EVyT.: Arquivo N\u00ba 11938 &#8211; Ushuaia \u2013 Terra do Fogo <strong><a href=\"https:\/\/turismoenushuaia.com\/terminos-y-condiciones\/\" target=\"_blank\" rel=\"noopener\">Termos e condi\u00e7\u00f5es<\/a> .<\/strong> <\/li>\n<\/ul>\n","protected":false},"excerpt":{"rendered":"<p><span style=\"font-weight: 400;\">Whiskey Live \u00e9 o mais importante festival de Whiskey and Spirits do mundo. Este 2023 \u00e9 comemorado na cidade de Ushuaia, Argentina em 1\u00ba de julho nas espetaculares instala\u00e7\u00f5es do <strong>Hotel Las Hayas<\/strong> com mais de 1.000 m2 de degusta\u00e7\u00e3o e degusta\u00e7\u00f5es exclusivas. Ano ap\u00f3s ano, este encontro \u00fanico re\u00fane amantes de whisky de todo o mundo onde oferece uma experi\u00eancia \u00fanica para provar e conhecer algumas das mais prestigiadas marcas de whisky, bem como o privil\u00e9gio de conhecer representantes das principais casas de whisky e destilados. mais reconhecido no mundo.<\/span><\/p>\n","protected":false},"featured_media":10213,"template":"","meta":{"_acf_changed":false},"product_brand":[],"product_cat":[403],"product_tag":[404],"class_list":{"0":"post-13373","1":"product","2":"type-product","3":"status-publish","4":"has-post-thumbnail","6":"product_cat-eventos-pt-br","7":"product_tag-eventos-em-ushuaia","9":"first","10":"instock","11":"virtual","12":"product-type-external"},"acf":[],"_links":{"self":[{"href":"https:\/\/turismoenushuaia.com\/pt-br\/wp-json\/wp\/v2\/product\/13373","targetHints":{"allow":["GET"]}}],"collection":[{"href":"https:\/\/turismoenushuaia.com\/pt-br\/wp-json\/wp\/v2\/product"}],"about":[{"href":"https:\/\/turismoenushuaia.com\/pt-br\/wp-json\/wp\/v2\/types\/product"}],"wp:featuredmedia":[{"embeddable":true,"href":"https:\/\/turismoenushuaia.com\/pt-br\/wp-json\/wp\/v2\/media\/10213"}],"wp:attachment":[{"href":"https:\/\/turismoenushuaia.com\/pt-br\/wp-json\/wp\/v2\/media?parent=13373"}],"wp:term":[{"taxonomy":"product_brand","embeddable":true,"href":"https:\/\/turismoenushuaia.com\/pt-br\/wp-json\/wp\/v2\/product_brand?post=13373"},{"taxonomy":"product_cat","embeddable":true,"href":"https:\/\/turismoenushuaia.com\/pt-br\/wp-json\/wp\/v2\/product_cat?post=13373"},{"taxonomy":"product_tag","embeddable":true,"href":"https:\/\/turismoenushuaia.com\/pt-br\/wp-json\/wp\/v2\/product_tag?post=13373"}],"curies":[{"name":"wp","href":"https:\/\/api.w.org\/{rel}","templated":true}]}}