{"id":68649,"date":"2022-06-21T14:38:15","date_gmt":"2022-06-21T17:38:15","guid":{"rendered":"https:\/\/turismoenushuaia.com\/planeje-sua-viagem\/"},"modified":"2022-06-21T14:38:15","modified_gmt":"2022-06-21T17:38:15","slug":"planeje-sua-viagem","status":"publish","type":"page","link":"https:\/\/turismoenushuaia.com\/pt-br\/planeje-sua-viagem\/","title":{"rendered":"Planeje sua viagem"},"content":{"rendered":"<h3>Planeje sua viagem aqui. Escolha as atividades que deseja fazer durante sua visita a Ushuaia. <\/h3>\n<p><strong>Ushuaia<\/strong> \u00e9 um dos destinos mais fascinantes da Argentina. Conhecida como a cidade mais austral do mundo, oferece paisagens naturais deslumbrantes, uma rica hist\u00f3ria e cultura, al\u00e9m de uma infinidade de <strong><a href=\"https:\/\/turismoenushuaia.com\/pt-br\/excursoes\/?txt=&#038;product_cat%5B%5D=107\">atividades de aventura<\/a><\/strong> . Essas caracter\u00edsticas a tornam o lugar ideal para desfrutar de f\u00e9rias inesquec\u00edveis. Descubra tudo o que voc\u00ea precisa para planejar sua viagem a Ushuaia aqui.   <\/p>\n<p>Se voc\u00ea est\u00e1 planejando uma visita a Ushuaia, h\u00e1 certas atividades que voc\u00ea vai querer considerar e n\u00e3o pode perder. Compartilharemos as melhores coisas para fazer em Ushuaia se voc\u00ea quiser descobrir as maravilhas deste destino imperd\u00edvel. <\/p>\n<p>Uma das principais atra\u00e7\u00f5es de Ushuaia \u00e9 <strong><a href=\"https:\/\/turismoenushuaia.com\/pt-br\/excursoes\/?txt=&#038;product_cat%5B%5D=114\">o Parque Nacional da Terra do Fogo<\/a><\/strong> , uma \u00e1rea natural deslumbrante que oferece uma ampla variedade de atividades ao ar livre. Aqui, voc\u00ea pode desfrutar de trilhas para caminhadas, ciclismo, canoagem e observa\u00e7\u00e3o de p\u00e1ssaros e animais. <\/p>\n<p>Outra atividade popular em Ushuaia \u00e9 navegar pelo <strong><a href=\"https:\/\/turismoenushuaia.com\/pt-br\/excursoes\/?txt=&#038;product_cat%5B%5D=135\">Canal<\/a><\/strong> <strong>de Beagle<\/strong> , onde voc\u00ea pode avistar diversas esp\u00e9cies da fauna marinha, como le\u00f5es-marinhos, bigu\u00e1s e pinguins. Voc\u00ea tamb\u00e9m pode visitar o Farol Les Eclaireurs e a Ilha Martillo, lar da famosa col\u00f4nia de pinguins. No ver\u00e3o, voc\u00ea pode avistar os pinguins-de-magalh\u00e3es que nidificam ali. <\/p>\n<p>Se voc\u00ea busca emo\u00e7\u00f5es fortes durante sua visita a Ushuaia, encontrou o lugar perfeito. Aqui, voc\u00ea pode desfrutar de atividades de aventura como <strong><a href=\"https:\/\/turismoenushuaia.com\/pt-br\/producto\/trekking-glaciar-marcial\/\">trekking no Glaciar Martial<\/a><\/strong> ou <strong><a href=\"https:\/\/turismoenushuaia.com\/pt-br\/excursoes\/?txt=laguna+esmeralda\">na Laguna Esmeralda<\/a><\/strong> , al\u00e9m de esqui e snowboard no <strong><a href=\"https:\/\/turismoenushuaia.com\/pt-br\/producto\/colina-do-castor\/\">Cerro Castor<\/a><\/strong> ou esqui cross-country no <strong><a href=\"https:\/\/turismoenushuaia.com\/pt-br\/producto\/terra-maior\/\">Vale Tierra Mayor<\/a><\/strong> . <\/p>\n<p>Por outro lado, se voc\u00ea busca uma experi\u00eancia cultural, Ushuaia tem muito a oferecer. A cidade possui diversos museus interessantes, como o Museu Mar\u00edtimo e Prisional de Ushuaia, o Museu do Fim do Mundo e o Museu Y\u00e1mana. <\/p>\n<p>Voc\u00ea tamb\u00e9m pode planejar atividades em Ushuaia relacionadas \u00e0 <strong><a href=\"https:\/\/turismoenushuaia.com\/pt-br\/restaurantes-em-ushuaia\/?txt=\">gastronomia da regi\u00e3o<\/a><\/strong> , incluindo degustar pratos t\u00edpicos como cordeiro patag\u00f4nico, caranguejo-real e merluza-negra. Al\u00e9m disso, Ushuaia conta com uma grande variedade de bares e restaurantes onde voc\u00ea pode saborear uma cerveja artesanal ou um bom vinho argentino. <\/p>\n<p>Ushuaia \u00e9 o destino perfeito para quem busca f\u00e9rias repletas de aventura, natureza e cultura. Seja para desfrutar de uma caminhada tranquila pelo parque nacional ou vivenciar a emo\u00e7\u00e3o de uma atividade de aventura, Ushuaia tem algo para todos. <\/p>\n<p>&nbsp;<\/p>\n<h4><b>Perguntas frequentes sobre Ushuaia<\/b><\/h4>\n<p><strong>Quantos dias \u00e9 a \u00e9poca ideal para visitar Ushuaia?<\/strong><\/p>\n<p>Recomenda-se visitar a cidade por pelo menos tr\u00eas dias para aproveitar os passeios imperd\u00edveis em Ushuaia, como navegar pelo Canal de Beagle, visitar museus e explorar o Parque Nacional da Terra do Fogo. Planejar uma viagem de cinco dias pode ser a extens\u00e3o ideal, pois tamb\u00e9m permite tempo livre para explorar outras atra\u00e7\u00f5es da cidade, como os Lagos Fueguinos e os diversos bares e restaurantes de Ushuaia. <\/p>\n<p><strong>Qual \u00e9 o m\u00eas ideal para visitar Ushuaia?<\/strong><\/p>\n<p>A melhor \u00e9poca para visitar Ushuaia, capital da prov\u00edncia da Terra do Fogo, \u00e9 o ver\u00e3o (novembro a mar\u00e7o), pois \u00e9 a esta\u00e7\u00e3o em que a luz do sol dura mais e os dias s\u00e3o mais longos, permitindo mais tempo para atividades. Da mesma forma, durante o inverno (julho a setembro), a principal atra\u00e7\u00e3o de Ushuaia \u00e9 sua excelente neve para esportes de inverno. <\/p>\n<p><strong>O que fazer em Ushuaia com crian\u00e7as?<\/strong><\/p>\n<p>H\u00e1 in\u00fameras atividades para fazer em Ushuaia com crian\u00e7as. Os resorts de inverno oferecem excurs\u00f5es de meio dia ou dia inteiro com atividades recreativas divertidas para toda a fam\u00edlia. <\/p>\n<p><strong>O que fazer em Ushuaia de gra\u00e7a?<\/strong><\/p>\n<p>H\u00e1 in\u00fameras atividades gratuitas para fazer em Ushuaia. Entre elas, explorar o centro da cidade com sua variada oferta gastron\u00f4mica, passear pelo p\u00eder tur\u00edstico e fazer trilhas autoguiadas, que devem ser cuidadosamente selecionadas de acordo com o n\u00edvel de experi\u00eancia de cada visitante. Algumas trilhas imperd\u00edveis em Ushuaia incluem:  <\/p>\n<ul>\n<li aria-level=\"1\">Glaciar Marcial<\/li>\n<li aria-level=\"1\"><a href=\"https:\/\/turismoenushuaia.com\/producto\/trekking-laguna-esmeralda-en-verano\/\">Lagoa Esmeralda<\/a><\/li>\n<li aria-level=\"1\">Lagoa Turquesa<\/li>\n<li aria-level=\"1\">V\u00e9u da noiva<\/li>\n<li aria-level=\"1\">Ba\u00eda de Cucharita<\/li>\n<li aria-level=\"1\">estada de t\u00fanel<\/li>\n<\/ul>\n<p><strong>O que fazer em Ushuaia de carro?<\/strong><\/p>\n<p>Ter um ve\u00edculo ou alugar um carro em Ushuaia permitir\u00e1 que voc\u00ea acesse pontos de interesse mais distantes da cidade que, sem d\u00favida, o surpreender\u00e3o. Algumas atividades para fazer em Ushuaia com um ve\u00edculo incluem: <\/p>\n<ul>\n<li aria-level=\"1\">Visita ao Cabo San Pablo<\/li>\n<li aria-level=\"1\">Passeio pelos Lagos Fagnano e Escondido<\/li>\n<li aria-level=\"1\">Rancho Harberton e <a href=\"https:\/\/turismoenushuaia.com\/?post_type=product&#038;p=27779\">Puerto Almanza<\/a><\/li>\n<li aria-level=\"1\">Visite a cidade de Tolhuin<\/li>\n<\/ul>\n<p><strong>O que fazer em Ushuaia sem carro?<\/strong><\/p>\n<p>Diversas excurs\u00f5es e passeios est\u00e3o dispon\u00edveis, incluindo transporte de ida e volta da sua acomoda\u00e7\u00e3o at\u00e9 o seu destino. Tamb\u00e9m \u00e9 muito importante considerar a localiza\u00e7\u00e3o ao reservar sua acomoda\u00e7\u00e3o em Ushuaia para garantir f\u00e1cil acesso aos diversos pontos de interesse da cidade. A cidade tamb\u00e9m oferece servi\u00e7os de transporte p\u00fablico, como t\u00e1xis e \u00f4nibus, para que todos possam aproveitar as diversas atividades em Ushuaia.  <\/p>\n","protected":false},"excerpt":{"rendered":"<p>Planeje sua viagem aqui. Escolha as atividades que deseja fazer durante sua visita a Ushuaia. Ushuaia \u00e9 um dos destinos mais fascinantes da Argentina. Conhecida como a cidade mais austral do mundo, oferece paisagens naturais deslumbrantes, uma rica hist\u00f3ria e cultura, al\u00e9m de uma infinidade de atividades de aventura . Essas caracter\u00edsticas a tornam o [&hellip;]<\/p>\n","protected":false},"author":1,"featured_media":10609,"parent":0,"menu_order":0,"comment_status":"closed","ping_status":"closed","template":"","meta":{"_acf_changed":false,"footnotes":""},"class_list":["post-68649","page","type-page","status-publish","has-post-thumbnail","hentry"],"acf":[],"_links":{"self":[{"href":"https:\/\/turismoenushuaia.com\/pt-br\/wp-json\/wp\/v2\/pages\/68649","targetHints":{"allow":["GET"]}}],"collection":[{"href":"https:\/\/turismoenushuaia.com\/pt-br\/wp-json\/wp\/v2\/pages"}],"about":[{"href":"https:\/\/turismoenushuaia.com\/pt-br\/wp-json\/wp\/v2\/types\/page"}],"author":[{"embeddable":true,"href":"https:\/\/turismoenushuaia.com\/pt-br\/wp-json\/wp\/v2\/users\/1"}],"replies":[{"embeddable":true,"href":"https:\/\/turismoenushuaia.com\/pt-br\/wp-json\/wp\/v2\/comments?post=68649"}],"version-history":[{"count":0,"href":"https:\/\/turismoenushuaia.com\/pt-br\/wp-json\/wp\/v2\/pages\/68649\/revisions"}],"wp:featuredmedia":[{"embeddable":true,"href":"https:\/\/turismoenushuaia.com\/pt-br\/wp-json\/wp\/v2\/media\/10609"}],"wp:attachment":[{"href":"https:\/\/turismoenushuaia.com\/pt-br\/wp-json\/wp\/v2\/media?parent=68649"}],"curies":[{"name":"wp","href":"https:\/\/api.w.org\/{rel}","templated":true}]}}