{"id":68581,"date":"2024-06-05T20:45:44","date_gmt":"2024-06-05T23:45:44","guid":{"rendered":"https:\/\/turismoenushuaia.com\/excursoes-em-ushuaia\/"},"modified":"2024-06-05T20:45:44","modified_gmt":"2024-06-05T23:45:44","slug":"excursoes-em-ushuaia","status":"publish","type":"page","link":"https:\/\/turismoenushuaia.com\/pt-br\/excursoes-em-ushuaia\/","title":{"rendered":"Excurs\u00f5es em Ushuaia"},"content":{"rendered":"<p>Reserve suas excurs\u00f5es em Ushuaia com as melhores recomenda\u00e7\u00f5es sobre o que fazer em Ushuaia.<\/p>\n<p> <strong>Pague em parcelas fixas e reserve online<\/strong><\/p>\n","protected":false},"excerpt":{"rendered":"<p>Reserve suas excurs\u00f5es em Ushuaia com as melhores recomenda\u00e7\u00f5es sobre o que fazer em Ushuaia. Pague em parcelas fixas e reserve online<\/p>\n","protected":false},"author":1,"featured_media":9339,"parent":0,"menu_order":0,"comment_status":"closed","ping_status":"closed","template":"","meta":{"_acf_changed":false,"footnotes":""},"class_list":["post-68581","page","type-page","status-publish","has-post-thumbnail","hentry"],"acf":[],"_links":{"self":[{"href":"https:\/\/turismoenushuaia.com\/pt-br\/wp-json\/wp\/v2\/pages\/68581","targetHints":{"allow":["GET"]}}],"collection":[{"href":"https:\/\/turismoenushuaia.com\/pt-br\/wp-json\/wp\/v2\/pages"}],"about":[{"href":"https:\/\/turismoenushuaia.com\/pt-br\/wp-json\/wp\/v2\/types\/page"}],"author":[{"embeddable":true,"href":"https:\/\/turismoenushuaia.com\/pt-br\/wp-json\/wp\/v2\/users\/1"}],"replies":[{"embeddable":true,"href":"https:\/\/turismoenushuaia.com\/pt-br\/wp-json\/wp\/v2\/comments?post=68581"}],"version-history":[{"count":0,"href":"https:\/\/turismoenushuaia.com\/pt-br\/wp-json\/wp\/v2\/pages\/68581\/revisions"}],"wp:featuredmedia":[{"embeddable":true,"href":"https:\/\/turismoenushuaia.com\/pt-br\/wp-json\/wp\/v2\/media\/9339"}],"wp:attachment":[{"href":"https:\/\/turismoenushuaia.com\/pt-br\/wp-json\/wp\/v2\/media?parent=68581"}],"curies":[{"name":"wp","href":"https:\/\/api.w.org\/{rel}","templated":true}]}}