{"id":68578,"date":"2022-06-23T13:34:04","date_gmt":"2022-06-23T16:34:04","guid":{"rendered":"https:\/\/turismoenushuaia.com\/quem-somos\/"},"modified":"2026-01-19T18:40:38","modified_gmt":"2026-01-19T21:40:38","slug":"quem-somos","status":"publish","type":"page","link":"https:\/\/turismoenushuaia.com\/pt-br\/quem-somos\/","title":{"rendered":"Quem somos"},"content":{"rendered":"<p>[et_pb_section fb_built=&#8221;1&#8243; module_class=&#8221;hero-home&#8221; _builder_version=&#8221;4.9.10&#8243; _module_preset=&#8221;default&#8221; background_color=&#8221;#2A415D&#8221; background_enable_image=&#8221;off&#8221; min_height=&#8221;80vh&#8221; custom_margin=&#8221;0px||0px||false|false&#8221; custom_padding=&#8221;0px||0px||false|false&#8221;][et_pb_row column_structure=&#8221;1_2,1_2&#8243; use_custom_gutter=&#8221;on&#8221; gutter_width=&#8221;1&#8243; module_class=&#8221; et_pb_row_fullwidth portada-quienes-somos&#8221; _builder_version=&#8221;4.9.10&#8243; background_image=&#8221;https:\/\/turismoenushuaia.com\/wp-content\/uploads\/2022\/06\/foto-faro.jpg&#8221; background_size=&#8221;contain&#8221; background_position=&#8221;bottom_left&#8221; width=&#8221;100%&#8221; width_tablet=&#8221;100%&#8221; width_phone=&#8221;&#8221; width_last_edited=&#8221;on|desktop&#8221; max_width=&#8221;100%&#8221; max_width_tablet=&#8221;100%&#8221; max_width_phone=&#8221;&#8221; max_width_last_edited=&#8221;on|desktop&#8221; custom_margin=&#8221;0px||0px||false|false&#8221; custom_padding=&#8221;0px||0px||false|false&#8221; make_fullwidth=&#8221;on&#8221; locked=&#8221;off&#8221;][et_pb_column type=&#8221;1_2&#8243; _builder_version=&#8221;4.9.10&#8243; background_position=&#8221;top_left&#8221; custom_padding=&#8221;||||false|false&#8221; custom_padding__hover=&#8221;|||&#8221;][\/et_pb_column][et_pb_column type=&#8221;1_2&#8243; _builder_version=&#8221;4.9.10&#8243; background_image=&#8221;https:\/\/turismoenushuaia.com\/wp-content\/uploads\/2022\/06\/fondo-papel-cortado.png&#8221; custom_padding=&#8221;80px|10%|40px|10%|false|false&#8221; custom_padding__hover=&#8221;|||&#8221;][et_pb_text _builder_version=&#8221;4.9.10&#8243; _module_preset=&#8221;default&#8221; header_font=&#8221;Cera Pro Medium|900|on|on|||||&#8221; header_text_color=&#8221;#FFFFFF&#8221; header_font_size=&#8221;44px&#8221;]<\/p>\n<h2>Quem somos<\/h2>\n<p>[\/et_pb_text][et_pb_divider color=&#8221;#2A415D&#8221; divider_position=&#8221;center&#8221; divider_weight=&#8221;3px&#8221; disabled_on=&#8221;on|on|off%22&#8243; _builder_version=&#8221;4.9.10&#8243; max_width=&#8221;150px&#8221; height=&#8221;false&#8221; custom_margin=&#8221;30px|||&#8221; animation_style=&#8221;slide&#8221; animation_direction=&#8221;top&#8221; animation_delay=&#8221;100ms&#8221; animation_intensity_slide=&#8221;10%&#8221; locked=&#8221;off&#8221;][\/et_pb_divider][et_pb_text admin_label=&#8221;Hero Sub Title&#8221; _builder_version=&#8221;4.9.10&#8243; text_font=&#8221;Cera Pro Medium||||||||&#8221; text_font_size=&#8221;24px&#8221; text_line_height=&#8221;1.4em&#8221; background_size=&#8221;initial&#8221; background_position=&#8221;top_left&#8221; background_repeat=&#8221;repeat&#8221; background_layout=&#8221;dark&#8221; max_width=&#8221;450px&#8221; custom_padding=&#8221;30px|||&#8221; animation_style=&#8221;slide&#8221; animation_direction=&#8221;top&#8221; animation_delay=&#8221;200ms&#8221; animation_intensity_slide=&#8221;10%&#8221; locked=&#8221;off&#8221;]<\/p>\n<p>Somos apaixonados por viajar, contar hist\u00f3rias e compartilhar informa\u00e7\u00f5es \u00fateis para os amantes do turismo.<\/p>\n<p>[\/et_pb_text][et_pb_text admin_label=&#8221;Hero Text&#8221; _builder_version=&#8221;4.9.10&#8243; text_font=&#8221;Cera Pro Light|700|||||||&#8221; text_font_size=&#8221;16px&#8221; text_line_height=&#8221;1.9em&#8221; background_size=&#8221;initial&#8221; background_position=&#8221;top_left&#8221; background_repeat=&#8221;repeat&#8221; background_layout=&#8221;dark&#8221; max_width=&#8221;450px&#8221; custom_margin=&#8221;60|||&#8221; custom_padding=&#8221;||60px|&#8221; animation_style=&#8221;slide&#8221; animation_direction=&#8221;top&#8221; animation_delay=&#8221;400ms&#8221; animation_intensity_slide=&#8221;4%&#8221; locked=&#8221;off&#8221;]<\/p>\n<p>Dessa paix\u00e3o nasceu o Turismo em Ushuaia. Nos especializamos h\u00e1 mais de 10 anos em marketing digital, web design e programa\u00e7\u00e3o. A tecnologia a servi\u00e7o da viagem motivou o projeto.<\/p>\n<p>Somos o principal portal de informa\u00e7\u00f5es tur\u00edsticas de Ushuaia! A plataforma que voc\u00ea precisa para planejar sua viagem \u00e0 Terra do Fogo, seja para aventura, lazer, neg\u00f3cios ou qualquer outra atividade que voc\u00ea prefira.<\/p>\n<p>[\/et_pb_text][\/et_pb_column][\/et_pb_row][\/et_pb_section][et_pb_section fb_built=&#8221;1&#8243; _builder_version=&#8221;4.9.10&#8243; background_color=&#8221;#FFFFFF&#8221; background_enable_image=&#8221;off&#8221; custom_padding=&#8221;30px||30px||true|false&#8221;][et_pb_row column_structure=&#8221;1_3,1_3,1_3&#8243; _builder_version=&#8221;4.9.10&#8243;][et_pb_column type=&#8221;1_3&#8243; _builder_version=&#8221;3.25&#8243; custom_padding=&#8221;|||&#8221; custom_padding__hover=&#8221;|||&#8221;][et_pb_text _builder_version=&#8221;4.9.10&#8243; _module_preset=&#8221;default&#8221; header_font=&#8221;Cera Pro Medium|900|on|on|||||&#8221; header_text_color=&#8221;#FFFFFF&#8221; header_font_size=&#8221;44px&#8221; header_2_font=&#8221;Cera Pro Medium|600||on|||||&#8221; header_2_text_align=&#8221;center&#8221; header_2_text_color=&#8221;#2A415D&#8221; header_2_font_size=&#8221;30px&#8221;]<\/p>\n<h2 style=\"text-align: left;\">Miss\u00e3o<\/h2>\n<p>[\/et_pb_text][et_pb_text admin_label=&#8221;Hero Text&#8221; _builder_version=&#8221;4.9.10&#8243; text_font=&#8221;Cera Pro Light|700|||||||&#8221; text_text_color=&#8221;#2A415D&#8221; text_font_size=&#8221;16px&#8221; text_line_height=&#8221;1.9em&#8221; background_size=&#8221;initial&#8221; background_position=&#8221;top_left&#8221; background_repeat=&#8221;repeat&#8221; background_layout=&#8221;dark&#8221; max_width=&#8221;450px&#8221; custom_margin=&#8221;||||false|false&#8221; custom_padding=&#8221;||||false|false&#8221; animation_style=&#8221;slide&#8221; animation_direction=&#8221;top&#8221; animation_delay=&#8221;400ms&#8221; animation_intensity_slide=&#8221;4%&#8221; locked=&#8221;off&#8221;]<\/p>\n<p>Para ajudar todos que desejam visitar o fim do mundo com informa\u00e7\u00f5es em primeira m\u00e3o, confi\u00e1veis, seguras e f\u00e1ceis de processar. A jornada come\u00e7a quando voc\u00ea sonha, e queremos fazer parte de toda a jornada.<\/p>\n<p>[\/et_pb_text][\/et_pb_column][et_pb_column type=&#8221;1_3&#8243; _builder_version=&#8221;4.9.10&#8243; custom_padding=&#8221;|||&#8221; custom_padding__hover=&#8221;|||&#8221;][et_pb_text _builder_version=&#8221;4.9.10&#8243; _module_preset=&#8221;default&#8221; header_font=&#8221;Cera Pro Medium|900|on|on|||||&#8221; header_text_color=&#8221;#FFFFFF&#8221; header_font_size=&#8221;44px&#8221; header_2_font=&#8221;Cera Pro Medium|600||on|||||&#8221; header_2_text_align=&#8221;center&#8221; header_2_text_color=&#8221;#2A415D&#8221; header_2_font_size=&#8221;30px&#8221;]<\/p>\n<h2 style=\"text-align: left;\">Vis\u00e3o<\/h2>\n<p>[\/et_pb_text][et_pb_text admin_label=&#8221;Hero Text&#8221; _builder_version=&#8221;4.9.10&#8243; text_font=&#8221;Cera Pro Light|700|||||||&#8221; text_text_color=&#8221;#2A415D&#8221; text_font_size=&#8221;16px&#8221; text_line_height=&#8221;1.9em&#8221; background_size=&#8221;initial&#8221; background_position=&#8221;top_left&#8221; background_repeat=&#8221;repeat&#8221; background_layout=&#8221;dark&#8221; max_width=&#8221;450px&#8221; custom_margin=&#8221;||||false|false&#8221; custom_padding=&#8221;||||false|false&#8221; animation_style=&#8221;slide&#8221; animation_direction=&#8221;top&#8221; animation_delay=&#8221;400ms&#8221; animation_intensity_slide=&#8221;4%&#8221; locked=&#8221;off&#8221;]<\/p>\n<p>Ser a plataforma tur\u00edstica ideal para o planejamento da sua viagem, com informa\u00e7\u00f5es precisas sobre todas as op\u00e7\u00f5es tur\u00edsticas que a Terra do Fogo oferece. Uma plataforma sob medida para cada viajante.<\/p>\n<p>[\/et_pb_text][\/et_pb_column][et_pb_column type=&#8221;1_3&#8243; _builder_version=&#8221;3.25&#8243; custom_padding=&#8221;|||&#8221; custom_padding__hover=&#8221;|||&#8221;][et_pb_text _builder_version=&#8221;4.9.10&#8243; _module_preset=&#8221;default&#8221; header_font=&#8221;Cera Pro Medium|900|on|on|||||&#8221; header_text_color=&#8221;#FFFFFF&#8221; header_font_size=&#8221;44px&#8221; header_2_font=&#8221;Cera Pro Medium|600||on|||||&#8221; header_2_text_align=&#8221;center&#8221; header_2_text_color=&#8221;#2A415D&#8221; header_2_font_size=&#8221;30px&#8221;]<\/p>\n<h2 style=\"text-align: left;\">Valores<\/h2>\n<p>[\/et_pb_text][et_pb_text admin_label=&#8221;Hero Text&#8221; _builder_version=&#8221;4.9.10&#8243; text_font=&#8221;Cera Pro Light|700|||||||&#8221; text_text_color=&#8221;#2A415D&#8221; text_font_size=&#8221;16px&#8221; text_line_height=&#8221;1.9em&#8221; background_size=&#8221;initial&#8221; background_position=&#8221;top_left&#8221; background_repeat=&#8221;repeat&#8221; background_layout=&#8221;dark&#8221; max_width=&#8221;450px&#8221; custom_margin=&#8221;||||false|false&#8221; custom_padding=&#8221;||||false|false&#8221; animation_style=&#8221;slide&#8221; animation_direction=&#8221;top&#8221; animation_delay=&#8221;400ms&#8221; animation_intensity_slide=&#8221;4%&#8221; locked=&#8221;off&#8221;]<\/p>\n<p><span class=\"JsGRdQ\">Uma empresa ecologicamente correta que se diferencia das empresas sustent\u00e1veis. Seguran\u00e7a e qualidade s\u00e3o nossos pilares. <\/span><span class=\"JsGRdQ\">H\u00e1 um conhecimento real das solu\u00e7\u00f5es que a USHUAIA TURISMO oferece.<\/span><\/p>\n<p>[\/et_pb_text][\/et_pb_column][\/et_pb_row][\/et_pb_section][et_pb_section fb_built=&#8221;1&#8243; _builder_version=&#8221;4.9.10&#8243; background_color=&#8221;#f4f4f4&#8243; background_enable_image=&#8221;off&#8221; custom_padding=&#8221;0px||0px||true|false&#8221;][et_pb_row column_structure=&#8221;1_3,1_3,1_3&#8243; _builder_version=&#8221;4.9.10&#8243; custom_padding=&#8221;60px||60px||false|false&#8221;][et_pb_column type=&#8221;1_3&#8243; _builder_version=&#8221;3.25&#8243; custom_padding=&#8221;|||&#8221; custom_padding__hover=&#8221;|||&#8221;][et_pb_number_counter title=&#8221;estabelecimentos gastron\u00f4micos e acomoda\u00e7\u00f5es para contato direto&#8221; number=&#8221;112&#8243; percent_sign=&#8221;off&#8221; _builder_version=&#8221;4.9.10&#8243; _module_preset=&#8221;default&#8221; title_font=&#8221;Cera Pro Medium|600|||||||&#8221; title_text_color=&#8221;#2A415D&#8221; title_font_size=&#8221;18px&#8221; number_font=&#8221;Cera Pro Medium||||||||&#8221; number_text_color=&#8221;#2A415D&#8221;][\/et_pb_number_counter][\/et_pb_column][et_pb_column type=&#8221;1_3&#8243; _builder_version=&#8221;3.25&#8243; custom_padding=&#8221;|||&#8221; custom_padding__hover=&#8221;|||&#8221;][et_pb_number_counter title=&#8221;de paix\u00e3o por viagens&#8221; number=&#8221;100&#8243; _builder_version=&#8221;4.9.10&#8243; _module_preset=&#8221;default&#8221; title_font=&#8221;Cera Pro Medium|600|||||||&#8221; title_text_color=&#8221;#2A415D&#8221; title_font_size=&#8221;18px&#8221; number_font=&#8221;Cera Pro Medium||||||||&#8221; number_text_color=&#8221;#2A415D&#8221;][\/et_pb_number_counter][\/et_pb_column][et_pb_column type=&#8221;1_3&#8243; _builder_version=&#8221;3.25&#8243; custom_padding=&#8221;|||&#8221; custom_padding__hover=&#8221;|||&#8221;][et_pb_number_counter title=&#8221;op\u00e7\u00f5es para fazer em Ushuaia&#8221; number=&#8221;35&#8243; percent_sign=&#8221;off&#8221; _builder_version=&#8221;4.9.10&#8243; _module_preset=&#8221;default&#8221; title_font=&#8221;Cera Pro Medium|600|||||||&#8221; title_text_color=&#8221;#2A415D&#8221; title_font_size=&#8221;18px&#8221; number_font=&#8221;Cera Pro Medium||||||||&#8221; number_text_color=&#8221;#2A415D&#8221;][\/et_pb_number_counter][\/et_pb_column][\/et_pb_row][\/et_pb_section][et_pb_section fb_built=&#8221;1&#8243; module_class=&#8221;hero-home&#8221; _builder_version=&#8221;4.9.10&#8243; _module_preset=&#8221;default&#8221; background_enable_color=&#8221;off&#8221; background_image=&#8221;https:\/\/turismoenushuaia.com\/wp-content\/uploads\/2022\/07\/travel-landscape-13-con-papel-rojo-fondo-azul.jpg&#8221;][et_pb_row _builder_version=&#8221;4.9.10&#8243; _module_preset=&#8221;default&#8221;][et_pb_column type=&#8221;4_4&#8243; _builder_version=&#8221;4.9.10&#8243; _module_preset=&#8221;default&#8221;][et_pb_text _builder_version=&#8221;4.9.10&#8243; _module_preset=&#8221;default&#8221; header_font=&#8221;Cera Pro Medium|900|on|on|||||&#8221; header_text_color=&#8221;#FFFFFF&#8221; header_font_size=&#8221;44px&#8221; header_2_font=&#8221;Cera Pro Medium|900|on|on|||||&#8221; header_2_text_color=&#8221;#FFFFFF&#8221; header_2_font_size=&#8221;30px&#8221;]<\/p>\n<h2>Um destino nacional de n\u00edvel internacional<\/h2>\n<p>[\/et_pb_text][et_pb_text admin_label=&#8221;Discover Beatuty Text&#8221; _builder_version=&#8221;4.9.10&#8243; text_font=&#8221;Cera Pro Light|600|||||||&#8221; text_text_color=&#8221;#FFFFFF&#8221; text_font_size=&#8221;16px&#8221; text_line_height=&#8221;1.9em&#8221; width=&#8221;100%&#8221; max_width=&#8221;100%&#8221; custom_padding=&#8221;30px|||&#8221; animation_style=&#8221;slide&#8221; animation_direction=&#8221;top&#8221; animation_delay=&#8221;200ms&#8221; animation_intensity_slide=&#8221;10%&#8221;]<\/p>\n<p><span class=\"JsGRdQ\">Queremos continuar promovendo Ushuaia como um dos principais destinos tur\u00edsticos!<\/span><\/p>\n<p>[\/et_pb_text][et_pb_button button_url=&#8221;@ET-DC@eyJkeW5hbWljIjp0cnVlLCJjb250ZW50IjoicG9zdF9saW5rX3VybF9wYWdlIiwic2V0dGluZ3MiOnsicG9zdF9pZCI6IjM4OSJ9fQ==@&#8221; button_text=&#8221;Contactanos&#8221; _builder_version=&#8221;4.9.10&#8243; _dynamic_attributes=&#8221;button_url&#8221; _module_preset=&#8221;default&#8221; custom_button=&#8221;on&#8221; button_text_color=&#8221;#FFFFFF&#8221; button_bg_color=&#8221;#2A415D&#8221; button_font=&#8221;Cera Pro Light||||||||&#8221; locked=&#8221;off&#8221; button_text_color__hover_enabled=&#8221;off|hover&#8221; button_text_color__hover=&#8221;#FFFFFF&#8221; button_bg_color__hover_enabled=&#8221;on|hover&#8221; button_bg_color__hover=&#8221;#D24E44&#8243; button_bg_enable_color__hover=&#8221;on&#8221;][\/et_pb_button][\/et_pb_column][\/et_pb_row][\/et_pb_section]<\/p>\n","protected":false},"excerpt":{"rendered":"<p>[et_pb_section fb_built=&#8221;1&#8243; module_class=&#8221;hero-home&#8221; _builder_version=&#8221;4.9.10&#8243; _module_preset=&#8221;default&#8221; background_color=&#8221;#2A415D&#8221; background_enable_image=&#8221;off&#8221; min_height=&#8221;80vh&#8221; custom_margin=&#8221;0px||0px||false|false&#8221; custom_padding=&#8221;0px||0px||false|false&#8221;][et_pb_row column_structure=&#8221;1_2,1_2&#8243; use_custom_gutter=&#8221;on&#8221; gutter_width=&#8221;1&#8243; module_class=&#8221; et_pb_row_fullwidth portada-quienes-somos&#8221; _builder_version=&#8221;4.9.10&#8243; background_image=&#8221;https:\/\/turismoenushuaia.com\/wp-content\/uploads\/2022\/06\/foto-faro.jpg&#8221; background_size=&#8221;contain&#8221; background_position=&#8221;bottom_left&#8221; width=&#8221;100%&#8221; width_tablet=&#8221;100%&#8221; width_phone=&#8221;&#8221; width_last_edited=&#8221;on|desktop&#8221; max_width=&#8221;100%&#8221; max_width_tablet=&#8221;100%&#8221; max_width_phone=&#8221;&#8221; max_width_last_edited=&#8221;on|desktop&#8221; custom_margin=&#8221;0px||0px||false|false&#8221; custom_padding=&#8221;0px||0px||false|false&#8221; make_fullwidth=&#8221;on&#8221; locked=&#8221;off&#8221;][et_pb_column type=&#8221;1_2&#8243; _builder_version=&#8221;4.9.10&#8243; background_position=&#8221;top_left&#8221; custom_padding=&#8221;||||false|false&#8221; custom_padding__hover=&#8221;|||&#8221;][\/et_pb_column][et_pb_column type=&#8221;1_2&#8243; _builder_version=&#8221;4.9.10&#8243; background_image=&#8221;https:\/\/turismoenushuaia.com\/wp-content\/uploads\/2022\/06\/fondo-papel-cortado.png&#8221; custom_padding=&#8221;80px|10%|40px|10%|false|false&#8221; custom_padding__hover=&#8221;|||&#8221;][et_pb_text _builder_version=&#8221;4.9.10&#8243; _module_preset=&#8221;default&#8221; header_font=&#8221;Cera Pro Medium|900|on|on|||||&#8221; header_text_color=&#8221;#FFFFFF&#8221; header_font_size=&#8221;44px&#8221;] Quem somos [\/et_pb_text][et_pb_divider color=&#8221;#2A415D&#8221; divider_position=&#8221;center&#8221; divider_weight=&#8221;3px&#8221; [&hellip;]<\/p>\n","protected":false},"author":1,"featured_media":8121,"parent":0,"menu_order":0,"comment_status":"closed","ping_status":"closed","template":"","meta":{"_acf_changed":false,"footnotes":""},"class_list":["post-68578","page","type-page","status-publish","has-post-thumbnail","hentry"],"acf":[],"_links":{"self":[{"href":"https:\/\/turismoenushuaia.com\/pt-br\/wp-json\/wp\/v2\/pages\/68578","targetHints":{"allow":["GET"]}}],"collection":[{"href":"https:\/\/turismoenushuaia.com\/pt-br\/wp-json\/wp\/v2\/pages"}],"about":[{"href":"https:\/\/turismoenushuaia.com\/pt-br\/wp-json\/wp\/v2\/types\/page"}],"author":[{"embeddable":true,"href":"https:\/\/turismoenushuaia.com\/pt-br\/wp-json\/wp\/v2\/users\/1"}],"replies":[{"embeddable":true,"href":"https:\/\/turismoenushuaia.com\/pt-br\/wp-json\/wp\/v2\/comments?post=68578"}],"version-history":[{"count":0,"href":"https:\/\/turismoenushuaia.com\/pt-br\/wp-json\/wp\/v2\/pages\/68578\/revisions"}],"wp:featuredmedia":[{"embeddable":true,"href":"https:\/\/turismoenushuaia.com\/pt-br\/wp-json\/wp\/v2\/media\/8121"}],"wp:attachment":[{"href":"https:\/\/turismoenushuaia.com\/pt-br\/wp-json\/wp\/v2\/media?parent=68578"}],"curies":[{"name":"wp","href":"https:\/\/api.w.org\/{rel}","templated":true}]}}