{"id":12046,"date":"2022-12-30T21:14:15","date_gmt":"2022-12-31T00:14:15","guid":{"rendered":"https:\/\/turismoenushuaia.com\/lojas-em-ushuaia\/"},"modified":"2022-12-30T21:14:15","modified_gmt":"2022-12-31T00:14:15","slug":"lojas-em-ushuaia","status":"publish","type":"page","link":"https:\/\/turismoenushuaia.com\/pt-br\/lojas-em-ushuaia\/","title":{"rendered":"Lojas em Ushuaia"},"content":{"rendered":"<h2><\/h2>\n<h2>Descubra todas as lojas para planear a sua viagem a Ushuaia<\/h2>\n<p><span style=\"font-weight: 400;\">Ushuaia, a cidade mais austral do mundo, \u00e9 um destino tur\u00edstico popular que oferece uma grande variedade de lojas e servi\u00e7os para satisfazer as necessidades dos seus visitantes e residentes locais. Desde ag\u00eancias de t\u00e1xis a lojas de roupa, h\u00e1 algo para todos na cidade.<\/span><\/p>\n<p><span style=\"font-weight: 400;\">Uma das op\u00e7\u00f5es mais populares em Ushuaia s\u00e3o as ag\u00eancias de remiser\u00eda, que oferecem servi\u00e7os de transporte para qualquer parte da cidade e seus arredores. Elas s\u00e3o muito \u00fateis, pois h\u00e1 muitos pontos de interesse que ficam longe da cidade, ent\u00e3o ter uma ag\u00eancia remise pode facilitar muito o transfer em Ushuaia.<\/span><\/p>\n<p><span style=\"font-weight: 400;\">  Os cinemas s\u00e3o tamb\u00e9m uma excelente op\u00e7\u00e3o para quem procura entretenimento e uma forma de escapar ao frio da Patag\u00f3nia, enquanto desfruta dos \u00faltimos \u00eaxitos de bilheteira.<\/span><\/p>\n<p><span style=\"font-weight: 400;\">As farm\u00e1cias de Ushuaia oferecem uma grande variedade de medicamentos e produtos de sa\u00fade para moradores e visitantes, enquanto as sorveterias s\u00e3o o lugar perfeito para saborear uma sobremesa ap\u00f3s o jantar em um dos muitos restaurantes da cidade.<\/span><\/p>\n<p><span style=\"font-weight: 400;\">As lojas de brinquedos e livrarias s\u00e3o locais perfeitos para encontrar presentes para crian\u00e7as e adultos, e as \u00f3pticas oferecem uma grande variedade de op\u00e7\u00f5es para quem procura \u00f3culos de alta qualidade e \u00f3culos de sol ou de protec\u00e7\u00e3o para os seus dias na neve. Para os que procuram emo\u00e7\u00f5es mais radicais, h\u00e1 alugueres de esquis e de pranchas de snowboard dispon\u00edveis na cidade para dias intensos de esqui e snowboard.  <\/span><strong><br \/>\n  <span style=\"color: #ff0000;\"><br \/>\n    <a style=\"color: #ff0000;\" href=\"https:\/\/turismoenushuaia.com\/producto\/cerro-castor\/\">Cerro Castor<\/a><br \/>\n  <\/span><br \/>\n<\/strong><span style=\"font-weight: 400;\"> o <\/span><strong><br \/>\n  <span style=\"color: #ff0000;\"><a style=\"color: #ff0000;\" href=\"https:\/\/turismoenushuaia.com\/producto\/escuela-esqui-ushuaia\/\">Glaciar Martial<\/a>.<\/span><br \/>\n<\/strong><\/p>\n<p><span style=\"font-weight: 400;\">Os spas em Ushuaia oferecem servi\u00e7os de massagem e tratamentos de beleza para aqueles que procuram relaxamento e rejuvenescimento, enquanto os supermercados s\u00e3o o local ideal para fazer compras de alimentos e itens essenciais.<\/span><\/p>\n<p><span style=\"font-weight: 400;\">Para os que se preocupam com a moda, h\u00e1 muitas lojas de roupa que oferecem uma grande variedade de escolhas, desde roupa de Inverno a roupa de Ver\u00e3o. As lojas de artigos para actividades ao ar livre s\u00e3o tamb\u00e9m muito populares, oferecendo todo o tipo de equipamento para desportos de Inverno e de Ver\u00e3o, bem como equipamento de campismo e de caminhadas para aproveitar ao m\u00e1ximo os in\u00fameros trilhos que Ushuaia tem para oferecer, especialmente nas  <\/span><strong><br \/>\n  <span style=\"color: #ff0000;\"><br \/>\n    <a style=\"color: #ff0000;\" href=\"https:\/\/turismoenushuaia.com\/categoria-producto\/parque-nacional-tierra-del-fuego\/\">Parque Nacional Tierra del Fuego<\/a><br \/>\n  <\/span><br \/>\n<\/strong><span style=\"font-weight: 400;\">.<\/span><\/p>\n<p><span style=\"font-weight: 400;\">Por \u00faltimo, as lojas de banda desenhada oferecem uma variedade de livros e revistas para os amantes da banda desenhada, bem como produtos relacionados com filmes e s\u00e9ries de televis\u00e3o.<\/span><\/p>\n<p><span style=\"font-weight: 400;\">Em conclus\u00e3o, Ushuaia oferece uma grande variedade de op\u00e7\u00f5es para satisfazer as necessidades de seus visitantes e residentes. Se procura algo para se entreter, algo para relaxar ou algo para se equipar para as suas aventuras na Patag\u00f3nia, h\u00e1 muitas lojas e servi\u00e7os dispon\u00edveis na cidade.<\/span><\/p>\n","protected":false},"excerpt":{"rendered":"<p>Descubra todas as lojas para planear a sua viagem a Ushuaia Ushuaia, a cidade mais austral do mundo, \u00e9 um destino tur\u00edstico popular que oferece uma grande variedade de lojas e servi\u00e7os para satisfazer as necessidades dos seus visitantes e residentes locais. Desde ag\u00eancias de t\u00e1xis a lojas de roupa, h\u00e1 algo para todos na [&hellip;]<\/p>\n","protected":false},"author":1,"featured_media":9747,"parent":0,"menu_order":0,"comment_status":"closed","ping_status":"closed","template":"","meta":{"_acf_changed":false,"footnotes":""},"class_list":["post-12046","page","type-page","status-publish","has-post-thumbnail","hentry"],"acf":[],"_links":{"self":[{"href":"https:\/\/turismoenushuaia.com\/pt-br\/wp-json\/wp\/v2\/pages\/12046","targetHints":{"allow":["GET"]}}],"collection":[{"href":"https:\/\/turismoenushuaia.com\/pt-br\/wp-json\/wp\/v2\/pages"}],"about":[{"href":"https:\/\/turismoenushuaia.com\/pt-br\/wp-json\/wp\/v2\/types\/page"}],"author":[{"embeddable":true,"href":"https:\/\/turismoenushuaia.com\/pt-br\/wp-json\/wp\/v2\/users\/1"}],"replies":[{"embeddable":true,"href":"https:\/\/turismoenushuaia.com\/pt-br\/wp-json\/wp\/v2\/comments?post=12046"}],"version-history":[{"count":0,"href":"https:\/\/turismoenushuaia.com\/pt-br\/wp-json\/wp\/v2\/pages\/12046\/revisions"}],"wp:featuredmedia":[{"embeddable":true,"href":"https:\/\/turismoenushuaia.com\/pt-br\/wp-json\/wp\/v2\/media\/9747"}],"wp:attachment":[{"href":"https:\/\/turismoenushuaia.com\/pt-br\/wp-json\/wp\/v2\/media?parent=12046"}],"curies":[{"name":"wp","href":"https:\/\/api.w.org\/{rel}","templated":true}]}}