{"id":12043,"date":"2022-06-22T19:13:19","date_gmt":"2022-06-22T22:13:19","guid":{"rendered":"https:\/\/turismoenushuaia.com\/influenciadores-do-turismo-em-ushuaia\/"},"modified":"2022-06-22T19:13:19","modified_gmt":"2022-06-22T22:13:19","slug":"influenciadores-do-turismo-em-ushuaia","status":"publish","type":"page","link":"https:\/\/turismoenushuaia.com\/pt-br\/influenciadores-do-turismo-em-ushuaia\/","title":{"rendered":"INFLUENCIADORES DO TURISMO EM USHUAIA"},"content":{"rendered":"<p>Gosta de viajar e de divulgar destinos? \u00c9 especialista em viagens e relaciona-as de uma forma \u00fanica? Envie-nos uma mensagem e vamos trabalhar juntos para posicionar <a href=\"https:\/\/turismoenushuaia.com\/\">Ushuaia<\/a>.<\/p>\n<p>Somos especializados em marketing tur\u00edstico e <a title=\"Turismo em Ushuaia\" href=\"https:\/\/turismoenushuaia.com\/\">turismo em Ushuaia<\/a>. Vamos ajudar diferentes comunidades a encontrar o tipo de viagem que desejam e inspir\u00e1-las a conhecer a Terra do Fogo de uma forma \u00fanica, ambientalmente respons\u00e1vel e especial.<\/p>\n","protected":false},"excerpt":{"rendered":"<p>Gosta de viajar e de divulgar destinos? \u00c9 especialista em viagens e relaciona-as de uma forma \u00fanica? Envie-nos uma mensagem e vamos trabalhar juntos para posicionar Ushuaia. Somos especializados em marketing tur\u00edstico e turismo em Ushuaia. Vamos ajudar diferentes comunidades a encontrar o tipo de viagem que desejam e inspir\u00e1-las a conhecer a Terra do [&hellip;]<\/p>\n","protected":false},"author":1,"featured_media":10629,"parent":0,"menu_order":0,"comment_status":"closed","ping_status":"closed","template":"","meta":{"_acf_changed":false,"footnotes":""},"class_list":["post-12043","page","type-page","status-publish","has-post-thumbnail","hentry"],"acf":[],"_links":{"self":[{"href":"https:\/\/turismoenushuaia.com\/pt-br\/wp-json\/wp\/v2\/pages\/12043","targetHints":{"allow":["GET"]}}],"collection":[{"href":"https:\/\/turismoenushuaia.com\/pt-br\/wp-json\/wp\/v2\/pages"}],"about":[{"href":"https:\/\/turismoenushuaia.com\/pt-br\/wp-json\/wp\/v2\/types\/page"}],"author":[{"embeddable":true,"href":"https:\/\/turismoenushuaia.com\/pt-br\/wp-json\/wp\/v2\/users\/1"}],"replies":[{"embeddable":true,"href":"https:\/\/turismoenushuaia.com\/pt-br\/wp-json\/wp\/v2\/comments?post=12043"}],"version-history":[{"count":0,"href":"https:\/\/turismoenushuaia.com\/pt-br\/wp-json\/wp\/v2\/pages\/12043\/revisions"}],"wp:featuredmedia":[{"embeddable":true,"href":"https:\/\/turismoenushuaia.com\/pt-br\/wp-json\/wp\/v2\/media\/10629"}],"wp:attachment":[{"href":"https:\/\/turismoenushuaia.com\/pt-br\/wp-json\/wp\/v2\/media?parent=12043"}],"curies":[{"name":"wp","href":"https:\/\/api.w.org\/{rel}","templated":true}]}}