{"id":12024,"date":"2022-06-23T14:39:05","date_gmt":"2022-06-23T17:39:05","guid":{"rendered":"https:\/\/turismoenushuaia.com\/empresas-do-sector-do-turismo\/"},"modified":"2025-06-12T15:48:33","modified_gmt":"2025-06-12T18:48:33","slug":"empresas-do-sector-do-turismo","status":"publish","type":"page","link":"https:\/\/turismoenushuaia.com\/pt-br\/empresas-do-sector-do-turismo\/","title":{"rendered":"Empresas do sector do turismo"},"content":{"rendered":"<h3>Publique seu neg\u00f3cio no Turismo em Ushuaia e posicione-se como l\u00edder no setor tur\u00edstico.<\/h3>\n<ul>\n<li class=\"PublicarHome__modelo-ventaja-texto\">Contacto directo com o seu cliente.<\/li>\n<li class=\"PublicarHome__modelo-ventaja-texto\">O utilizador paga um montante fixo pela sua presen\u00e7a na plataforma, sem comiss\u00f5es por venda. Existe tamb\u00e9m uma vers\u00e3o gratuita.<\/li>\n<li class=\"PublicarHome__modelo-ventaja-texto\">Publique hoje e obtenha mais reservas, visibilidade e pedidos de informa\u00e7\u00e3o para a sua empresa.<\/li>\n<li class=\"PublicarHome__modelo-ventaja-texto\">N\u00e3o h\u00e1 comiss\u00f5es sobre pedidos de informa\u00e7\u00e3o ou vendas.<\/li>\n<li class=\"PublicarHome__modelo-ventaja-texto\">Somos o principal portal de informa\u00e7\u00f5es completas sobre <a title=\"Turismo em Ushuaia\" href=\"https:\/\/turismoenushuaia.com\/pt-br\/\">turismo em Ushuaia<\/a>! A plataforma que necessita para planear a sua viagem \u00e0 Terra do Fogo, quer prefira viajar por aventura, descanso, neg\u00f3cios ou qualquer outro motivo.<\/li>\n<\/ul>\n<p>IMPORTANTE:<\/p>\n<ul>\n<li>Turismo en Ushuaia n\u00e3o comercializa nem faz a intermedia\u00e7\u00e3o entre passageiros e empresas. Somos apenas um portal de liga\u00e7\u00e3o e informa\u00e7\u00e3o para as pessoas planearem a sua viagem.<\/li>\n<li>\u00c9 importante que todos os servi\u00e7os, hot\u00e9is e empresas estejam devidamente licenciados pelo Infuetur.<\/li>\n<\/ul>\n","protected":false},"excerpt":{"rendered":"<p>Publique seu neg\u00f3cio no Turismo em Ushuaia e posicione-se como l\u00edder no setor tur\u00edstico. Contacto directo com o seu cliente. O utilizador paga um montante fixo pela sua presen\u00e7a na plataforma, sem comiss\u00f5es por venda. Existe tamb\u00e9m uma vers\u00e3o gratuita. Publique hoje e obtenha mais reservas, visibilidade e pedidos de informa\u00e7\u00e3o para a sua empresa. [&hellip;]<\/p>\n","protected":false},"author":1,"featured_media":9735,"parent":0,"menu_order":0,"comment_status":"closed","ping_status":"closed","template":"","meta":{"_acf_changed":false,"footnotes":""},"class_list":["post-12024","page","type-page","status-publish","has-post-thumbnail","hentry"],"acf":[],"_links":{"self":[{"href":"https:\/\/turismoenushuaia.com\/pt-br\/wp-json\/wp\/v2\/pages\/12024","targetHints":{"allow":["GET"]}}],"collection":[{"href":"https:\/\/turismoenushuaia.com\/pt-br\/wp-json\/wp\/v2\/pages"}],"about":[{"href":"https:\/\/turismoenushuaia.com\/pt-br\/wp-json\/wp\/v2\/types\/page"}],"author":[{"embeddable":true,"href":"https:\/\/turismoenushuaia.com\/pt-br\/wp-json\/wp\/v2\/users\/1"}],"replies":[{"embeddable":true,"href":"https:\/\/turismoenushuaia.com\/pt-br\/wp-json\/wp\/v2\/comments?post=12024"}],"version-history":[{"count":0,"href":"https:\/\/turismoenushuaia.com\/pt-br\/wp-json\/wp\/v2\/pages\/12024\/revisions"}],"wp:featuredmedia":[{"embeddable":true,"href":"https:\/\/turismoenushuaia.com\/pt-br\/wp-json\/wp\/v2\/media\/9735"}],"wp:attachment":[{"href":"https:\/\/turismoenushuaia.com\/pt-br\/wp-json\/wp\/v2\/media?parent=12024"}],"curies":[{"name":"wp","href":"https:\/\/api.w.org\/{rel}","templated":true}]}}