{"id":73004,"date":"2026-04-03T20:05:23","date_gmt":"2026-04-03T23:05:23","guid":{"rendered":"https:\/\/turismoenushuaia.com\/?post_type=product&#038;p=73004"},"modified":"2026-04-03T20:05:23","modified_gmt":"2026-04-03T23:05:23","slug":"full-dia-clasico-cauquen-turismo","status":"publish","type":"product","link":"https:\/\/turismoenushuaia.com\/en\/producto\/full-dia-clasico-cauquen-turismo\/","title":{"rendered":"Full d\u00eda cl\u00e1sico &#8211; Cauqu\u00e9n Turismo"},"content":{"rendered":"<h2>Conoc\u00e9 lo esencial de Ushuaia en un solo d\u00eda y llevate un recuerdo memorable<\/h2>\n<p>Full d\u00eda cl\u00e1sico: Viv\u00ed una jornada completa combinando naturaleza, historia y navegaci\u00f3n en los paisajes m\u00e1s emblem\u00e1ticos de Ushuaia. Este recorrido est\u00e1 pensado para quienes quieren conocer lo imprescindible del Fin del Mundo en un solo d\u00eda, con una propuesta equilibrada entre tierra y mar.<\/p>\n<h3>Disfrut\u00e1 la naturaleza en el Parque Nacional Tierra del Fuego<\/h3>\n<p data-start=\"757\" data-end=\"1034\">Ubicado a solo 12 km del centro de Ushuaia, el Parque Nacional Tierra del Fuego es el \u00fanico parque nacional de Argentina que combina bosque, monta\u00f1a y mar. Aqu\u00ed se encuentran bah\u00edas, lagos, turbales y senderos rodeados de lengas y guindos, especies t\u00edpicas del bosque fueguino.<\/p>\n<p data-start=\"1036\" data-end=\"1324\">Disfrut\u00e1 de sectores panor\u00e1micos como Bah\u00eda Lapataia \u2014uno de los puntos finales de la Ruta Nacional 3\u2014, miradores naturales y zonas costeras del Canal Beagle. Es una experiencia ideal para conectarse con la naturaleza y comprender la geograf\u00eda \u00fanica de Tierra del Fuego.<\/p>\n<p data-start=\"1036\" data-end=\"1324\"><img loading=\"lazy\" decoding=\"async\" class=\"alignnone size-large wp-image-73017\" src=\"https:\/\/turismoenushuaia.com\/wp-content\/uploads\/2026\/03\/full-dia-clasico-cauquen-turismo-1024x683.jpg\" alt=\"Cauquen turismo 5\" width=\"1024\" height=\"683\" srcset=\"https:\/\/turismoenushuaia.com\/wp-content\/uploads\/2026\/03\/full-dia-clasico-cauquen-turismo-1024x683.jpg 1024w, https:\/\/turismoenushuaia.com\/wp-content\/uploads\/2026\/03\/full-dia-clasico-cauquen-turismo-300x200.jpg 300w, https:\/\/turismoenushuaia.com\/wp-content\/uploads\/2026\/03\/full-dia-clasico-cauquen-turismo-768x512.jpg 768w, https:\/\/turismoenushuaia.com\/wp-content\/uploads\/2026\/03\/full-dia-clasico-cauquen-turismo.jpg 1200w\" sizes=\"auto, (max-width: 1024px) 100vw, 1024px\" \/><\/p>\n<h4 data-section-id=\"1of6gpc\" data-start=\"1331\" data-end=\"1373\">\u00a0Tren del Fin del Mundo (opcional)<\/h4>\n<p data-start=\"1375\" data-end=\"1515\">El hist\u00f3rico Tren del Fin del Mundo recorre los antiguos caminos utilizados por los presos del Penal de Ushuaia a principios del siglo XX.<\/p>\n<p data-start=\"1517\" data-end=\"1742\">Hoy, completamente restaurado, atraviesa bosques y r\u00edos dentro del Parque Nacional, ofreciendo un paseo esc\u00e9nico acompa\u00f1ado por relatos sobre la historia carcelaria de la ciudad y el desarrollo de Ushuaia como asentamiento.<\/p>\n<p data-start=\"1744\" data-end=\"1850\">Es una opci\u00f3n ideal para quienes desean sumar un componente cultural e hist\u00f3rico a la experiencia natural.<\/p>\n<p><img loading=\"lazy\" decoding=\"async\" class=\"size-large wp-image-42925\" src=\"https:\/\/turismoenushuaia.com\/wp-content\/uploads\/2022\/11\/Tren-del-Fin-del-Mundo-1-Turismo-en-Ushuaia-1024x683.jpg\" alt=\"nieve en el tren del fin del mundo\" width=\"1024\" height=\"683\" srcset=\"https:\/\/turismoenushuaia.com\/wp-content\/uploads\/2022\/11\/Tren-del-Fin-del-Mundo-1-Turismo-en-Ushuaia-1024x683.jpg 1024w, https:\/\/turismoenushuaia.com\/wp-content\/uploads\/2022\/11\/Tren-del-Fin-del-Mundo-1-Turismo-en-Ushuaia-300x200.jpg 300w, https:\/\/turismoenushuaia.com\/wp-content\/uploads\/2022\/11\/Tren-del-Fin-del-Mundo-1-Turismo-en-Ushuaia-768x512.jpg 768w, https:\/\/turismoenushuaia.com\/wp-content\/uploads\/2022\/11\/Tren-del-Fin-del-Mundo-1-Turismo-en-Ushuaia-600x400.jpg 600w, https:\/\/turismoenushuaia.com\/wp-content\/uploads\/2022\/11\/Tren-del-Fin-del-Mundo-1-Turismo-en-Ushuaia.jpg 1200w\" sizes=\"auto, (max-width: 1024px) 100vw, 1024px\" \/><\/p>\n<h3 data-section-id=\"pruxqz\" data-start=\"1857\" data-end=\"1912\">Tarde \u2013 Navegaci\u00f3n por el Canal Beagle (2.5 hs)<\/h3>\n<p data-start=\"1914\" data-end=\"2105\">Por la tarde, la experiencia contin\u00faa con una navegaci\u00f3n de aproximadamente 2 horas y media por el emblem\u00e1tico Canal Beagle, uno de los pasos mar\u00edtimos m\u00e1s importantes del sur del continente.<\/p>\n<h4 data-section-id=\"e4b0xa\" data-start=\"2112\" data-end=\"2138\">Isla de los Lobos<\/h4>\n<p data-start=\"2140\" data-end=\"2383\">Durante el recorrido se visita la Isla de los Lobos, donde se pueden observar colonias de lobos marinos en su h\u00e1bitat natural. Estas formaciones rocosas permiten apreciar de cerca la fauna t\u00edpica del canal, en un entorno completamente natural.<\/p>\n<p data-start=\"2140\" data-end=\"2383\"><img loading=\"lazy\" decoding=\"async\" class=\"alignnone size-large wp-image-2786\" src=\"https:\/\/turismoenushuaia.com\/wp-content\/uploads\/2022\/11\/Navegacion-canal-beagle-turismo-en-ushuaia-lobos-1024x683.jpg\" alt=\"Labos\" width=\"1024\" height=\"683\" srcset=\"https:\/\/turismoenushuaia.com\/wp-content\/uploads\/2022\/11\/Navegacion-canal-beagle-turismo-en-ushuaia-lobos-1024x683.jpg 1024w, https:\/\/turismoenushuaia.com\/wp-content\/uploads\/2022\/11\/Navegacion-canal-beagle-turismo-en-ushuaia-lobos-300x200.jpg 300w, https:\/\/turismoenushuaia.com\/wp-content\/uploads\/2022\/11\/Navegacion-canal-beagle-turismo-en-ushuaia-lobos-768x512.jpg 768w, https:\/\/turismoenushuaia.com\/wp-content\/uploads\/2022\/11\/Navegacion-canal-beagle-turismo-en-ushuaia-lobos-1080x720.jpg 1080w, https:\/\/turismoenushuaia.com\/wp-content\/uploads\/2022\/11\/Navegacion-canal-beagle-turismo-en-ushuaia-lobos-980x653.jpg 980w, https:\/\/turismoenushuaia.com\/wp-content\/uploads\/2022\/11\/Navegacion-canal-beagle-turismo-en-ushuaia-lobos-480x320.jpg 480w, https:\/\/turismoenushuaia.com\/wp-content\/uploads\/2022\/11\/Navegacion-canal-beagle-turismo-en-ushuaia-lobos-600x400.jpg 600w, https:\/\/turismoenushuaia.com\/wp-content\/uploads\/2022\/11\/Navegacion-canal-beagle-turismo-en-ushuaia-lobos.jpg 1200w\" sizes=\"auto, (max-width: 1024px) 100vw, 1024px\" \/><\/p>\n<h4 data-section-id=\"xfdab3\" data-start=\"2390\" data-end=\"2418\">\u00a0Isla de los P\u00e1jaros<\/h4>\n<p data-start=\"2420\" data-end=\"2605\">La navegaci\u00f3n tambi\u00e9n incluye la Isla de los P\u00e1jaros, reconocida por albergar cormoranes imperiales y otras especies marinas que encuentran en estas islas un lugar ideal para nidificar.<\/p>\n<h4 data-section-id=\"1sbjurq\" data-start=\"2612\" data-end=\"2640\">Faro Les Eclaireurs<\/h4>\n<p data-start=\"2642\" data-end=\"2885\">Uno de los puntos m\u00e1s fotografiados del recorrido es el Faro Les Eclaireurs, conocido popularmente como el \u201cFaro del Fin del Mundo\u201d. Construido en 1920, se erige sobre islotes rocosos y se convirti\u00f3 en un s\u00edmbolo de Ushuaia y del Canal Beagle.<\/p>\n<p data-start=\"2642\" data-end=\"2885\"><img loading=\"lazy\" decoding=\"async\" class=\"alignnone size-large wp-image-2778\" src=\"https:\/\/turismoenushuaia.com\/wp-content\/uploads\/2022\/11\/Navegacion-canal-beagle-turismo-en-ushuaia-faro-fin-del-mundo-1024x683.jpg\" alt=\"faro les \u00e9claireurs\" width=\"1024\" height=\"683\" srcset=\"https:\/\/turismoenushuaia.com\/wp-content\/uploads\/2022\/11\/Navegacion-canal-beagle-turismo-en-ushuaia-faro-fin-del-mundo-1024x683.jpg 1024w, https:\/\/turismoenushuaia.com\/wp-content\/uploads\/2022\/11\/Navegacion-canal-beagle-turismo-en-ushuaia-faro-fin-del-mundo-300x200.jpg 300w, https:\/\/turismoenushuaia.com\/wp-content\/uploads\/2022\/11\/Navegacion-canal-beagle-turismo-en-ushuaia-faro-fin-del-mundo-768x512.jpg 768w, https:\/\/turismoenushuaia.com\/wp-content\/uploads\/2022\/11\/Navegacion-canal-beagle-turismo-en-ushuaia-faro-fin-del-mundo-1080x720.jpg 1080w, https:\/\/turismoenushuaia.com\/wp-content\/uploads\/2022\/11\/Navegacion-canal-beagle-turismo-en-ushuaia-faro-fin-del-mundo-980x653.jpg 980w, https:\/\/turismoenushuaia.com\/wp-content\/uploads\/2022\/11\/Navegacion-canal-beagle-turismo-en-ushuaia-faro-fin-del-mundo-480x320.jpg 480w, https:\/\/turismoenushuaia.com\/wp-content\/uploads\/2022\/11\/Navegacion-canal-beagle-turismo-en-ushuaia-faro-fin-del-mundo-600x400.jpg 600w, https:\/\/turismoenushuaia.com\/wp-content\/uploads\/2022\/11\/Navegacion-canal-beagle-turismo-en-ushuaia-faro-fin-del-mundo.jpg 1200w\" sizes=\"auto, (max-width: 1024px) 100vw, 1024px\" \/><\/p>\n<h3 data-section-id=\"1htvhm3\" data-start=\"2892\" data-end=\"2920\">Alternativa sin tren<\/h3>\n<p data-start=\"2922\" data-end=\"3167\">Si eleg\u00eds la opci\u00f3n sin Tren del Fin del Mundo, el programa suma una caminata guiada de baja dificultad dentro del Parque Nacional. Esta alternativa permite recorrer senderos interpretativos y disfrutar con mayor profundidad del entorno natural. \u00a1Animate a conocer Ushuaia con estas experiencias!.<\/p>\n<p data-start=\"2922\" data-end=\"3167\">Paquete operador por <span class=\"x1lliihq x1plvlek xryxfnj x1n2onr6 xyejjpt x15dsfln x193iq5w xeuugli x1fj9vlw x13faqbe x1vvkbs x1s928wv xhkezso x1gmr53x x1cpjm7i x1fgarty x1943h6x x1i0vuye xvs91rp xo1l8bm x5n08af\" dir=\"auto\">Cauquen Turismo &#8211; Agencia de turismo receptiva<\/span><\/p>\n","protected":false},"excerpt":{"rendered":"<p>Excursi\u00f3n de d\u00eda completo que combina el Parque Nacional Tierra del Fuego y la navegaci\u00f3n por el Canal Beagle, recorriendo los paisajes m\u00e1s emblem\u00e1ticos de Ushuaia.<br data-start=\"164\" data-end=\"167\" \/>Una experiencia ideal para conocer naturaleza, historia y fauna del Fin del Mundo en una sola jornada.<\/p>\n","protected":false},"featured_media":2167,"template":"","meta":{"_acf_changed":false},"product_brand":[],"product_cat":[127,135,114],"product_tag":[],"class_list":{"0":"post-73004","1":"product","2":"type-product","3":"status-publish","4":"has-post-thumbnail","6":"epoca-todo-el-ano-pt-br","7":"dificultad-facil-pt-br","8":"product_cat-paquetes-turisticos-ushuaia","9":"product_cat-navegacion-canal-beagle","10":"product_cat-parque-nacional-tierra-del-fuego","12":"first","13":"instock","14":"shipping-taxable","15":"product-type-external"},"acf":[],"_links":{"self":[{"href":"https:\/\/turismoenushuaia.com\/en\/wp-json\/wp\/v2\/product\/73004","targetHints":{"allow":["GET"]}}],"collection":[{"href":"https:\/\/turismoenushuaia.com\/en\/wp-json\/wp\/v2\/product"}],"about":[{"href":"https:\/\/turismoenushuaia.com\/en\/wp-json\/wp\/v2\/types\/product"}],"wp:featuredmedia":[{"embeddable":true,"href":"https:\/\/turismoenushuaia.com\/en\/wp-json\/wp\/v2\/media\/2167"}],"wp:attachment":[{"href":"https:\/\/turismoenushuaia.com\/en\/wp-json\/wp\/v2\/media?parent=73004"}],"wp:term":[{"taxonomy":"product_brand","embeddable":true,"href":"https:\/\/turismoenushuaia.com\/en\/wp-json\/wp\/v2\/product_brand?post=73004"},{"taxonomy":"product_cat","embeddable":true,"href":"https:\/\/turismoenushuaia.com\/en\/wp-json\/wp\/v2\/product_cat?post=73004"},{"taxonomy":"product_tag","embeddable":true,"href":"https:\/\/turismoenushuaia.com\/en\/wp-json\/wp\/v2\/product_tag?post=73004"}],"curies":[{"name":"wp","href":"https:\/\/api.w.org\/{rel}","templated":true}]}}