{"id":68642,"date":"2025-05-05T16:58:26","date_gmt":"2025-05-05T19:58:26","guid":{"rendered":"https:\/\/turismoenushuaia.com\/producto\/antartida-clasica\/"},"modified":"2025-05-05T16:58:26","modified_gmt":"2025-05-05T19:58:26","slug":"antartida-clasica","status":"publish","type":"product","link":"https:\/\/turismoenushuaia.com\/en\/producto\/antartida-clasica\/","title":{"rendered":"Ant\u00e1rtida Cl\u00e1sica"},"content":{"rendered":"<h2><strong>Ant\u00e1rtida Cl\u00e1sica: Conoc\u00e9 el crucero de expedici\u00f3n a la Pen\u00ednsula Ant\u00e1rtica e Islas Shetland del Sur<\/strong><\/h2>\n<h3>Itinerario:<\/h3>\n<p><strong>D\u00eda 1: Salida desde la ciudad de Ushuaia<\/strong><\/p>\n<p>Embarque a la tarde y conozca a su staff de expedici\u00f3n y conferencistas. Luego de ponerse c\u00f3modo en su cabina, navegaremos por el famoso Canal Beagle, a trav\u00e9s del paso Mackinlay. <\/p>\n<p><strong>D\u00edas 2 y 3: Cruzando el Pasaje Drake<\/strong><\/p>\n<p>Nombrado as\u00ed luego de que el c\u00e9lebre explorador Sir Francis Drake navegara estas aguas en 1578, el Pasaje Drake es marco de la Convergencia Ant\u00e1rtica, una barrera biol\u00f3gica natural en donde las fr\u00edas aguas polares se sumergen debajo de las aguas m\u00e1s c\u00e1lidas del norte. Esto genera una gran cantidad de nutrientes, que sustentan la biodiversidad de esta regi\u00f3n. <\/p>\n<p>El Pasaje Drake tambi\u00e9n marca el l\u00edmite norte de muchas aves marinas ant\u00e1rticas. Mientras naveguemos a trav\u00e9s del pasaje, nuestro staff estar\u00e1 con usted afuera en la cubierta para ayudarle en la identificaci\u00f3n de la enorme variedad de aves marinas, incluyendo los albatros que siguen al USHUAIA. <\/p>\n<p><img loading=\"lazy\" decoding=\"async\" class=\"alignnone size-full wp-image-67590\" src=\"https:\/\/turismoenushuaia.com\/wp-content\/uploads\/2025\/05\/antartida-clasica-5-tolkeyen.jpg\" alt=\"antartida 3\" width=\"1200\" height=\"800\" srcset=\"https:\/\/turismoenushuaia.com\/wp-content\/uploads\/2025\/05\/antartida-clasica-5-tolkeyen.jpg 1200w, https:\/\/turismoenushuaia.com\/wp-content\/uploads\/2025\/05\/antartida-clasica-5-tolkeyen-300x200.jpg 300w, https:\/\/turismoenushuaia.com\/wp-content\/uploads\/2025\/05\/antartida-clasica-5-tolkeyen-1024x683.jpg 1024w, https:\/\/turismoenushuaia.com\/wp-content\/uploads\/2025\/05\/antartida-clasica-5-tolkeyen-768x512.jpg 768w, https:\/\/turismoenushuaia.com\/wp-content\/uploads\/2025\/05\/antartida-clasica-5-tolkeyen-600x400.jpg 600w\" sizes=\"auto, (max-width: 1200px) 100vw, 1200px\" \/><\/p>\n<p>La pol\u00edtica de a bordo de \u201cpuente abierto\u201d les permitir\u00e1 acompa\u00f1ar a nuestros oficiales en el puente y aprender algunos aspectos concernientes a la navegaci\u00f3n, observar ballenas o simplemente disfrutar de la vista. Un programa completo de conferencias lo estar\u00e1 esperando. <\/p>\n<p>Los primeros t\u00e9mpanos y monta\u00f1as nevadas nos indican que hemos llegado a las Islas Shetland del Sur, un archipi\u00e9lago de 20 islas e islotes descubierto en 1819 por el Capit\u00e1n William Smith con su bergant\u00edn Williams. Si las condiciones en el Pasaje Drake fueran favorables, al tercer d\u00eda nuestro staff de expedici\u00f3n lo acompa\u00f1ar\u00e1 en el primer desembarco y experimentar\u00e1 el fascinante encuentro con ping\u00fcinos y focas. <\/p>\n<p><strong>Days 4 to 7:<\/strong> <strong>Discovering the Antarctic Peninsula and the South Shetland Islands<\/strong><\/p>\n<p>The South Shetland Islands are teeming with wildlife. Vast penguin colonies, beaches ruled by Antarctic fur seals and southern elephant seals make every day in this island group unforgettable. Cruising through the narrow passage to the flooded caldera of Deception Island is truly breathtaking.  <\/p>\n<p>King George Island is the largest of the South Shetland Islands and is home to colonies of Ad\u00e9lie and chinstrap penguins, kelp gulls, imperial shags, Antarctic terns, and southern giant petrels. Scientific bases from various countries are also located here. Chinstrap penguins, golden-fronted penguins, gentoo penguins, and elephant seals await you on Livingston Island.  <\/p>\n<p>Learning about the remarkable history of the Antarctic Peninsula will thrill you in ways comparable to those of early explorers. You&#8217;ll have plenty of time to explore its incredible landscape\u2014a pristine wilderness of snow, ice, mountains, and waterways\u2014and its incredibly wide variety of wildlife. In addition to penguins and seabirds, you&#8217;ll also get up close to crabeater, Weddell, and leopard seals, as well as humpback, minke, and orca whales.  <\/p>\n<p>We hope to navigate some of the most beautiful channels, depending on ice conditions: the Gerlache Strait, Neumayer Channel, and Lemaire Channel are narrow passages between towering rocks and spectacular glaciers. We plan to make at least two shore excursions per day. Shore excursion sites may also include:  <\/p>\n<p>Paradise Bay, literally the best-named place in the world, is where we will attempt a proper descent to the mainland. After crossing the iceberg-strewn waters of the Antarctic Sound, we hope to visit the active colonies of Ad\u00e9lie penguins (more than 100,000 pairs breed here) and imperial cormorants on Paulet Island. The Nordenskj\u00f6ld expedition built a stone shelter here in 1903; the ruins have now been overrun by penguin nests.  <\/p>\n<p>Other possible explorations could take us to the Melchior Islands, Cuverville Island, Portal Point, Neko Harbour, Pl\u00e9neau Island, and if ice conditions permit, to Petermann Island to visit the southernmost colony of gentoo penguins.<\/p>\n<p><strong>Days 8 and 9: Crossing the Drake Passage<\/strong><\/p>\n<p>We&#8217;ll leave the Antarctic Peninsula and head north, crossing the Drake Passage. Join our lecturers and naturalists on deck as they search for seabirds and whales, and enjoy some of the final lectures. Take time to relax and reflect on the fascinating adventures of the past few days on the way back to Ushuaia.  <\/p>\n<p><strong>Day 10:<\/strong> <strong>Arrival at the port of Ushuaia<\/strong><\/p>\n<p>Llegamos a Ushuaia temprano en la ma\u00f1ana, donde desembarcar\u00e1 luego del desayuno y de haber disfrutado de Ant\u00e1rtida Cl\u00e1sica<\/p>\n<p>N.B: El itinerario descrito arriba es s\u00f3lo una gu\u00eda. Nuestra ruta exacta y el programa pueden variar para poder tomar las mejores ventajas del clima local, de las condiciones del hielo y de las oportunidades de ver vida silvestre. Los cambios ser\u00e1n hechos por el capit\u00e1n y el l\u00edder de expedici\u00f3n para facilitar los mejores resultados de las condiciones predominantes. Un programa diario ser\u00e1 publicado a bordo. La flexibilidad es la clave del \u00e9xito.    <\/p>\n<p>*Las tarifas LAST MINUTE son cercanas a la fecha de partida de la embarcaci\u00f3n y est\u00e1n sujetas a disponibilidad. Los valores son por persona en cabina compartidas. <\/p>\n<p>Los precios pueden variar seg\u00fan fechas y temporadas.<\/p>\n<h3><em>Consulte por salidas LAST MINUTE con tarifas desde USD 5000 por persona* para Ant\u00e1rtida Cl\u00e1sica<\/em><\/h3>\n<p>TOLKEYEN PATAGONIA TURISMO S.A.U. Lic. E.V.yT.: Legajo N\u00ba 11938 Ushuaia \u2013 Tierra del Fuego<\/p>\n","protected":false},"excerpt":{"rendered":"<p class=\"\" data-start=\"0\" data-end=\"209\">\u00bfTe gustar\u00eda embarcarte en una aventura \u00fanica, rodeado de glaciares, avistando ping\u00fcinos y focas en su entorno natural, mientras descubr\u00eds la fascinante historia de uno de los rincones m\u00e1s remotos del planeta?. El crucero Ant\u00e1rtida Cl\u00e1sica es la opci\u00f3n ideal para quienes sue\u00f1an con explorar este continente helado.<\/p>\n","protected":false},"featured_media":67594,"template":"","meta":{"_acf_changed":false},"product_brand":[],"product_cat":[513],"product_tag":[],"class_list":{"0":"post-68642","1":"product","2":"type-product","3":"status-publish","4":"has-post-thumbnail","6":"dificultad-facil-pt-br","7":"product_cat-antartida-en","9":"first","10":"instock","11":"shipping-taxable","12":"product-type-external"},"acf":[],"_links":{"self":[{"href":"https:\/\/turismoenushuaia.com\/en\/wp-json\/wp\/v2\/product\/68642","targetHints":{"allow":["GET"]}}],"collection":[{"href":"https:\/\/turismoenushuaia.com\/en\/wp-json\/wp\/v2\/product"}],"about":[{"href":"https:\/\/turismoenushuaia.com\/en\/wp-json\/wp\/v2\/types\/product"}],"wp:featuredmedia":[{"embeddable":true,"href":"https:\/\/turismoenushuaia.com\/en\/wp-json\/wp\/v2\/media\/67594"}],"wp:attachment":[{"href":"https:\/\/turismoenushuaia.com\/en\/wp-json\/wp\/v2\/media?parent=68642"}],"wp:term":[{"taxonomy":"product_brand","embeddable":true,"href":"https:\/\/turismoenushuaia.com\/en\/wp-json\/wp\/v2\/product_brand?post=68642"},{"taxonomy":"product_cat","embeddable":true,"href":"https:\/\/turismoenushuaia.com\/en\/wp-json\/wp\/v2\/product_cat?post=68642"},{"taxonomy":"product_tag","embeddable":true,"href":"https:\/\/turismoenushuaia.com\/en\/wp-json\/wp\/v2\/product_tag?post=68642"}],"curies":[{"name":"wp","href":"https:\/\/api.w.org\/{rel}","templated":true}]}}