{"id":27287,"date":"2023-11-18T22:40:14","date_gmt":"2023-11-19T01:40:14","guid":{"rendered":"https:\/\/turismoenushuaia.com\/?post_type=product&#038;p=27287"},"modified":"2026-02-06T12:04:40","modified_gmt":"2026-02-06T15:04:40","slug":"cerro-martial","status":"publish","type":"product","link":"https:\/\/turismoenushuaia.com\/en\/producto\/cerro-martial\/","title":{"rendered":"Cerro Martial"},"content":{"rendered":"<h2>Descubr\u00ed las mejores actividades en el Parque del Fin del Mundo en el Cerro Martial<\/h2>\n<p>El Parque del Fin del Mundo del Cerro Martial se encuentra en el sur del sur. Una experiencia para toda la familia con actividades y entretenimiento disfrutando al m\u00e1ximo de la naturaleza fueguina. El parque cuenta con un refugio d\u00f3nde recuperar energ\u00edas y disfrutar de un ambiente c\u00e1lido y acogedor , miradores panor\u00e1micos, nuevos medios de elevaci\u00f3n y\u00a0 altos est\u00e1ndares que garantizan la seguridad de los turistas que se acerquen al Parque del Fin del Mundo siempre respetando la naturaleza.<\/p>\n<h3>Actividades y deportes para hacer en el Cerro Martial<\/h3>\n<p>Las actividades que se dearrollan en el parque son variadas y para todo el grupo familiar. Para los amantes de la temporada invernal el parque repersenta entretenimiento y diversi\u00f3n con diferentes propuestas para grandes y ni\u00f1os. De esta forma se disfruta al m\u00e1ximo la mejor nieve del mundo. En el parque hay disponibles pistas de trineos, Snow Park, escuela de esqu\u00ed y de snowboard con pases diarios y de tres d\u00edas. Tambi\u00e9n es un lugar m\u00e1gico para hacer trekking y conocer la belleza del Cerro Martial enmarcado en un paisaje de ensue\u00f1o.<\/p>\n<h3>Eventos especiales para disfrutar en el Cerro Martial<\/h3>\n<p>En el parque hay diferentes eventos para disfrutar de la nieve, vistas pan\u00f3ramicas de Ushuaia y pasar un momento emocionante en un lugar m\u00e1gico. En agosto de 2023 se realiz\u00f3 la conocida bajada de antorchas para quienes disfrutan de actividades invernales y de un entorno natural m\u00e1gico rodeoado de monta\u00f1as. La convocatoria es para participar y disfrutar de un evento tradicional.<\/p>\n<p><span class=\"elementor-icon-list-icon\">\u00a0Horario: <\/span><span class=\"elementor-icon-list-text\">Abierto todos los d\u00edas de 9:00 a 18:00 hs<\/span><\/p>\n<p><img loading=\"lazy\" decoding=\"async\" class=\"alignnone size-full wp-image-27300\" src=\"https:\/\/turismoenushuaia.com\/wp-content\/uploads\/2023\/11\/Diseno-sin-titulo-2023-11-18T121746.815.jpg\" alt=\"Parque del Fin del Mundo cerro martial Ushuaia\" width=\"1200\" height=\"800\" srcset=\"https:\/\/turismoenushuaia.com\/wp-content\/uploads\/2023\/11\/Diseno-sin-titulo-2023-11-18T121746.815.jpg 1200w, https:\/\/turismoenushuaia.com\/wp-content\/uploads\/2023\/11\/Diseno-sin-titulo-2023-11-18T121746.815-300x200.jpg 300w, https:\/\/turismoenushuaia.com\/wp-content\/uploads\/2023\/11\/Diseno-sin-titulo-2023-11-18T121746.815-1024x683.jpg 1024w, https:\/\/turismoenushuaia.com\/wp-content\/uploads\/2023\/11\/Diseno-sin-titulo-2023-11-18T121746.815-768x512.jpg 768w, https:\/\/turismoenushuaia.com\/wp-content\/uploads\/2023\/11\/Diseno-sin-titulo-2023-11-18T121746.815-600x400.jpg 600w\" sizes=\"auto, (max-width: 1200px) 100vw, 1200px\" \/><\/p>\n<p>&nbsp;<\/p>\n","protected":false},"excerpt":{"rendered":"<p>El Parque del Fin del Mundo del Cerro Martial ofrece divertidas actividades en la nieve en un ambiente familiar entre monta\u00f1as y paisajes incre\u00edbles. Se puede hacer hacer snowoard, esqu\u00ed, trekking, medios de elevanci\u00f3n y m\u00e1s. Tambi\u00e9n ofrece un refugio para tomar un descanso en un lugar c\u00e1lido para continuar con las actividades recreativas.<\/p>\n","protected":false},"featured_media":27300,"template":"","meta":{"_acf_changed":false},"product_brand":[],"product_cat":[194,216,107],"product_tag":[],"class_list":{"0":"post-27287","1":"product","2":"type-product","3":"status-publish","4":"has-post-thumbnail","6":"epoca-todo-el-ano-pt-br","7":"product_cat-centros-invernales","8":"product_cat-esqui-o-snowboard-en-tierra-del-fuego","9":"product_cat-aventura","11":"first","12":"instock","13":"shipping-taxable","14":"product-type-external"},"acf":[],"_links":{"self":[{"href":"https:\/\/turismoenushuaia.com\/en\/wp-json\/wp\/v2\/product\/27287","targetHints":{"allow":["GET"]}}],"collection":[{"href":"https:\/\/turismoenushuaia.com\/en\/wp-json\/wp\/v2\/product"}],"about":[{"href":"https:\/\/turismoenushuaia.com\/en\/wp-json\/wp\/v2\/types\/product"}],"wp:featuredmedia":[{"embeddable":true,"href":"https:\/\/turismoenushuaia.com\/en\/wp-json\/wp\/v2\/media\/27300"}],"wp:attachment":[{"href":"https:\/\/turismoenushuaia.com\/en\/wp-json\/wp\/v2\/media?parent=27287"}],"wp:term":[{"taxonomy":"product_brand","embeddable":true,"href":"https:\/\/turismoenushuaia.com\/en\/wp-json\/wp\/v2\/product_brand?post=27287"},{"taxonomy":"product_cat","embeddable":true,"href":"https:\/\/turismoenushuaia.com\/en\/wp-json\/wp\/v2\/product_cat?post=27287"},{"taxonomy":"product_tag","embeddable":true,"href":"https:\/\/turismoenushuaia.com\/en\/wp-json\/wp\/v2\/product_tag?post=27287"}],"curies":[{"name":"wp","href":"https:\/\/api.w.org\/{rel}","templated":true}]}}