{"id":2385,"date":"2022-11-13T04:02:02","date_gmt":"2022-11-13T04:02:02","guid":{"rendered":"https:\/\/turismoenushuaia.com\/?post_type=product&#038;p=2385"},"modified":"2026-02-06T12:04:32","modified_gmt":"2026-02-06T15:04:32","slug":"estancia-tunel","status":"publish","type":"product","link":"https:\/\/turismoenushuaia.com\/en\/producto\/estancia-tunel\/","title":{"rendered":"Estancia T\u00fanel"},"content":{"rendered":"<div class=\"col s4 l2 sendero-icon-group\">\n<div class=\"tooltipped\" data-position=\"top\" data-delay=\"50\" data-tooltip=\"Este sendero cuenta carteler\u00eda y est\u00e1 preparado para el turismo, igualmente la recomendaci\u00f3n siempre es realizarlo con la gu\u00eda de un experto habilitado\" data-tooltip-id=\"ab6f23e7-7b32-22f3-f5ce-ddbe5e25b6d5\">\n<h2><strong>Recorrido de f\u00e1cil acceso con paisajes admirables del Canal Beagle<\/strong><\/h2>\n<p><span style=\"font-weight: 400;\">La Estancia T\u00fanel, se ubica a 12 kil\u00f3metros de la ciudad de Ushuaia. El recorrido se inicia hacia el este, en direcci\u00f3n a la Reserva Natural y Cultural Playa Larga.\u00a0<\/span><\/p>\n<p><span style=\"font-weight: 400;\">Para llegar a la Estancia T\u00fanel se atraviesa la ruta de ripio que bordea la costa, donde en el final se encuentra una baliza denominada \u201cEscarpados\u201d. El camino est\u00e1 bien marcado y durante el inicio del trayecto no presenta mayores dificultades; a\u00fan as\u00ed, el terreno del bosque podr\u00eda presentarse un poco ondulante y tambi\u00e9n hay algunos sectores con ra\u00edces y suaves pendientes. Dada esta circunstancia, para que la experiencia sea grata y memorable es necesario contar con un buen calzado y as\u00ed evitar resbalarse.<\/span><\/p>\n<p><span style=\"font-weight: 400;\">El sendero en algunas partes bordea la costa del magn\u00edfico<\/span><a href=\"https:\/\/turismoenushuaia.com\/que-hacer-en-ushuaia\/?txt=&amp;product_cat%5B%5D=135\"> <b>Canal Beagle<\/b><\/a><span style=\"font-weight: 400;\">, donde se puede contemplar el particular ecosistema de esta zona, que se caracteriza por los bosques de guindos y otras especies de \u00e1rboles como el canelo (flores blancas), la le\u00f1a dura y el notro (flores rojas).<\/span><\/p>\n<p><span style=\"font-weight: 400;\">Recorrer\u00e1s el bosque aproximadamente a lo largo de 1 kil\u00f3metro, para llegar a un descampado donde descansar y observar una inigualable vista panor\u00e1mica del Canal.<\/span><\/p>\n<p><span style=\"font-weight: 400;\">Luego de algunos minutos de descanso, continuando por el sendero, cruzaremos un arroyo\u00a0 para bordear la costa y luego descender por una ladera que nos lleva hasta la Estancia T\u00fanel. Este sitio de gran valor hist\u00f3rico, adem\u00e1s de la actividad ganadera que desarrollaba, tambi\u00e9n funcion\u00f3 como un aserradero a partir de 1917.\u00a0<\/span><\/p>\n<p><span style=\"font-weight: 400;\">Lo que hoy queda de aquella flamante Estancia, se conserva como un recuerdo de \u00e9pocas pasadas que firmemente resiste a\u00fan las mareas del paso del tiempo a orillas del Canal Beagle.<\/span><\/p>\n<h2>Otros datos de inter\u00e9s en el camino a la Estancia T\u00fanel:<\/h2>\n<p><span style=\"font-weight: 400;\">\u201cLancha Packewaia\u201d es el nombre del arroyo que se deber\u00e1 cruzar en el recorrido. Este llamativo nombre proviene de una bah\u00eda que se encuentra en la costa sur de la Isla Gable (Isla de Tierra del Fuego), y le fue otorgada una peque\u00f1a lancha de la Armada Argentina utilizada para el transporte de pasajeros.<\/span><\/p>\n<p><span style=\"font-weight: 400;\">En enero de 1975 cuando se realizaban tareas de apoyo a una campa\u00f1a antropol\u00f3gica del CADIC-CONICET, la lancha naufrag\u00f3 cerca de la Baliza \u201cEscarpados\u201d, en direcci\u00f3n a Estancia T\u00fanel, al chocar contra una roca. Rindiendo homenaje a esta embarcaci\u00f3n, los investigadores llamaron al sitio de an\u00e1lisis con su nombre, el cual luego se convirti\u00f3 finalmente en un hito para la arqueolog\u00eda fueguina, abriendo paso al inicio del proyecto Arqueol\u00f3gico Canal Beagle.<\/span><\/p>\n<div class=\"video-container\"><iframe loading=\"lazy\" title=\"Caminata a Estancia T\u00fanel. Ushuaia, Tierra del fuego\" width=\"500\" height=\"281\" src=\"https:\/\/www.youtube.com\/embed\/AeHncOP_VYU?feature=oembed\" frameborder=\"0\" allow=\"accelerometer; autoplay; clipboard-write; encrypted-media; gyroscope; picture-in-picture; web-share\" referrerpolicy=\"strict-origin-when-cross-origin\" allowfullscreen><\/iframe><\/div>\n<p>&nbsp;<\/p>\n<\/div>\n<\/div>\n<div class=\"col s4 l2 sendero-icon-group\">\n<div class=\"tooltipped\" data-position=\"top\" data-delay=\"50\" data-tooltip=\"La distancia expresada implica el recorrido completo, ida y vuelta\" data-tooltip-id=\"b541fcb0-e4cd-1004-190b-dc6b843104f7\">\n<h3><b>Informaci\u00f3n adicional sobre Estancia T\u00fanel:\u00a0<\/b><\/h3>\n<ul>\n<li>El trekking comienza al final del camino que conduce hacia Playa Larga. All\u00ed se encuentra un estacionamiento y la baliza de Escarpados.<\/li>\n<li>Llevar indumentaria adecuada para trekking, planificar salir y llegar de d\u00eda.<\/li>\n<li style=\"font-weight: 400;\"><span style=\"font-weight: 400;\">Exigencia f\u00edsica: baja<\/span><\/li>\n<li style=\"font-weight: 400;\"><span style=\"font-weight: 400;\">Desnivel: m\u00e1ximo 50 m<\/span><\/li>\n<li style=\"font-weight: 400;\"><span style=\"font-weight: 400;\">Luego de 2,2 kil\u00f3metros se llega a Estancia T\u00fanel. Desde ah\u00ed puede continuar hasta llegar al R\u00edo Encajonado<\/span><\/li>\n<\/ul>\n<hr \/>\n<div class=\"video-container\"><iframe loading=\"lazy\" title=\"T\u00fanel Patrimonio y Naturaleza (documental completo)\" width=\"500\" height=\"281\" src=\"https:\/\/www.youtube.com\/embed\/1SojEkie2EU?start=6&#038;feature=oembed\" frameborder=\"0\" allow=\"accelerometer; autoplay; clipboard-write; encrypted-media; gyroscope; picture-in-picture; web-share\" referrerpolicy=\"strict-origin-when-cross-origin\" allowfullscreen><\/iframe><\/div>\n<\/div>\n<\/div>\n","protected":false},"excerpt":{"rendered":"<p>Muy cerca de Ushuaia, la caminata costera hacia la Estancia T\u00fanel te acercar\u00e1 a vistas panor\u00e1micas privilegiadas del Canal Beagle. Un camino que recorre senderos por el bosque fueguino de f\u00e1cil acceso, con un contacto constante con la naturaleza bordeando el Canal. Vistas imperdibles durante una jornada de caminata amigable para cualquier persona que desee disfrutar de la naturaleza austral.<\/p>\n","protected":false},"featured_media":2641,"template":"","meta":{"_acf_changed":false},"product_brand":[],"product_cat":[142],"product_tag":[125],"class_list":{"0":"post-2385","1":"product","2":"type-product","3":"status-publish","4":"has-post-thumbnail","6":"epoca-verano","7":"dificultad-facil","8":"product_cat-libre","9":"product_tag-senderismo","11":"first","12":"instock","13":"shipping-taxable","14":"product-type-external"},"acf":[],"_links":{"self":[{"href":"https:\/\/turismoenushuaia.com\/en\/wp-json\/wp\/v2\/product\/2385","targetHints":{"allow":["GET"]}}],"collection":[{"href":"https:\/\/turismoenushuaia.com\/en\/wp-json\/wp\/v2\/product"}],"about":[{"href":"https:\/\/turismoenushuaia.com\/en\/wp-json\/wp\/v2\/types\/product"}],"wp:featuredmedia":[{"embeddable":true,"href":"https:\/\/turismoenushuaia.com\/en\/wp-json\/wp\/v2\/media\/2641"}],"wp:attachment":[{"href":"https:\/\/turismoenushuaia.com\/en\/wp-json\/wp\/v2\/media?parent=2385"}],"wp:term":[{"taxonomy":"product_brand","embeddable":true,"href":"https:\/\/turismoenushuaia.com\/en\/wp-json\/wp\/v2\/product_brand?post=2385"},{"taxonomy":"product_cat","embeddable":true,"href":"https:\/\/turismoenushuaia.com\/en\/wp-json\/wp\/v2\/product_cat?post=2385"},{"taxonomy":"product_tag","embeddable":true,"href":"https:\/\/turismoenushuaia.com\/en\/wp-json\/wp\/v2\/product_tag?post=2385"}],"curies":[{"name":"wp","href":"https:\/\/api.w.org\/{rel}","templated":true}]}}