{"id":1918,"date":"2022-12-04T17:04:53","date_gmt":"2022-12-04T20:04:53","guid":{"rendered":"https:\/\/turismoenushuaia.com\/?post_type=product&#038;p=1918"},"modified":"2026-01-27T15:27:39","modified_gmt":"2026-01-27T18:27:39","slug":"lago-escondido-y-centro-invernal","status":"publish","type":"product","link":"https:\/\/turismoenushuaia.com\/en\/producto\/lago-escondido-y-centro-invernal\/","title":{"rendered":"Lago Escondido y Centro Invernal"},"content":{"rendered":"<h2><b>Turismo en Ushuaia invierno: Recorrido por los magn\u00edficos lagos fueguinos<\/b><\/h2>\n<p><span style=\"font-weight: 400\">Saliendo de Ushuaia tomaremos la Ruta Nacional N\u00b0 3 para dirigirnos hacia el noreste de la ciudad, lugar donde se encuentran los picos monta\u00f1osos del Monte Olivia y Cinco Hermanos.<\/span><\/p>\n<p><span style=\"font-weight: 400\">A lo largo del recorrido por el Valle Carbajal, podremos admirar glaciares de circo, valles colgantes y turberas.<\/span><\/p>\n<p><span style=\"font-weight: 400\">Nos dirigimos hacia el Paso Garibaldi por un camino sinuoso colmado de Lengas y \u00d1ires que forman un fant\u00e1stico bosque.<\/span><\/p>\n<p><span style=\"font-weight: 400\">El primer punto donde nos detendremos es el Mirador del Paso Garibaldi. Aqu\u00ed podremos disfrutar de incre\u00edbles vistas panor\u00e1micas del Lago Escondido, el Lago Fagnano y su impactante paisaje.<\/span><\/p>\n<p><span style=\"font-weight: 400\">Continuaremos el paseo en direcci\u00f3n a los centros invernales, donde realizaremos una nueva parada para disfrutar de un almuerzo t\u00edpico Fueguino (no incluido), y luego emprender el regreso a la ciudad de Ushuaia.<\/span><\/p>\n<h3><span style=\"font-weight: 400\">Informaci\u00f3n t\u00e9cnica del recorrido por Lago Escondido y Centro Invernal:<\/span><\/h3>\n<ul>\n<li><span style=\"font-weight: 400\">DURACI\u00d3N: Estimada, 7 horas.<\/span><\/li>\n<li><span style=\"font-weight: 400\">FRECUENCIA: Entre JUNIO y SEPTIEMBRE. D\u00edas con fechas impares.<\/span><\/li>\n<li><span style=\"font-weight: 400\">PUNTO DE ENCUENTRO: Alojamiento.<\/span><\/li>\n<li><span style=\"font-weight: 400\">NO INCLUYE: Almuerzo.<\/span><\/li>\n<li><span style=\"font-weight: 400\">OPCIONAL: Actividades de nieve en centro invernal (paseos con trineos, motos de nieve).<\/span><\/li>\n<li><span style=\"font-weight: 400\">GRADO DE DIFICULTAD: F\u00e1cil.<\/span><\/li>\n<li><span style=\"font-weight: 400\">MODALIDAD: La excursi\u00f3n se realiza en servicio regular (compartido con otros pasajeros).<\/span><\/li>\n<li>RECOMENDACIONES: En esta \u00e9poca del a\u00f1o es imprescindible llevar abrigo: gorro, guantes, campera impermeable. Si se van a realizar opcionales de nieve sugerimos contar adicionalmente con pantal\u00f3n y calzado impermeables.<\/li>\n<\/ul>\n<p><span style=\"font-weight: 400\">NOTA IMPORTANTE: Todos los descriptivos e itinerarios mencionados son ilustrativos: los tiempos de las actividades, el orden de las mismas y los atractivos visitados pueden variar, de acuerdo a la evaluaci\u00f3n del gu\u00eda y las caracter\u00edsticas del grupo.<\/span><\/p>\n<h4 class=\"fsm-16 fw-bold my-4 d-flex align-items-center\">Almuerzo durante la excursi\u00f3n Lagos Fueguinos<\/h4>\n<p>La excursi\u00f3n de d\u00eda completo a los lagos fueguinos, tanto en su versi\u00f3n verano como invierno, ofrece tiempo libre para almorzar: es la oportunidad perfecta para probar el cordero fueguino a la estaca.<br \/>\nDe no querer tomar almuerzo recomendamos tomar otra opci\u00f3n de excursi\u00f3n para evitar la espera.<\/p>\n<p><strong>&#8212;-<\/strong><\/p>\n<p><strong>Excursi\u00f3n operada por TOLKEYEN PATAGONIA TURISMO S.A. | Lic. E.V.yT.: Legajo N\u00ba 11938 &#8211; Ushuaia \u2013 Tierra del Fuego<\/strong><\/p>\n","protected":false},"excerpt":{"rendered":"<p>Excursi\u00f3n imperdible en Ushuaia. Animate a transitar la cordillera de los Andes, conocer sus encantos y disfrutar de las actividades que se realizan en un centro invernal. Actividad \u00fanica colmada de vistas inigualables que s\u00f3lo podr\u00e1s encontrar en el rinc\u00f3n m\u00e1s austral de Argentina. Una jornada de medio d\u00eda para conocer los lagos m\u00e1s vistosos del territorio fueguino y dejarte cautivar por su belleza.<\/p>\n","protected":false},"featured_media":3051,"template":"","meta":{"_acf_changed":false},"product_brand":[],"product_cat":[110,127,119,194],"product_tag":[235,122],"class_list":{"0":"post-1918","1":"product","2":"type-product","3":"status-publish","4":"has-post-thumbnail","6":"epoca-invierno","7":"epoca-de-junio-a-septiembre","8":"dificultad-facil","9":"product_cat-invierno-ushuaia","10":"product_cat-paquetes-turisticos-ushuaia","11":"product_cat-lagos-fueguinos","12":"product_cat-centros-invernales","13":"product_tag-centro-invernal","14":"product_tag-valles-fueguinos","16":"first","17":"instock","18":"virtual","19":"sold-individually","20":"purchasable","21":"product-type-booking"},"acf":[],"_links":{"self":[{"href":"https:\/\/turismoenushuaia.com\/en\/wp-json\/wp\/v2\/product\/1918","targetHints":{"allow":["GET"]}}],"collection":[{"href":"https:\/\/turismoenushuaia.com\/en\/wp-json\/wp\/v2\/product"}],"about":[{"href":"https:\/\/turismoenushuaia.com\/en\/wp-json\/wp\/v2\/types\/product"}],"wp:featuredmedia":[{"embeddable":true,"href":"https:\/\/turismoenushuaia.com\/en\/wp-json\/wp\/v2\/media\/3051"}],"wp:attachment":[{"href":"https:\/\/turismoenushuaia.com\/en\/wp-json\/wp\/v2\/media?parent=1918"}],"wp:term":[{"taxonomy":"product_brand","embeddable":true,"href":"https:\/\/turismoenushuaia.com\/en\/wp-json\/wp\/v2\/product_brand?post=1918"},{"taxonomy":"product_cat","embeddable":true,"href":"https:\/\/turismoenushuaia.com\/en\/wp-json\/wp\/v2\/product_cat?post=1918"},{"taxonomy":"product_tag","embeddable":true,"href":"https:\/\/turismoenushuaia.com\/en\/wp-json\/wp\/v2\/product_tag?post=1918"}],"curies":[{"name":"wp","href":"https:\/\/api.w.org\/{rel}","templated":true}]}}