{"id":1916,"date":"2022-12-04T17:36:48","date_gmt":"2022-12-04T17:36:48","guid":{"rendered":"https:\/\/turismoenushuaia.com\/?post_type=product&#038;p=1916"},"modified":"2026-04-08T16:40:12","modified_gmt":"2026-04-08T19:40:12","slug":"lagos-en-4x4-off-road-invierno","status":"publish","type":"product","link":"https:\/\/turismoenushuaia.com\/en\/producto\/lagos-en-4x4-off-road-invierno\/","title":{"rendered":"Lagos en 4&#215;4 Off Road &#8211; Invierno"},"content":{"rendered":"<h2>Lagos en 4&#215;4 Off Road &#8211; Invierno: Una aventura llena de adrenalina en Ushuaia<\/h2>\n<p><span style=\"font-weight: 400;\">El recorrido por Lagos en 4&#215;4 Off Road &#8211; Invierno en Ushuaia es una experiencia emocionante y espectacular en medio de la naturaleza de la Patagonia Austral Argentina. El itinerario comienza en la ciudad de Ushuaia, desde donde un veh\u00edculo 4&#215;4 realiza el pick up de los pasajeros en sus alojamientos y se dirige hacia la Ruta Nacional 3 en direcci\u00f3n al noreste.<\/span><\/p>\n<p><span style=\"font-weight: 400;\">Al inicio del trayecto se atravesar\u00e1 el Valle Carbajal y Tierra Mayor donde se encuentran distintos centros invernales y criaderos de perros siberianos y alaskanos, entrenados para paseos en trineos.<\/span><\/p>\n<p><span style=\"font-weight: 400;\">Otro de los puntos de descenso es el Paso Garibaldi y cruce de la Cordillera, durante el trayecto, los visitantes pueden disfrutar de las vistas panor\u00e1micas del lago y de la naturaleza que lo rodea. El mirador que all\u00ed se encuentra ofrece vistas inigualables del Lago Escondido desde un privilegiado punto de apreciaci\u00f3n.<\/span><\/p>\n<p><span style=\"font-weight: 400;\">El tour Lagos Off Road en invierno contin\u00faa hacia el Lago Escondido, donde la adrenalina comienza a subir ya que iremos en direcci\u00f3n al recorrido fuera de ruta en donde se aprecia con mayor detenimiento la naturaleza caracter\u00edstica de la regi\u00f3n con la particular compa\u00f1\u00eda de la nieve que resalta todo el escenario con su belleza inigualable.\u00a0<\/span><\/p>\n<p><span style=\"font-weight: 400;\">Durante el recorrido, el gu\u00eda tur\u00edstico proporcionar\u00e1 informaci\u00f3n sobre la flora y fauna del lugar, as\u00ed como sobre la historia y la cultura de Tierra del Fuego. Tambi\u00e9n habr\u00e1 paradas en miradores y puntos de inter\u00e9s para disfrutar de vistas espectaculares y tomar fotograf\u00edas.<\/span><\/p>\n<p><span style=\"font-weight: 400;\">Esta excursi\u00f3n tiene una dificultad m\u00ednima por lo cual es apta para todas las personas que deseen adentrarse en la aventura y vivir una experiencia memorable. El acompa\u00f1amiento de los gu\u00edas permite que los participantes puedan relajarse y disfrutar del paisaje que acompa\u00f1a en todo momento.<\/span><\/p>\n<p><span style=\"font-weight: 400;\">La excursi\u00f3n Lagos Off Road en invierno contin\u00faa cuando accedemos al refugio exclusivo ubicado en las cercan\u00edas del Lago Fagnano, tambi\u00e9n conocido como el Lago Kami, que es el lago m\u00e1s grande de la Isla Grande de Tierra del Fuego. Este lago de origen glaciar se extiende por 100 kil\u00f3metros y se encuentra rodeado de monta\u00f1as y bosques nativos. Aqu\u00ed todos los participantes podr\u00e1n disfrutar de un men\u00fa t\u00edpico argentino como es el asado, acompa\u00f1ado del mejor vino para coronar una experiencia inigualable.<\/span><\/p>\n<p><span style=\"font-weight: 400;\">En general, el recorrido en 4&#215;4 por los lagos Fagnano y Escondido en Ushuaia es una experiencia \u00fanica y emocionante que permite disfrutar de la belleza natural de la Patagonia argentina de una manera \u00fanica e inolvidable.<\/span><\/p>\n<h3><strong>Itinerario de la excursi\u00f3n\u00a0<\/strong><\/h3>\n<p><span style=\"font-weight: 400;\">9:30 hs Pick up por los alojamientos.\u00a0<\/span><\/p>\n<p><span style=\"font-weight: 400;\">11:30 hs Paso Garibaldi y cruce de la Cordillera.\u00a0<\/span><\/p>\n<p><span style=\"font-weight: 400;\">11:45 hs Lago Escondido.\u00a0<\/span><\/p>\n<p><span style=\"font-weight: 400;\">12:00 hs recorrido fuera de ruta<\/span><\/p>\n<p><span style=\"font-weight: 400;\">13:00 hs Lago Fagnano. Llegada al Refugio.\u00a0<\/span><\/p>\n<p><span style=\"font-weight: 400;\">13:30 hs Almuerzo.\u00a0<\/span><\/p>\n<p><span style=\"font-weight: 400;\">15:00 hs Regreso a Ushuaia.<\/span><\/p>\n<p><span style=\"font-weight: 400;\">17:00 hs Arribo a Ushuaia.<\/span><\/p>\n<p><span style=\"font-weight: 400;\">En el Centro invernal se puede contratar de manera opcional trineos o motos de nieve. *No incluido.<\/span><\/p>\n<h3><strong>Informaci\u00f3n t\u00e9cnica de la excursi\u00f3n<\/strong><\/h3>\n<ul>\n<li>Duraci\u00f3n: d\u00eda completo.<\/li>\n<li><span style=\"font-weight: 400;\">Temporada: desde Julio a Octubre.<\/span><\/li>\n<li>Frecuencia: invierno, salidas diarias.<\/li>\n<li>Punto de encuentro: Alojamiento.<\/li>\n<li>Grado de dificultad: f\u00e1cil.<\/li>\n<li><span style=\"font-weight: 400;\">Atractivos a conocer: Valle Caravajal y Tierra Mayor, Paso Garibaldi, Lago Escondido, Aserradero Bronzovich, Castoreras, Lago Fagnano.\u00a0<\/span><\/li>\n<li><span style=\"font-weight: 400;\">Transporte: veh\u00edculo 4&#215;4 pasajeros con un gu\u00eda por veh\u00edculo. V<\/span>eh\u00edculos 4&#215;4: el tipo y modelo quedar\u00e1 sujeto a la disponibilidad al momento de confirmaci\u00f3n de la compra.<\/li>\n<\/ul>\n<p><img loading=\"lazy\" decoding=\"async\" class=\"aligncenter size-full wp-image-3114\" src=\"https:\/\/turismoenushuaia.com\/wp-content\/uploads\/2022\/11\/Lagos-4x4-invierno-Turismo-en-Ushuaia.jpg\" alt=\"\" width=\"1200\" height=\"800\" srcset=\"https:\/\/turismoenushuaia.com\/wp-content\/uploads\/2022\/11\/Lagos-4x4-invierno-Turismo-en-Ushuaia.jpg 1200w, https:\/\/turismoenushuaia.com\/wp-content\/uploads\/2022\/11\/Lagos-4x4-invierno-Turismo-en-Ushuaia-300x200.jpg 300w, https:\/\/turismoenushuaia.com\/wp-content\/uploads\/2022\/11\/Lagos-4x4-invierno-Turismo-en-Ushuaia-1024x683.jpg 1024w, https:\/\/turismoenushuaia.com\/wp-content\/uploads\/2022\/11\/Lagos-4x4-invierno-Turismo-en-Ushuaia-768x512.jpg 768w, https:\/\/turismoenushuaia.com\/wp-content\/uploads\/2022\/11\/Lagos-4x4-invierno-Turismo-en-Ushuaia-1080x720.jpg 1080w, https:\/\/turismoenushuaia.com\/wp-content\/uploads\/2022\/11\/Lagos-4x4-invierno-Turismo-en-Ushuaia-980x653.jpg 980w, https:\/\/turismoenushuaia.com\/wp-content\/uploads\/2022\/11\/Lagos-4x4-invierno-Turismo-en-Ushuaia-480x320.jpg 480w, https:\/\/turismoenushuaia.com\/wp-content\/uploads\/2022\/11\/Lagos-4x4-invierno-Turismo-en-Ushuaia-600x400.jpg 600w\" sizes=\"auto, (max-width: 1200px) 100vw, 1200px\" \/><\/p>\n<p>Excursi\u00f3n operada por TOLKEYEN PATAGONIA TURISMO S.A. | Lic. E.V.yT.: Legajo N\u00ba 11938 &#8211; Ushuaia \u2013 Tierra del Fuego<\/p>\n<p><strong><a href=\"https:\/\/turismoenushuaia.com\/terminos-y-condiciones\/\" target=\"_blank\" rel=\"noopener\">T\u00e9rminos y condiciones<\/a>.\u00a0<\/strong><\/p>\n","protected":false},"excerpt":{"rendered":"<p><span style=\"font-weight: 400;\">El recorrido en 4&#215;4 Off Road en Ushuaia es una experiencia emocionante y espectacular en medio de la naturaleza de la Patagonia austral argentina. Es una excursi\u00f3n imperdible para quienes quieren conocer los paisajes caracter\u00edsticos del territorio fueguino, disfrutar de paradas en miradores y puntos de inter\u00e9s para contemplar vistas espectaculares y tomar fotograf\u00edas. Una experiencia de f\u00e1cil acceso, colmada de adrenalina y aventura, con la seguridad del acompa\u00f1amiento de gu\u00edas especializados. El recorrido en 4&#215;4 Off Road es una actividad para hacer en Ushuaia imperdible e inolvidable.<\/span><\/p>\n","protected":false},"featured_media":3115,"template":"","meta":{"_acf_changed":false},"product_brand":[],"product_cat":[467,448,449],"product_tag":[235,202,164,122],"class_list":{"0":"post-1916","1":"product","2":"type-product","3":"status-publish","4":"has-post-thumbnail","6":"epoca-invierno","7":"dificultad-facil","8":"product_cat-4x4-off-road-en","9":"product_cat-adventure-in-ushuaia","10":"product_cat-winter-excursions-in-ushuaia","11":"product_tag-centro-invernal","12":"product_tag-nieve","13":"product_tag-aventura","14":"product_tag-valles-fueguinos","16":"first","17":"instock","18":"virtual","19":"sold-individually","20":"purchasable","21":"product-type-booking"},"acf":[],"_links":{"self":[{"href":"https:\/\/turismoenushuaia.com\/en\/wp-json\/wp\/v2\/product\/1916","targetHints":{"allow":["GET"]}}],"collection":[{"href":"https:\/\/turismoenushuaia.com\/en\/wp-json\/wp\/v2\/product"}],"about":[{"href":"https:\/\/turismoenushuaia.com\/en\/wp-json\/wp\/v2\/types\/product"}],"wp:featuredmedia":[{"embeddable":true,"href":"https:\/\/turismoenushuaia.com\/en\/wp-json\/wp\/v2\/media\/3115"}],"wp:attachment":[{"href":"https:\/\/turismoenushuaia.com\/en\/wp-json\/wp\/v2\/media?parent=1916"}],"wp:term":[{"taxonomy":"product_brand","embeddable":true,"href":"https:\/\/turismoenushuaia.com\/en\/wp-json\/wp\/v2\/product_brand?post=1916"},{"taxonomy":"product_cat","embeddable":true,"href":"https:\/\/turismoenushuaia.com\/en\/wp-json\/wp\/v2\/product_cat?post=1916"},{"taxonomy":"product_tag","embeddable":true,"href":"https:\/\/turismoenushuaia.com\/en\/wp-json\/wp\/v2\/product_tag?post=1916"}],"curies":[{"name":"wp","href":"https:\/\/api.w.org\/{rel}","templated":true}]}}