{"id":1903,"date":"2022-11-13T04:04:55","date_gmt":"2022-11-13T07:04:55","guid":{"rendered":"https:\/\/turismoenushuaia.com\/?post_type=product&#038;p=1903"},"modified":"2026-04-08T16:37:47","modified_gmt":"2026-04-08T19:37:47","slug":"lagos-en-4x4-off-road","status":"publish","type":"product","link":"https:\/\/turismoenushuaia.com\/en\/producto\/lagos-en-4x4-off-road\/","title":{"rendered":"Lagos en 4&#215;4 Off Road"},"content":{"rendered":"<h2><strong>Aventura Lagos 4\u00d74 Off road, una experiencia fascinante y divertida<\/strong><\/h2>\n<p>Lagos 4\u00d74 Off road es nuestra manera divertida e intensa de conocer los secretos que se esconden detr\u00e1s de los Andes del Sur. Es apta para todo tipo de viajero y se aleja de la rutina de las excursiones convencionales. Un d\u00eda a relajarse, recorrer y divertirse en esta excursi\u00f3n, donde la experiencia fuera de ruta es algo serio.<\/p>\n<p><img loading=\"lazy\" decoding=\"async\" class=\"alignnone size-full wp-image-73173\" src=\"https:\/\/turismoenushuaia.com\/wp-content\/uploads\/2022\/11\/lagos-4x4-tolkeyen-7-turismo-en-Ushuaia.jpg\" alt=\"lagos 4 x4 tolkeyen 9\" width=\"1200\" height=\"800\" srcset=\"https:\/\/turismoenushuaia.com\/wp-content\/uploads\/2022\/11\/lagos-4x4-tolkeyen-7-turismo-en-Ushuaia.jpg 1200w, https:\/\/turismoenushuaia.com\/wp-content\/uploads\/2022\/11\/lagos-4x4-tolkeyen-7-turismo-en-Ushuaia-300x200.jpg 300w, https:\/\/turismoenushuaia.com\/wp-content\/uploads\/2022\/11\/lagos-4x4-tolkeyen-7-turismo-en-Ushuaia-1024x683.jpg 1024w, https:\/\/turismoenushuaia.com\/wp-content\/uploads\/2022\/11\/lagos-4x4-tolkeyen-7-turismo-en-Ushuaia-768x512.jpg 768w\" sizes=\"auto, (max-width: 1200px) 100vw, 1200px\" \/><\/p>\n<h3>\u00bfC\u00f3mo es la excursi\u00f3n?<\/h3>\n<p>Desde la Cordillera, avistaremos el Lago Escondido, una peque\u00f1a maravilla oculta en el fondo de un valle. De ah\u00ed su nombre ya que estar\u00e1 escondido entre nubes y monta\u00f1as enormes. Luego, el gigantesco Lago Fagnano, imponente y magno, ser\u00e1 el centro de nuestro d\u00eda. Una experiencia fascinante d\u00f3nde podr\u00e1s tomar fotograf\u00edas maravillosas y pasar un momento en aut\u00e9ntica conexi\u00f3n con los escenarios naturales.<\/p>\n<p>La diversi\u00f3n y el disfrute no dependen jam\u00e1s del clima: a bordo de una veh\u00edculo 4\u00d74 cruzaremos el bosque y los r\u00edos por caminos imposibles de barro, entre \u00e1rboles y por el borde de un lago con vistas \u00fanicas.<\/p>\n<p>La compa\u00f1\u00eda del gu\u00eda, la comida y los Malbec argentinos compartidos con viajeros de todo el mundo ser\u00e1n memorables.<\/p>\n\n\t\t<style type=\"text\/css\">\n\t\t\t#gallery-1 {\n\t\t\t\tmargin: auto;\n\t\t\t}\n\t\t\t#gallery-1 .gallery-item {\n\t\t\t\tfloat: left;\n\t\t\t\tmargin-top: 10px;\n\t\t\t\ttext-align: center;\n\t\t\t\twidth: 33%;\n\t\t\t}\n\t\t\t#gallery-1 img {\n\t\t\t\tborder: 2px solid #cfcfcf;\n\t\t\t}\n\t\t\t#gallery-1 .gallery-caption {\n\t\t\t\tmargin-left: 0;\n\t\t\t}\n\t\t\t\/* see gallery_shortcode() in wp-includes\/media.php *\/\n\t\t<\/style>\n\t\t<div id='gallery-1' class='gallery galleryid-1903 gallery-columns-3 gallery-size-full'><dl class='gallery-item'>\n\t\t\t<dt class='gallery-icon landscape'>\n\t\t\t\t<a href='https:\/\/turismoenushuaia.com\/en\/?attachment_id=73189'><img loading=\"lazy\" decoding=\"async\" width=\"1200\" height=\"800\" src=\"https:\/\/turismoenushuaia.com\/wp-content\/uploads\/2022\/11\/lagos-4x4-tolkeyen-2-turismo-en-Ushuaia.jpg\" class=\"attachment-full size-full\" alt=\"lagos 4 x4 tolkeyen 14\" srcset=\"https:\/\/turismoenushuaia.com\/wp-content\/uploads\/2022\/11\/lagos-4x4-tolkeyen-2-turismo-en-Ushuaia.jpg 1200w, https:\/\/turismoenushuaia.com\/wp-content\/uploads\/2022\/11\/lagos-4x4-tolkeyen-2-turismo-en-Ushuaia-300x200.jpg 300w, https:\/\/turismoenushuaia.com\/wp-content\/uploads\/2022\/11\/lagos-4x4-tolkeyen-2-turismo-en-Ushuaia-1024x683.jpg 1024w, https:\/\/turismoenushuaia.com\/wp-content\/uploads\/2022\/11\/lagos-4x4-tolkeyen-2-turismo-en-Ushuaia-768x512.jpg 768w\" sizes=\"auto, (max-width: 1200px) 100vw, 1200px\" \/><\/a>\n\t\t\t<\/dt><\/dl><dl class='gallery-item'>\n\t\t\t<dt class='gallery-icon landscape'>\n\t\t\t\t<a href='https:\/\/turismoenushuaia.com\/en\/?attachment_id=73198'><img loading=\"lazy\" decoding=\"async\" width=\"1200\" height=\"800\" src=\"https:\/\/turismoenushuaia.com\/wp-content\/uploads\/2022\/11\/4x4-aventura-tolkeyen-patagonia-turismo-17.jpg\" class=\"attachment-full size-full\" alt=\"lagos 4 x4 tolkeyen 17\" srcset=\"https:\/\/turismoenushuaia.com\/wp-content\/uploads\/2022\/11\/4x4-aventura-tolkeyen-patagonia-turismo-17.jpg 1200w, https:\/\/turismoenushuaia.com\/wp-content\/uploads\/2022\/11\/4x4-aventura-tolkeyen-patagonia-turismo-17-300x200.jpg 300w, https:\/\/turismoenushuaia.com\/wp-content\/uploads\/2022\/11\/4x4-aventura-tolkeyen-patagonia-turismo-17-1024x683.jpg 1024w, https:\/\/turismoenushuaia.com\/wp-content\/uploads\/2022\/11\/4x4-aventura-tolkeyen-patagonia-turismo-17-768x512.jpg 768w\" sizes=\"auto, (max-width: 1200px) 100vw, 1200px\" \/><\/a>\n\t\t\t<\/dt><\/dl><dl class='gallery-item'>\n\t\t\t<dt class='gallery-icon landscape'>\n\t\t\t\t<a href='https:\/\/turismoenushuaia.com\/en\/?attachment_id=73177'><img loading=\"lazy\" decoding=\"async\" width=\"1200\" height=\"800\" src=\"https:\/\/turismoenushuaia.com\/wp-content\/uploads\/2022\/11\/lagos-4x4-tolkeyen-6-turismo-en-Ushuaia.jpg\" class=\"attachment-full size-full\" alt=\"lagos 4 x4 tolkeyen 10\" srcset=\"https:\/\/turismoenushuaia.com\/wp-content\/uploads\/2022\/11\/lagos-4x4-tolkeyen-6-turismo-en-Ushuaia.jpg 1200w, https:\/\/turismoenushuaia.com\/wp-content\/uploads\/2022\/11\/lagos-4x4-tolkeyen-6-turismo-en-Ushuaia-300x200.jpg 300w, https:\/\/turismoenushuaia.com\/wp-content\/uploads\/2022\/11\/lagos-4x4-tolkeyen-6-turismo-en-Ushuaia-1024x683.jpg 1024w, https:\/\/turismoenushuaia.com\/wp-content\/uploads\/2022\/11\/lagos-4x4-tolkeyen-6-turismo-en-Ushuaia-768x512.jpg 768w\" sizes=\"auto, (max-width: 1200px) 100vw, 1200px\" \/><\/a>\n\t\t\t<\/dt><\/dl><br style=\"clear: both\" \/>\n\t\t<\/div>\n\n<p>&nbsp;<\/p>\n<p><strong>*Importante:<\/strong> Excursi\u00f3n no apta para mujeres embarazadas, personas Mayores o con dolencias f\u00edsicas<\/p>\n<p><strong>VEHICULOS 4X4<\/strong><\/p>\n<p>El tipo y modelo de camioneta quedar\u00e1 sujeto a disponibilidad al momento de confirmaci\u00f3n de la compra. Servicio tercerizado.<\/p>\n<p>Excursi\u00f3n operada por TOLKEYEN PATAGONIA TURISMO S.A. | Lic. E.V.yT.: Legajo N\u00ba 11938 &#8211; Ushuaia \u2013 Tierra del Fuego<\/p>\n<p>&nbsp;<\/p>\n","protected":false},"excerpt":{"rendered":"<p>Viv\u00ed la aventura en primera persona. Recorr\u00e9 los lagos fueguinos en 4&#215;4 por caminos alternativos para conocer en profundidad sus mejores paisajes. Conoc\u00e9 el territorio fueguino en una expedici\u00f3n \u00fanica colmada de sensaciones. Adrenalina y diversi\u00f3n descubriendo los lagos fueguinos.<\/p>\n","protected":false},"featured_media":73212,"template":"","meta":{"_acf_changed":false},"product_brand":[],"product_cat":[119,107,109,281,194],"product_tag":[167,164],"class_list":{"0":"post-1903","1":"product","2":"type-product","3":"status-publish","4":"has-post-thumbnail","6":"epoca-verano","7":"dificultad-facil","8":"product_cat-lagos-fueguinos","9":"product_cat-aventura","10":"product_cat-verano-ushuaia","11":"product_cat-4x4-off-road","12":"product_cat-centros-invernales","13":"product_tag-que-hacer-en-ushuaia","14":"product_tag-aventura","16":"first","17":"instock","18":"virtual","19":"sold-individually","20":"purchasable","21":"product-type-booking"},"acf":[],"_links":{"self":[{"href":"https:\/\/turismoenushuaia.com\/en\/wp-json\/wp\/v2\/product\/1903","targetHints":{"allow":["GET"]}}],"collection":[{"href":"https:\/\/turismoenushuaia.com\/en\/wp-json\/wp\/v2\/product"}],"about":[{"href":"https:\/\/turismoenushuaia.com\/en\/wp-json\/wp\/v2\/types\/product"}],"wp:featuredmedia":[{"embeddable":true,"href":"https:\/\/turismoenushuaia.com\/en\/wp-json\/wp\/v2\/media\/73212"}],"wp:attachment":[{"href":"https:\/\/turismoenushuaia.com\/en\/wp-json\/wp\/v2\/media?parent=1903"}],"wp:term":[{"taxonomy":"product_brand","embeddable":true,"href":"https:\/\/turismoenushuaia.com\/en\/wp-json\/wp\/v2\/product_brand?post=1903"},{"taxonomy":"product_cat","embeddable":true,"href":"https:\/\/turismoenushuaia.com\/en\/wp-json\/wp\/v2\/product_cat?post=1903"},{"taxonomy":"product_tag","embeddable":true,"href":"https:\/\/turismoenushuaia.com\/en\/wp-json\/wp\/v2\/product_tag?post=1903"}],"curies":[{"name":"wp","href":"https:\/\/api.w.org\/{rel}","templated":true}]}}