{"id":1897,"date":"2022-11-17T22:38:43","date_gmt":"2022-11-17T22:38:43","guid":{"rendered":"https:\/\/turismoenushuaia.com\/?post_type=product&#038;p=1897"},"modified":"2025-09-16T14:18:55","modified_gmt":"2025-09-16T17:18:55","slug":"trekking-laguna-esmeralda-en-invierno","status":"publish","type":"product","link":"https:\/\/turismoenushuaia.com\/en\/producto\/trekking-laguna-esmeralda-en-invierno\/","title":{"rendered":"Trekking Laguna Esmeralda en Invierno"},"content":{"rendered":"<h2>Animate al trekking Laguna Esmeralda en invierno y disfrut\u00e1 de paisajes cogelados y mucha naturaleza<\/h2>\n<p><span style=\"font-weight: 400;\">La Laguna Esmeralda es una de las excursiones favoritas de Ushuaia por su inigualable belleza. Su caracter\u00edstico color y toda la naturaleza que la rodea la convierte en un lugar \u00fanico al que todos quieren visitar. Hay muchas alternativas para visitarla y el trekking hacia la Laguna Esmeralda en invierno es una de las alternativas m\u00e1s accesibles dentro de la variedad de opciones que ofrece la ciudad m\u00e1s austral del mundo. Sin dudarlo, es una de las actividades que creemos imperdibles al visitar Ushuaia. Aqu\u00ed te compartimos de qu\u00e9 se trata el Trekking a la Laguna Esmeralda<\/span><\/p>\n<p><img loading=\"lazy\" decoding=\"async\" class=\"alignnone size-full wp-image-67481\" src=\"https:\/\/turismoenushuaia.com\/wp-content\/uploads\/2022\/11\/Laguna-esmeralda-invierno-tolkeyen-3-Turismo-en-Ushuaia.jpg\" alt=\"Laguna esmeralda invierno\" width=\"1200\" height=\"800\" srcset=\"https:\/\/turismoenushuaia.com\/wp-content\/uploads\/2022\/11\/Laguna-esmeralda-invierno-tolkeyen-3-Turismo-en-Ushuaia.jpg 1200w, https:\/\/turismoenushuaia.com\/wp-content\/uploads\/2022\/11\/Laguna-esmeralda-invierno-tolkeyen-3-Turismo-en-Ushuaia-300x200.jpg 300w, https:\/\/turismoenushuaia.com\/wp-content\/uploads\/2022\/11\/Laguna-esmeralda-invierno-tolkeyen-3-Turismo-en-Ushuaia-1024x683.jpg 1024w, https:\/\/turismoenushuaia.com\/wp-content\/uploads\/2022\/11\/Laguna-esmeralda-invierno-tolkeyen-3-Turismo-en-Ushuaia-768x512.jpg 768w, https:\/\/turismoenushuaia.com\/wp-content\/uploads\/2022\/11\/Laguna-esmeralda-invierno-tolkeyen-3-Turismo-en-Ushuaia-600x400.jpg 600w\" sizes=\"auto, (max-width: 1200px) 100vw, 1200px\" \/><\/p>\n<p>&nbsp;<\/p>\n<h3>Itinerario trekking Laguna Esmeralda<\/h3>\n<p><span style=\"font-weight: 400;\">Partiendo desde el alojamiento en minib\u00fas durante 20 kil\u00f3metros por v\u00eda terrestre nos dirigimos hacia el valle Tierra Mayor. Una vez en el refugio nos equiparmos con crampones o raquetas de nieve para inciar la caminata. A lo largo del recorrido atravesamos grandes valles cubiertos de nieve, arroyos congelados y bosques de Lengas y Coihues centenarios. La Laguna Esmeralda se encuentra ubicada en el coraz\u00f3n de la Reserva Natural y Paisaj\u00edstica Tierra del Fuego, ubicada en plena cordillera fueguina, este maravilloso paisaje nos invita a detenernos y descansar en sus orillas para contemplarla mientras almorzamos.<\/span><\/p>\n<p><span style=\"font-weight: 400;\">Luego de un buen rato de descanso y admiraci\u00f3n del paisaje, emprendemos el regreso al refugio pero por un camino diferente al de ida en donde podremos apreciar las bellezas naturales que nos rodean y posteriormente regresamos nuevamente al hotel.<\/span><\/p>\n<p><img loading=\"lazy\" decoding=\"async\" class=\"alignnone size-full wp-image-2983\" src=\"https:\/\/turismoenushuaia.com\/wp-content\/uploads\/2022\/11\/LagunaEsmeraldaInviernoNieve-TurismoEnUshuaia.jpg\" alt=\"Laguna esmeralda congelada\" width=\"1200\" height=\"800\" srcset=\"https:\/\/turismoenushuaia.com\/wp-content\/uploads\/2022\/11\/LagunaEsmeraldaInviernoNieve-TurismoEnUshuaia.jpg 1200w, https:\/\/turismoenushuaia.com\/wp-content\/uploads\/2022\/11\/LagunaEsmeraldaInviernoNieve-TurismoEnUshuaia-300x200.jpg 300w, https:\/\/turismoenushuaia.com\/wp-content\/uploads\/2022\/11\/LagunaEsmeraldaInviernoNieve-TurismoEnUshuaia-1024x683.jpg 1024w, https:\/\/turismoenushuaia.com\/wp-content\/uploads\/2022\/11\/LagunaEsmeraldaInviernoNieve-TurismoEnUshuaia-768x512.jpg 768w, https:\/\/turismoenushuaia.com\/wp-content\/uploads\/2022\/11\/LagunaEsmeraldaInviernoNieve-TurismoEnUshuaia-1080x720.jpg 1080w, https:\/\/turismoenushuaia.com\/wp-content\/uploads\/2022\/11\/LagunaEsmeraldaInviernoNieve-TurismoEnUshuaia-980x653.jpg 980w, https:\/\/turismoenushuaia.com\/wp-content\/uploads\/2022\/11\/LagunaEsmeraldaInviernoNieve-TurismoEnUshuaia-480x320.jpg 480w, https:\/\/turismoenushuaia.com\/wp-content\/uploads\/2022\/11\/LagunaEsmeraldaInviernoNieve-TurismoEnUshuaia-600x400.jpg 600w\" sizes=\"auto, (max-width: 1200px) 100vw, 1200px\" \/><\/p>\n<h3><strong>Informaci\u00f3n t\u00e9cnica para realizar trekking Laguna Esmeralda en Invierno<\/strong><\/h3>\n<ul>\n<li style=\"font-weight: 400;\"><span style=\"font-weight: 400;\">DURACI\u00d3N: Medio d\u00eda por la ma\u00f1ana (5h aprox)<\/span><\/li>\n<li style=\"font-weight: 400;\"><span style=\"font-weight: 400;\">FRECUENCIA: A partir de Junio hasta Septiembre.<\/span><\/li>\n<li style=\"font-weight: 400;\"><span style=\"font-weight: 400;\">PUNTO DE ENCUENTRO: Alojamiento.<\/span><\/li>\n<li style=\"font-weight: 400;\"><span style=\"font-weight: 400;\">GRADO DE DIFICULTAD: Moderado.<\/span><\/li>\n<li style=\"font-weight: 400;\"><span style=\"font-weight: 400;\">RECOMENDACIONES: Indumentaria de abrigo (gorro, guantes, campera impermeable y de abrigo). Calzado de nieve\/ trekking impermeable. Es requisito tener aptitud f\u00edsica para realizar esta caminata; no podr\u00e1n realizarla quienes tengan restricciones f\u00edsicas o no cuenten con la vestimenta y el calzado adecuados.<\/span><\/li>\n<\/ul>\n<p>Excursi\u00f3n operada por TOLKEYEN PATAGONIA TURISMO S.A.U. Lic. E.V.yT.: Legajo N\u00ba 11938 Ushuaia \u2013 Tierra del Fuego<\/p>\n","protected":false},"excerpt":{"rendered":"<p>Laguna Esmeralda es una de las excursiones favoritas en Ushuaia. El Trekking Laguna Esmeralda en Invierno te sorprender\u00e1 son sus magn\u00edficos paisajes colmados de bosques de Lengas. Un recorrido inolvidable a trav\u00e9s del valle hasta llegar al destino esperado y disfrutar de un almuerzo a orillas de la Laguna Esmeralda. Dejate sorprender por la inigualable belleza de la naturaleza fueguina con este trekking de medio d\u00eda.<\/p>\n","protected":false},"featured_media":67477,"template":"","meta":{"_acf_changed":false},"product_brand":[],"product_cat":[448,466],"product_tag":[464],"class_list":{"0":"post-1897","1":"product","2":"type-product","3":"status-publish","4":"has-post-thumbnail","6":"epoca-invierno","7":"dificultad-media","8":"product_cat-adventure-in-ushuaia","9":"product_cat-trekking-in-tierra-del-fuego","10":"product_tag-trekking-tourism-in-ushuaia","12":"first","13":"instock","14":"virtual","15":"sold-individually","16":"purchasable","17":"product-type-booking"},"acf":[],"_links":{"self":[{"href":"https:\/\/turismoenushuaia.com\/en\/wp-json\/wp\/v2\/product\/1897","targetHints":{"allow":["GET"]}}],"collection":[{"href":"https:\/\/turismoenushuaia.com\/en\/wp-json\/wp\/v2\/product"}],"about":[{"href":"https:\/\/turismoenushuaia.com\/en\/wp-json\/wp\/v2\/types\/product"}],"wp:featuredmedia":[{"embeddable":true,"href":"https:\/\/turismoenushuaia.com\/en\/wp-json\/wp\/v2\/media\/67477"}],"wp:attachment":[{"href":"https:\/\/turismoenushuaia.com\/en\/wp-json\/wp\/v2\/media?parent=1897"}],"wp:term":[{"taxonomy":"product_brand","embeddable":true,"href":"https:\/\/turismoenushuaia.com\/en\/wp-json\/wp\/v2\/product_brand?post=1897"},{"taxonomy":"product_cat","embeddable":true,"href":"https:\/\/turismoenushuaia.com\/en\/wp-json\/wp\/v2\/product_cat?post=1897"},{"taxonomy":"product_tag","embeddable":true,"href":"https:\/\/turismoenushuaia.com\/en\/wp-json\/wp\/v2\/product_tag?post=1897"}],"curies":[{"name":"wp","href":"https:\/\/api.w.org\/{rel}","templated":true}]}}